{"id":12022,"date":"2022-08-16T13:51:26","date_gmt":"2022-08-16T13:51:26","guid":{"rendered":"https:\/\/practical-elbakyan.82-165-223-183.plesk.page\/?post_type=product&#038;p=12022"},"modified":"2023-06-01T10:35:34","modified_gmt":"2023-06-01T10:35:34","slug":"enregistreur-nvr-ip-32-entrees-4","status":"publish","type":"product","link":"https:\/\/exciting-lichterman.217-160-28-49.plesk.page\/de\/produkt\/enregistreur-nvr-ip-32-entrees-4\/","title":{"rendered":"Enregistreur NVR IP &#8211; 32 entr\u00e9es"},"content":{"rendered":"<h2 style=\"font-family:Poppins;font-size:14px; font-weight:400!important; line-height:2\">  L&rsquo;enregistreur NVR IP Hikvision DS-9632NI-I8 est un mod\u00e8le haut de gamme offrant des performances exceptionnelles pour la surveillance vid\u00e9o. Il dispose d&rsquo;une capacit\u00e9 de stockage allant jusqu&rsquo;\u00e0 8 disques durs de 10 To, permettant une capacit\u00e9 totale de stockage allant jusqu&rsquo;\u00e0 80 To.<br \/>\n<\/h2>\n<p>Avec une bande passante entrante et sortante de 256 Mbps et la prise en charge des codecs H264, H264+ H265 et H265+, le NVR est capable de g\u00e9rer jusqu&rsquo;\u00e0 4 sorties vid\u00e9o, dont 2 HDMI et 2 VGA, avec une sortie HDMI prenant en charge une r\u00e9solution allant jusqu&rsquo;\u00e0 4K (3840 x 2160). Il offre \u00e9galement la possibilit\u00e9 de s\u00e9lectionner les cam\u00e9ras \u00e0 afficher sur chaque \u00e9cran et peut enregistrer des vid\u00e9os en r\u00e9solution allant jusqu&rsquo;\u00e0 12 m\u00e9gapixels.<\/p>\n<p>Il est dot\u00e9 de nombreuses fonctionnalit\u00e9s avanc\u00e9es telles que la gestion de cam\u00e9ras de reconnaissance de plaques d&rsquo;immatriculation, de comptage de personnes, de cam\u00e9ras thermiques, etc. Il compatible avec les syst\u00e8mes d&rsquo;exploitation Windows XP, Windows 7, Windows 8 et Windows 10. Il offre une solution id\u00e9ale pour enregistrer en continu toutes les activit\u00e9s dans vos locaux et pour visualiser \u00e0 distance et en temps r\u00e9el les cam\u00e9ras de surveillance qui lui sont reli\u00e9es.<\/p>","protected":false},"excerpt":{"rendered":"<ul>\n<li><strong>R\u00e9f\u00e9rence : DS-9632NI-I8<\/strong><\/li>\n<li>Compression vid\u00e9o : H.265+\/H.265\/H.264+\/H.264\/MPEG4<\/li>\n<li>SATA : 8 interfaces SATA<\/li>\n<li>ESATA : 1 interface eSATA<\/li>\n<li>Capacit\u00e9 : Jusqu&rsquo;\u00e0 10 To de capacit\u00e9 pour chaque disque<\/li>\n<li>Sortie Audio : 2 canaux, RCA (Lin\u00e9aire, 1 K\u03a9)<\/li>\n<li>R\u00e9solution D&rsquo;enregistrement : 32 MP\/24 MP\/12 MP\/8 MP\/6 MP\/5 MP\/4 MP\/3 MP\/1080p\/UXGA\/720p\/VGA\/4CIF\/DCIF\/2CIF\/CIF\/QCIF<\/li>\n<li>Interface USB : Panneau avant : 2 \u00d7 USB 2.0 ; Panneau arri\u00e8re : 1 \u00d7 USB 3.0<\/li>\n<li>Alimentation : 100 \u00e0 240 VCA, 50 \u00e0 60 Hz<\/li>\n<li>Dimensions (L \u00d7 P \u00d7 H) : 445 \u00d7 465 \u00d7 92 mm<\/li>\n<li>Poids : \u2264 10 Kg<\/li>\n<\/ul>","protected":false},"featured_media":12025,"comment_status":"open","ping_status":"closed","template":"","meta":{"_acf_changed":false},"product_brand":[],"product_cat":[390,716],"product_tag":[],"class_list":{"0":"post-12022","1":"product","2":"type-product","3":"status-publish","4":"has-post-thumbnail","6":"product_cat-alarmes-et-video","7":"product_cat-nvr","9":"first","10":"instock","11":"taxable","12":"shipping-taxable","13":"product-type-simple"},"acf":[],"yoast_head":"<!-- This site is optimized with the Yoast SEO plugin v27.4 - https:\/\/yoast.com\/product\/yoast-seo-wordpress\/ -->\n<title>Enregistreur NVR IP - 32 entr\u00e9es - K2group Distribution<\/title>\n<meta name=\"robots\" content=\"noindex, follow, max-snippet:-1, max-image-preview:large, max-video-preview:-1\" \/>\n<meta property=\"og:locale\" content=\"de_DE\" \/>\n<meta property=\"og:type\" content=\"article\" \/>\n<meta property=\"og:title\" content=\"Enregistreur NVR IP - 32 entr\u00e9es - K2group Distribution\" \/>\n<meta property=\"og:description\" content=\"R\u00e9f\u00e9rence : DS-9632NI-I8  Compression vid\u00e9o : H.265+\/H.265\/H.264+\/H.264\/MPEG4  SATA : 8 interfaces SATA  ESATA : 1 interface eSATA  Capacit\u00e9 : Jusqu&#039;\u00e0 10 To de capacit\u00e9 pour chaque disque  Sortie Audio : 2 canaux, RCA (Lin\u00e9aire, 1 K\u03a9)  R\u00e9solution D&#039;enregistrement : 32 MP\/24 MP\/12 MP\/8 MP\/6 MP\/5 MP\/4 MP\/3 MP\/1080p\/UXGA\/720p\/VGA\/4CIF\/DCIF\/2CIF\/CIF\/QCIF  Interface USB : Panneau avant : 2 \u00d7 USB 2.0 ; Panneau arri\u00e8re : 1 \u00d7 USB 3.0  Alimentation : 100 \u00e0 240 VCA, 50 \u00e0 60 Hz  Dimensions (L \u00d7 P \u00d7 H) : 445 \u00d7 465 \u00d7 92 mm  Poids : \u2264 10 Kg\" \/>\n<meta property=\"og:url\" content=\"https:\/\/exciting-lichterman.217-160-28-49.plesk.page\/de\/produkt\/enregistreur-nvr-ip-32-entrees-4\/\" \/>\n<meta property=\"og:site_name\" content=\"K2group Distribution\" \/>\n<meta property=\"article:modified_time\" content=\"2023-06-01T10:35:34+00:00\" \/>\n<meta property=\"og:image\" content=\"https:\/\/exciting-lichterman.217-160-28-49.plesk.page\/wp-content\/uploads\/2022\/08\/DS-9632NI-I8-01-scaled.webp\" \/>\n\t<meta property=\"og:image:width\" content=\"2560\" \/>\n\t<meta property=\"og:image:height\" content=\"2545\" \/>\n\t<meta property=\"og:image:type\" content=\"image\/webp\" \/>\n<meta name=\"twitter:card\" content=\"summary_large_image\" \/>\n<meta name=\"twitter:label1\" content=\"Gesch\u00e4tzte Lesezeit\" \/>\n\t<meta name=\"twitter:data1\" content=\"1\u00a0Minute\" \/>\n<script type=\"application\/ld+json\" class=\"yoast-schema-graph\">{\"@context\":\"https:\\\/\\\/schema.org\",\"@graph\":[{\"@type\":\"WebPage\",\"@id\":\"https:\\\/\\\/exciting-lichterman.217-160-28-49.plesk.page\\\/produit\\\/enregistreur-nvr-ip-32-entrees-4\\\/\",\"url\":\"https:\\\/\\\/exciting-lichterman.217-160-28-49.plesk.page\\\/produit\\\/enregistreur-nvr-ip-32-entrees-4\\\/\",\"name\":\"Enregistreur NVR IP - 32 entr\u00e9es - K2group Distribution\",\"isPartOf\":{\"@id\":\"https:\\\/\\\/exciting-lichterman.217-160-28-49.plesk.page\\\/#website\"},\"primaryImageOfPage\":{\"@id\":\"https:\\\/\\\/exciting-lichterman.217-160-28-49.plesk.page\\\/produit\\\/enregistreur-nvr-ip-32-entrees-4\\\/#primaryimage\"},\"image\":{\"@id\":\"https:\\\/\\\/exciting-lichterman.217-160-28-49.plesk.page\\\/produit\\\/enregistreur-nvr-ip-32-entrees-4\\\/#primaryimage\"},\"thumbnailUrl\":\"https:\\\/\\\/exciting-lichterman.217-160-28-49.plesk.page\\\/wp-content\\\/uploads\\\/2022\\\/08\\\/DS-9632NI-I8-01-scaled.webp\",\"datePublished\":\"2022-08-16T13:51:26+00:00\",\"dateModified\":\"2023-06-01T10:35:34+00:00\",\"breadcrumb\":{\"@id\":\"https:\\\/\\\/exciting-lichterman.217-160-28-49.plesk.page\\\/produit\\\/enregistreur-nvr-ip-32-entrees-4\\\/#breadcrumb\"},\"inLanguage\":\"de\",\"potentialAction\":[{\"@type\":\"ReadAction\",\"target\":[\"https:\\\/\\\/exciting-lichterman.217-160-28-49.plesk.page\\\/produit\\\/enregistreur-nvr-ip-32-entrees-4\\\/\"]}]},{\"@type\":\"ImageObject\",\"inLanguage\":\"de\",\"@id\":\"https:\\\/\\\/exciting-lichterman.217-160-28-49.plesk.page\\\/produit\\\/enregistreur-nvr-ip-32-entrees-4\\\/#primaryimage\",\"url\":\"https:\\\/\\\/exciting-lichterman.217-160-28-49.plesk.page\\\/wp-content\\\/uploads\\\/2022\\\/08\\\/DS-9632NI-I8-01-scaled.webp\",\"contentUrl\":\"https:\\\/\\\/exciting-lichterman.217-160-28-49.plesk.page\\\/wp-content\\\/uploads\\\/2022\\\/08\\\/DS-9632NI-I8-01-scaled.webp\",\"width\":2560,\"height\":2545},{\"@type\":\"BreadcrumbList\",\"@id\":\"https:\\\/\\\/exciting-lichterman.217-160-28-49.plesk.page\\\/produit\\\/enregistreur-nvr-ip-32-entrees-4\\\/#breadcrumb\",\"itemListElement\":[{\"@type\":\"ListItem\",\"position\":1,\"name\":\"Accueil\",\"item\":\"https:\\\/\\\/exciting-lichterman.217-160-28-49.plesk.page\\\/\"},{\"@type\":\"ListItem\",\"position\":2,\"name\":\"Boutique\",\"item\":\"https:\\\/\\\/exciting-lichterman.217-160-28-49.plesk.page\\\/boutique\\\/\"},{\"@type\":\"ListItem\",\"position\":3,\"name\":\"Enregistreur NVR IP &#8211; 32 entr\u00e9es\"}]},{\"@type\":\"WebSite\",\"@id\":\"https:\\\/\\\/exciting-lichterman.217-160-28-49.plesk.page\\\/#website\",\"url\":\"https:\\\/\\\/exciting-lichterman.217-160-28-49.plesk.page\\\/\",\"name\":\"K2group Distribution\",\"description\":\"\",\"publisher\":{\"@id\":\"https:\\\/\\\/exciting-lichterman.217-160-28-49.plesk.page\\\/#organization\"},\"potentialAction\":[{\"@type\":\"SearchAction\",\"target\":{\"@type\":\"EntryPoint\",\"urlTemplate\":\"https:\\\/\\\/exciting-lichterman.217-160-28-49.plesk.page\\\/?s={search_term_string}\"},\"query-input\":{\"@type\":\"PropertyValueSpecification\",\"valueRequired\":true,\"valueName\":\"search_term_string\"}}],\"inLanguage\":\"de\"},{\"@type\":\"Organization\",\"@id\":\"https:\\\/\\\/exciting-lichterman.217-160-28-49.plesk.page\\\/#organization\",\"name\":\"K2group Distribution\",\"url\":\"https:\\\/\\\/exciting-lichterman.217-160-28-49.plesk.page\\\/\",\"logo\":{\"@type\":\"ImageObject\",\"inLanguage\":\"de\",\"@id\":\"https:\\\/\\\/exciting-lichterman.217-160-28-49.plesk.page\\\/#\\\/schema\\\/logo\\\/image\\\/\",\"url\":\"https:\\\/\\\/exciting-lichterman.217-160-28-49.plesk.page\\\/wp-content\\\/uploads\\\/2022\\\/04\\\/logo-K2.png\",\"contentUrl\":\"https:\\\/\\\/exciting-lichterman.217-160-28-49.plesk.page\\\/wp-content\\\/uploads\\\/2022\\\/04\\\/logo-K2.png\",\"width\":155,\"height\":66,\"caption\":\"K2group Distribution\"},\"image\":{\"@id\":\"https:\\\/\\\/exciting-lichterman.217-160-28-49.plesk.page\\\/#\\\/schema\\\/logo\\\/image\\\/\"}}]}<\/script>\n<!-- \/ Yoast SEO plugin. -->","yoast_head_json":{"title":"Enregistreur NVR IP - 32 entr\u00e9es - K2group Distribution","robots":{"index":"noindex","follow":"follow","max-snippet":"max-snippet:-1","max-image-preview":"max-image-preview:large","max-video-preview":"max-video-preview:-1"},"og_locale":"de_DE","og_type":"article","og_title":"Enregistreur NVR IP - 32 entr\u00e9es - K2group Distribution","og_description":"R\u00e9f\u00e9rence : DS-9632NI-I8  Compression vid\u00e9o : H.265+\/H.265\/H.264+\/H.264\/MPEG4  SATA : 8 interfaces SATA  ESATA : 1 interface eSATA  Capacit\u00e9 : Jusqu'\u00e0 10 To de capacit\u00e9 pour chaque disque  Sortie Audio : 2 canaux, RCA (Lin\u00e9aire, 1 K\u03a9)  R\u00e9solution D'enregistrement : 32 MP\/24 MP\/12 MP\/8 MP\/6 MP\/5 MP\/4 MP\/3 MP\/1080p\/UXGA\/720p\/VGA\/4CIF\/DCIF\/2CIF\/CIF\/QCIF  Interface USB : Panneau avant : 2 \u00d7 USB 2.0 ; Panneau arri\u00e8re : 1 \u00d7 USB 3.0  Alimentation : 100 \u00e0 240 VCA, 50 \u00e0 60 Hz  Dimensions (L \u00d7 P \u00d7 H) : 445 \u00d7 465 \u00d7 92 mm  Poids : \u2264 10 Kg","og_url":"https:\/\/exciting-lichterman.217-160-28-49.plesk.page\/de\/produkt\/enregistreur-nvr-ip-32-entrees-4\/","og_site_name":"K2group Distribution","article_modified_time":"2023-06-01T10:35:34+00:00","og_image":[{"width":2560,"height":2545,"url":"https:\/\/exciting-lichterman.217-160-28-49.plesk.page\/wp-content\/uploads\/2022\/08\/DS-9632NI-I8-01-scaled.webp","type":"image\/webp"}],"twitter_card":"summary_large_image","twitter_misc":{"Gesch\u00e4tzte Lesezeit":"1\u00a0Minute"},"schema":{"@context":"https:\/\/schema.org","@graph":[{"@type":"WebPage","@id":"https:\/\/exciting-lichterman.217-160-28-49.plesk.page\/produit\/enregistreur-nvr-ip-32-entrees-4\/","url":"https:\/\/exciting-lichterman.217-160-28-49.plesk.page\/produit\/enregistreur-nvr-ip-32-entrees-4\/","name":"Enregistreur NVR IP - 32 entr\u00e9es - K2group Distribution","isPartOf":{"@id":"https:\/\/exciting-lichterman.217-160-28-49.plesk.page\/#website"},"primaryImageOfPage":{"@id":"https:\/\/exciting-lichterman.217-160-28-49.plesk.page\/produit\/enregistreur-nvr-ip-32-entrees-4\/#primaryimage"},"image":{"@id":"https:\/\/exciting-lichterman.217-160-28-49.plesk.page\/produit\/enregistreur-nvr-ip-32-entrees-4\/#primaryimage"},"thumbnailUrl":"https:\/\/exciting-lichterman.217-160-28-49.plesk.page\/wp-content\/uploads\/2022\/08\/DS-9632NI-I8-01-scaled.webp","datePublished":"2022-08-16T13:51:26+00:00","dateModified":"2023-06-01T10:35:34+00:00","breadcrumb":{"@id":"https:\/\/exciting-lichterman.217-160-28-49.plesk.page\/produit\/enregistreur-nvr-ip-32-entrees-4\/#breadcrumb"},"inLanguage":"de","potentialAction":[{"@type":"ReadAction","target":["https:\/\/exciting-lichterman.217-160-28-49.plesk.page\/produit\/enregistreur-nvr-ip-32-entrees-4\/"]}]},{"@type":"ImageObject","inLanguage":"de","@id":"https:\/\/exciting-lichterman.217-160-28-49.plesk.page\/produit\/enregistreur-nvr-ip-32-entrees-4\/#primaryimage","url":"https:\/\/exciting-lichterman.217-160-28-49.plesk.page\/wp-content\/uploads\/2022\/08\/DS-9632NI-I8-01-scaled.webp","contentUrl":"https:\/\/exciting-lichterman.217-160-28-49.plesk.page\/wp-content\/uploads\/2022\/08\/DS-9632NI-I8-01-scaled.webp","width":2560,"height":2545},{"@type":"BreadcrumbList","@id":"https:\/\/exciting-lichterman.217-160-28-49.plesk.page\/produit\/enregistreur-nvr-ip-32-entrees-4\/#breadcrumb","itemListElement":[{"@type":"ListItem","position":1,"name":"Accueil","item":"https:\/\/exciting-lichterman.217-160-28-49.plesk.page\/"},{"@type":"ListItem","position":2,"name":"Boutique","item":"https:\/\/exciting-lichterman.217-160-28-49.plesk.page\/boutique\/"},{"@type":"ListItem","position":3,"name":"Enregistreur NVR IP &#8211; 32 entr\u00e9es"}]},{"@type":"WebSite","@id":"https:\/\/exciting-lichterman.217-160-28-49.plesk.page\/#website","url":"https:\/\/exciting-lichterman.217-160-28-49.plesk.page\/","name":"K2group Distribution","description":"","publisher":{"@id":"https:\/\/exciting-lichterman.217-160-28-49.plesk.page\/#organization"},"potentialAction":[{"@type":"SearchAction","target":{"@type":"EntryPoint","urlTemplate":"https:\/\/exciting-lichterman.217-160-28-49.plesk.page\/?s={search_term_string}"},"query-input":{"@type":"PropertyValueSpecification","valueRequired":true,"valueName":"search_term_string"}}],"inLanguage":"de"},{"@type":"Organization","@id":"https:\/\/exciting-lichterman.217-160-28-49.plesk.page\/#organization","name":"K2group Distribution","url":"https:\/\/exciting-lichterman.217-160-28-49.plesk.page\/","logo":{"@type":"ImageObject","inLanguage":"de","@id":"https:\/\/exciting-lichterman.217-160-28-49.plesk.page\/#\/schema\/logo\/image\/","url":"https:\/\/exciting-lichterman.217-160-28-49.plesk.page\/wp-content\/uploads\/2022\/04\/logo-K2.png","contentUrl":"https:\/\/exciting-lichterman.217-160-28-49.plesk.page\/wp-content\/uploads\/2022\/04\/logo-K2.png","width":155,"height":66,"caption":"K2group Distribution"},"image":{"@id":"https:\/\/exciting-lichterman.217-160-28-49.plesk.page\/#\/schema\/logo\/image\/"}}]}},"_links":{"self":[{"href":"https:\/\/exciting-lichterman.217-160-28-49.plesk.page\/de\/wp-json\/wp\/v2\/product\/12022","targetHints":{"allow":["GET"]}}],"collection":[{"href":"https:\/\/exciting-lichterman.217-160-28-49.plesk.page\/de\/wp-json\/wp\/v2\/product"}],"about":[{"href":"https:\/\/exciting-lichterman.217-160-28-49.plesk.page\/de\/wp-json\/wp\/v2\/types\/product"}],"replies":[{"embeddable":true,"href":"https:\/\/exciting-lichterman.217-160-28-49.plesk.page\/de\/wp-json\/wp\/v2\/comments?post=12022"}],"version-history":[{"count":5,"href":"https:\/\/exciting-lichterman.217-160-28-49.plesk.page\/de\/wp-json\/wp\/v2\/product\/12022\/revisions"}],"predecessor-version":[{"id":17681,"href":"https:\/\/exciting-lichterman.217-160-28-49.plesk.page\/de\/wp-json\/wp\/v2\/product\/12022\/revisions\/17681"}],"wp:featuredmedia":[{"embeddable":true,"href":"https:\/\/exciting-lichterman.217-160-28-49.plesk.page\/de\/wp-json\/wp\/v2\/media\/12025"}],"wp:attachment":[{"href":"https:\/\/exciting-lichterman.217-160-28-49.plesk.page\/de\/wp-json\/wp\/v2\/media?parent=12022"}],"wp:term":[{"taxonomy":"product_brand","embeddable":true,"href":"https:\/\/exciting-lichterman.217-160-28-49.plesk.page\/de\/wp-json\/wp\/v2\/product_brand?post=12022"},{"taxonomy":"product_cat","embeddable":true,"href":"https:\/\/exciting-lichterman.217-160-28-49.plesk.page\/de\/wp-json\/wp\/v2\/product_cat?post=12022"},{"taxonomy":"product_tag","embeddable":true,"href":"https:\/\/exciting-lichterman.217-160-28-49.plesk.page\/de\/wp-json\/wp\/v2\/product_tag?post=12022"}],"curies":[{"name":"wp","href":"https:\/\/api.w.org\/{rel}","templated":true}]}}