{"id":11923,"date":"2022-08-16T08:45:37","date_gmt":"2022-08-16T08:45:37","guid":{"rendered":"https:\/\/practical-elbakyan.82-165-223-183.plesk.page\/?post_type=product&#038;p=11923"},"modified":"2023-06-01T10:30:12","modified_gmt":"2023-06-01T10:30:12","slug":"enregistreur-nvr-16-entrees-poe-acusense","status":"publish","type":"product","link":"https:\/\/exciting-lichterman.217-160-28-49.plesk.page\/de\/produkt\/enregistreur-nvr-16-entrees-poe-acusense\/","title":{"rendered":"Enregistreur NVR &#8211; 16 entr\u00e9es &#8211; POE &#8211; Acusense"},"content":{"rendered":"<h2 style=\"font-family:Poppins;font-size:14px; font-weight:400!important; line-height:2\"> L&rsquo;enregistreur NVR AcuSense 4K DS-7716NXI-I4\/16P\/S est une solution de surveillance vid\u00e9o professionnelle, sp\u00e9cialement con\u00e7ue pour les applications de s\u00e9curit\u00e9 les plus exigeantes.  <\/h2>\n<p> Avec ses 16 canaux d&rsquo;entr\u00e9e de cam\u00e9ra IP, il offre une connectivit\u00e9 flexible pour la surveillance en temps r\u00e9el de sites complexes.<\/p>\n<p>Il est dot\u00e9 d&rsquo;une analyse intelligente bas\u00e9e sur un algorithme d&rsquo;apprentissage en profondeur, qui permet de d\u00e9tecter et de signaler les \u00e9v\u00e9nements importants en temps r\u00e9el. La protection p\u00e9rim\u00e9trique est disponible jusqu&rsquo;\u00e0 4 canaux, offrant une surveillance avanc\u00e9e des zones sensibles. En outre, la reconnaissance faciale peut \u00eatre utilis\u00e9e jusqu&rsquo;\u00e0 1 canal pour le flux vid\u00e9o ou jusqu&rsquo;\u00e0 4 canaux pour l&rsquo;image du visage, ce qui am\u00e9liore la s\u00e9curit\u00e9 des sites surveill\u00e9s.<\/p>\n<p>Les formats vid\u00e9o H.265+\/H.265\/H.264+\/H.264 sont pris en charge, ce qui garantit une excellente qualit\u00e9 d&rsquo;image tout en r\u00e9duisant consid\u00e9rablement la quantit\u00e9 de donn\u00e9es stock\u00e9es. Le syst\u00e8me est \u00e9galement dot\u00e9 de 16 interfaces Power over Ethernet (PoE), ce qui facilite l&rsquo;installation et la configuration des cam\u00e9ras IP compatibles.<\/p>\n<p>La capacit\u00e9 de d\u00e9codage de cet enregistreur NVR atteint jusqu&rsquo;\u00e0 16 canaux 1080p, ce qui permet la surveillance simultan\u00e9e de plusieurs cam\u00e9ras en haute r\u00e9solution. La bande passante entrante maximale de 160 Mbps garantit une transmission rapide et fiable des donn\u00e9es vid\u00e9o vers le syst\u00e8me de stockage.<\/p>","protected":false},"excerpt":{"rendered":"<ul>\n<li><strong>R\u00e9f\u00e9rence : DS-7716NXI-I4\/16P\/S<\/strong><\/li>\n<li>Compression vid\u00e9o : H.265;H.265+;H.264;H.264+;MPEG4<\/li>\n<li>Sortie Audio : 1 canal, RCA (Lin\u00e9aire, 1 K\u03a9)<\/li>\n<li>R\u00e9solution D&rsquo;enregistrement : 12MP\/8MP\/7MP\/6MP\/5MP\/4MP\/3MP\/1080p\/UXGA\/720p\/VGA\/4CIF\/DCIF\/2CIF\/CIF\/QCIF<\/li>\n<li>SATA : 4 interfaces SATA<\/li>\n<li>ESATA : 1 interface eSATA<\/li>\n<li>Interface USB : Panneau avant : 2 \u00d7 USB 2.0 ; Panneau arri\u00e8re : 1 \u00d7 USB 3.0<\/li>\n<li>Alimentation : \u2264 360W<\/li>\n<li>Dimensions (L \u00d7 P \u00d7 H) : 445 \u00d7 400 \u00d7 75 mm<\/li>\n<li>Poids : \u2264 7 Kg<\/li>\n<\/ul>","protected":false},"featured_media":11926,"comment_status":"open","ping_status":"closed","template":"","meta":{"_acf_changed":false},"product_brand":[],"product_cat":[390,716],"product_tag":[],"class_list":{"0":"post-11923","1":"product","2":"type-product","3":"status-publish","4":"has-post-thumbnail","6":"product_cat-alarmes-et-video","7":"product_cat-nvr","9":"first","10":"instock","11":"taxable","12":"shipping-taxable","13":"product-type-simple"},"acf":[],"yoast_head":"<!-- This site is optimized with the Yoast SEO plugin v27.4 - https:\/\/yoast.com\/product\/yoast-seo-wordpress\/ -->\n<title>Enregistreur NVR - 16 entr\u00e9es - POE - Acusense - K2group Distribution<\/title>\n<meta name=\"robots\" content=\"noindex, follow, max-snippet:-1, max-image-preview:large, max-video-preview:-1\" \/>\n<meta property=\"og:locale\" content=\"de_DE\" \/>\n<meta property=\"og:type\" content=\"article\" \/>\n<meta property=\"og:title\" content=\"Enregistreur NVR - 16 entr\u00e9es - POE - Acusense - K2group Distribution\" \/>\n<meta property=\"og:description\" content=\"R\u00e9f\u00e9rence : DS-7716NXI-I4\/16P\/S  Compression vid\u00e9o : H.265;H.265+;H.264;H.264+;MPEG4  Sortie Audio : 1 canal, RCA (Lin\u00e9aire, 1 K\u03a9)  R\u00e9solution D&#039;enregistrement : 12MP\/8MP\/7MP\/6MP\/5MP\/4MP\/3MP\/1080p\/UXGA\/720p\/VGA\/4CIF\/DCIF\/2CIF\/CIF\/QCIF  SATA : 4 interfaces SATA  ESATA : 1 interface eSATA  Interface USB : Panneau avant : 2 \u00d7 USB 2.0 ; Panneau arri\u00e8re : 1 \u00d7 USB 3.0  Alimentation : \u2264 360W  Dimensions (L \u00d7 P \u00d7 H) : 445 \u00d7 400 \u00d7 75 mm  Poids : \u2264 7 Kg\" \/>\n<meta property=\"og:url\" content=\"https:\/\/exciting-lichterman.217-160-28-49.plesk.page\/de\/produkt\/enregistreur-nvr-16-entrees-poe-acusense\/\" \/>\n<meta property=\"og:site_name\" content=\"K2group Distribution\" \/>\n<meta property=\"article:modified_time\" content=\"2023-06-01T10:30:12+00:00\" \/>\n<meta property=\"og:image\" content=\"https:\/\/exciting-lichterman.217-160-28-49.plesk.page\/wp-content\/uploads\/2022\/08\/DS-7716NXI-I4-16P-S-01-scaled.webp\" \/>\n\t<meta property=\"og:image:width\" content=\"2560\" \/>\n\t<meta property=\"og:image:height\" content=\"2545\" \/>\n\t<meta property=\"og:image:type\" content=\"image\/webp\" \/>\n<meta name=\"twitter:card\" content=\"summary_large_image\" \/>\n<meta name=\"twitter:label1\" content=\"Gesch\u00e4tzte Lesezeit\" \/>\n\t<meta name=\"twitter:data1\" content=\"2\u00a0Minuten\" \/>\n<script type=\"application\/ld+json\" class=\"yoast-schema-graph\">{\"@context\":\"https:\\\/\\\/schema.org\",\"@graph\":[{\"@type\":\"WebPage\",\"@id\":\"https:\\\/\\\/exciting-lichterman.217-160-28-49.plesk.page\\\/produit\\\/enregistreur-nvr-16-entrees-poe-acusense\\\/\",\"url\":\"https:\\\/\\\/exciting-lichterman.217-160-28-49.plesk.page\\\/produit\\\/enregistreur-nvr-16-entrees-poe-acusense\\\/\",\"name\":\"Enregistreur NVR - 16 entr\u00e9es - POE - Acusense - K2group Distribution\",\"isPartOf\":{\"@id\":\"https:\\\/\\\/exciting-lichterman.217-160-28-49.plesk.page\\\/#website\"},\"primaryImageOfPage\":{\"@id\":\"https:\\\/\\\/exciting-lichterman.217-160-28-49.plesk.page\\\/produit\\\/enregistreur-nvr-16-entrees-poe-acusense\\\/#primaryimage\"},\"image\":{\"@id\":\"https:\\\/\\\/exciting-lichterman.217-160-28-49.plesk.page\\\/produit\\\/enregistreur-nvr-16-entrees-poe-acusense\\\/#primaryimage\"},\"thumbnailUrl\":\"https:\\\/\\\/exciting-lichterman.217-160-28-49.plesk.page\\\/wp-content\\\/uploads\\\/2022\\\/08\\\/DS-7716NXI-I4-16P-S-01-scaled.webp\",\"datePublished\":\"2022-08-16T08:45:37+00:00\",\"dateModified\":\"2023-06-01T10:30:12+00:00\",\"breadcrumb\":{\"@id\":\"https:\\\/\\\/exciting-lichterman.217-160-28-49.plesk.page\\\/produit\\\/enregistreur-nvr-16-entrees-poe-acusense\\\/#breadcrumb\"},\"inLanguage\":\"de\",\"potentialAction\":[{\"@type\":\"ReadAction\",\"target\":[\"https:\\\/\\\/exciting-lichterman.217-160-28-49.plesk.page\\\/produit\\\/enregistreur-nvr-16-entrees-poe-acusense\\\/\"]}]},{\"@type\":\"ImageObject\",\"inLanguage\":\"de\",\"@id\":\"https:\\\/\\\/exciting-lichterman.217-160-28-49.plesk.page\\\/produit\\\/enregistreur-nvr-16-entrees-poe-acusense\\\/#primaryimage\",\"url\":\"https:\\\/\\\/exciting-lichterman.217-160-28-49.plesk.page\\\/wp-content\\\/uploads\\\/2022\\\/08\\\/DS-7716NXI-I4-16P-S-01-scaled.webp\",\"contentUrl\":\"https:\\\/\\\/exciting-lichterman.217-160-28-49.plesk.page\\\/wp-content\\\/uploads\\\/2022\\\/08\\\/DS-7716NXI-I4-16P-S-01-scaled.webp\",\"width\":2560,\"height\":2545},{\"@type\":\"BreadcrumbList\",\"@id\":\"https:\\\/\\\/exciting-lichterman.217-160-28-49.plesk.page\\\/produit\\\/enregistreur-nvr-16-entrees-poe-acusense\\\/#breadcrumb\",\"itemListElement\":[{\"@type\":\"ListItem\",\"position\":1,\"name\":\"Accueil\",\"item\":\"https:\\\/\\\/exciting-lichterman.217-160-28-49.plesk.page\\\/\"},{\"@type\":\"ListItem\",\"position\":2,\"name\":\"Boutique\",\"item\":\"https:\\\/\\\/exciting-lichterman.217-160-28-49.plesk.page\\\/boutique\\\/\"},{\"@type\":\"ListItem\",\"position\":3,\"name\":\"Enregistreur NVR &#8211; 16 entr\u00e9es &#8211; POE &#8211; Acusense\"}]},{\"@type\":\"WebSite\",\"@id\":\"https:\\\/\\\/exciting-lichterman.217-160-28-49.plesk.page\\\/#website\",\"url\":\"https:\\\/\\\/exciting-lichterman.217-160-28-49.plesk.page\\\/\",\"name\":\"K2group Distribution\",\"description\":\"\",\"publisher\":{\"@id\":\"https:\\\/\\\/exciting-lichterman.217-160-28-49.plesk.page\\\/#organization\"},\"potentialAction\":[{\"@type\":\"SearchAction\",\"target\":{\"@type\":\"EntryPoint\",\"urlTemplate\":\"https:\\\/\\\/exciting-lichterman.217-160-28-49.plesk.page\\\/?s={search_term_string}\"},\"query-input\":{\"@type\":\"PropertyValueSpecification\",\"valueRequired\":true,\"valueName\":\"search_term_string\"}}],\"inLanguage\":\"de\"},{\"@type\":\"Organization\",\"@id\":\"https:\\\/\\\/exciting-lichterman.217-160-28-49.plesk.page\\\/#organization\",\"name\":\"K2group Distribution\",\"url\":\"https:\\\/\\\/exciting-lichterman.217-160-28-49.plesk.page\\\/\",\"logo\":{\"@type\":\"ImageObject\",\"inLanguage\":\"de\",\"@id\":\"https:\\\/\\\/exciting-lichterman.217-160-28-49.plesk.page\\\/#\\\/schema\\\/logo\\\/image\\\/\",\"url\":\"https:\\\/\\\/exciting-lichterman.217-160-28-49.plesk.page\\\/wp-content\\\/uploads\\\/2022\\\/04\\\/logo-K2.png\",\"contentUrl\":\"https:\\\/\\\/exciting-lichterman.217-160-28-49.plesk.page\\\/wp-content\\\/uploads\\\/2022\\\/04\\\/logo-K2.png\",\"width\":155,\"height\":66,\"caption\":\"K2group Distribution\"},\"image\":{\"@id\":\"https:\\\/\\\/exciting-lichterman.217-160-28-49.plesk.page\\\/#\\\/schema\\\/logo\\\/image\\\/\"}}]}<\/script>\n<!-- \/ Yoast SEO plugin. -->","yoast_head_json":{"title":"Enregistreur NVR - 16 entr\u00e9es - POE - Acusense - K2group Distribution","robots":{"index":"noindex","follow":"follow","max-snippet":"max-snippet:-1","max-image-preview":"max-image-preview:large","max-video-preview":"max-video-preview:-1"},"og_locale":"de_DE","og_type":"article","og_title":"Enregistreur NVR - 16 entr\u00e9es - POE - Acusense - K2group Distribution","og_description":"R\u00e9f\u00e9rence : DS-7716NXI-I4\/16P\/S  Compression vid\u00e9o : H.265;H.265+;H.264;H.264+;MPEG4  Sortie Audio : 1 canal, RCA (Lin\u00e9aire, 1 K\u03a9)  R\u00e9solution D'enregistrement : 12MP\/8MP\/7MP\/6MP\/5MP\/4MP\/3MP\/1080p\/UXGA\/720p\/VGA\/4CIF\/DCIF\/2CIF\/CIF\/QCIF  SATA : 4 interfaces SATA  ESATA : 1 interface eSATA  Interface USB : Panneau avant : 2 \u00d7 USB 2.0 ; Panneau arri\u00e8re : 1 \u00d7 USB 3.0  Alimentation : \u2264 360W  Dimensions (L \u00d7 P \u00d7 H) : 445 \u00d7 400 \u00d7 75 mm  Poids : \u2264 7 Kg","og_url":"https:\/\/exciting-lichterman.217-160-28-49.plesk.page\/de\/produkt\/enregistreur-nvr-16-entrees-poe-acusense\/","og_site_name":"K2group Distribution","article_modified_time":"2023-06-01T10:30:12+00:00","og_image":[{"width":2560,"height":2545,"url":"https:\/\/exciting-lichterman.217-160-28-49.plesk.page\/wp-content\/uploads\/2022\/08\/DS-7716NXI-I4-16P-S-01-scaled.webp","type":"image\/webp"}],"twitter_card":"summary_large_image","twitter_misc":{"Gesch\u00e4tzte Lesezeit":"2\u00a0Minuten"},"schema":{"@context":"https:\/\/schema.org","@graph":[{"@type":"WebPage","@id":"https:\/\/exciting-lichterman.217-160-28-49.plesk.page\/produit\/enregistreur-nvr-16-entrees-poe-acusense\/","url":"https:\/\/exciting-lichterman.217-160-28-49.plesk.page\/produit\/enregistreur-nvr-16-entrees-poe-acusense\/","name":"Enregistreur NVR - 16 entr\u00e9es - POE - Acusense - K2group Distribution","isPartOf":{"@id":"https:\/\/exciting-lichterman.217-160-28-49.plesk.page\/#website"},"primaryImageOfPage":{"@id":"https:\/\/exciting-lichterman.217-160-28-49.plesk.page\/produit\/enregistreur-nvr-16-entrees-poe-acusense\/#primaryimage"},"image":{"@id":"https:\/\/exciting-lichterman.217-160-28-49.plesk.page\/produit\/enregistreur-nvr-16-entrees-poe-acusense\/#primaryimage"},"thumbnailUrl":"https:\/\/exciting-lichterman.217-160-28-49.plesk.page\/wp-content\/uploads\/2022\/08\/DS-7716NXI-I4-16P-S-01-scaled.webp","datePublished":"2022-08-16T08:45:37+00:00","dateModified":"2023-06-01T10:30:12+00:00","breadcrumb":{"@id":"https:\/\/exciting-lichterman.217-160-28-49.plesk.page\/produit\/enregistreur-nvr-16-entrees-poe-acusense\/#breadcrumb"},"inLanguage":"de","potentialAction":[{"@type":"ReadAction","target":["https:\/\/exciting-lichterman.217-160-28-49.plesk.page\/produit\/enregistreur-nvr-16-entrees-poe-acusense\/"]}]},{"@type":"ImageObject","inLanguage":"de","@id":"https:\/\/exciting-lichterman.217-160-28-49.plesk.page\/produit\/enregistreur-nvr-16-entrees-poe-acusense\/#primaryimage","url":"https:\/\/exciting-lichterman.217-160-28-49.plesk.page\/wp-content\/uploads\/2022\/08\/DS-7716NXI-I4-16P-S-01-scaled.webp","contentUrl":"https:\/\/exciting-lichterman.217-160-28-49.plesk.page\/wp-content\/uploads\/2022\/08\/DS-7716NXI-I4-16P-S-01-scaled.webp","width":2560,"height":2545},{"@type":"BreadcrumbList","@id":"https:\/\/exciting-lichterman.217-160-28-49.plesk.page\/produit\/enregistreur-nvr-16-entrees-poe-acusense\/#breadcrumb","itemListElement":[{"@type":"ListItem","position":1,"name":"Accueil","item":"https:\/\/exciting-lichterman.217-160-28-49.plesk.page\/"},{"@type":"ListItem","position":2,"name":"Boutique","item":"https:\/\/exciting-lichterman.217-160-28-49.plesk.page\/boutique\/"},{"@type":"ListItem","position":3,"name":"Enregistreur NVR &#8211; 16 entr\u00e9es &#8211; POE &#8211; Acusense"}]},{"@type":"WebSite","@id":"https:\/\/exciting-lichterman.217-160-28-49.plesk.page\/#website","url":"https:\/\/exciting-lichterman.217-160-28-49.plesk.page\/","name":"K2group Distribution","description":"","publisher":{"@id":"https:\/\/exciting-lichterman.217-160-28-49.plesk.page\/#organization"},"potentialAction":[{"@type":"SearchAction","target":{"@type":"EntryPoint","urlTemplate":"https:\/\/exciting-lichterman.217-160-28-49.plesk.page\/?s={search_term_string}"},"query-input":{"@type":"PropertyValueSpecification","valueRequired":true,"valueName":"search_term_string"}}],"inLanguage":"de"},{"@type":"Organization","@id":"https:\/\/exciting-lichterman.217-160-28-49.plesk.page\/#organization","name":"K2group Distribution","url":"https:\/\/exciting-lichterman.217-160-28-49.plesk.page\/","logo":{"@type":"ImageObject","inLanguage":"de","@id":"https:\/\/exciting-lichterman.217-160-28-49.plesk.page\/#\/schema\/logo\/image\/","url":"https:\/\/exciting-lichterman.217-160-28-49.plesk.page\/wp-content\/uploads\/2022\/04\/logo-K2.png","contentUrl":"https:\/\/exciting-lichterman.217-160-28-49.plesk.page\/wp-content\/uploads\/2022\/04\/logo-K2.png","width":155,"height":66,"caption":"K2group Distribution"},"image":{"@id":"https:\/\/exciting-lichterman.217-160-28-49.plesk.page\/#\/schema\/logo\/image\/"}}]}},"_links":{"self":[{"href":"https:\/\/exciting-lichterman.217-160-28-49.plesk.page\/de\/wp-json\/wp\/v2\/product\/11923","targetHints":{"allow":["GET"]}}],"collection":[{"href":"https:\/\/exciting-lichterman.217-160-28-49.plesk.page\/de\/wp-json\/wp\/v2\/product"}],"about":[{"href":"https:\/\/exciting-lichterman.217-160-28-49.plesk.page\/de\/wp-json\/wp\/v2\/types\/product"}],"replies":[{"embeddable":true,"href":"https:\/\/exciting-lichterman.217-160-28-49.plesk.page\/de\/wp-json\/wp\/v2\/comments?post=11923"}],"version-history":[{"count":5,"href":"https:\/\/exciting-lichterman.217-160-28-49.plesk.page\/de\/wp-json\/wp\/v2\/product\/11923\/revisions"}],"predecessor-version":[{"id":17670,"href":"https:\/\/exciting-lichterman.217-160-28-49.plesk.page\/de\/wp-json\/wp\/v2\/product\/11923\/revisions\/17670"}],"wp:featuredmedia":[{"embeddable":true,"href":"https:\/\/exciting-lichterman.217-160-28-49.plesk.page\/de\/wp-json\/wp\/v2\/media\/11926"}],"wp:attachment":[{"href":"https:\/\/exciting-lichterman.217-160-28-49.plesk.page\/de\/wp-json\/wp\/v2\/media?parent=11923"}],"wp:term":[{"taxonomy":"product_brand","embeddable":true,"href":"https:\/\/exciting-lichterman.217-160-28-49.plesk.page\/de\/wp-json\/wp\/v2\/product_brand?post=11923"},{"taxonomy":"product_cat","embeddable":true,"href":"https:\/\/exciting-lichterman.217-160-28-49.plesk.page\/de\/wp-json\/wp\/v2\/product_cat?post=11923"},{"taxonomy":"product_tag","embeddable":true,"href":"https:\/\/exciting-lichterman.217-160-28-49.plesk.page\/de\/wp-json\/wp\/v2\/product_tag?post=11923"}],"curies":[{"name":"wp","href":"https:\/\/api.w.org\/{rel}","templated":true}]}}