{"id":11909,"date":"2022-08-15T17:19:32","date_gmt":"2022-08-15T17:19:32","guid":{"rendered":"https:\/\/practical-elbakyan.82-165-223-183.plesk.page\/?post_type=product&#038;p=11909"},"modified":"2023-06-01T10:24:45","modified_gmt":"2023-06-01T10:24:45","slug":"enregistreur-dvr-8-entrees-6","status":"publish","type":"product","link":"https:\/\/exciting-lichterman.217-160-28-49.plesk.page\/de\/produkt\/enregistreur-dvr-8-entrees-6\/","title":{"rendered":"Enregistreur DVR &#8211; 8 entr\u00e9es"},"content":{"rendered":"<h2 style=\"font-family:Poppins;font-size:14px; font-weight:400!important; line-height:2\">  Le DVR iDS-7208HQHI-M1\/S est un enregistreur vid\u00e9o num\u00e9rique de la marque Hikvision id\u00e9al pour la surveillance de petites \u00e0 moyennes entreprises. <\/h2>\n<p> Il est compact et mont\u00e9 dans un bo\u00eetier de 1U, avec une capacit\u00e9 de 8 canaux et un disque dur de 1 To. Ainsi, il est compatible avec 5 signaux d&rsquo;entr\u00e9e adaptatifs, notamment HDTVI, AHD, CVI, CVBS et IP.<\/p>\n<p>L&rsquo;une des principales caract\u00e9ristiques de ce DVR est la technologie de classification des cibles humaines et des v\u00e9hicules bas\u00e9e sur l&rsquo;apprentissage en profondeur qui permet de d\u00e9tecter les mouvements des cibles humaines et des v\u00e9hicules, r\u00e9duisant ainsi les fausses alarmes. Cet enregistreur dispose \u00e9galement d&rsquo;une technologie de compression H.265 pro+ efficace, qui permet de r\u00e9duire la taille des fichiers vid\u00e9o tout en pr\u00e9servant la qualit\u00e9 de l&rsquo;image.<\/p>\n<p>Il est dot\u00e9 aussi d&rsquo;une capacit\u00e9 d&rsquo;encodage jusqu&rsquo;\u00e0 1080p \u00e0 15 images par seconde qui offre une surveillance vid\u00e9o en temps r\u00e9el de haute qualit\u00e9. De plus, il peut prendre en charge jusqu&rsquo;\u00e0 12 cam\u00e9ras r\u00e9seau, ce qui garantit une surveillance vid\u00e9o plus \u00e9tendue.<\/p>","protected":false},"excerpt":{"rendered":"<ul>\n<li><strong>R\u00e9f\u00e9rence : iDS-7208HQHI-M1\/S<\/strong><\/li>\n<li>Compression vid\u00e9o : H.265 Pro+\/H.265 Pro\/H.265\/H.264+\/H.264<\/li>\n<li>Sortie Audio : 1 canal, RCA (2.0 Vp-p, 1 K\u03a9)\uff0c8 canaux via c\u00e2ble coaxial<\/li>\n<li>SATA : 1 interface SATA<\/li>\n<li>Capacit\u00e9 : Jusqu&rsquo;\u00e0 10 To de capacit\u00e9 pour chaque disque<\/li>\n<li>Interface USB : Panneau avant : 2 \u00d7 USB 2.0<\/li>\n<li>Alimentation : 12 VCC<\/li>\n<li>Dimensions (L \u00d7 P \u00d7 H) : 315 \u00d7 242 \u00d7 45 mm<\/li>\n<li>Poids : \u2264 1,78 Kg<\/li>\n<\/ul>","protected":false},"featured_media":11910,"comment_status":"open","ping_status":"closed","template":"","meta":{"_acf_changed":false},"product_brand":[],"product_cat":[390,719],"product_tag":[],"class_list":{"0":"post-11909","1":"product","2":"type-product","3":"status-publish","4":"has-post-thumbnail","6":"product_cat-alarmes-et-video","7":"product_cat-dvr","9":"first","10":"instock","11":"taxable","12":"shipping-taxable","13":"product-type-simple"},"acf":[],"yoast_head":"<!-- This site is optimized with the Yoast SEO plugin v27.4 - https:\/\/yoast.com\/product\/yoast-seo-wordpress\/ -->\n<title>Enregistreur DVR - 8 entr\u00e9es - K2group Distribution<\/title>\n<meta name=\"robots\" content=\"noindex, follow, max-snippet:-1, max-image-preview:large, max-video-preview:-1\" \/>\n<meta property=\"og:locale\" content=\"de_DE\" \/>\n<meta property=\"og:type\" content=\"article\" \/>\n<meta property=\"og:title\" content=\"Enregistreur DVR - 8 entr\u00e9es - K2group Distribution\" \/>\n<meta property=\"og:description\" content=\"R\u00e9f\u00e9rence : iDS-7208HQHI-M1\/S  Compression vid\u00e9o : H.265 Pro+\/H.265 Pro\/H.265\/H.264+\/H.264  Sortie Audio : 1 canal, RCA (2.0 Vp-p, 1 K\u03a9)\uff0c8 canaux via c\u00e2ble coaxial  SATA : 1 interface SATA  Capacit\u00e9 : Jusqu&#039;\u00e0 10 To de capacit\u00e9 pour chaque disque  Interface USB : Panneau avant : 2 \u00d7 USB 2.0  Alimentation : 12 VCC  Dimensions (L \u00d7 P \u00d7 H) : 315 \u00d7 242 \u00d7 45 mm  Poids : \u2264 1,78 Kg\" \/>\n<meta property=\"og:url\" content=\"https:\/\/exciting-lichterman.217-160-28-49.plesk.page\/de\/produkt\/enregistreur-dvr-8-entrees-6\/\" \/>\n<meta property=\"og:site_name\" content=\"K2group Distribution\" \/>\n<meta property=\"article:modified_time\" content=\"2023-06-01T10:24:45+00:00\" \/>\n<meta property=\"og:image\" content=\"https:\/\/exciting-lichterman.217-160-28-49.plesk.page\/wp-content\/uploads\/2022\/08\/iDS-7208HQHI-M1-S-01-scaled.webp\" \/>\n\t<meta property=\"og:image:width\" content=\"2560\" \/>\n\t<meta property=\"og:image:height\" content=\"2545\" \/>\n\t<meta property=\"og:image:type\" content=\"image\/webp\" \/>\n<meta name=\"twitter:card\" content=\"summary_large_image\" \/>\n<meta name=\"twitter:label1\" content=\"Gesch\u00e4tzte Lesezeit\" \/>\n\t<meta name=\"twitter:data1\" content=\"1\u00a0Minute\" \/>\n<script type=\"application\/ld+json\" class=\"yoast-schema-graph\">{\"@context\":\"https:\\\/\\\/schema.org\",\"@graph\":[{\"@type\":\"WebPage\",\"@id\":\"https:\\\/\\\/exciting-lichterman.217-160-28-49.plesk.page\\\/produit\\\/enregistreur-dvr-8-entrees-6\\\/\",\"url\":\"https:\\\/\\\/exciting-lichterman.217-160-28-49.plesk.page\\\/produit\\\/enregistreur-dvr-8-entrees-6\\\/\",\"name\":\"Enregistreur DVR - 8 entr\u00e9es - K2group Distribution\",\"isPartOf\":{\"@id\":\"https:\\\/\\\/exciting-lichterman.217-160-28-49.plesk.page\\\/#website\"},\"primaryImageOfPage\":{\"@id\":\"https:\\\/\\\/exciting-lichterman.217-160-28-49.plesk.page\\\/produit\\\/enregistreur-dvr-8-entrees-6\\\/#primaryimage\"},\"image\":{\"@id\":\"https:\\\/\\\/exciting-lichterman.217-160-28-49.plesk.page\\\/produit\\\/enregistreur-dvr-8-entrees-6\\\/#primaryimage\"},\"thumbnailUrl\":\"https:\\\/\\\/exciting-lichterman.217-160-28-49.plesk.page\\\/wp-content\\\/uploads\\\/2022\\\/08\\\/iDS-7208HQHI-M1-S-01-scaled.webp\",\"datePublished\":\"2022-08-15T17:19:32+00:00\",\"dateModified\":\"2023-06-01T10:24:45+00:00\",\"breadcrumb\":{\"@id\":\"https:\\\/\\\/exciting-lichterman.217-160-28-49.plesk.page\\\/produit\\\/enregistreur-dvr-8-entrees-6\\\/#breadcrumb\"},\"inLanguage\":\"de\",\"potentialAction\":[{\"@type\":\"ReadAction\",\"target\":[\"https:\\\/\\\/exciting-lichterman.217-160-28-49.plesk.page\\\/produit\\\/enregistreur-dvr-8-entrees-6\\\/\"]}]},{\"@type\":\"ImageObject\",\"inLanguage\":\"de\",\"@id\":\"https:\\\/\\\/exciting-lichterman.217-160-28-49.plesk.page\\\/produit\\\/enregistreur-dvr-8-entrees-6\\\/#primaryimage\",\"url\":\"https:\\\/\\\/exciting-lichterman.217-160-28-49.plesk.page\\\/wp-content\\\/uploads\\\/2022\\\/08\\\/iDS-7208HQHI-M1-S-01-scaled.webp\",\"contentUrl\":\"https:\\\/\\\/exciting-lichterman.217-160-28-49.plesk.page\\\/wp-content\\\/uploads\\\/2022\\\/08\\\/iDS-7208HQHI-M1-S-01-scaled.webp\",\"width\":2560,\"height\":2545},{\"@type\":\"BreadcrumbList\",\"@id\":\"https:\\\/\\\/exciting-lichterman.217-160-28-49.plesk.page\\\/produit\\\/enregistreur-dvr-8-entrees-6\\\/#breadcrumb\",\"itemListElement\":[{\"@type\":\"ListItem\",\"position\":1,\"name\":\"Accueil\",\"item\":\"https:\\\/\\\/exciting-lichterman.217-160-28-49.plesk.page\\\/\"},{\"@type\":\"ListItem\",\"position\":2,\"name\":\"Boutique\",\"item\":\"https:\\\/\\\/exciting-lichterman.217-160-28-49.plesk.page\\\/boutique\\\/\"},{\"@type\":\"ListItem\",\"position\":3,\"name\":\"Enregistreur DVR &#8211; 8 entr\u00e9es\"}]},{\"@type\":\"WebSite\",\"@id\":\"https:\\\/\\\/exciting-lichterman.217-160-28-49.plesk.page\\\/#website\",\"url\":\"https:\\\/\\\/exciting-lichterman.217-160-28-49.plesk.page\\\/\",\"name\":\"K2group Distribution\",\"description\":\"\",\"publisher\":{\"@id\":\"https:\\\/\\\/exciting-lichterman.217-160-28-49.plesk.page\\\/#organization\"},\"potentialAction\":[{\"@type\":\"SearchAction\",\"target\":{\"@type\":\"EntryPoint\",\"urlTemplate\":\"https:\\\/\\\/exciting-lichterman.217-160-28-49.plesk.page\\\/?s={search_term_string}\"},\"query-input\":{\"@type\":\"PropertyValueSpecification\",\"valueRequired\":true,\"valueName\":\"search_term_string\"}}],\"inLanguage\":\"de\"},{\"@type\":\"Organization\",\"@id\":\"https:\\\/\\\/exciting-lichterman.217-160-28-49.plesk.page\\\/#organization\",\"name\":\"K2group Distribution\",\"url\":\"https:\\\/\\\/exciting-lichterman.217-160-28-49.plesk.page\\\/\",\"logo\":{\"@type\":\"ImageObject\",\"inLanguage\":\"de\",\"@id\":\"https:\\\/\\\/exciting-lichterman.217-160-28-49.plesk.page\\\/#\\\/schema\\\/logo\\\/image\\\/\",\"url\":\"https:\\\/\\\/exciting-lichterman.217-160-28-49.plesk.page\\\/wp-content\\\/uploads\\\/2022\\\/04\\\/logo-K2.png\",\"contentUrl\":\"https:\\\/\\\/exciting-lichterman.217-160-28-49.plesk.page\\\/wp-content\\\/uploads\\\/2022\\\/04\\\/logo-K2.png\",\"width\":155,\"height\":66,\"caption\":\"K2group Distribution\"},\"image\":{\"@id\":\"https:\\\/\\\/exciting-lichterman.217-160-28-49.plesk.page\\\/#\\\/schema\\\/logo\\\/image\\\/\"}}]}<\/script>\n<!-- \/ Yoast SEO plugin. -->","yoast_head_json":{"title":"Enregistreur DVR - 8 entr\u00e9es - K2group Distribution","robots":{"index":"noindex","follow":"follow","max-snippet":"max-snippet:-1","max-image-preview":"max-image-preview:large","max-video-preview":"max-video-preview:-1"},"og_locale":"de_DE","og_type":"article","og_title":"Enregistreur DVR - 8 entr\u00e9es - K2group Distribution","og_description":"R\u00e9f\u00e9rence : iDS-7208HQHI-M1\/S  Compression vid\u00e9o : H.265 Pro+\/H.265 Pro\/H.265\/H.264+\/H.264  Sortie Audio : 1 canal, RCA (2.0 Vp-p, 1 K\u03a9)\uff0c8 canaux via c\u00e2ble coaxial  SATA : 1 interface SATA  Capacit\u00e9 : Jusqu'\u00e0 10 To de capacit\u00e9 pour chaque disque  Interface USB : Panneau avant : 2 \u00d7 USB 2.0  Alimentation : 12 VCC  Dimensions (L \u00d7 P \u00d7 H) : 315 \u00d7 242 \u00d7 45 mm  Poids : \u2264 1,78 Kg","og_url":"https:\/\/exciting-lichterman.217-160-28-49.plesk.page\/de\/produkt\/enregistreur-dvr-8-entrees-6\/","og_site_name":"K2group Distribution","article_modified_time":"2023-06-01T10:24:45+00:00","og_image":[{"width":2560,"height":2545,"url":"https:\/\/exciting-lichterman.217-160-28-49.plesk.page\/wp-content\/uploads\/2022\/08\/iDS-7208HQHI-M1-S-01-scaled.webp","type":"image\/webp"}],"twitter_card":"summary_large_image","twitter_misc":{"Gesch\u00e4tzte Lesezeit":"1\u00a0Minute"},"schema":{"@context":"https:\/\/schema.org","@graph":[{"@type":"WebPage","@id":"https:\/\/exciting-lichterman.217-160-28-49.plesk.page\/produit\/enregistreur-dvr-8-entrees-6\/","url":"https:\/\/exciting-lichterman.217-160-28-49.plesk.page\/produit\/enregistreur-dvr-8-entrees-6\/","name":"Enregistreur DVR - 8 entr\u00e9es - K2group Distribution","isPartOf":{"@id":"https:\/\/exciting-lichterman.217-160-28-49.plesk.page\/#website"},"primaryImageOfPage":{"@id":"https:\/\/exciting-lichterman.217-160-28-49.plesk.page\/produit\/enregistreur-dvr-8-entrees-6\/#primaryimage"},"image":{"@id":"https:\/\/exciting-lichterman.217-160-28-49.plesk.page\/produit\/enregistreur-dvr-8-entrees-6\/#primaryimage"},"thumbnailUrl":"https:\/\/exciting-lichterman.217-160-28-49.plesk.page\/wp-content\/uploads\/2022\/08\/iDS-7208HQHI-M1-S-01-scaled.webp","datePublished":"2022-08-15T17:19:32+00:00","dateModified":"2023-06-01T10:24:45+00:00","breadcrumb":{"@id":"https:\/\/exciting-lichterman.217-160-28-49.plesk.page\/produit\/enregistreur-dvr-8-entrees-6\/#breadcrumb"},"inLanguage":"de","potentialAction":[{"@type":"ReadAction","target":["https:\/\/exciting-lichterman.217-160-28-49.plesk.page\/produit\/enregistreur-dvr-8-entrees-6\/"]}]},{"@type":"ImageObject","inLanguage":"de","@id":"https:\/\/exciting-lichterman.217-160-28-49.plesk.page\/produit\/enregistreur-dvr-8-entrees-6\/#primaryimage","url":"https:\/\/exciting-lichterman.217-160-28-49.plesk.page\/wp-content\/uploads\/2022\/08\/iDS-7208HQHI-M1-S-01-scaled.webp","contentUrl":"https:\/\/exciting-lichterman.217-160-28-49.plesk.page\/wp-content\/uploads\/2022\/08\/iDS-7208HQHI-M1-S-01-scaled.webp","width":2560,"height":2545},{"@type":"BreadcrumbList","@id":"https:\/\/exciting-lichterman.217-160-28-49.plesk.page\/produit\/enregistreur-dvr-8-entrees-6\/#breadcrumb","itemListElement":[{"@type":"ListItem","position":1,"name":"Accueil","item":"https:\/\/exciting-lichterman.217-160-28-49.plesk.page\/"},{"@type":"ListItem","position":2,"name":"Boutique","item":"https:\/\/exciting-lichterman.217-160-28-49.plesk.page\/boutique\/"},{"@type":"ListItem","position":3,"name":"Enregistreur DVR &#8211; 8 entr\u00e9es"}]},{"@type":"WebSite","@id":"https:\/\/exciting-lichterman.217-160-28-49.plesk.page\/#website","url":"https:\/\/exciting-lichterman.217-160-28-49.plesk.page\/","name":"K2group Distribution","description":"","publisher":{"@id":"https:\/\/exciting-lichterman.217-160-28-49.plesk.page\/#organization"},"potentialAction":[{"@type":"SearchAction","target":{"@type":"EntryPoint","urlTemplate":"https:\/\/exciting-lichterman.217-160-28-49.plesk.page\/?s={search_term_string}"},"query-input":{"@type":"PropertyValueSpecification","valueRequired":true,"valueName":"search_term_string"}}],"inLanguage":"de"},{"@type":"Organization","@id":"https:\/\/exciting-lichterman.217-160-28-49.plesk.page\/#organization","name":"K2group Distribution","url":"https:\/\/exciting-lichterman.217-160-28-49.plesk.page\/","logo":{"@type":"ImageObject","inLanguage":"de","@id":"https:\/\/exciting-lichterman.217-160-28-49.plesk.page\/#\/schema\/logo\/image\/","url":"https:\/\/exciting-lichterman.217-160-28-49.plesk.page\/wp-content\/uploads\/2022\/04\/logo-K2.png","contentUrl":"https:\/\/exciting-lichterman.217-160-28-49.plesk.page\/wp-content\/uploads\/2022\/04\/logo-K2.png","width":155,"height":66,"caption":"K2group Distribution"},"image":{"@id":"https:\/\/exciting-lichterman.217-160-28-49.plesk.page\/#\/schema\/logo\/image\/"}}]}},"_links":{"self":[{"href":"https:\/\/exciting-lichterman.217-160-28-49.plesk.page\/de\/wp-json\/wp\/v2\/product\/11909","targetHints":{"allow":["GET"]}}],"collection":[{"href":"https:\/\/exciting-lichterman.217-160-28-49.plesk.page\/de\/wp-json\/wp\/v2\/product"}],"about":[{"href":"https:\/\/exciting-lichterman.217-160-28-49.plesk.page\/de\/wp-json\/wp\/v2\/types\/product"}],"replies":[{"embeddable":true,"href":"https:\/\/exciting-lichterman.217-160-28-49.plesk.page\/de\/wp-json\/wp\/v2\/comments?post=11909"}],"version-history":[{"count":5,"href":"https:\/\/exciting-lichterman.217-160-28-49.plesk.page\/de\/wp-json\/wp\/v2\/product\/11909\/revisions"}],"predecessor-version":[{"id":17663,"href":"https:\/\/exciting-lichterman.217-160-28-49.plesk.page\/de\/wp-json\/wp\/v2\/product\/11909\/revisions\/17663"}],"wp:featuredmedia":[{"embeddable":true,"href":"https:\/\/exciting-lichterman.217-160-28-49.plesk.page\/de\/wp-json\/wp\/v2\/media\/11910"}],"wp:attachment":[{"href":"https:\/\/exciting-lichterman.217-160-28-49.plesk.page\/de\/wp-json\/wp\/v2\/media?parent=11909"}],"wp:term":[{"taxonomy":"product_brand","embeddable":true,"href":"https:\/\/exciting-lichterman.217-160-28-49.plesk.page\/de\/wp-json\/wp\/v2\/product_brand?post=11909"},{"taxonomy":"product_cat","embeddable":true,"href":"https:\/\/exciting-lichterman.217-160-28-49.plesk.page\/de\/wp-json\/wp\/v2\/product_cat?post=11909"},{"taxonomy":"product_tag","embeddable":true,"href":"https:\/\/exciting-lichterman.217-160-28-49.plesk.page\/de\/wp-json\/wp\/v2\/product_tag?post=11909"}],"curies":[{"name":"wp","href":"https:\/\/api.w.org\/{rel}","templated":true}]}}