{"id":11793,"date":"2022-08-12T16:37:55","date_gmt":"2022-08-12T16:37:55","guid":{"rendered":"https:\/\/practical-elbakyan.82-165-223-183.plesk.page\/?post_type=product&#038;p=11793"},"modified":"2023-06-01T09:54:19","modified_gmt":"2023-06-01T09:54:19","slug":"dome-ptz-panoramique-ip-16-mpxls-vf-zoom-36x-2","status":"publish","type":"product","link":"https:\/\/exciting-lichterman.217-160-28-49.plesk.page\/de\/produkt\/dome-ptz-panoramique-ip-16-mpxls-vf-zoom-36x-2\/","title":{"rendered":"D\u00f4me PTZ panoramique IP &#8211; 16 MPXLS VF &#8211; Zoom 36X"},"content":{"rendered":"<h2 style=\"font-family:Poppins;font-size:14px; font-weight:400!important; line-height:2\">   La cam\u00e9ra Hikvision DS-2DP3236ZIXS-D\/440(F0) (P4) est un \u00e9quipement performant et de haute qualit\u00e9 dans le domaine de la surveillance. <\/h2>\n<p>Dot\u00e9e d&rsquo;une r\u00e9solution de 32 m\u00e9gapixels, elle offre une qualit\u00e9 d&rsquo;image exceptionnelle, permettant de capturer les moindres d\u00e9tails avec une nettet\u00e9 impressionnante. Elle est capable de produire des images en jusqu&rsquo;\u00e0 2 \u00d7 5520 \u00d7 2400 pixels \u00e0 30 images par seconde pour les canaux panoramiques, offrant ainsi une vue panoramique compl\u00e8te et immersive.<\/p>\n<p>Gr\u00e2ce \u00e0 sa performance en basse lumi\u00e8re et \u00e0 la technologie DarkFighter de Hikvision, elle offre une sensibilit\u00e9 accrue \u00e0 la lumi\u00e8re, permettant de capturer des images claires et nettes m\u00eame dans des conditions de faible \u00e9clairage, assurant ainsi une surveillance efficace m\u00eame de nuit. De plus, avec un zoom optique 40x et un zoom num\u00e9rique 16x, cette cam\u00e9ra permet d&rsquo;obtenir des vues rapproch\u00e9es sur de vastes zones, tout en offrant une surveillance d\u00e9taill\u00e9e des objets \u00e9loign\u00e9s.<\/p>\n<p>La fonctionnalit\u00e9 de commutation automatique entre le canal panoramique et le canal PTZ en un clic est particuli\u00e8rement pratique. En un simple clic, il est possible d&rsquo;afficher automatiquement les d\u00e9tails du zoom PTZ \u00e0 partir de la vue panoramique, permettant ainsi d&rsquo;obtenir une vision d\u00e9taill\u00e9e de la zone d&rsquo;int\u00e9r\u00eat.<\/p>\n<p>En outre, la cam\u00e9ra DS-2DP3236ZIXS-D\/440(F0)(P4) offre des fonctionnalit\u00e9s de suivi avanc\u00e9es, avec un suivi manuel continu et stable, un suivi automatique et panoramique. Elle permet \u00e9galement une commutation automatique entre plusieurs cibles, ce qui en fait un outil puissant pour surveiller les objets en mouvement de mani\u00e8re optimale.<\/p>","protected":false},"excerpt":{"rendered":"<ul>\n<li><strong>R\u00e9f\u00e9rence : DS-2DP1636ZIX-D\/440<\/strong><\/li>\n<li>Capteur d&rsquo;image : 8 capteurs CMOS \u00e0 balayage progressif de 1\/1.8&Prime;<\/li>\n<li>Distance : 200 m\u00e8tres<\/li>\n<li>Zoom optique : 36 X<\/li>\n<li>Zoom num\u00e9rique : 16 X<\/li>\n<li>Niveau de protection : IK10<\/li>\n<li>Dimensions : \u03a6 391,8 mm \u00d7 400,5 mm<\/li>\n<li>Poids : 18 kg<\/li>\n<\/ul>","protected":false},"featured_media":11795,"comment_status":"open","ping_status":"closed","template":"","meta":{"_acf_changed":false},"product_brand":[],"product_cat":[390,715],"product_tag":[],"class_list":{"0":"post-11793","1":"product","2":"type-product","3":"status-publish","4":"has-post-thumbnail","6":"product_cat-alarmes-et-video","7":"product_cat-camera-ip","9":"first","10":"instock","11":"taxable","12":"shipping-taxable","13":"product-type-simple"},"acf":[],"yoast_head":"<!-- This site is optimized with the Yoast SEO plugin v27.4 - https:\/\/yoast.com\/product\/yoast-seo-wordpress\/ -->\n<title>D\u00f4me PTZ panoramique IP - 16 MPXLS VF - Zoom 36X - K2group Distribution<\/title>\n<meta name=\"robots\" content=\"noindex, follow, max-snippet:-1, max-image-preview:large, max-video-preview:-1\" \/>\n<meta property=\"og:locale\" content=\"de_DE\" \/>\n<meta property=\"og:type\" content=\"article\" \/>\n<meta property=\"og:title\" content=\"D\u00f4me PTZ panoramique IP - 16 MPXLS VF - Zoom 36X - K2group Distribution\" \/>\n<meta property=\"og:description\" content=\"R\u00e9f\u00e9rence : DS-2DP1636ZIX-D\/440  Capteur d&#039;image : 8 capteurs CMOS \u00e0 balayage progressif de 1\/1.8&quot;  Distance : 200 m\u00e8tres  Zoom optique : 36 X  Zoom num\u00e9rique : 16 X  Niveau de protection : IK10  Dimensions : \u03a6 391,8 mm \u00d7 400,5 mm  Poids : 18 kg\" \/>\n<meta property=\"og:url\" content=\"https:\/\/exciting-lichterman.217-160-28-49.plesk.page\/de\/produkt\/dome-ptz-panoramique-ip-16-mpxls-vf-zoom-36x-2\/\" \/>\n<meta property=\"og:site_name\" content=\"K2group Distribution\" \/>\n<meta property=\"article:modified_time\" content=\"2023-06-01T09:54:19+00:00\" \/>\n<meta property=\"og:image\" content=\"https:\/\/exciting-lichterman.217-160-28-49.plesk.page\/wp-content\/uploads\/2022\/08\/DS-2DP1636ZIX-D440-01-scaled.webp\" \/>\n\t<meta property=\"og:image:width\" content=\"2560\" \/>\n\t<meta property=\"og:image:height\" content=\"2545\" \/>\n\t<meta property=\"og:image:type\" content=\"image\/webp\" \/>\n<meta name=\"twitter:card\" content=\"summary_large_image\" \/>\n<meta name=\"twitter:label1\" content=\"Gesch\u00e4tzte Lesezeit\" \/>\n\t<meta name=\"twitter:data1\" content=\"2\u00a0Minuten\" \/>\n<script type=\"application\/ld+json\" class=\"yoast-schema-graph\">{\"@context\":\"https:\\\/\\\/schema.org\",\"@graph\":[{\"@type\":\"WebPage\",\"@id\":\"https:\\\/\\\/exciting-lichterman.217-160-28-49.plesk.page\\\/produit\\\/dome-ptz-panoramique-ip-16-mpxls-vf-zoom-36x-2\\\/\",\"url\":\"https:\\\/\\\/exciting-lichterman.217-160-28-49.plesk.page\\\/produit\\\/dome-ptz-panoramique-ip-16-mpxls-vf-zoom-36x-2\\\/\",\"name\":\"D\u00f4me PTZ panoramique IP - 16 MPXLS VF - Zoom 36X - K2group Distribution\",\"isPartOf\":{\"@id\":\"https:\\\/\\\/exciting-lichterman.217-160-28-49.plesk.page\\\/#website\"},\"primaryImageOfPage\":{\"@id\":\"https:\\\/\\\/exciting-lichterman.217-160-28-49.plesk.page\\\/produit\\\/dome-ptz-panoramique-ip-16-mpxls-vf-zoom-36x-2\\\/#primaryimage\"},\"image\":{\"@id\":\"https:\\\/\\\/exciting-lichterman.217-160-28-49.plesk.page\\\/produit\\\/dome-ptz-panoramique-ip-16-mpxls-vf-zoom-36x-2\\\/#primaryimage\"},\"thumbnailUrl\":\"https:\\\/\\\/exciting-lichterman.217-160-28-49.plesk.page\\\/wp-content\\\/uploads\\\/2022\\\/08\\\/DS-2DP1636ZIX-D440-01-scaled.webp\",\"datePublished\":\"2022-08-12T16:37:55+00:00\",\"dateModified\":\"2023-06-01T09:54:19+00:00\",\"breadcrumb\":{\"@id\":\"https:\\\/\\\/exciting-lichterman.217-160-28-49.plesk.page\\\/produit\\\/dome-ptz-panoramique-ip-16-mpxls-vf-zoom-36x-2\\\/#breadcrumb\"},\"inLanguage\":\"de\",\"potentialAction\":[{\"@type\":\"ReadAction\",\"target\":[\"https:\\\/\\\/exciting-lichterman.217-160-28-49.plesk.page\\\/produit\\\/dome-ptz-panoramique-ip-16-mpxls-vf-zoom-36x-2\\\/\"]}]},{\"@type\":\"ImageObject\",\"inLanguage\":\"de\",\"@id\":\"https:\\\/\\\/exciting-lichterman.217-160-28-49.plesk.page\\\/produit\\\/dome-ptz-panoramique-ip-16-mpxls-vf-zoom-36x-2\\\/#primaryimage\",\"url\":\"https:\\\/\\\/exciting-lichterman.217-160-28-49.plesk.page\\\/wp-content\\\/uploads\\\/2022\\\/08\\\/DS-2DP1636ZIX-D440-01-scaled.webp\",\"contentUrl\":\"https:\\\/\\\/exciting-lichterman.217-160-28-49.plesk.page\\\/wp-content\\\/uploads\\\/2022\\\/08\\\/DS-2DP1636ZIX-D440-01-scaled.webp\",\"width\":2560,\"height\":2545},{\"@type\":\"BreadcrumbList\",\"@id\":\"https:\\\/\\\/exciting-lichterman.217-160-28-49.plesk.page\\\/produit\\\/dome-ptz-panoramique-ip-16-mpxls-vf-zoom-36x-2\\\/#breadcrumb\",\"itemListElement\":[{\"@type\":\"ListItem\",\"position\":1,\"name\":\"Accueil\",\"item\":\"https:\\\/\\\/exciting-lichterman.217-160-28-49.plesk.page\\\/\"},{\"@type\":\"ListItem\",\"position\":2,\"name\":\"Boutique\",\"item\":\"https:\\\/\\\/exciting-lichterman.217-160-28-49.plesk.page\\\/boutique\\\/\"},{\"@type\":\"ListItem\",\"position\":3,\"name\":\"D\u00f4me PTZ panoramique IP &#8211; 16 MPXLS VF &#8211; Zoom 36X\"}]},{\"@type\":\"WebSite\",\"@id\":\"https:\\\/\\\/exciting-lichterman.217-160-28-49.plesk.page\\\/#website\",\"url\":\"https:\\\/\\\/exciting-lichterman.217-160-28-49.plesk.page\\\/\",\"name\":\"K2group Distribution\",\"description\":\"\",\"publisher\":{\"@id\":\"https:\\\/\\\/exciting-lichterman.217-160-28-49.plesk.page\\\/#organization\"},\"potentialAction\":[{\"@type\":\"SearchAction\",\"target\":{\"@type\":\"EntryPoint\",\"urlTemplate\":\"https:\\\/\\\/exciting-lichterman.217-160-28-49.plesk.page\\\/?s={search_term_string}\"},\"query-input\":{\"@type\":\"PropertyValueSpecification\",\"valueRequired\":true,\"valueName\":\"search_term_string\"}}],\"inLanguage\":\"de\"},{\"@type\":\"Organization\",\"@id\":\"https:\\\/\\\/exciting-lichterman.217-160-28-49.plesk.page\\\/#organization\",\"name\":\"K2group Distribution\",\"url\":\"https:\\\/\\\/exciting-lichterman.217-160-28-49.plesk.page\\\/\",\"logo\":{\"@type\":\"ImageObject\",\"inLanguage\":\"de\",\"@id\":\"https:\\\/\\\/exciting-lichterman.217-160-28-49.plesk.page\\\/#\\\/schema\\\/logo\\\/image\\\/\",\"url\":\"https:\\\/\\\/exciting-lichterman.217-160-28-49.plesk.page\\\/wp-content\\\/uploads\\\/2022\\\/04\\\/logo-K2.png\",\"contentUrl\":\"https:\\\/\\\/exciting-lichterman.217-160-28-49.plesk.page\\\/wp-content\\\/uploads\\\/2022\\\/04\\\/logo-K2.png\",\"width\":155,\"height\":66,\"caption\":\"K2group Distribution\"},\"image\":{\"@id\":\"https:\\\/\\\/exciting-lichterman.217-160-28-49.plesk.page\\\/#\\\/schema\\\/logo\\\/image\\\/\"}}]}<\/script>\n<!-- \/ Yoast SEO plugin. -->","yoast_head_json":{"title":"D\u00f4me PTZ panoramique IP - 16 MPXLS VF - Zoom 36X - K2group Distribution","robots":{"index":"noindex","follow":"follow","max-snippet":"max-snippet:-1","max-image-preview":"max-image-preview:large","max-video-preview":"max-video-preview:-1"},"og_locale":"de_DE","og_type":"article","og_title":"D\u00f4me PTZ panoramique IP - 16 MPXLS VF - Zoom 36X - K2group Distribution","og_description":"R\u00e9f\u00e9rence : DS-2DP1636ZIX-D\/440  Capteur d'image : 8 capteurs CMOS \u00e0 balayage progressif de 1\/1.8\"  Distance : 200 m\u00e8tres  Zoom optique : 36 X  Zoom num\u00e9rique : 16 X  Niveau de protection : IK10  Dimensions : \u03a6 391,8 mm \u00d7 400,5 mm  Poids : 18 kg","og_url":"https:\/\/exciting-lichterman.217-160-28-49.plesk.page\/de\/produkt\/dome-ptz-panoramique-ip-16-mpxls-vf-zoom-36x-2\/","og_site_name":"K2group Distribution","article_modified_time":"2023-06-01T09:54:19+00:00","og_image":[{"width":2560,"height":2545,"url":"https:\/\/exciting-lichterman.217-160-28-49.plesk.page\/wp-content\/uploads\/2022\/08\/DS-2DP1636ZIX-D440-01-scaled.webp","type":"image\/webp"}],"twitter_card":"summary_large_image","twitter_misc":{"Gesch\u00e4tzte Lesezeit":"2\u00a0Minuten"},"schema":{"@context":"https:\/\/schema.org","@graph":[{"@type":"WebPage","@id":"https:\/\/exciting-lichterman.217-160-28-49.plesk.page\/produit\/dome-ptz-panoramique-ip-16-mpxls-vf-zoom-36x-2\/","url":"https:\/\/exciting-lichterman.217-160-28-49.plesk.page\/produit\/dome-ptz-panoramique-ip-16-mpxls-vf-zoom-36x-2\/","name":"D\u00f4me PTZ panoramique IP - 16 MPXLS VF - Zoom 36X - K2group Distribution","isPartOf":{"@id":"https:\/\/exciting-lichterman.217-160-28-49.plesk.page\/#website"},"primaryImageOfPage":{"@id":"https:\/\/exciting-lichterman.217-160-28-49.plesk.page\/produit\/dome-ptz-panoramique-ip-16-mpxls-vf-zoom-36x-2\/#primaryimage"},"image":{"@id":"https:\/\/exciting-lichterman.217-160-28-49.plesk.page\/produit\/dome-ptz-panoramique-ip-16-mpxls-vf-zoom-36x-2\/#primaryimage"},"thumbnailUrl":"https:\/\/exciting-lichterman.217-160-28-49.plesk.page\/wp-content\/uploads\/2022\/08\/DS-2DP1636ZIX-D440-01-scaled.webp","datePublished":"2022-08-12T16:37:55+00:00","dateModified":"2023-06-01T09:54:19+00:00","breadcrumb":{"@id":"https:\/\/exciting-lichterman.217-160-28-49.plesk.page\/produit\/dome-ptz-panoramique-ip-16-mpxls-vf-zoom-36x-2\/#breadcrumb"},"inLanguage":"de","potentialAction":[{"@type":"ReadAction","target":["https:\/\/exciting-lichterman.217-160-28-49.plesk.page\/produit\/dome-ptz-panoramique-ip-16-mpxls-vf-zoom-36x-2\/"]}]},{"@type":"ImageObject","inLanguage":"de","@id":"https:\/\/exciting-lichterman.217-160-28-49.plesk.page\/produit\/dome-ptz-panoramique-ip-16-mpxls-vf-zoom-36x-2\/#primaryimage","url":"https:\/\/exciting-lichterman.217-160-28-49.plesk.page\/wp-content\/uploads\/2022\/08\/DS-2DP1636ZIX-D440-01-scaled.webp","contentUrl":"https:\/\/exciting-lichterman.217-160-28-49.plesk.page\/wp-content\/uploads\/2022\/08\/DS-2DP1636ZIX-D440-01-scaled.webp","width":2560,"height":2545},{"@type":"BreadcrumbList","@id":"https:\/\/exciting-lichterman.217-160-28-49.plesk.page\/produit\/dome-ptz-panoramique-ip-16-mpxls-vf-zoom-36x-2\/#breadcrumb","itemListElement":[{"@type":"ListItem","position":1,"name":"Accueil","item":"https:\/\/exciting-lichterman.217-160-28-49.plesk.page\/"},{"@type":"ListItem","position":2,"name":"Boutique","item":"https:\/\/exciting-lichterman.217-160-28-49.plesk.page\/boutique\/"},{"@type":"ListItem","position":3,"name":"D\u00f4me PTZ panoramique IP &#8211; 16 MPXLS VF &#8211; Zoom 36X"}]},{"@type":"WebSite","@id":"https:\/\/exciting-lichterman.217-160-28-49.plesk.page\/#website","url":"https:\/\/exciting-lichterman.217-160-28-49.plesk.page\/","name":"K2group Distribution","description":"","publisher":{"@id":"https:\/\/exciting-lichterman.217-160-28-49.plesk.page\/#organization"},"potentialAction":[{"@type":"SearchAction","target":{"@type":"EntryPoint","urlTemplate":"https:\/\/exciting-lichterman.217-160-28-49.plesk.page\/?s={search_term_string}"},"query-input":{"@type":"PropertyValueSpecification","valueRequired":true,"valueName":"search_term_string"}}],"inLanguage":"de"},{"@type":"Organization","@id":"https:\/\/exciting-lichterman.217-160-28-49.plesk.page\/#organization","name":"K2group Distribution","url":"https:\/\/exciting-lichterman.217-160-28-49.plesk.page\/","logo":{"@type":"ImageObject","inLanguage":"de","@id":"https:\/\/exciting-lichterman.217-160-28-49.plesk.page\/#\/schema\/logo\/image\/","url":"https:\/\/exciting-lichterman.217-160-28-49.plesk.page\/wp-content\/uploads\/2022\/04\/logo-K2.png","contentUrl":"https:\/\/exciting-lichterman.217-160-28-49.plesk.page\/wp-content\/uploads\/2022\/04\/logo-K2.png","width":155,"height":66,"caption":"K2group Distribution"},"image":{"@id":"https:\/\/exciting-lichterman.217-160-28-49.plesk.page\/#\/schema\/logo\/image\/"}}]}},"_links":{"self":[{"href":"https:\/\/exciting-lichterman.217-160-28-49.plesk.page\/de\/wp-json\/wp\/v2\/product\/11793","targetHints":{"allow":["GET"]}}],"collection":[{"href":"https:\/\/exciting-lichterman.217-160-28-49.plesk.page\/de\/wp-json\/wp\/v2\/product"}],"about":[{"href":"https:\/\/exciting-lichterman.217-160-28-49.plesk.page\/de\/wp-json\/wp\/v2\/types\/product"}],"replies":[{"embeddable":true,"href":"https:\/\/exciting-lichterman.217-160-28-49.plesk.page\/de\/wp-json\/wp\/v2\/comments?post=11793"}],"version-history":[{"count":5,"href":"https:\/\/exciting-lichterman.217-160-28-49.plesk.page\/de\/wp-json\/wp\/v2\/product\/11793\/revisions"}],"predecessor-version":[{"id":17619,"href":"https:\/\/exciting-lichterman.217-160-28-49.plesk.page\/de\/wp-json\/wp\/v2\/product\/11793\/revisions\/17619"}],"wp:featuredmedia":[{"embeddable":true,"href":"https:\/\/exciting-lichterman.217-160-28-49.plesk.page\/de\/wp-json\/wp\/v2\/media\/11795"}],"wp:attachment":[{"href":"https:\/\/exciting-lichterman.217-160-28-49.plesk.page\/de\/wp-json\/wp\/v2\/media?parent=11793"}],"wp:term":[{"taxonomy":"product_brand","embeddable":true,"href":"https:\/\/exciting-lichterman.217-160-28-49.plesk.page\/de\/wp-json\/wp\/v2\/product_brand?post=11793"},{"taxonomy":"product_cat","embeddable":true,"href":"https:\/\/exciting-lichterman.217-160-28-49.plesk.page\/de\/wp-json\/wp\/v2\/product_cat?post=11793"},{"taxonomy":"product_tag","embeddable":true,"href":"https:\/\/exciting-lichterman.217-160-28-49.plesk.page\/de\/wp-json\/wp\/v2\/product_tag?post=11793"}],"curies":[{"name":"wp","href":"https:\/\/api.w.org\/{rel}","templated":true}]}}