{"id":11775,"date":"2022-08-12T16:10:22","date_gmt":"2022-08-12T16:10:22","guid":{"rendered":"https:\/\/practical-elbakyan.82-165-223-183.plesk.page\/?post_type=product&#038;p=11775"},"modified":"2023-06-01T09:32:30","modified_gmt":"2023-06-01T09:32:30","slug":"dome-ptz-ip-4-mpxls-vf-zoom-x25","status":"publish","type":"product","link":"https:\/\/exciting-lichterman.217-160-28-49.plesk.page\/de\/produkt\/dome-ptz-ip-4-mpxls-vf-zoom-x25\/","title":{"rendered":"D\u00f4me PTZ IP &#8211; 4 MPXLS VF &#8211; Zoom 25X"},"content":{"rendered":"<h2 style=\"font-family:Poppins;font-size:14px; font-weight:400!important; line-height:2\"> La cam\u00e9ra d\u00f4me PTZ IP de la r\u00e9f\u00e9rence DS-2DF6A425X-AEL(T3) de Hikvision est un mod\u00e8le haut de gamme offrant des fonctionnalit\u00e9s avanc\u00e9es pour une surveillance de qualit\u00e9.<\/h2>\n<p>Elle est \u00e9quip\u00e9e d&rsquo;un capteur CMOS \u00e0 balayage progressif de 1\/1,8 pouces avec une r\u00e9solution allant jusqu&rsquo;\u00e0 2560 \u00d7 1440 pixels, ce qui permet d&rsquo;obtenir des images claires et d\u00e9taill\u00e9es m\u00eame dans des conditions de faible luminosit\u00e9. Son zoom optique 25x et son zoom num\u00e9rique 16x permettent de faire des gros plans sur des objets \u00e9loign\u00e9s sans perdre en qualit\u00e9 d&rsquo;image.<\/p>\n<p>De plus, ce d\u00f4me offre une gamme dynamique \u00e9tendue (WDR) de 140 dB, une r\u00e9duction de bruit 3D (DNR) et une fonction de compensation de contre-jour (HLC) pour am\u00e9liorer la qualit\u00e9 de l&rsquo;image dans diff\u00e9rentes conditions d&rsquo;\u00e9clairage. Elle peut \u00eatre aliment\u00e9e en utilisant une alimentation 24 VCA ou le protocole Hi-PoE, offrant ainsi une grande flexibilit\u00e9 d&rsquo;installation.<\/p>\n<p>En outre, cette cam\u00e9ra prend en charge la compression vid\u00e9o H.265+ et H.265 pour une utilisation efficace de la bande passante et de l&rsquo;espace de stockage, tout en maintenant une haute qualit\u00e9 d&rsquo;image. Certifi\u00e9e IP67, elle est \u00e9galement \u00e9tanche \u00e0 la poussi\u00e8re et \u00e0 l&rsquo;eau, la rendant adapt\u00e9e pour une utilisation en ext\u00e9rieur dans des conditions m\u00e9t\u00e9orologiques difficiles.<\/p>","protected":false},"excerpt":{"rendered":"<ul>\n<li><strong>R\u00e9f\u00e9rence : DS-2DF6A425X-AEL(T3)<\/strong><\/li>\n<li>Capteur d&rsquo;image : 4 m\u00e9gapixels CMOS \u00e0 balayage progressif 1\/1,8&Prime;<\/li>\n<li>Zoom optique : 25 X<\/li>\n<li>Zoom num\u00e9rique : 16 X<\/li>\n<li>Suivi intelligent : Oui<\/li>\n<li>Technologie : DarkFighter<\/li>\n<li>Niveau de protection : IP67, IK10<\/li>\n<li>Dimensions : \u03a6 231,1 mm \u00d7 355,6 mm<\/li>\n<li>Poids : 6 kg<\/li>\n<\/ul>","protected":false},"featured_media":11776,"comment_status":"open","ping_status":"closed","template":"","meta":{"_acf_changed":false},"product_brand":[],"product_cat":[390,715],"product_tag":[],"class_list":{"0":"post-11775","1":"product","2":"type-product","3":"status-publish","4":"has-post-thumbnail","6":"product_cat-alarmes-et-video","7":"product_cat-camera-ip","9":"first","10":"instock","11":"taxable","12":"shipping-taxable","13":"product-type-simple"},"acf":[],"yoast_head":"<!-- This site is optimized with the Yoast SEO plugin v27.4 - https:\/\/yoast.com\/product\/yoast-seo-wordpress\/ -->\n<title>D\u00f4me PTZ IP - 4 MPXLS VF - Zoom 25X - K2group Distribution<\/title>\n<meta name=\"robots\" content=\"noindex, follow, max-snippet:-1, max-image-preview:large, max-video-preview:-1\" \/>\n<meta property=\"og:locale\" content=\"de_DE\" \/>\n<meta property=\"og:type\" content=\"article\" \/>\n<meta property=\"og:title\" content=\"D\u00f4me PTZ IP - 4 MPXLS VF - Zoom 25X - K2group Distribution\" \/>\n<meta property=\"og:description\" content=\"R\u00e9f\u00e9rence : DS-2DF6A425X-AEL(T3)  Capteur d&#039;image : 4 m\u00e9gapixels CMOS \u00e0 balayage progressif 1\/1,8&quot;  Zoom optique : 25 X  Zoom num\u00e9rique : 16 X  Suivi intelligent : Oui  Technologie : DarkFighter  Niveau de protection : IP67, IK10  Dimensions : \u03a6 231,1 mm \u00d7 355,6 mm  Poids : 6 kg\" \/>\n<meta property=\"og:url\" content=\"https:\/\/exciting-lichterman.217-160-28-49.plesk.page\/de\/produkt\/dome-ptz-ip-4-mpxls-vf-zoom-x25\/\" \/>\n<meta property=\"og:site_name\" content=\"K2group Distribution\" \/>\n<meta property=\"article:modified_time\" content=\"2023-06-01T09:32:30+00:00\" \/>\n<meta property=\"og:image\" content=\"https:\/\/exciting-lichterman.217-160-28-49.plesk.page\/wp-content\/uploads\/2022\/08\/DS-2DF6A425X-AELT3-01-scaled.webp\" \/>\n\t<meta property=\"og:image:width\" content=\"2560\" \/>\n\t<meta property=\"og:image:height\" content=\"2545\" \/>\n\t<meta property=\"og:image:type\" content=\"image\/webp\" \/>\n<meta name=\"twitter:card\" content=\"summary_large_image\" \/>\n<meta name=\"twitter:label1\" content=\"Gesch\u00e4tzte Lesezeit\" \/>\n\t<meta name=\"twitter:data1\" content=\"2\u00a0Minuten\" \/>\n<script type=\"application\/ld+json\" class=\"yoast-schema-graph\">{\"@context\":\"https:\\\/\\\/schema.org\",\"@graph\":[{\"@type\":\"WebPage\",\"@id\":\"https:\\\/\\\/exciting-lichterman.217-160-28-49.plesk.page\\\/produit\\\/dome-ptz-ip-4-mpxls-vf-zoom-x25\\\/\",\"url\":\"https:\\\/\\\/exciting-lichterman.217-160-28-49.plesk.page\\\/produit\\\/dome-ptz-ip-4-mpxls-vf-zoom-x25\\\/\",\"name\":\"D\u00f4me PTZ IP - 4 MPXLS VF - Zoom 25X - K2group Distribution\",\"isPartOf\":{\"@id\":\"https:\\\/\\\/exciting-lichterman.217-160-28-49.plesk.page\\\/#website\"},\"primaryImageOfPage\":{\"@id\":\"https:\\\/\\\/exciting-lichterman.217-160-28-49.plesk.page\\\/produit\\\/dome-ptz-ip-4-mpxls-vf-zoom-x25\\\/#primaryimage\"},\"image\":{\"@id\":\"https:\\\/\\\/exciting-lichterman.217-160-28-49.plesk.page\\\/produit\\\/dome-ptz-ip-4-mpxls-vf-zoom-x25\\\/#primaryimage\"},\"thumbnailUrl\":\"https:\\\/\\\/exciting-lichterman.217-160-28-49.plesk.page\\\/wp-content\\\/uploads\\\/2022\\\/08\\\/DS-2DF6A425X-AELT3-01-scaled.webp\",\"datePublished\":\"2022-08-12T16:10:22+00:00\",\"dateModified\":\"2023-06-01T09:32:30+00:00\",\"breadcrumb\":{\"@id\":\"https:\\\/\\\/exciting-lichterman.217-160-28-49.plesk.page\\\/produit\\\/dome-ptz-ip-4-mpxls-vf-zoom-x25\\\/#breadcrumb\"},\"inLanguage\":\"de\",\"potentialAction\":[{\"@type\":\"ReadAction\",\"target\":[\"https:\\\/\\\/exciting-lichterman.217-160-28-49.plesk.page\\\/produit\\\/dome-ptz-ip-4-mpxls-vf-zoom-x25\\\/\"]}]},{\"@type\":\"ImageObject\",\"inLanguage\":\"de\",\"@id\":\"https:\\\/\\\/exciting-lichterman.217-160-28-49.plesk.page\\\/produit\\\/dome-ptz-ip-4-mpxls-vf-zoom-x25\\\/#primaryimage\",\"url\":\"https:\\\/\\\/exciting-lichterman.217-160-28-49.plesk.page\\\/wp-content\\\/uploads\\\/2022\\\/08\\\/DS-2DF6A425X-AELT3-01-scaled.webp\",\"contentUrl\":\"https:\\\/\\\/exciting-lichterman.217-160-28-49.plesk.page\\\/wp-content\\\/uploads\\\/2022\\\/08\\\/DS-2DF6A425X-AELT3-01-scaled.webp\",\"width\":2560,\"height\":2545},{\"@type\":\"BreadcrumbList\",\"@id\":\"https:\\\/\\\/exciting-lichterman.217-160-28-49.plesk.page\\\/produit\\\/dome-ptz-ip-4-mpxls-vf-zoom-x25\\\/#breadcrumb\",\"itemListElement\":[{\"@type\":\"ListItem\",\"position\":1,\"name\":\"Accueil\",\"item\":\"https:\\\/\\\/exciting-lichterman.217-160-28-49.plesk.page\\\/\"},{\"@type\":\"ListItem\",\"position\":2,\"name\":\"Boutique\",\"item\":\"https:\\\/\\\/exciting-lichterman.217-160-28-49.plesk.page\\\/boutique\\\/\"},{\"@type\":\"ListItem\",\"position\":3,\"name\":\"D\u00f4me PTZ IP &#8211; 4 MPXLS VF &#8211; Zoom 25X\"}]},{\"@type\":\"WebSite\",\"@id\":\"https:\\\/\\\/exciting-lichterman.217-160-28-49.plesk.page\\\/#website\",\"url\":\"https:\\\/\\\/exciting-lichterman.217-160-28-49.plesk.page\\\/\",\"name\":\"K2group Distribution\",\"description\":\"\",\"publisher\":{\"@id\":\"https:\\\/\\\/exciting-lichterman.217-160-28-49.plesk.page\\\/#organization\"},\"potentialAction\":[{\"@type\":\"SearchAction\",\"target\":{\"@type\":\"EntryPoint\",\"urlTemplate\":\"https:\\\/\\\/exciting-lichterman.217-160-28-49.plesk.page\\\/?s={search_term_string}\"},\"query-input\":{\"@type\":\"PropertyValueSpecification\",\"valueRequired\":true,\"valueName\":\"search_term_string\"}}],\"inLanguage\":\"de\"},{\"@type\":\"Organization\",\"@id\":\"https:\\\/\\\/exciting-lichterman.217-160-28-49.plesk.page\\\/#organization\",\"name\":\"K2group Distribution\",\"url\":\"https:\\\/\\\/exciting-lichterman.217-160-28-49.plesk.page\\\/\",\"logo\":{\"@type\":\"ImageObject\",\"inLanguage\":\"de\",\"@id\":\"https:\\\/\\\/exciting-lichterman.217-160-28-49.plesk.page\\\/#\\\/schema\\\/logo\\\/image\\\/\",\"url\":\"https:\\\/\\\/exciting-lichterman.217-160-28-49.plesk.page\\\/wp-content\\\/uploads\\\/2022\\\/04\\\/logo-K2.png\",\"contentUrl\":\"https:\\\/\\\/exciting-lichterman.217-160-28-49.plesk.page\\\/wp-content\\\/uploads\\\/2022\\\/04\\\/logo-K2.png\",\"width\":155,\"height\":66,\"caption\":\"K2group Distribution\"},\"image\":{\"@id\":\"https:\\\/\\\/exciting-lichterman.217-160-28-49.plesk.page\\\/#\\\/schema\\\/logo\\\/image\\\/\"}}]}<\/script>\n<!-- \/ Yoast SEO plugin. -->","yoast_head_json":{"title":"D\u00f4me PTZ IP - 4 MPXLS VF - Zoom 25X - K2group Distribution","robots":{"index":"noindex","follow":"follow","max-snippet":"max-snippet:-1","max-image-preview":"max-image-preview:large","max-video-preview":"max-video-preview:-1"},"og_locale":"de_DE","og_type":"article","og_title":"D\u00f4me PTZ IP - 4 MPXLS VF - Zoom 25X - K2group Distribution","og_description":"R\u00e9f\u00e9rence : DS-2DF6A425X-AEL(T3)  Capteur d'image : 4 m\u00e9gapixels CMOS \u00e0 balayage progressif 1\/1,8\"  Zoom optique : 25 X  Zoom num\u00e9rique : 16 X  Suivi intelligent : Oui  Technologie : DarkFighter  Niveau de protection : IP67, IK10  Dimensions : \u03a6 231,1 mm \u00d7 355,6 mm  Poids : 6 kg","og_url":"https:\/\/exciting-lichterman.217-160-28-49.plesk.page\/de\/produkt\/dome-ptz-ip-4-mpxls-vf-zoom-x25\/","og_site_name":"K2group Distribution","article_modified_time":"2023-06-01T09:32:30+00:00","og_image":[{"width":2560,"height":2545,"url":"https:\/\/exciting-lichterman.217-160-28-49.plesk.page\/wp-content\/uploads\/2022\/08\/DS-2DF6A425X-AELT3-01-scaled.webp","type":"image\/webp"}],"twitter_card":"summary_large_image","twitter_misc":{"Gesch\u00e4tzte Lesezeit":"2\u00a0Minuten"},"schema":{"@context":"https:\/\/schema.org","@graph":[{"@type":"WebPage","@id":"https:\/\/exciting-lichterman.217-160-28-49.plesk.page\/produit\/dome-ptz-ip-4-mpxls-vf-zoom-x25\/","url":"https:\/\/exciting-lichterman.217-160-28-49.plesk.page\/produit\/dome-ptz-ip-4-mpxls-vf-zoom-x25\/","name":"D\u00f4me PTZ IP - 4 MPXLS VF - Zoom 25X - K2group Distribution","isPartOf":{"@id":"https:\/\/exciting-lichterman.217-160-28-49.plesk.page\/#website"},"primaryImageOfPage":{"@id":"https:\/\/exciting-lichterman.217-160-28-49.plesk.page\/produit\/dome-ptz-ip-4-mpxls-vf-zoom-x25\/#primaryimage"},"image":{"@id":"https:\/\/exciting-lichterman.217-160-28-49.plesk.page\/produit\/dome-ptz-ip-4-mpxls-vf-zoom-x25\/#primaryimage"},"thumbnailUrl":"https:\/\/exciting-lichterman.217-160-28-49.plesk.page\/wp-content\/uploads\/2022\/08\/DS-2DF6A425X-AELT3-01-scaled.webp","datePublished":"2022-08-12T16:10:22+00:00","dateModified":"2023-06-01T09:32:30+00:00","breadcrumb":{"@id":"https:\/\/exciting-lichterman.217-160-28-49.plesk.page\/produit\/dome-ptz-ip-4-mpxls-vf-zoom-x25\/#breadcrumb"},"inLanguage":"de","potentialAction":[{"@type":"ReadAction","target":["https:\/\/exciting-lichterman.217-160-28-49.plesk.page\/produit\/dome-ptz-ip-4-mpxls-vf-zoom-x25\/"]}]},{"@type":"ImageObject","inLanguage":"de","@id":"https:\/\/exciting-lichterman.217-160-28-49.plesk.page\/produit\/dome-ptz-ip-4-mpxls-vf-zoom-x25\/#primaryimage","url":"https:\/\/exciting-lichterman.217-160-28-49.plesk.page\/wp-content\/uploads\/2022\/08\/DS-2DF6A425X-AELT3-01-scaled.webp","contentUrl":"https:\/\/exciting-lichterman.217-160-28-49.plesk.page\/wp-content\/uploads\/2022\/08\/DS-2DF6A425X-AELT3-01-scaled.webp","width":2560,"height":2545},{"@type":"BreadcrumbList","@id":"https:\/\/exciting-lichterman.217-160-28-49.plesk.page\/produit\/dome-ptz-ip-4-mpxls-vf-zoom-x25\/#breadcrumb","itemListElement":[{"@type":"ListItem","position":1,"name":"Accueil","item":"https:\/\/exciting-lichterman.217-160-28-49.plesk.page\/"},{"@type":"ListItem","position":2,"name":"Boutique","item":"https:\/\/exciting-lichterman.217-160-28-49.plesk.page\/boutique\/"},{"@type":"ListItem","position":3,"name":"D\u00f4me PTZ IP &#8211; 4 MPXLS VF &#8211; Zoom 25X"}]},{"@type":"WebSite","@id":"https:\/\/exciting-lichterman.217-160-28-49.plesk.page\/#website","url":"https:\/\/exciting-lichterman.217-160-28-49.plesk.page\/","name":"K2group Distribution","description":"","publisher":{"@id":"https:\/\/exciting-lichterman.217-160-28-49.plesk.page\/#organization"},"potentialAction":[{"@type":"SearchAction","target":{"@type":"EntryPoint","urlTemplate":"https:\/\/exciting-lichterman.217-160-28-49.plesk.page\/?s={search_term_string}"},"query-input":{"@type":"PropertyValueSpecification","valueRequired":true,"valueName":"search_term_string"}}],"inLanguage":"de"},{"@type":"Organization","@id":"https:\/\/exciting-lichterman.217-160-28-49.plesk.page\/#organization","name":"K2group Distribution","url":"https:\/\/exciting-lichterman.217-160-28-49.plesk.page\/","logo":{"@type":"ImageObject","inLanguage":"de","@id":"https:\/\/exciting-lichterman.217-160-28-49.plesk.page\/#\/schema\/logo\/image\/","url":"https:\/\/exciting-lichterman.217-160-28-49.plesk.page\/wp-content\/uploads\/2022\/04\/logo-K2.png","contentUrl":"https:\/\/exciting-lichterman.217-160-28-49.plesk.page\/wp-content\/uploads\/2022\/04\/logo-K2.png","width":155,"height":66,"caption":"K2group Distribution"},"image":{"@id":"https:\/\/exciting-lichterman.217-160-28-49.plesk.page\/#\/schema\/logo\/image\/"}}]}},"_links":{"self":[{"href":"https:\/\/exciting-lichterman.217-160-28-49.plesk.page\/de\/wp-json\/wp\/v2\/product\/11775","targetHints":{"allow":["GET"]}}],"collection":[{"href":"https:\/\/exciting-lichterman.217-160-28-49.plesk.page\/de\/wp-json\/wp\/v2\/product"}],"about":[{"href":"https:\/\/exciting-lichterman.217-160-28-49.plesk.page\/de\/wp-json\/wp\/v2\/types\/product"}],"replies":[{"embeddable":true,"href":"https:\/\/exciting-lichterman.217-160-28-49.plesk.page\/de\/wp-json\/wp\/v2\/comments?post=11775"}],"version-history":[{"count":5,"href":"https:\/\/exciting-lichterman.217-160-28-49.plesk.page\/de\/wp-json\/wp\/v2\/product\/11775\/revisions"}],"predecessor-version":[{"id":17603,"href":"https:\/\/exciting-lichterman.217-160-28-49.plesk.page\/de\/wp-json\/wp\/v2\/product\/11775\/revisions\/17603"}],"wp:featuredmedia":[{"embeddable":true,"href":"https:\/\/exciting-lichterman.217-160-28-49.plesk.page\/de\/wp-json\/wp\/v2\/media\/11776"}],"wp:attachment":[{"href":"https:\/\/exciting-lichterman.217-160-28-49.plesk.page\/de\/wp-json\/wp\/v2\/media?parent=11775"}],"wp:term":[{"taxonomy":"product_brand","embeddable":true,"href":"https:\/\/exciting-lichterman.217-160-28-49.plesk.page\/de\/wp-json\/wp\/v2\/product_brand?post=11775"},{"taxonomy":"product_cat","embeddable":true,"href":"https:\/\/exciting-lichterman.217-160-28-49.plesk.page\/de\/wp-json\/wp\/v2\/product_cat?post=11775"},{"taxonomy":"product_tag","embeddable":true,"href":"https:\/\/exciting-lichterman.217-160-28-49.plesk.page\/de\/wp-json\/wp\/v2\/product_tag?post=11775"}],"curies":[{"name":"wp","href":"https:\/\/api.w.org\/{rel}","templated":true}]}}