{"id":11741,"date":"2022-08-12T15:03:46","date_gmt":"2022-08-12T15:03:46","guid":{"rendered":"https:\/\/practical-elbakyan.82-165-223-183.plesk.page\/?post_type=product&#038;p=11741"},"modified":"2023-06-01T09:19:51","modified_gmt":"2023-06-01T09:19:51","slug":"dome-ptz-ip-2-mpxls-vf-zoom-10x","status":"publish","type":"product","link":"https:\/\/exciting-lichterman.217-160-28-49.plesk.page\/de\/produkt\/dome-ptz-ip-2-mpxls-vf-zoom-10x\/","title":{"rendered":"D\u00f4me PTZ IP &#8211; 8 MPXLS VF &#8211; Zoom 10X"},"content":{"rendered":"<h2 style=\"font-family:Poppins;font-size:14px; font-weight:400!important; line-height:2\"> Il s&rsquo;agit d&rsquo;une cam\u00e9ra d\u00f4me IP \u00e9quip\u00e9e de trois lentilles permettant d&rsquo;offrir une couverture de champ de vision \u00e0 240 degr\u00e9s, garantissant une surveillance compl\u00e8te et pr\u00e9cise de la zone \u00e0 surveiller. <\/h2>\n<p>  Ces lentilles sont r\u00e9glables le long d&rsquo;une piste circulaire, assurant une utilisation flexible et efficace dans diff\u00e9rents sc\u00e9narios d&rsquo;int\u00e9rieur tels que des couloirs, des entrep\u00f4ts et des intersections de routes.<\/p>\n<p>Cette cam\u00e9ra dispose d&rsquo;une fonction de cam\u00e9ra panoramique li\u00e9e \u00e0 un PTZ, qui permet de capturer des images panoramiques \u00e0 240 degr\u00e9s ainsi que des images en gros plan avec la cam\u00e9ra PTZ. Cette fonctionnalit\u00e9 permet une surveillance pr\u00e9cise et d\u00e9taill\u00e9e de la zone \u00e0 surveiller, offrant une vue d&rsquo;ensemble et une vue rapproch\u00e9e pour une analyse plus approfondie.<\/p>\n<p>Gr\u00e2ce \u00e0 son encodage efficace H.265+\/H.265\/H.264+\/H.264, ce d\u00f4me offre une surveillance vid\u00e9o \u00e9conomique et efficace, r\u00e9duisant les besoins en bande passante et en \u00e9conomisant de l&rsquo;espace de stockage assurant ainsi une qualit\u00e9 d&rsquo;image optimale sans compromettre la fiabilit\u00e9 de la surveillance.<\/p>\n<p>Ce dispositif est \u00e9quip\u00e9e \u00e9galement d&rsquo;une lumi\u00e8re infrarouge int\u00e9gr\u00e9e, offrant une port\u00e9e infrarouge de 15 m\u00e8tres pour une surveillance fiable en conditions de faible luminosit\u00e9 ou sans lumi\u00e8re. De plus, la cam\u00e9ra est certifi\u00e9e IP66 pour une utilisation en ext\u00e9rieur, offrant une r\u00e9sistance \u00e0 l&rsquo;eau et une protection contre l&rsquo;infiltration d&rsquo;eau. Cette certification assure une surveillance fiable et durable, m\u00eame dans des conditions m\u00e9t\u00e9orologiques difficiles, garantissant une surveillance constante.<\/p>","protected":false},"excerpt":{"rendered":"<ul>\n<li><strong>R\u00e9f\u00e9rence : DS-2PT5326IZ-DE(5-50mm)(4mm)<\/strong><\/li>\n<li>Distance : 50 m\u00e8tres<\/li>\n<li>Zoom optique : 8 X<\/li>\n<li>Zoom num\u00e9rique : 10 X<\/li>\n<li>Focale fixe : 4 mm<\/li>\n<li>Mati\u00e8re : PC et alliage d&rsquo;aluminium<\/li>\n<li>Dimensions : \u03a6 271,3 mm \u00d7 243,1 mm<\/li>\n<li>Poids : 3,2 kg<\/li>\n<\/ul>","protected":false},"featured_media":11743,"comment_status":"open","ping_status":"closed","template":"","meta":{"_acf_changed":false},"product_brand":[],"product_cat":[390,715],"product_tag":[],"class_list":{"0":"post-11741","1":"product","2":"type-product","3":"status-publish","4":"has-post-thumbnail","6":"product_cat-alarmes-et-video","7":"product_cat-camera-ip","9":"first","10":"instock","11":"taxable","12":"shipping-taxable","13":"product-type-simple"},"acf":[],"yoast_head":"<!-- This site is optimized with the Yoast SEO plugin v27.4 - https:\/\/yoast.com\/product\/yoast-seo-wordpress\/ -->\n<title>D\u00f4me PTZ IP - 8 MPXLS VF - Zoom 10X - K2group Distribution<\/title>\n<meta name=\"robots\" content=\"noindex, follow, max-snippet:-1, max-image-preview:large, max-video-preview:-1\" \/>\n<meta property=\"og:locale\" content=\"de_DE\" \/>\n<meta property=\"og:type\" content=\"article\" \/>\n<meta property=\"og:title\" content=\"D\u00f4me PTZ IP - 8 MPXLS VF - Zoom 10X - K2group Distribution\" \/>\n<meta property=\"og:description\" content=\"R\u00e9f\u00e9rence : DS-2PT5326IZ-DE(5-50mm)(4mm)  Distance : 50 m\u00e8tres  Zoom optique : 8 X  Zoom num\u00e9rique : 10 X  Focale fixe : 4 mm  Mati\u00e8re : PC et alliage d&#039;aluminium  Dimensions : \u03a6 271,3 mm \u00d7 243,1 mm  Poids : 3,2 kg\" \/>\n<meta property=\"og:url\" content=\"https:\/\/exciting-lichterman.217-160-28-49.plesk.page\/de\/produkt\/dome-ptz-ip-2-mpxls-vf-zoom-10x\/\" \/>\n<meta property=\"og:site_name\" content=\"K2group Distribution\" \/>\n<meta property=\"article:modified_time\" content=\"2023-06-01T09:19:51+00:00\" \/>\n<meta property=\"og:image\" content=\"https:\/\/exciting-lichterman.217-160-28-49.plesk.page\/wp-content\/uploads\/2022\/08\/DS-2PT5326IZ-DE5-50mm4mm-01-scaled.webp\" \/>\n\t<meta property=\"og:image:width\" content=\"2560\" \/>\n\t<meta property=\"og:image:height\" content=\"2545\" \/>\n\t<meta property=\"og:image:type\" content=\"image\/webp\" \/>\n<meta name=\"twitter:card\" content=\"summary_large_image\" \/>\n<meta name=\"twitter:label1\" content=\"Gesch\u00e4tzte Lesezeit\" \/>\n\t<meta name=\"twitter:data1\" content=\"2\u00a0Minuten\" \/>\n<script type=\"application\/ld+json\" class=\"yoast-schema-graph\">{\"@context\":\"https:\\\/\\\/schema.org\",\"@graph\":[{\"@type\":\"WebPage\",\"@id\":\"https:\\\/\\\/exciting-lichterman.217-160-28-49.plesk.page\\\/produit\\\/dome-ptz-ip-2-mpxls-vf-zoom-10x\\\/\",\"url\":\"https:\\\/\\\/exciting-lichterman.217-160-28-49.plesk.page\\\/produit\\\/dome-ptz-ip-2-mpxls-vf-zoom-10x\\\/\",\"name\":\"D\u00f4me PTZ IP - 8 MPXLS VF - Zoom 10X - K2group Distribution\",\"isPartOf\":{\"@id\":\"https:\\\/\\\/exciting-lichterman.217-160-28-49.plesk.page\\\/#website\"},\"primaryImageOfPage\":{\"@id\":\"https:\\\/\\\/exciting-lichterman.217-160-28-49.plesk.page\\\/produit\\\/dome-ptz-ip-2-mpxls-vf-zoom-10x\\\/#primaryimage\"},\"image\":{\"@id\":\"https:\\\/\\\/exciting-lichterman.217-160-28-49.plesk.page\\\/produit\\\/dome-ptz-ip-2-mpxls-vf-zoom-10x\\\/#primaryimage\"},\"thumbnailUrl\":\"https:\\\/\\\/exciting-lichterman.217-160-28-49.plesk.page\\\/wp-content\\\/uploads\\\/2022\\\/08\\\/DS-2PT5326IZ-DE5-50mm4mm-01-scaled.webp\",\"datePublished\":\"2022-08-12T15:03:46+00:00\",\"dateModified\":\"2023-06-01T09:19:51+00:00\",\"breadcrumb\":{\"@id\":\"https:\\\/\\\/exciting-lichterman.217-160-28-49.plesk.page\\\/produit\\\/dome-ptz-ip-2-mpxls-vf-zoom-10x\\\/#breadcrumb\"},\"inLanguage\":\"de\",\"potentialAction\":[{\"@type\":\"ReadAction\",\"target\":[\"https:\\\/\\\/exciting-lichterman.217-160-28-49.plesk.page\\\/produit\\\/dome-ptz-ip-2-mpxls-vf-zoom-10x\\\/\"]}]},{\"@type\":\"ImageObject\",\"inLanguage\":\"de\",\"@id\":\"https:\\\/\\\/exciting-lichterman.217-160-28-49.plesk.page\\\/produit\\\/dome-ptz-ip-2-mpxls-vf-zoom-10x\\\/#primaryimage\",\"url\":\"https:\\\/\\\/exciting-lichterman.217-160-28-49.plesk.page\\\/wp-content\\\/uploads\\\/2022\\\/08\\\/DS-2PT5326IZ-DE5-50mm4mm-01-scaled.webp\",\"contentUrl\":\"https:\\\/\\\/exciting-lichterman.217-160-28-49.plesk.page\\\/wp-content\\\/uploads\\\/2022\\\/08\\\/DS-2PT5326IZ-DE5-50mm4mm-01-scaled.webp\",\"width\":2560,\"height\":2545},{\"@type\":\"BreadcrumbList\",\"@id\":\"https:\\\/\\\/exciting-lichterman.217-160-28-49.plesk.page\\\/produit\\\/dome-ptz-ip-2-mpxls-vf-zoom-10x\\\/#breadcrumb\",\"itemListElement\":[{\"@type\":\"ListItem\",\"position\":1,\"name\":\"Accueil\",\"item\":\"https:\\\/\\\/exciting-lichterman.217-160-28-49.plesk.page\\\/\"},{\"@type\":\"ListItem\",\"position\":2,\"name\":\"Boutique\",\"item\":\"https:\\\/\\\/exciting-lichterman.217-160-28-49.plesk.page\\\/boutique\\\/\"},{\"@type\":\"ListItem\",\"position\":3,\"name\":\"D\u00f4me PTZ IP &#8211; 8 MPXLS VF &#8211; Zoom 10X\"}]},{\"@type\":\"WebSite\",\"@id\":\"https:\\\/\\\/exciting-lichterman.217-160-28-49.plesk.page\\\/#website\",\"url\":\"https:\\\/\\\/exciting-lichterman.217-160-28-49.plesk.page\\\/\",\"name\":\"K2group Distribution\",\"description\":\"\",\"publisher\":{\"@id\":\"https:\\\/\\\/exciting-lichterman.217-160-28-49.plesk.page\\\/#organization\"},\"potentialAction\":[{\"@type\":\"SearchAction\",\"target\":{\"@type\":\"EntryPoint\",\"urlTemplate\":\"https:\\\/\\\/exciting-lichterman.217-160-28-49.plesk.page\\\/?s={search_term_string}\"},\"query-input\":{\"@type\":\"PropertyValueSpecification\",\"valueRequired\":true,\"valueName\":\"search_term_string\"}}],\"inLanguage\":\"de\"},{\"@type\":\"Organization\",\"@id\":\"https:\\\/\\\/exciting-lichterman.217-160-28-49.plesk.page\\\/#organization\",\"name\":\"K2group Distribution\",\"url\":\"https:\\\/\\\/exciting-lichterman.217-160-28-49.plesk.page\\\/\",\"logo\":{\"@type\":\"ImageObject\",\"inLanguage\":\"de\",\"@id\":\"https:\\\/\\\/exciting-lichterman.217-160-28-49.plesk.page\\\/#\\\/schema\\\/logo\\\/image\\\/\",\"url\":\"https:\\\/\\\/exciting-lichterman.217-160-28-49.plesk.page\\\/wp-content\\\/uploads\\\/2022\\\/04\\\/logo-K2.png\",\"contentUrl\":\"https:\\\/\\\/exciting-lichterman.217-160-28-49.plesk.page\\\/wp-content\\\/uploads\\\/2022\\\/04\\\/logo-K2.png\",\"width\":155,\"height\":66,\"caption\":\"K2group Distribution\"},\"image\":{\"@id\":\"https:\\\/\\\/exciting-lichterman.217-160-28-49.plesk.page\\\/#\\\/schema\\\/logo\\\/image\\\/\"}}]}<\/script>\n<!-- \/ Yoast SEO plugin. -->","yoast_head_json":{"title":"D\u00f4me PTZ IP - 8 MPXLS VF - Zoom 10X - K2group Distribution","robots":{"index":"noindex","follow":"follow","max-snippet":"max-snippet:-1","max-image-preview":"max-image-preview:large","max-video-preview":"max-video-preview:-1"},"og_locale":"de_DE","og_type":"article","og_title":"D\u00f4me PTZ IP - 8 MPXLS VF - Zoom 10X - K2group Distribution","og_description":"R\u00e9f\u00e9rence : DS-2PT5326IZ-DE(5-50mm)(4mm)  Distance : 50 m\u00e8tres  Zoom optique : 8 X  Zoom num\u00e9rique : 10 X  Focale fixe : 4 mm  Mati\u00e8re : PC et alliage d'aluminium  Dimensions : \u03a6 271,3 mm \u00d7 243,1 mm  Poids : 3,2 kg","og_url":"https:\/\/exciting-lichterman.217-160-28-49.plesk.page\/de\/produkt\/dome-ptz-ip-2-mpxls-vf-zoom-10x\/","og_site_name":"K2group Distribution","article_modified_time":"2023-06-01T09:19:51+00:00","og_image":[{"width":2560,"height":2545,"url":"https:\/\/exciting-lichterman.217-160-28-49.plesk.page\/wp-content\/uploads\/2022\/08\/DS-2PT5326IZ-DE5-50mm4mm-01-scaled.webp","type":"image\/webp"}],"twitter_card":"summary_large_image","twitter_misc":{"Gesch\u00e4tzte Lesezeit":"2\u00a0Minuten"},"schema":{"@context":"https:\/\/schema.org","@graph":[{"@type":"WebPage","@id":"https:\/\/exciting-lichterman.217-160-28-49.plesk.page\/produit\/dome-ptz-ip-2-mpxls-vf-zoom-10x\/","url":"https:\/\/exciting-lichterman.217-160-28-49.plesk.page\/produit\/dome-ptz-ip-2-mpxls-vf-zoom-10x\/","name":"D\u00f4me PTZ IP - 8 MPXLS VF - Zoom 10X - K2group Distribution","isPartOf":{"@id":"https:\/\/exciting-lichterman.217-160-28-49.plesk.page\/#website"},"primaryImageOfPage":{"@id":"https:\/\/exciting-lichterman.217-160-28-49.plesk.page\/produit\/dome-ptz-ip-2-mpxls-vf-zoom-10x\/#primaryimage"},"image":{"@id":"https:\/\/exciting-lichterman.217-160-28-49.plesk.page\/produit\/dome-ptz-ip-2-mpxls-vf-zoom-10x\/#primaryimage"},"thumbnailUrl":"https:\/\/exciting-lichterman.217-160-28-49.plesk.page\/wp-content\/uploads\/2022\/08\/DS-2PT5326IZ-DE5-50mm4mm-01-scaled.webp","datePublished":"2022-08-12T15:03:46+00:00","dateModified":"2023-06-01T09:19:51+00:00","breadcrumb":{"@id":"https:\/\/exciting-lichterman.217-160-28-49.plesk.page\/produit\/dome-ptz-ip-2-mpxls-vf-zoom-10x\/#breadcrumb"},"inLanguage":"de","potentialAction":[{"@type":"ReadAction","target":["https:\/\/exciting-lichterman.217-160-28-49.plesk.page\/produit\/dome-ptz-ip-2-mpxls-vf-zoom-10x\/"]}]},{"@type":"ImageObject","inLanguage":"de","@id":"https:\/\/exciting-lichterman.217-160-28-49.plesk.page\/produit\/dome-ptz-ip-2-mpxls-vf-zoom-10x\/#primaryimage","url":"https:\/\/exciting-lichterman.217-160-28-49.plesk.page\/wp-content\/uploads\/2022\/08\/DS-2PT5326IZ-DE5-50mm4mm-01-scaled.webp","contentUrl":"https:\/\/exciting-lichterman.217-160-28-49.plesk.page\/wp-content\/uploads\/2022\/08\/DS-2PT5326IZ-DE5-50mm4mm-01-scaled.webp","width":2560,"height":2545},{"@type":"BreadcrumbList","@id":"https:\/\/exciting-lichterman.217-160-28-49.plesk.page\/produit\/dome-ptz-ip-2-mpxls-vf-zoom-10x\/#breadcrumb","itemListElement":[{"@type":"ListItem","position":1,"name":"Accueil","item":"https:\/\/exciting-lichterman.217-160-28-49.plesk.page\/"},{"@type":"ListItem","position":2,"name":"Boutique","item":"https:\/\/exciting-lichterman.217-160-28-49.plesk.page\/boutique\/"},{"@type":"ListItem","position":3,"name":"D\u00f4me PTZ IP &#8211; 8 MPXLS VF &#8211; Zoom 10X"}]},{"@type":"WebSite","@id":"https:\/\/exciting-lichterman.217-160-28-49.plesk.page\/#website","url":"https:\/\/exciting-lichterman.217-160-28-49.plesk.page\/","name":"K2group Distribution","description":"","publisher":{"@id":"https:\/\/exciting-lichterman.217-160-28-49.plesk.page\/#organization"},"potentialAction":[{"@type":"SearchAction","target":{"@type":"EntryPoint","urlTemplate":"https:\/\/exciting-lichterman.217-160-28-49.plesk.page\/?s={search_term_string}"},"query-input":{"@type":"PropertyValueSpecification","valueRequired":true,"valueName":"search_term_string"}}],"inLanguage":"de"},{"@type":"Organization","@id":"https:\/\/exciting-lichterman.217-160-28-49.plesk.page\/#organization","name":"K2group Distribution","url":"https:\/\/exciting-lichterman.217-160-28-49.plesk.page\/","logo":{"@type":"ImageObject","inLanguage":"de","@id":"https:\/\/exciting-lichterman.217-160-28-49.plesk.page\/#\/schema\/logo\/image\/","url":"https:\/\/exciting-lichterman.217-160-28-49.plesk.page\/wp-content\/uploads\/2022\/04\/logo-K2.png","contentUrl":"https:\/\/exciting-lichterman.217-160-28-49.plesk.page\/wp-content\/uploads\/2022\/04\/logo-K2.png","width":155,"height":66,"caption":"K2group Distribution"},"image":{"@id":"https:\/\/exciting-lichterman.217-160-28-49.plesk.page\/#\/schema\/logo\/image\/"}}]}},"_links":{"self":[{"href":"https:\/\/exciting-lichterman.217-160-28-49.plesk.page\/de\/wp-json\/wp\/v2\/product\/11741","targetHints":{"allow":["GET"]}}],"collection":[{"href":"https:\/\/exciting-lichterman.217-160-28-49.plesk.page\/de\/wp-json\/wp\/v2\/product"}],"about":[{"href":"https:\/\/exciting-lichterman.217-160-28-49.plesk.page\/de\/wp-json\/wp\/v2\/types\/product"}],"replies":[{"embeddable":true,"href":"https:\/\/exciting-lichterman.217-160-28-49.plesk.page\/de\/wp-json\/wp\/v2\/comments?post=11741"}],"version-history":[{"count":6,"href":"https:\/\/exciting-lichterman.217-160-28-49.plesk.page\/de\/wp-json\/wp\/v2\/product\/11741\/revisions"}],"predecessor-version":[{"id":17595,"href":"https:\/\/exciting-lichterman.217-160-28-49.plesk.page\/de\/wp-json\/wp\/v2\/product\/11741\/revisions\/17595"}],"wp:featuredmedia":[{"embeddable":true,"href":"https:\/\/exciting-lichterman.217-160-28-49.plesk.page\/de\/wp-json\/wp\/v2\/media\/11743"}],"wp:attachment":[{"href":"https:\/\/exciting-lichterman.217-160-28-49.plesk.page\/de\/wp-json\/wp\/v2\/media?parent=11741"}],"wp:term":[{"taxonomy":"product_brand","embeddable":true,"href":"https:\/\/exciting-lichterman.217-160-28-49.plesk.page\/de\/wp-json\/wp\/v2\/product_brand?post=11741"},{"taxonomy":"product_cat","embeddable":true,"href":"https:\/\/exciting-lichterman.217-160-28-49.plesk.page\/de\/wp-json\/wp\/v2\/product_cat?post=11741"},{"taxonomy":"product_tag","embeddable":true,"href":"https:\/\/exciting-lichterman.217-160-28-49.plesk.page\/de\/wp-json\/wp\/v2\/product_tag?post=11741"}],"curies":[{"name":"wp","href":"https:\/\/api.w.org\/{rel}","templated":true}]}}