{"id":11687,"date":"2022-08-12T09:03:41","date_gmt":"2022-08-12T09:03:41","guid":{"rendered":"https:\/\/practical-elbakyan.82-165-223-183.plesk.page\/?post_type=product&#038;p=11687"},"modified":"2023-06-01T08:49:19","modified_gmt":"2023-06-01T08:49:19","slug":"dome-ip-panovu-ptz-4-mpxls-zoom-x36","status":"publish","type":"product","link":"https:\/\/exciting-lichterman.217-160-28-49.plesk.page\/de\/produkt\/dome-ip-panovu-ptz-4-mpxls-zoom-x36\/","title":{"rendered":"D\u00f4me IP panovu PTZ &#8211; 4 MPXLS &#8211; Zoom X36"},"content":{"rendered":"<h2 style=\"font-family:Poppins;font-size:14px; font-weight:400!important; line-height:2\">  La cam\u00e9ra d\u00f4me IP PANOVU PTZ &#8211; 4 MPXLS &#8211; ZOOM X36 de la marque HIKVISION est une cam\u00e9ra de surveillance avanc\u00e9e con\u00e7ue pour offrir des performances sup\u00e9rieures dans des environnements de s\u00e9curit\u00e9 exigeants.<\/h2>\n<p>Avec une r\u00e9solution de 4 m\u00e9gapixels, cette cam\u00e9ra est capable de capturer des images et des vid\u00e9os de haute qualit\u00e9 qui offrent des d\u00e9tails plus pr\u00e9cis4\/20\/2023.<\/p>\n<p>Dot\u00e9e d&rsquo;un zoom optique x36, cette cam\u00e9ra peut \u00eatre contr\u00f4l\u00e9e \u00e0 distance pour se concentrer sur des sujets sp\u00e9cifiques et fournir un niveau de zoom \u00e9lev\u00e9 pour les d\u00e9tails plus fins. Cette fonction de zoom optique peut \u00eatre utilis\u00e9e pour surveiller des zones \u00e9loign\u00e9es et fournir des images de haute qualit\u00e9.<\/p>\n<p>La cam\u00e9ra dispose \u00e9galement d&rsquo;une fonctionnalit\u00e9 PANOVU, qui utilise un syst\u00e8me de lentilles \u00e0 plusieurs axes pour cr\u00e9er une vue panoramique \u00e0 360 degr\u00e9s. Cela permet \u00e0 la cam\u00e9ra de surveiller une grande zone sans avoir besoin de plusieurs cam\u00e9ras.<\/p>\n<p>La cam\u00e9ra d\u00f4me IP PANOVU PTZ &#8211; 4 MPXLS &#8211; ZOOM X36 est \u00e9galement \u00e9quip\u00e9e de fonctionnalit\u00e9s avanc\u00e9es telles que la d\u00e9tection de mouvement et la d\u00e9tection de son. Ces fonctionnalit\u00e9s permettent \u00e0 la cam\u00e9ra de d\u00e9tecter les mouvements et les sons suspects et de d\u00e9clencher des alertes en cons\u00e9quence.<\/p>\n<p>En outre, cette cam\u00e9ra est con\u00e7ue pour r\u00e9sister aux conditions environnementales les plus difficiles gr\u00e2ce \u00e0 sa protection IP66. Elle peut fonctionner parfaitement dans des environnements difficiles tels que les zones industrielles, les parkings, les ports maritimes, les entrep\u00f4ts, les a\u00e9roports et autres.<\/p>","protected":false},"excerpt":{"rendered":"<ul>\n<li><strong>R\u00e9f\u00e9rence : DS-2DP0836ZIX-D<\/strong><\/li>\n<li>Type de cam\u00e9ra : Cam\u00e9ra PanoVu Series 360\u00b0 Panoramic + PTZ<\/li>\n<li>Mati\u00e8re : M\u00e9tal<\/li>\n<li>Capteur D&rsquo;image : CMOS \u00e0 balayage progressif 1\/1,8&Prime;<\/li>\n<li>R\u00e9solution Maximale : 4 MP (2688 \u00d7 1520)<\/li>\n<li>Type de lentille : Objectif varifocale fixe motoris\u00e9, 2,8 mm<\/li>\n<li>Suppl\u00e9ment Light Range : Jusqu&rsquo;\u00e0 40 m\u00e8tres<\/li>\n<li>IR Distance : 250 m<\/li>\n<li>Longueur d&rsquo;onde IR : 850 nm<\/li>\n<li>Compression Vid\u00e9o : H.265;H.264<\/li>\n<li>Protection : IP67, IK10<\/li>\n<li>Dimension : \u03a6 391.8mm \u00d7 400.5mm<\/li>\n<li>Poids : Environ 18 kg<\/li>\n<\/ul>","protected":false},"featured_media":11688,"comment_status":"open","ping_status":"closed","template":"","meta":{"_acf_changed":false},"product_brand":[],"product_cat":[390,715],"product_tag":[],"class_list":{"0":"post-11687","1":"product","2":"type-product","3":"status-publish","4":"has-post-thumbnail","6":"product_cat-alarmes-et-video","7":"product_cat-camera-ip","9":"first","10":"instock","11":"taxable","12":"shipping-taxable","13":"product-type-simple"},"acf":[],"yoast_head":"<!-- This site is optimized with the Yoast SEO plugin v27.4 - https:\/\/yoast.com\/product\/yoast-seo-wordpress\/ -->\n<title>D\u00f4me IP panovu PTZ - 4 MPXLS - Zoom X36 - K2group Distribution<\/title>\n<meta name=\"robots\" content=\"noindex, follow, max-snippet:-1, max-image-preview:large, max-video-preview:-1\" \/>\n<meta property=\"og:locale\" content=\"de_DE\" \/>\n<meta property=\"og:type\" content=\"article\" \/>\n<meta property=\"og:title\" content=\"D\u00f4me IP panovu PTZ - 4 MPXLS - Zoom X36 - K2group Distribution\" \/>\n<meta property=\"og:description\" content=\"R\u00e9f\u00e9rence : DS-2DP0836ZIX-D  Type de cam\u00e9ra : Cam\u00e9ra PanoVu Series 360\u00b0 Panoramic + PTZ  Mati\u00e8re : M\u00e9tal  Capteur D&#039;image : CMOS \u00e0 balayage progressif 1\/1,8&quot;  R\u00e9solution Maximale : 4 MP (2688 \u00d7 1520)  Type de lentille : Objectif varifocale fixe motoris\u00e9, 2,8 mm  Suppl\u00e9ment Light Range : Jusqu&#039;\u00e0 40 m\u00e8tres  IR Distance : 250 m  Longueur d&#039;onde IR : 850 nm  Compression Vid\u00e9o : H.265;H.264  Protection : IP67, IK10  Dimension : \u03a6 391.8mm \u00d7 400.5mm  Poids : Environ 18 kg\" \/>\n<meta property=\"og:url\" content=\"https:\/\/exciting-lichterman.217-160-28-49.plesk.page\/de\/produkt\/dome-ip-panovu-ptz-4-mpxls-zoom-x36\/\" \/>\n<meta property=\"og:site_name\" content=\"K2group Distribution\" \/>\n<meta property=\"article:modified_time\" content=\"2023-06-01T08:49:19+00:00\" \/>\n<meta property=\"og:image\" content=\"https:\/\/exciting-lichterman.217-160-28-49.plesk.page\/wp-content\/uploads\/2022\/08\/DS-2DP0836ZIX-D-01-scaled.webp\" \/>\n\t<meta property=\"og:image:width\" content=\"2560\" \/>\n\t<meta property=\"og:image:height\" content=\"2545\" \/>\n\t<meta property=\"og:image:type\" content=\"image\/webp\" \/>\n<meta name=\"twitter:card\" content=\"summary_large_image\" \/>\n<meta name=\"twitter:label1\" content=\"Gesch\u00e4tzte Lesezeit\" \/>\n\t<meta name=\"twitter:data1\" content=\"2\u00a0Minuten\" \/>\n<script type=\"application\/ld+json\" class=\"yoast-schema-graph\">{\"@context\":\"https:\\\/\\\/schema.org\",\"@graph\":[{\"@type\":\"WebPage\",\"@id\":\"https:\\\/\\\/exciting-lichterman.217-160-28-49.plesk.page\\\/produit\\\/dome-ip-panovu-ptz-4-mpxls-zoom-x36\\\/\",\"url\":\"https:\\\/\\\/exciting-lichterman.217-160-28-49.plesk.page\\\/produit\\\/dome-ip-panovu-ptz-4-mpxls-zoom-x36\\\/\",\"name\":\"D\u00f4me IP panovu PTZ - 4 MPXLS - Zoom X36 - K2group Distribution\",\"isPartOf\":{\"@id\":\"https:\\\/\\\/exciting-lichterman.217-160-28-49.plesk.page\\\/#website\"},\"primaryImageOfPage\":{\"@id\":\"https:\\\/\\\/exciting-lichterman.217-160-28-49.plesk.page\\\/produit\\\/dome-ip-panovu-ptz-4-mpxls-zoom-x36\\\/#primaryimage\"},\"image\":{\"@id\":\"https:\\\/\\\/exciting-lichterman.217-160-28-49.plesk.page\\\/produit\\\/dome-ip-panovu-ptz-4-mpxls-zoom-x36\\\/#primaryimage\"},\"thumbnailUrl\":\"https:\\\/\\\/exciting-lichterman.217-160-28-49.plesk.page\\\/wp-content\\\/uploads\\\/2022\\\/08\\\/DS-2DP0836ZIX-D-01-scaled.webp\",\"datePublished\":\"2022-08-12T09:03:41+00:00\",\"dateModified\":\"2023-06-01T08:49:19+00:00\",\"breadcrumb\":{\"@id\":\"https:\\\/\\\/exciting-lichterman.217-160-28-49.plesk.page\\\/produit\\\/dome-ip-panovu-ptz-4-mpxls-zoom-x36\\\/#breadcrumb\"},\"inLanguage\":\"de\",\"potentialAction\":[{\"@type\":\"ReadAction\",\"target\":[\"https:\\\/\\\/exciting-lichterman.217-160-28-49.plesk.page\\\/produit\\\/dome-ip-panovu-ptz-4-mpxls-zoom-x36\\\/\"]}]},{\"@type\":\"ImageObject\",\"inLanguage\":\"de\",\"@id\":\"https:\\\/\\\/exciting-lichterman.217-160-28-49.plesk.page\\\/produit\\\/dome-ip-panovu-ptz-4-mpxls-zoom-x36\\\/#primaryimage\",\"url\":\"https:\\\/\\\/exciting-lichterman.217-160-28-49.plesk.page\\\/wp-content\\\/uploads\\\/2022\\\/08\\\/DS-2DP0836ZIX-D-01-scaled.webp\",\"contentUrl\":\"https:\\\/\\\/exciting-lichterman.217-160-28-49.plesk.page\\\/wp-content\\\/uploads\\\/2022\\\/08\\\/DS-2DP0836ZIX-D-01-scaled.webp\",\"width\":2560,\"height\":2545},{\"@type\":\"BreadcrumbList\",\"@id\":\"https:\\\/\\\/exciting-lichterman.217-160-28-49.plesk.page\\\/produit\\\/dome-ip-panovu-ptz-4-mpxls-zoom-x36\\\/#breadcrumb\",\"itemListElement\":[{\"@type\":\"ListItem\",\"position\":1,\"name\":\"Accueil\",\"item\":\"https:\\\/\\\/exciting-lichterman.217-160-28-49.plesk.page\\\/\"},{\"@type\":\"ListItem\",\"position\":2,\"name\":\"Boutique\",\"item\":\"https:\\\/\\\/exciting-lichterman.217-160-28-49.plesk.page\\\/boutique\\\/\"},{\"@type\":\"ListItem\",\"position\":3,\"name\":\"D\u00f4me IP panovu PTZ &#8211; 4 MPXLS &#8211; Zoom X36\"}]},{\"@type\":\"WebSite\",\"@id\":\"https:\\\/\\\/exciting-lichterman.217-160-28-49.plesk.page\\\/#website\",\"url\":\"https:\\\/\\\/exciting-lichterman.217-160-28-49.plesk.page\\\/\",\"name\":\"K2group Distribution\",\"description\":\"\",\"publisher\":{\"@id\":\"https:\\\/\\\/exciting-lichterman.217-160-28-49.plesk.page\\\/#organization\"},\"potentialAction\":[{\"@type\":\"SearchAction\",\"target\":{\"@type\":\"EntryPoint\",\"urlTemplate\":\"https:\\\/\\\/exciting-lichterman.217-160-28-49.plesk.page\\\/?s={search_term_string}\"},\"query-input\":{\"@type\":\"PropertyValueSpecification\",\"valueRequired\":true,\"valueName\":\"search_term_string\"}}],\"inLanguage\":\"de\"},{\"@type\":\"Organization\",\"@id\":\"https:\\\/\\\/exciting-lichterman.217-160-28-49.plesk.page\\\/#organization\",\"name\":\"K2group Distribution\",\"url\":\"https:\\\/\\\/exciting-lichterman.217-160-28-49.plesk.page\\\/\",\"logo\":{\"@type\":\"ImageObject\",\"inLanguage\":\"de\",\"@id\":\"https:\\\/\\\/exciting-lichterman.217-160-28-49.plesk.page\\\/#\\\/schema\\\/logo\\\/image\\\/\",\"url\":\"https:\\\/\\\/exciting-lichterman.217-160-28-49.plesk.page\\\/wp-content\\\/uploads\\\/2022\\\/04\\\/logo-K2.png\",\"contentUrl\":\"https:\\\/\\\/exciting-lichterman.217-160-28-49.plesk.page\\\/wp-content\\\/uploads\\\/2022\\\/04\\\/logo-K2.png\",\"width\":155,\"height\":66,\"caption\":\"K2group Distribution\"},\"image\":{\"@id\":\"https:\\\/\\\/exciting-lichterman.217-160-28-49.plesk.page\\\/#\\\/schema\\\/logo\\\/image\\\/\"}}]}<\/script>\n<!-- \/ Yoast SEO plugin. -->","yoast_head_json":{"title":"D\u00f4me IP panovu PTZ - 4 MPXLS - Zoom X36 - K2group Distribution","robots":{"index":"noindex","follow":"follow","max-snippet":"max-snippet:-1","max-image-preview":"max-image-preview:large","max-video-preview":"max-video-preview:-1"},"og_locale":"de_DE","og_type":"article","og_title":"D\u00f4me IP panovu PTZ - 4 MPXLS - Zoom X36 - K2group Distribution","og_description":"R\u00e9f\u00e9rence : DS-2DP0836ZIX-D  Type de cam\u00e9ra : Cam\u00e9ra PanoVu Series 360\u00b0 Panoramic + PTZ  Mati\u00e8re : M\u00e9tal  Capteur D'image : CMOS \u00e0 balayage progressif 1\/1,8\"  R\u00e9solution Maximale : 4 MP (2688 \u00d7 1520)  Type de lentille : Objectif varifocale fixe motoris\u00e9, 2,8 mm  Suppl\u00e9ment Light Range : Jusqu'\u00e0 40 m\u00e8tres  IR Distance : 250 m  Longueur d'onde IR : 850 nm  Compression Vid\u00e9o : H.265;H.264  Protection : IP67, IK10  Dimension : \u03a6 391.8mm \u00d7 400.5mm  Poids : Environ 18 kg","og_url":"https:\/\/exciting-lichterman.217-160-28-49.plesk.page\/de\/produkt\/dome-ip-panovu-ptz-4-mpxls-zoom-x36\/","og_site_name":"K2group Distribution","article_modified_time":"2023-06-01T08:49:19+00:00","og_image":[{"width":2560,"height":2545,"url":"https:\/\/exciting-lichterman.217-160-28-49.plesk.page\/wp-content\/uploads\/2022\/08\/DS-2DP0836ZIX-D-01-scaled.webp","type":"image\/webp"}],"twitter_card":"summary_large_image","twitter_misc":{"Gesch\u00e4tzte Lesezeit":"2\u00a0Minuten"},"schema":{"@context":"https:\/\/schema.org","@graph":[{"@type":"WebPage","@id":"https:\/\/exciting-lichterman.217-160-28-49.plesk.page\/produit\/dome-ip-panovu-ptz-4-mpxls-zoom-x36\/","url":"https:\/\/exciting-lichterman.217-160-28-49.plesk.page\/produit\/dome-ip-panovu-ptz-4-mpxls-zoom-x36\/","name":"D\u00f4me IP panovu PTZ - 4 MPXLS - Zoom X36 - K2group Distribution","isPartOf":{"@id":"https:\/\/exciting-lichterman.217-160-28-49.plesk.page\/#website"},"primaryImageOfPage":{"@id":"https:\/\/exciting-lichterman.217-160-28-49.plesk.page\/produit\/dome-ip-panovu-ptz-4-mpxls-zoom-x36\/#primaryimage"},"image":{"@id":"https:\/\/exciting-lichterman.217-160-28-49.plesk.page\/produit\/dome-ip-panovu-ptz-4-mpxls-zoom-x36\/#primaryimage"},"thumbnailUrl":"https:\/\/exciting-lichterman.217-160-28-49.plesk.page\/wp-content\/uploads\/2022\/08\/DS-2DP0836ZIX-D-01-scaled.webp","datePublished":"2022-08-12T09:03:41+00:00","dateModified":"2023-06-01T08:49:19+00:00","breadcrumb":{"@id":"https:\/\/exciting-lichterman.217-160-28-49.plesk.page\/produit\/dome-ip-panovu-ptz-4-mpxls-zoom-x36\/#breadcrumb"},"inLanguage":"de","potentialAction":[{"@type":"ReadAction","target":["https:\/\/exciting-lichterman.217-160-28-49.plesk.page\/produit\/dome-ip-panovu-ptz-4-mpxls-zoom-x36\/"]}]},{"@type":"ImageObject","inLanguage":"de","@id":"https:\/\/exciting-lichterman.217-160-28-49.plesk.page\/produit\/dome-ip-panovu-ptz-4-mpxls-zoom-x36\/#primaryimage","url":"https:\/\/exciting-lichterman.217-160-28-49.plesk.page\/wp-content\/uploads\/2022\/08\/DS-2DP0836ZIX-D-01-scaled.webp","contentUrl":"https:\/\/exciting-lichterman.217-160-28-49.plesk.page\/wp-content\/uploads\/2022\/08\/DS-2DP0836ZIX-D-01-scaled.webp","width":2560,"height":2545},{"@type":"BreadcrumbList","@id":"https:\/\/exciting-lichterman.217-160-28-49.plesk.page\/produit\/dome-ip-panovu-ptz-4-mpxls-zoom-x36\/#breadcrumb","itemListElement":[{"@type":"ListItem","position":1,"name":"Accueil","item":"https:\/\/exciting-lichterman.217-160-28-49.plesk.page\/"},{"@type":"ListItem","position":2,"name":"Boutique","item":"https:\/\/exciting-lichterman.217-160-28-49.plesk.page\/boutique\/"},{"@type":"ListItem","position":3,"name":"D\u00f4me IP panovu PTZ &#8211; 4 MPXLS &#8211; Zoom X36"}]},{"@type":"WebSite","@id":"https:\/\/exciting-lichterman.217-160-28-49.plesk.page\/#website","url":"https:\/\/exciting-lichterman.217-160-28-49.plesk.page\/","name":"K2group Distribution","description":"","publisher":{"@id":"https:\/\/exciting-lichterman.217-160-28-49.plesk.page\/#organization"},"potentialAction":[{"@type":"SearchAction","target":{"@type":"EntryPoint","urlTemplate":"https:\/\/exciting-lichterman.217-160-28-49.plesk.page\/?s={search_term_string}"},"query-input":{"@type":"PropertyValueSpecification","valueRequired":true,"valueName":"search_term_string"}}],"inLanguage":"de"},{"@type":"Organization","@id":"https:\/\/exciting-lichterman.217-160-28-49.plesk.page\/#organization","name":"K2group Distribution","url":"https:\/\/exciting-lichterman.217-160-28-49.plesk.page\/","logo":{"@type":"ImageObject","inLanguage":"de","@id":"https:\/\/exciting-lichterman.217-160-28-49.plesk.page\/#\/schema\/logo\/image\/","url":"https:\/\/exciting-lichterman.217-160-28-49.plesk.page\/wp-content\/uploads\/2022\/04\/logo-K2.png","contentUrl":"https:\/\/exciting-lichterman.217-160-28-49.plesk.page\/wp-content\/uploads\/2022\/04\/logo-K2.png","width":155,"height":66,"caption":"K2group Distribution"},"image":{"@id":"https:\/\/exciting-lichterman.217-160-28-49.plesk.page\/#\/schema\/logo\/image\/"}}]}},"_links":{"self":[{"href":"https:\/\/exciting-lichterman.217-160-28-49.plesk.page\/de\/wp-json\/wp\/v2\/product\/11687","targetHints":{"allow":["GET"]}}],"collection":[{"href":"https:\/\/exciting-lichterman.217-160-28-49.plesk.page\/de\/wp-json\/wp\/v2\/product"}],"about":[{"href":"https:\/\/exciting-lichterman.217-160-28-49.plesk.page\/de\/wp-json\/wp\/v2\/types\/product"}],"replies":[{"embeddable":true,"href":"https:\/\/exciting-lichterman.217-160-28-49.plesk.page\/de\/wp-json\/wp\/v2\/comments?post=11687"}],"version-history":[{"count":5,"href":"https:\/\/exciting-lichterman.217-160-28-49.plesk.page\/de\/wp-json\/wp\/v2\/product\/11687\/revisions"}],"predecessor-version":[{"id":17572,"href":"https:\/\/exciting-lichterman.217-160-28-49.plesk.page\/de\/wp-json\/wp\/v2\/product\/11687\/revisions\/17572"}],"wp:featuredmedia":[{"embeddable":true,"href":"https:\/\/exciting-lichterman.217-160-28-49.plesk.page\/de\/wp-json\/wp\/v2\/media\/11688"}],"wp:attachment":[{"href":"https:\/\/exciting-lichterman.217-160-28-49.plesk.page\/de\/wp-json\/wp\/v2\/media?parent=11687"}],"wp:term":[{"taxonomy":"product_brand","embeddable":true,"href":"https:\/\/exciting-lichterman.217-160-28-49.plesk.page\/de\/wp-json\/wp\/v2\/product_brand?post=11687"},{"taxonomy":"product_cat","embeddable":true,"href":"https:\/\/exciting-lichterman.217-160-28-49.plesk.page\/de\/wp-json\/wp\/v2\/product_cat?post=11687"},{"taxonomy":"product_tag","embeddable":true,"href":"https:\/\/exciting-lichterman.217-160-28-49.plesk.page\/de\/wp-json\/wp\/v2\/product_tag?post=11687"}],"curies":[{"name":"wp","href":"https:\/\/api.w.org\/{rel}","templated":true}]}}