{"id":11631,"date":"2022-08-11T10:04:23","date_gmt":"2022-08-11T10:04:23","guid":{"rendered":"https:\/\/practical-elbakyan.82-165-223-183.plesk.page\/?post_type=product&#038;p=11631"},"modified":"2023-05-31T17:00:18","modified_gmt":"2023-05-31T17:00:18","slug":"dome-ip-8-mpxls-ff-2-8mm-3","status":"publish","type":"product","link":"https:\/\/exciting-lichterman.217-160-28-49.plesk.page\/de\/produkt\/dome-ip-8-mpxls-ff-2-8mm-3\/","title":{"rendered":"D\u00f4me IP &#8211; 8 MPXLS FF &#8211; 2.8mm"},"content":{"rendered":"<h2 style=\"font-family:Poppins;font-size:14px; font-weight:400!important; line-height:2\">  Disposant d&rsquo;une r\u00e9solution de 8 m\u00e9gapixels et d&rsquo;une focale fixe de 2.8 mm, cette cam\u00e9ra d\u00f4me IP de la marque HIKVISION peut fournir une qualit\u00e9 d&rsquo;image exceptionnelle et une couverture \u00e9tendue des zones surveill\u00e9es.<\/h2>\n<p>Cette cam\u00e9ra est \u00e9quip\u00e9e de la technologie de compression de pointe H.265+, permettant une compression plus efficace des vid\u00e9os et r\u00e9duisant les besoins de stockage et de bande passante. De plus, la cam\u00e9ra dispose de la fonction de d\u00e9tection de mouvements intelligente, qui envoie des alertes en temps r\u00e9el pour une r\u00e9activit\u00e9 imm\u00e9diate.<\/p>\n<p>Afin d&rsquo;obtenir une installation efficace en int\u00e9rieur, cette cam\u00e9ra est \u00e9quip\u00e9e de la classification IP67 qui permet de r\u00e9sister aux intemp\u00e9ries, \u00e0 la poussi\u00e8re et aux chocs.<br \/>\nDe plus, cette cam\u00e9ra d\u00f4me IP est facile \u00e0 installer gr\u00e2ce \u00e0 sa connectivit\u00e9 PoE et son design compact. Elle est \u00e9galement compatible avec les plateformes de surveillance les plus courantes pour une int\u00e9gration facile dans les syst\u00e8mes de surveillance existants.<\/p>","protected":false},"excerpt":{"rendered":"<ul>\n<li><strong>R\u00e9f\u00e9rence : DS-2CD2183G0-I(2.8mm)<\/strong><\/li>\n<li>Type de cam\u00e9ra : Cam\u00e9ra r\u00e9seau \u00e0 d\u00f4me fixe WDR ext\u00e9rieure<\/li>\n<li>Capteur D&rsquo;image : CMOS \u00e0 balayage progressif 1\/2,5&Prime;<\/li>\n<li>R\u00e9solution Maximale : 8 MP (3840 \u00d7 2160)<\/li>\n<li>Type de lentille : Objectif varifocale fixe, 2,8 mm<\/li>\n<li>Suppl\u00e9ment Light Range : Jusqu&rsquo;\u00e0 30 m\u00e8tres<\/li>\n<li>Longueur d&rsquo;onde IR : 850 nm<\/li>\n<li>Compression de vid\u00e9o : H.265\/H.264, H.265\/H.264\/MJPEG<\/li>\n<li>Protection : IP67, IK10<\/li>\n<li>Dimension : \u03a6 111 mm \u00d7 82,4 mm<\/li>\n<li>Poids : Environ 500g<\/li>\n<\/ul>","protected":false},"featured_media":11632,"comment_status":"open","ping_status":"closed","template":"","meta":{"_acf_changed":false},"product_brand":[],"product_cat":[390,715],"product_tag":[],"class_list":{"0":"post-11631","1":"product","2":"type-product","3":"status-publish","4":"has-post-thumbnail","6":"product_cat-alarmes-et-video","7":"product_cat-camera-ip","9":"first","10":"instock","11":"taxable","12":"shipping-taxable","13":"product-type-simple"},"acf":[],"yoast_head":"<!-- This site is optimized with the Yoast SEO plugin v27.4 - https:\/\/yoast.com\/product\/yoast-seo-wordpress\/ -->\n<title>D\u00f4me IP - 8 MPXLS FF - 2.8mm - K2group Distribution<\/title>\n<meta name=\"robots\" content=\"noindex, follow, max-snippet:-1, max-image-preview:large, max-video-preview:-1\" \/>\n<meta property=\"og:locale\" content=\"de_DE\" \/>\n<meta property=\"og:type\" content=\"article\" \/>\n<meta property=\"og:title\" content=\"D\u00f4me IP - 8 MPXLS FF - 2.8mm - K2group Distribution\" \/>\n<meta property=\"og:description\" content=\"R\u00e9f\u00e9rence : DS-2CD2183G0-I(2.8mm)  Type de cam\u00e9ra : Cam\u00e9ra r\u00e9seau \u00e0 d\u00f4me fixe WDR ext\u00e9rieure  Capteur D&#039;image : CMOS \u00e0 balayage progressif 1\/2,5&quot;  R\u00e9solution Maximale : 8 MP (3840 \u00d7 2160)  Type de lentille : Objectif varifocale fixe, 2,8 mm  Suppl\u00e9ment Light Range : Jusqu&#039;\u00e0 30 m\u00e8tres  Longueur d&#039;onde IR : 850 nm  Compression de vid\u00e9o : H.265\/H.264, H.265\/H.264\/MJPEG  Protection : IP67, IK10  Dimension : \u03a6 111 mm \u00d7 82,4 mm  Poids : Environ 500g\" \/>\n<meta property=\"og:url\" content=\"https:\/\/exciting-lichterman.217-160-28-49.plesk.page\/de\/produkt\/dome-ip-8-mpxls-ff-2-8mm-3\/\" \/>\n<meta property=\"og:site_name\" content=\"K2group Distribution\" \/>\n<meta property=\"article:modified_time\" content=\"2023-05-31T17:00:18+00:00\" \/>\n<meta property=\"og:image\" content=\"https:\/\/exciting-lichterman.217-160-28-49.plesk.page\/wp-content\/uploads\/2022\/08\/DS-2CD2183G0-I2.8mm-01-scaled.webp\" \/>\n\t<meta property=\"og:image:width\" content=\"2560\" \/>\n\t<meta property=\"og:image:height\" content=\"2545\" \/>\n\t<meta property=\"og:image:type\" content=\"image\/webp\" \/>\n<meta name=\"twitter:card\" content=\"summary_large_image\" \/>\n<meta name=\"twitter:label1\" content=\"Gesch\u00e4tzte Lesezeit\" \/>\n\t<meta name=\"twitter:data1\" content=\"1\u00a0Minute\" \/>\n<script type=\"application\/ld+json\" class=\"yoast-schema-graph\">{\"@context\":\"https:\\\/\\\/schema.org\",\"@graph\":[{\"@type\":\"WebPage\",\"@id\":\"https:\\\/\\\/exciting-lichterman.217-160-28-49.plesk.page\\\/produit\\\/dome-ip-8-mpxls-ff-2-8mm-3\\\/\",\"url\":\"https:\\\/\\\/exciting-lichterman.217-160-28-49.plesk.page\\\/produit\\\/dome-ip-8-mpxls-ff-2-8mm-3\\\/\",\"name\":\"D\u00f4me IP - 8 MPXLS FF - 2.8mm - K2group Distribution\",\"isPartOf\":{\"@id\":\"https:\\\/\\\/exciting-lichterman.217-160-28-49.plesk.page\\\/#website\"},\"primaryImageOfPage\":{\"@id\":\"https:\\\/\\\/exciting-lichterman.217-160-28-49.plesk.page\\\/produit\\\/dome-ip-8-mpxls-ff-2-8mm-3\\\/#primaryimage\"},\"image\":{\"@id\":\"https:\\\/\\\/exciting-lichterman.217-160-28-49.plesk.page\\\/produit\\\/dome-ip-8-mpxls-ff-2-8mm-3\\\/#primaryimage\"},\"thumbnailUrl\":\"https:\\\/\\\/exciting-lichterman.217-160-28-49.plesk.page\\\/wp-content\\\/uploads\\\/2022\\\/08\\\/DS-2CD2183G0-I2.8mm-01-scaled.webp\",\"datePublished\":\"2022-08-11T10:04:23+00:00\",\"dateModified\":\"2023-05-31T17:00:18+00:00\",\"breadcrumb\":{\"@id\":\"https:\\\/\\\/exciting-lichterman.217-160-28-49.plesk.page\\\/produit\\\/dome-ip-8-mpxls-ff-2-8mm-3\\\/#breadcrumb\"},\"inLanguage\":\"de\",\"potentialAction\":[{\"@type\":\"ReadAction\",\"target\":[\"https:\\\/\\\/exciting-lichterman.217-160-28-49.plesk.page\\\/produit\\\/dome-ip-8-mpxls-ff-2-8mm-3\\\/\"]}]},{\"@type\":\"ImageObject\",\"inLanguage\":\"de\",\"@id\":\"https:\\\/\\\/exciting-lichterman.217-160-28-49.plesk.page\\\/produit\\\/dome-ip-8-mpxls-ff-2-8mm-3\\\/#primaryimage\",\"url\":\"https:\\\/\\\/exciting-lichterman.217-160-28-49.plesk.page\\\/wp-content\\\/uploads\\\/2022\\\/08\\\/DS-2CD2183G0-I2.8mm-01-scaled.webp\",\"contentUrl\":\"https:\\\/\\\/exciting-lichterman.217-160-28-49.plesk.page\\\/wp-content\\\/uploads\\\/2022\\\/08\\\/DS-2CD2183G0-I2.8mm-01-scaled.webp\",\"width\":2560,\"height\":2545},{\"@type\":\"BreadcrumbList\",\"@id\":\"https:\\\/\\\/exciting-lichterman.217-160-28-49.plesk.page\\\/produit\\\/dome-ip-8-mpxls-ff-2-8mm-3\\\/#breadcrumb\",\"itemListElement\":[{\"@type\":\"ListItem\",\"position\":1,\"name\":\"Accueil\",\"item\":\"https:\\\/\\\/exciting-lichterman.217-160-28-49.plesk.page\\\/\"},{\"@type\":\"ListItem\",\"position\":2,\"name\":\"Boutique\",\"item\":\"https:\\\/\\\/exciting-lichterman.217-160-28-49.plesk.page\\\/boutique\\\/\"},{\"@type\":\"ListItem\",\"position\":3,\"name\":\"D\u00f4me IP &#8211; 8 MPXLS FF &#8211; 2.8mm\"}]},{\"@type\":\"WebSite\",\"@id\":\"https:\\\/\\\/exciting-lichterman.217-160-28-49.plesk.page\\\/#website\",\"url\":\"https:\\\/\\\/exciting-lichterman.217-160-28-49.plesk.page\\\/\",\"name\":\"K2group Distribution\",\"description\":\"\",\"publisher\":{\"@id\":\"https:\\\/\\\/exciting-lichterman.217-160-28-49.plesk.page\\\/#organization\"},\"potentialAction\":[{\"@type\":\"SearchAction\",\"target\":{\"@type\":\"EntryPoint\",\"urlTemplate\":\"https:\\\/\\\/exciting-lichterman.217-160-28-49.plesk.page\\\/?s={search_term_string}\"},\"query-input\":{\"@type\":\"PropertyValueSpecification\",\"valueRequired\":true,\"valueName\":\"search_term_string\"}}],\"inLanguage\":\"de\"},{\"@type\":\"Organization\",\"@id\":\"https:\\\/\\\/exciting-lichterman.217-160-28-49.plesk.page\\\/#organization\",\"name\":\"K2group Distribution\",\"url\":\"https:\\\/\\\/exciting-lichterman.217-160-28-49.plesk.page\\\/\",\"logo\":{\"@type\":\"ImageObject\",\"inLanguage\":\"de\",\"@id\":\"https:\\\/\\\/exciting-lichterman.217-160-28-49.plesk.page\\\/#\\\/schema\\\/logo\\\/image\\\/\",\"url\":\"https:\\\/\\\/exciting-lichterman.217-160-28-49.plesk.page\\\/wp-content\\\/uploads\\\/2022\\\/04\\\/logo-K2.png\",\"contentUrl\":\"https:\\\/\\\/exciting-lichterman.217-160-28-49.plesk.page\\\/wp-content\\\/uploads\\\/2022\\\/04\\\/logo-K2.png\",\"width\":155,\"height\":66,\"caption\":\"K2group Distribution\"},\"image\":{\"@id\":\"https:\\\/\\\/exciting-lichterman.217-160-28-49.plesk.page\\\/#\\\/schema\\\/logo\\\/image\\\/\"}}]}<\/script>\n<!-- \/ Yoast SEO plugin. -->","yoast_head_json":{"title":"D\u00f4me IP - 8 MPXLS FF - 2.8mm - K2group Distribution","robots":{"index":"noindex","follow":"follow","max-snippet":"max-snippet:-1","max-image-preview":"max-image-preview:large","max-video-preview":"max-video-preview:-1"},"og_locale":"de_DE","og_type":"article","og_title":"D\u00f4me IP - 8 MPXLS FF - 2.8mm - K2group Distribution","og_description":"R\u00e9f\u00e9rence : DS-2CD2183G0-I(2.8mm)  Type de cam\u00e9ra : Cam\u00e9ra r\u00e9seau \u00e0 d\u00f4me fixe WDR ext\u00e9rieure  Capteur D'image : CMOS \u00e0 balayage progressif 1\/2,5\"  R\u00e9solution Maximale : 8 MP (3840 \u00d7 2160)  Type de lentille : Objectif varifocale fixe, 2,8 mm  Suppl\u00e9ment Light Range : Jusqu'\u00e0 30 m\u00e8tres  Longueur d'onde IR : 850 nm  Compression de vid\u00e9o : H.265\/H.264, H.265\/H.264\/MJPEG  Protection : IP67, IK10  Dimension : \u03a6 111 mm \u00d7 82,4 mm  Poids : Environ 500g","og_url":"https:\/\/exciting-lichterman.217-160-28-49.plesk.page\/de\/produkt\/dome-ip-8-mpxls-ff-2-8mm-3\/","og_site_name":"K2group Distribution","article_modified_time":"2023-05-31T17:00:18+00:00","og_image":[{"width":2560,"height":2545,"url":"https:\/\/exciting-lichterman.217-160-28-49.plesk.page\/wp-content\/uploads\/2022\/08\/DS-2CD2183G0-I2.8mm-01-scaled.webp","type":"image\/webp"}],"twitter_card":"summary_large_image","twitter_misc":{"Gesch\u00e4tzte Lesezeit":"1\u00a0Minute"},"schema":{"@context":"https:\/\/schema.org","@graph":[{"@type":"WebPage","@id":"https:\/\/exciting-lichterman.217-160-28-49.plesk.page\/produit\/dome-ip-8-mpxls-ff-2-8mm-3\/","url":"https:\/\/exciting-lichterman.217-160-28-49.plesk.page\/produit\/dome-ip-8-mpxls-ff-2-8mm-3\/","name":"D\u00f4me IP - 8 MPXLS FF - 2.8mm - K2group Distribution","isPartOf":{"@id":"https:\/\/exciting-lichterman.217-160-28-49.plesk.page\/#website"},"primaryImageOfPage":{"@id":"https:\/\/exciting-lichterman.217-160-28-49.plesk.page\/produit\/dome-ip-8-mpxls-ff-2-8mm-3\/#primaryimage"},"image":{"@id":"https:\/\/exciting-lichterman.217-160-28-49.plesk.page\/produit\/dome-ip-8-mpxls-ff-2-8mm-3\/#primaryimage"},"thumbnailUrl":"https:\/\/exciting-lichterman.217-160-28-49.plesk.page\/wp-content\/uploads\/2022\/08\/DS-2CD2183G0-I2.8mm-01-scaled.webp","datePublished":"2022-08-11T10:04:23+00:00","dateModified":"2023-05-31T17:00:18+00:00","breadcrumb":{"@id":"https:\/\/exciting-lichterman.217-160-28-49.plesk.page\/produit\/dome-ip-8-mpxls-ff-2-8mm-3\/#breadcrumb"},"inLanguage":"de","potentialAction":[{"@type":"ReadAction","target":["https:\/\/exciting-lichterman.217-160-28-49.plesk.page\/produit\/dome-ip-8-mpxls-ff-2-8mm-3\/"]}]},{"@type":"ImageObject","inLanguage":"de","@id":"https:\/\/exciting-lichterman.217-160-28-49.plesk.page\/produit\/dome-ip-8-mpxls-ff-2-8mm-3\/#primaryimage","url":"https:\/\/exciting-lichterman.217-160-28-49.plesk.page\/wp-content\/uploads\/2022\/08\/DS-2CD2183G0-I2.8mm-01-scaled.webp","contentUrl":"https:\/\/exciting-lichterman.217-160-28-49.plesk.page\/wp-content\/uploads\/2022\/08\/DS-2CD2183G0-I2.8mm-01-scaled.webp","width":2560,"height":2545},{"@type":"BreadcrumbList","@id":"https:\/\/exciting-lichterman.217-160-28-49.plesk.page\/produit\/dome-ip-8-mpxls-ff-2-8mm-3\/#breadcrumb","itemListElement":[{"@type":"ListItem","position":1,"name":"Accueil","item":"https:\/\/exciting-lichterman.217-160-28-49.plesk.page\/"},{"@type":"ListItem","position":2,"name":"Boutique","item":"https:\/\/exciting-lichterman.217-160-28-49.plesk.page\/boutique\/"},{"@type":"ListItem","position":3,"name":"D\u00f4me IP &#8211; 8 MPXLS FF &#8211; 2.8mm"}]},{"@type":"WebSite","@id":"https:\/\/exciting-lichterman.217-160-28-49.plesk.page\/#website","url":"https:\/\/exciting-lichterman.217-160-28-49.plesk.page\/","name":"K2group Distribution","description":"","publisher":{"@id":"https:\/\/exciting-lichterman.217-160-28-49.plesk.page\/#organization"},"potentialAction":[{"@type":"SearchAction","target":{"@type":"EntryPoint","urlTemplate":"https:\/\/exciting-lichterman.217-160-28-49.plesk.page\/?s={search_term_string}"},"query-input":{"@type":"PropertyValueSpecification","valueRequired":true,"valueName":"search_term_string"}}],"inLanguage":"de"},{"@type":"Organization","@id":"https:\/\/exciting-lichterman.217-160-28-49.plesk.page\/#organization","name":"K2group Distribution","url":"https:\/\/exciting-lichterman.217-160-28-49.plesk.page\/","logo":{"@type":"ImageObject","inLanguage":"de","@id":"https:\/\/exciting-lichterman.217-160-28-49.plesk.page\/#\/schema\/logo\/image\/","url":"https:\/\/exciting-lichterman.217-160-28-49.plesk.page\/wp-content\/uploads\/2022\/04\/logo-K2.png","contentUrl":"https:\/\/exciting-lichterman.217-160-28-49.plesk.page\/wp-content\/uploads\/2022\/04\/logo-K2.png","width":155,"height":66,"caption":"K2group Distribution"},"image":{"@id":"https:\/\/exciting-lichterman.217-160-28-49.plesk.page\/#\/schema\/logo\/image\/"}}]}},"_links":{"self":[{"href":"https:\/\/exciting-lichterman.217-160-28-49.plesk.page\/de\/wp-json\/wp\/v2\/product\/11631","targetHints":{"allow":["GET"]}}],"collection":[{"href":"https:\/\/exciting-lichterman.217-160-28-49.plesk.page\/de\/wp-json\/wp\/v2\/product"}],"about":[{"href":"https:\/\/exciting-lichterman.217-160-28-49.plesk.page\/de\/wp-json\/wp\/v2\/types\/product"}],"replies":[{"embeddable":true,"href":"https:\/\/exciting-lichterman.217-160-28-49.plesk.page\/de\/wp-json\/wp\/v2\/comments?post=11631"}],"version-history":[{"count":6,"href":"https:\/\/exciting-lichterman.217-160-28-49.plesk.page\/de\/wp-json\/wp\/v2\/product\/11631\/revisions"}],"predecessor-version":[{"id":17562,"href":"https:\/\/exciting-lichterman.217-160-28-49.plesk.page\/de\/wp-json\/wp\/v2\/product\/11631\/revisions\/17562"}],"wp:featuredmedia":[{"embeddable":true,"href":"https:\/\/exciting-lichterman.217-160-28-49.plesk.page\/de\/wp-json\/wp\/v2\/media\/11632"}],"wp:attachment":[{"href":"https:\/\/exciting-lichterman.217-160-28-49.plesk.page\/de\/wp-json\/wp\/v2\/media?parent=11631"}],"wp:term":[{"taxonomy":"product_brand","embeddable":true,"href":"https:\/\/exciting-lichterman.217-160-28-49.plesk.page\/de\/wp-json\/wp\/v2\/product_brand?post=11631"},{"taxonomy":"product_cat","embeddable":true,"href":"https:\/\/exciting-lichterman.217-160-28-49.plesk.page\/de\/wp-json\/wp\/v2\/product_cat?post=11631"},{"taxonomy":"product_tag","embeddable":true,"href":"https:\/\/exciting-lichterman.217-160-28-49.plesk.page\/de\/wp-json\/wp\/v2\/product_tag?post=11631"}],"curies":[{"name":"wp","href":"https:\/\/api.w.org\/{rel}","templated":true}]}}