{"id":11620,"date":"2022-08-11T09:42:42","date_gmt":"2022-08-11T09:42:42","guid":{"rendered":"https:\/\/practical-elbakyan.82-165-223-183.plesk.page\/?post_type=product&#038;p=11620"},"modified":"2023-05-31T16:58:56","modified_gmt":"2023-05-31T16:58:56","slug":"dome-ip-6-mpxls-vf-2-8-12mm-2","status":"publish","type":"product","link":"https:\/\/exciting-lichterman.217-160-28-49.plesk.page\/de\/produkt\/dome-ip-6-mpxls-vf-2-8-12mm-2\/","title":{"rendered":"D\u00f4me IP &#8211; 6 MPXLS VF &#8211; 2.8-12mm"},"content":{"rendered":"<h2 style=\"font-family:Poppins;font-size:14px; font-weight:400!important; line-height:2\">  C&rsquo;est une cam\u00e9ra d\u00f4me IP de 6 m\u00e9gapixels de la marque HIKVISION pr\u00e9sente une solution de surveillance de haute qualit\u00e9 pour les entreprises et les particuliers. <\/h2>\n<p>Gr\u00e2ce \u00e0 sa r\u00e9solution de 6 m\u00e9gapixels et \u00e0 sa lentille varifocale fixe variant de 2.8 \u00e0 12mm, elle offre une qualit\u00e9 d&rsquo;image exceptionnelle et une vue d\u00e9taill\u00e9e de toutes zones surveill\u00e9es.<\/p>\n<p>Afin de garantir une qualit\u00e9 d&rsquo;image exceptionnelle m\u00eame dans les environnements les plus difficiles ayant des contrastes extr\u00eames, cette cam\u00e9ra est \u00e9quip\u00e9e de la technologie WDR.<br \/>\nCette cam\u00e9ra HIKVISION est \u00e9quip\u00e9e de la technologie de r\u00e9duction de bruit 3D-DNR qui permet une am\u00e9lioration significative de la qualit\u00e9 d&rsquo;image dans des conditions de faible luminosit\u00e9.<br \/>\nElle poss\u00e8de \u00e9galement la fonction d&rsquo;analyse intelligente des comportements, ce qui permet une d\u00e9tection pr\u00e9cise des mouvements et une alerte en temps r\u00e9el.<\/p>","protected":false},"excerpt":{"rendered":"<ul>\n<li><strong>R\u00e9f\u00e9rence : DS-2CD2766G2-IZS(2.8-12mm)\u00a9<\/strong><\/li>\n<li>Type de cam\u00e9ra : Cam\u00e9ra r\u00e9seau d\u00f4me varifocale motoris\u00e9e<\/li>\n<li>Mati\u00e8re : M\u00e9tal<\/li>\n<li>R\u00e9solution Maximale : 6 MP (3200 \u00d7 1800)<\/li>\n<li>Type de lentille : Objectif varifocale motoris\u00e9, 2,8 \u00e0 12 mm<\/li>\n<li>Suppl\u00e9ment Light Range : Jusqu&rsquo;\u00e0 40 m\u00e8tres<\/li>\n<li>Longueur d&rsquo;onde IR : 850 nm<\/li>\n<li>Compression de vid\u00e9o : Flux principal : H.265\/H.264\/H.264+\/H.265+<\/li>\n<li>Protection : IP67 (CEI 60529-2013), IK10 (CEI 62262:2002)<\/li>\n<li>Dimension : \u00d8153,5 mm \u00d7 133,1 mm<\/li>\n<li>Poids : Environ 1110g<\/li>\n<\/ul>","protected":false},"featured_media":11621,"comment_status":"open","ping_status":"closed","template":"","meta":{"_acf_changed":false},"product_brand":[],"product_cat":[390,715],"product_tag":[],"class_list":{"0":"post-11620","1":"product","2":"type-product","3":"status-publish","4":"has-post-thumbnail","6":"product_cat-alarmes-et-video","7":"product_cat-camera-ip","9":"first","10":"instock","11":"taxable","12":"shipping-taxable","13":"product-type-simple"},"acf":[],"yoast_head":"<!-- This site is optimized with the Yoast SEO plugin v27.4 - https:\/\/yoast.com\/product\/yoast-seo-wordpress\/ -->\n<title>D\u00f4me IP - 6 MPXLS VF - 2.8-12mm - K2group Distribution<\/title>\n<meta name=\"robots\" content=\"noindex, follow, max-snippet:-1, max-image-preview:large, max-video-preview:-1\" \/>\n<meta property=\"og:locale\" content=\"de_DE\" \/>\n<meta property=\"og:type\" content=\"article\" \/>\n<meta property=\"og:title\" content=\"D\u00f4me IP - 6 MPXLS VF - 2.8-12mm - K2group Distribution\" \/>\n<meta property=\"og:description\" content=\"R\u00e9f\u00e9rence : DS-2CD2766G2-IZS(2.8-12mm)\u00a9  Type de cam\u00e9ra : Cam\u00e9ra r\u00e9seau d\u00f4me varifocale motoris\u00e9e  Mati\u00e8re : M\u00e9tal  R\u00e9solution Maximale : 6 MP (3200 \u00d7 1800)  Type de lentille : Objectif varifocale motoris\u00e9, 2,8 \u00e0 12 mm  Suppl\u00e9ment Light Range : Jusqu&#039;\u00e0 40 m\u00e8tres  Longueur d&#039;onde IR : 850 nm  Compression de vid\u00e9o : Flux principal : H.265\/H.264\/H.264+\/H.265+  Protection : IP67 (CEI 60529-2013), IK10 (CEI 62262:2002)  Dimension : \u00d8153,5 mm \u00d7 133,1 mm  Poids : Environ 1110g\" \/>\n<meta property=\"og:url\" content=\"https:\/\/exciting-lichterman.217-160-28-49.plesk.page\/de\/produkt\/dome-ip-6-mpxls-vf-2-8-12mm-2\/\" \/>\n<meta property=\"og:site_name\" content=\"K2group Distribution\" \/>\n<meta property=\"article:modified_time\" content=\"2023-05-31T16:58:56+00:00\" \/>\n<meta property=\"og:image\" content=\"https:\/\/exciting-lichterman.217-160-28-49.plesk.page\/wp-content\/uploads\/2022\/08\/DS-2CD2766G2-IZS2.8-12mm\u00a9-01-scaled.webp\" \/>\n\t<meta property=\"og:image:width\" content=\"2560\" \/>\n\t<meta property=\"og:image:height\" content=\"2545\" \/>\n\t<meta property=\"og:image:type\" content=\"image\/webp\" \/>\n<meta name=\"twitter:card\" content=\"summary_large_image\" \/>\n<meta name=\"twitter:label1\" content=\"Gesch\u00e4tzte Lesezeit\" \/>\n\t<meta name=\"twitter:data1\" content=\"1\u00a0Minute\" \/>\n<script type=\"application\/ld+json\" class=\"yoast-schema-graph\">{\"@context\":\"https:\\\/\\\/schema.org\",\"@graph\":[{\"@type\":\"WebPage\",\"@id\":\"https:\\\/\\\/exciting-lichterman.217-160-28-49.plesk.page\\\/produit\\\/dome-ip-6-mpxls-vf-2-8-12mm-2\\\/\",\"url\":\"https:\\\/\\\/exciting-lichterman.217-160-28-49.plesk.page\\\/produit\\\/dome-ip-6-mpxls-vf-2-8-12mm-2\\\/\",\"name\":\"D\u00f4me IP - 6 MPXLS VF - 2.8-12mm - K2group Distribution\",\"isPartOf\":{\"@id\":\"https:\\\/\\\/exciting-lichterman.217-160-28-49.plesk.page\\\/#website\"},\"primaryImageOfPage\":{\"@id\":\"https:\\\/\\\/exciting-lichterman.217-160-28-49.plesk.page\\\/produit\\\/dome-ip-6-mpxls-vf-2-8-12mm-2\\\/#primaryimage\"},\"image\":{\"@id\":\"https:\\\/\\\/exciting-lichterman.217-160-28-49.plesk.page\\\/produit\\\/dome-ip-6-mpxls-vf-2-8-12mm-2\\\/#primaryimage\"},\"thumbnailUrl\":\"https:\\\/\\\/exciting-lichterman.217-160-28-49.plesk.page\\\/wp-content\\\/uploads\\\/2022\\\/08\\\/DS-2CD2766G2-IZS2.8-12mm\u00a9-01-scaled.webp\",\"datePublished\":\"2022-08-11T09:42:42+00:00\",\"dateModified\":\"2023-05-31T16:58:56+00:00\",\"breadcrumb\":{\"@id\":\"https:\\\/\\\/exciting-lichterman.217-160-28-49.plesk.page\\\/produit\\\/dome-ip-6-mpxls-vf-2-8-12mm-2\\\/#breadcrumb\"},\"inLanguage\":\"de\",\"potentialAction\":[{\"@type\":\"ReadAction\",\"target\":[\"https:\\\/\\\/exciting-lichterman.217-160-28-49.plesk.page\\\/produit\\\/dome-ip-6-mpxls-vf-2-8-12mm-2\\\/\"]}]},{\"@type\":\"ImageObject\",\"inLanguage\":\"de\",\"@id\":\"https:\\\/\\\/exciting-lichterman.217-160-28-49.plesk.page\\\/produit\\\/dome-ip-6-mpxls-vf-2-8-12mm-2\\\/#primaryimage\",\"url\":\"https:\\\/\\\/exciting-lichterman.217-160-28-49.plesk.page\\\/wp-content\\\/uploads\\\/2022\\\/08\\\/DS-2CD2766G2-IZS2.8-12mm\u00a9-01-scaled.webp\",\"contentUrl\":\"https:\\\/\\\/exciting-lichterman.217-160-28-49.plesk.page\\\/wp-content\\\/uploads\\\/2022\\\/08\\\/DS-2CD2766G2-IZS2.8-12mm\u00a9-01-scaled.webp\",\"width\":2560,\"height\":2545},{\"@type\":\"BreadcrumbList\",\"@id\":\"https:\\\/\\\/exciting-lichterman.217-160-28-49.plesk.page\\\/produit\\\/dome-ip-6-mpxls-vf-2-8-12mm-2\\\/#breadcrumb\",\"itemListElement\":[{\"@type\":\"ListItem\",\"position\":1,\"name\":\"Accueil\",\"item\":\"https:\\\/\\\/exciting-lichterman.217-160-28-49.plesk.page\\\/\"},{\"@type\":\"ListItem\",\"position\":2,\"name\":\"Boutique\",\"item\":\"https:\\\/\\\/exciting-lichterman.217-160-28-49.plesk.page\\\/boutique\\\/\"},{\"@type\":\"ListItem\",\"position\":3,\"name\":\"D\u00f4me IP &#8211; 6 MPXLS VF &#8211; 2.8-12mm\"}]},{\"@type\":\"WebSite\",\"@id\":\"https:\\\/\\\/exciting-lichterman.217-160-28-49.plesk.page\\\/#website\",\"url\":\"https:\\\/\\\/exciting-lichterman.217-160-28-49.plesk.page\\\/\",\"name\":\"K2group Distribution\",\"description\":\"\",\"publisher\":{\"@id\":\"https:\\\/\\\/exciting-lichterman.217-160-28-49.plesk.page\\\/#organization\"},\"potentialAction\":[{\"@type\":\"SearchAction\",\"target\":{\"@type\":\"EntryPoint\",\"urlTemplate\":\"https:\\\/\\\/exciting-lichterman.217-160-28-49.plesk.page\\\/?s={search_term_string}\"},\"query-input\":{\"@type\":\"PropertyValueSpecification\",\"valueRequired\":true,\"valueName\":\"search_term_string\"}}],\"inLanguage\":\"de\"},{\"@type\":\"Organization\",\"@id\":\"https:\\\/\\\/exciting-lichterman.217-160-28-49.plesk.page\\\/#organization\",\"name\":\"K2group Distribution\",\"url\":\"https:\\\/\\\/exciting-lichterman.217-160-28-49.plesk.page\\\/\",\"logo\":{\"@type\":\"ImageObject\",\"inLanguage\":\"de\",\"@id\":\"https:\\\/\\\/exciting-lichterman.217-160-28-49.plesk.page\\\/#\\\/schema\\\/logo\\\/image\\\/\",\"url\":\"https:\\\/\\\/exciting-lichterman.217-160-28-49.plesk.page\\\/wp-content\\\/uploads\\\/2022\\\/04\\\/logo-K2.png\",\"contentUrl\":\"https:\\\/\\\/exciting-lichterman.217-160-28-49.plesk.page\\\/wp-content\\\/uploads\\\/2022\\\/04\\\/logo-K2.png\",\"width\":155,\"height\":66,\"caption\":\"K2group Distribution\"},\"image\":{\"@id\":\"https:\\\/\\\/exciting-lichterman.217-160-28-49.plesk.page\\\/#\\\/schema\\\/logo\\\/image\\\/\"}}]}<\/script>\n<!-- \/ Yoast SEO plugin. -->","yoast_head_json":{"title":"D\u00f4me IP - 6 MPXLS VF - 2.8-12mm - K2group Distribution","robots":{"index":"noindex","follow":"follow","max-snippet":"max-snippet:-1","max-image-preview":"max-image-preview:large","max-video-preview":"max-video-preview:-1"},"og_locale":"de_DE","og_type":"article","og_title":"D\u00f4me IP - 6 MPXLS VF - 2.8-12mm - K2group Distribution","og_description":"R\u00e9f\u00e9rence : DS-2CD2766G2-IZS(2.8-12mm)\u00a9  Type de cam\u00e9ra : Cam\u00e9ra r\u00e9seau d\u00f4me varifocale motoris\u00e9e  Mati\u00e8re : M\u00e9tal  R\u00e9solution Maximale : 6 MP (3200 \u00d7 1800)  Type de lentille : Objectif varifocale motoris\u00e9, 2,8 \u00e0 12 mm  Suppl\u00e9ment Light Range : Jusqu'\u00e0 40 m\u00e8tres  Longueur d'onde IR : 850 nm  Compression de vid\u00e9o : Flux principal : H.265\/H.264\/H.264+\/H.265+  Protection : IP67 (CEI 60529-2013), IK10 (CEI 62262:2002)  Dimension : \u00d8153,5 mm \u00d7 133,1 mm  Poids : Environ 1110g","og_url":"https:\/\/exciting-lichterman.217-160-28-49.plesk.page\/de\/produkt\/dome-ip-6-mpxls-vf-2-8-12mm-2\/","og_site_name":"K2group Distribution","article_modified_time":"2023-05-31T16:58:56+00:00","og_image":[{"width":2560,"height":2545,"url":"https:\/\/exciting-lichterman.217-160-28-49.plesk.page\/wp-content\/uploads\/2022\/08\/DS-2CD2766G2-IZS2.8-12mm\u00a9-01-scaled.webp","type":"image\/webp"}],"twitter_card":"summary_large_image","twitter_misc":{"Gesch\u00e4tzte Lesezeit":"1\u00a0Minute"},"schema":{"@context":"https:\/\/schema.org","@graph":[{"@type":"WebPage","@id":"https:\/\/exciting-lichterman.217-160-28-49.plesk.page\/produit\/dome-ip-6-mpxls-vf-2-8-12mm-2\/","url":"https:\/\/exciting-lichterman.217-160-28-49.plesk.page\/produit\/dome-ip-6-mpxls-vf-2-8-12mm-2\/","name":"D\u00f4me IP - 6 MPXLS VF - 2.8-12mm - K2group Distribution","isPartOf":{"@id":"https:\/\/exciting-lichterman.217-160-28-49.plesk.page\/#website"},"primaryImageOfPage":{"@id":"https:\/\/exciting-lichterman.217-160-28-49.plesk.page\/produit\/dome-ip-6-mpxls-vf-2-8-12mm-2\/#primaryimage"},"image":{"@id":"https:\/\/exciting-lichterman.217-160-28-49.plesk.page\/produit\/dome-ip-6-mpxls-vf-2-8-12mm-2\/#primaryimage"},"thumbnailUrl":"https:\/\/exciting-lichterman.217-160-28-49.plesk.page\/wp-content\/uploads\/2022\/08\/DS-2CD2766G2-IZS2.8-12mm\u00a9-01-scaled.webp","datePublished":"2022-08-11T09:42:42+00:00","dateModified":"2023-05-31T16:58:56+00:00","breadcrumb":{"@id":"https:\/\/exciting-lichterman.217-160-28-49.plesk.page\/produit\/dome-ip-6-mpxls-vf-2-8-12mm-2\/#breadcrumb"},"inLanguage":"de","potentialAction":[{"@type":"ReadAction","target":["https:\/\/exciting-lichterman.217-160-28-49.plesk.page\/produit\/dome-ip-6-mpxls-vf-2-8-12mm-2\/"]}]},{"@type":"ImageObject","inLanguage":"de","@id":"https:\/\/exciting-lichterman.217-160-28-49.plesk.page\/produit\/dome-ip-6-mpxls-vf-2-8-12mm-2\/#primaryimage","url":"https:\/\/exciting-lichterman.217-160-28-49.plesk.page\/wp-content\/uploads\/2022\/08\/DS-2CD2766G2-IZS2.8-12mm\u00a9-01-scaled.webp","contentUrl":"https:\/\/exciting-lichterman.217-160-28-49.plesk.page\/wp-content\/uploads\/2022\/08\/DS-2CD2766G2-IZS2.8-12mm\u00a9-01-scaled.webp","width":2560,"height":2545},{"@type":"BreadcrumbList","@id":"https:\/\/exciting-lichterman.217-160-28-49.plesk.page\/produit\/dome-ip-6-mpxls-vf-2-8-12mm-2\/#breadcrumb","itemListElement":[{"@type":"ListItem","position":1,"name":"Accueil","item":"https:\/\/exciting-lichterman.217-160-28-49.plesk.page\/"},{"@type":"ListItem","position":2,"name":"Boutique","item":"https:\/\/exciting-lichterman.217-160-28-49.plesk.page\/boutique\/"},{"@type":"ListItem","position":3,"name":"D\u00f4me IP &#8211; 6 MPXLS VF &#8211; 2.8-12mm"}]},{"@type":"WebSite","@id":"https:\/\/exciting-lichterman.217-160-28-49.plesk.page\/#website","url":"https:\/\/exciting-lichterman.217-160-28-49.plesk.page\/","name":"K2group Distribution","description":"","publisher":{"@id":"https:\/\/exciting-lichterman.217-160-28-49.plesk.page\/#organization"},"potentialAction":[{"@type":"SearchAction","target":{"@type":"EntryPoint","urlTemplate":"https:\/\/exciting-lichterman.217-160-28-49.plesk.page\/?s={search_term_string}"},"query-input":{"@type":"PropertyValueSpecification","valueRequired":true,"valueName":"search_term_string"}}],"inLanguage":"de"},{"@type":"Organization","@id":"https:\/\/exciting-lichterman.217-160-28-49.plesk.page\/#organization","name":"K2group Distribution","url":"https:\/\/exciting-lichterman.217-160-28-49.plesk.page\/","logo":{"@type":"ImageObject","inLanguage":"de","@id":"https:\/\/exciting-lichterman.217-160-28-49.plesk.page\/#\/schema\/logo\/image\/","url":"https:\/\/exciting-lichterman.217-160-28-49.plesk.page\/wp-content\/uploads\/2022\/04\/logo-K2.png","contentUrl":"https:\/\/exciting-lichterman.217-160-28-49.plesk.page\/wp-content\/uploads\/2022\/04\/logo-K2.png","width":155,"height":66,"caption":"K2group Distribution"},"image":{"@id":"https:\/\/exciting-lichterman.217-160-28-49.plesk.page\/#\/schema\/logo\/image\/"}}]}},"_links":{"self":[{"href":"https:\/\/exciting-lichterman.217-160-28-49.plesk.page\/de\/wp-json\/wp\/v2\/product\/11620","targetHints":{"allow":["GET"]}}],"collection":[{"href":"https:\/\/exciting-lichterman.217-160-28-49.plesk.page\/de\/wp-json\/wp\/v2\/product"}],"about":[{"href":"https:\/\/exciting-lichterman.217-160-28-49.plesk.page\/de\/wp-json\/wp\/v2\/types\/product"}],"replies":[{"embeddable":true,"href":"https:\/\/exciting-lichterman.217-160-28-49.plesk.page\/de\/wp-json\/wp\/v2\/comments?post=11620"}],"version-history":[{"count":5,"href":"https:\/\/exciting-lichterman.217-160-28-49.plesk.page\/de\/wp-json\/wp\/v2\/product\/11620\/revisions"}],"predecessor-version":[{"id":17558,"href":"https:\/\/exciting-lichterman.217-160-28-49.plesk.page\/de\/wp-json\/wp\/v2\/product\/11620\/revisions\/17558"}],"wp:featuredmedia":[{"embeddable":true,"href":"https:\/\/exciting-lichterman.217-160-28-49.plesk.page\/de\/wp-json\/wp\/v2\/media\/11621"}],"wp:attachment":[{"href":"https:\/\/exciting-lichterman.217-160-28-49.plesk.page\/de\/wp-json\/wp\/v2\/media?parent=11620"}],"wp:term":[{"taxonomy":"product_brand","embeddable":true,"href":"https:\/\/exciting-lichterman.217-160-28-49.plesk.page\/de\/wp-json\/wp\/v2\/product_brand?post=11620"},{"taxonomy":"product_cat","embeddable":true,"href":"https:\/\/exciting-lichterman.217-160-28-49.plesk.page\/de\/wp-json\/wp\/v2\/product_cat?post=11620"},{"taxonomy":"product_tag","embeddable":true,"href":"https:\/\/exciting-lichterman.217-160-28-49.plesk.page\/de\/wp-json\/wp\/v2\/product_tag?post=11620"}],"curies":[{"name":"wp","href":"https:\/\/api.w.org\/{rel}","templated":true}]}}