{"id":11602,"date":"2022-08-11T09:28:48","date_gmt":"2022-08-11T09:28:48","guid":{"rendered":"https:\/\/practical-elbakyan.82-165-223-183.plesk.page\/?post_type=product&#038;p=11602"},"modified":"2023-05-31T14:39:32","modified_gmt":"2023-05-31T14:39:32","slug":"dome-ip-5-mpxls-vf-2-8-8mm","status":"publish","type":"product","link":"https:\/\/exciting-lichterman.217-160-28-49.plesk.page\/de\/produkt\/dome-ip-5-mpxls-vf-2-8-8mm\/","title":{"rendered":"D\u00f4me IP &#8211; 5 MPXLS VF &#8211; 2.8-8mm"},"content":{"rendered":"<h2 style=\"font-family:Poppins;font-size:14px; font-weight:400!important; line-height:2\"> La cam\u00e9ra d\u00f4me IP DS-2CD6D54G1-IZS(2.8-8mm) de la marque HIKVISION est un produit de qualit\u00e9 sup\u00e9rieure, dot\u00e9 d&rsquo;une r\u00e9solution de 5 m\u00e9gapixels qui permet d&rsquo;obtenir une excellente qualit\u00e9 d&rsquo;image.<\/h2>\n<p>Cette cam\u00e9ra est \u00e9quip\u00e9e d&rsquo;une lentille varifocale fixe allant de 2.8 \u00e0 8 millim\u00e8tres qui offre une vision plus large ou plus rapproch\u00e9e selon vos besoins.<\/p>\n<p>La cam\u00e9ra HIKVISION est facile \u00e0 installer et \u00e0 configurer gr\u00e2ce \u00e0 son interface utilisateur intuitive et elle peut \u00eatre utilis\u00e9e pour surveiller des zones int\u00e9rieures ou ext\u00e9rieures gr\u00e2ce \u00e0 son bo\u00eetier de protection r\u00e9sistant aux intemp\u00e9ries et aux temp\u00e9ratures extr\u00eames.<\/p>\n<p>De plus, cette cam\u00e9ra est id\u00e9ale pour les entreprises qui cherchent \u00e0 am\u00e9liorer leur s\u00e9curit\u00e9 ou pour les particuliers qui veulent prot\u00e9ger leurs domiciles. Elle offre une surveillance constante de haute qualit\u00e9, ce qui en fait un choix judicieux pour tous ceux qui recherchent une cam\u00e9ra de surveillance fiable et performante.<\/p>","protected":false},"excerpt":{"rendered":"<ul>\n<li><strong>R\u00e9f\u00e9rence : DS-2CD6D54G1-IZS(2.8-8mm)<\/strong><\/li>\n<li>Type de cam\u00e9ra : Cam\u00e9ra r\u00e9seau multicapteur 4 directions<\/li>\n<li>Capteur D&rsquo;image : CMOS \u00e0 balayage progressif 1\/2,7\u2033<\/li>\n<li>R\u00e9solution Maximale : Chaque objectif jusqu&rsquo;\u00e0 5 MP (2560 x 1920)<\/li>\n<li>Mati\u00e8re : Alliage d&rsquo;aluminium, plastiques techniques<\/li>\n<li>Longueur Focale Et FOV : 2,8 mm \u00e0 12 mm, Champ de vision horizontal : 30 \u00b0 \u00e0 101 \u00b0, Champ de vision vertical : 22,4 \u00b0 \u00e0 73 \u00b0, Champ de vision diagonal : 37 \u00b0 \u00e0 137 \u00b0<\/li>\n<li>Monture De Lentilles : \u03a614<\/li>\n<li>Ouverture : F1.6<\/li>\n<li>Suppl\u00e9ment Light Range : 10 m \u00e0 30 m<\/li>\n<li>Longueur D&rsquo;onde IR : 850 nm<\/li>\n<li>Compression Audio : G.711\/G.722.1\/G.726\/MP2L2\/PCM<\/li>\n<li>Compression De Vid\u00e9o : Flux principal : H.265+\/H.265\/H.264+\/H.264, flux secondaire : H.265\/H.264\/MJPEG, troisi\u00e8me flux : H.265\/H.264<\/li>\n<li>Dimension : \u00d8290 mm \u00d7 145,5 mm<\/li>\n<li>Poids : 4700g<\/li>\n<\/ul>","protected":false},"featured_media":11604,"comment_status":"open","ping_status":"closed","template":"","meta":{"_acf_changed":false},"product_brand":[],"product_cat":[390,715],"product_tag":[],"class_list":{"0":"post-11602","1":"product","2":"type-product","3":"status-publish","4":"has-post-thumbnail","6":"product_cat-alarmes-et-video","7":"product_cat-camera-ip","9":"first","10":"instock","11":"taxable","12":"shipping-taxable","13":"product-type-simple"},"acf":[],"yoast_head":"<!-- This site is optimized with the Yoast SEO plugin v27.4 - https:\/\/yoast.com\/product\/yoast-seo-wordpress\/ -->\n<title>D\u00f4me IP - 5 MPXLS VF - 2.8-8mm - K2group Distribution<\/title>\n<meta name=\"robots\" content=\"noindex, follow, max-snippet:-1, max-image-preview:large, max-video-preview:-1\" \/>\n<meta property=\"og:locale\" content=\"de_DE\" \/>\n<meta property=\"og:type\" content=\"article\" \/>\n<meta property=\"og:title\" content=\"D\u00f4me IP - 5 MPXLS VF - 2.8-8mm - K2group Distribution\" \/>\n<meta property=\"og:description\" content=\"R\u00e9f\u00e9rence : DS-2CD6D54G1-IZS(2.8-8mm)  Type de cam\u00e9ra : Cam\u00e9ra r\u00e9seau multicapteur 4 directions  Capteur D&#039;image : CMOS \u00e0 balayage progressif 1\/2,7\u2033  R\u00e9solution Maximale : Chaque objectif jusqu&#039;\u00e0 5 MP (2560 x 1920)  Mati\u00e8re : Alliage d&#039;aluminium, plastiques techniques  Longueur Focale Et FOV : 2,8 mm \u00e0 12 mm, Champ de vision horizontal : 30 \u00b0 \u00e0 101 \u00b0, Champ de vision vertical : 22,4 \u00b0 \u00e0 73 \u00b0, Champ de vision diagonal : 37 \u00b0 \u00e0 137 \u00b0  Monture De Lentilles : \u03a614  Ouverture : F1.6  Suppl\u00e9ment Light Range : 10 m \u00e0 30 m  Longueur D&#039;onde IR : 850 nm  Compression Audio : G.711\/G.722.1\/G.726\/MP2L2\/PCM  Compression De Vid\u00e9o : Flux principal : H.265+\/H.265\/H.264+\/H.264, flux secondaire : H.265\/H.264\/MJPEG, troisi\u00e8me flux : H.265\/H.264  Dimension : \u00d8290 mm \u00d7 145,5 mm  Poids : 4700g\" \/>\n<meta property=\"og:url\" content=\"https:\/\/exciting-lichterman.217-160-28-49.plesk.page\/de\/produkt\/dome-ip-5-mpxls-vf-2-8-8mm\/\" \/>\n<meta property=\"og:site_name\" content=\"K2group Distribution\" \/>\n<meta property=\"article:modified_time\" content=\"2023-05-31T14:39:32+00:00\" \/>\n<meta property=\"og:image\" content=\"https:\/\/exciting-lichterman.217-160-28-49.plesk.page\/wp-content\/uploads\/2022\/08\/DS-2CD6D54G1-IZS2.8-8mm-01-scaled.webp\" \/>\n\t<meta property=\"og:image:width\" content=\"2560\" \/>\n\t<meta property=\"og:image:height\" content=\"2545\" \/>\n\t<meta property=\"og:image:type\" content=\"image\/webp\" \/>\n<meta name=\"twitter:card\" content=\"summary_large_image\" \/>\n<meta name=\"twitter:label1\" content=\"Gesch\u00e4tzte Lesezeit\" \/>\n\t<meta name=\"twitter:data1\" content=\"1\u00a0Minute\" \/>\n<script type=\"application\/ld+json\" class=\"yoast-schema-graph\">{\"@context\":\"https:\\\/\\\/schema.org\",\"@graph\":[{\"@type\":\"WebPage\",\"@id\":\"https:\\\/\\\/exciting-lichterman.217-160-28-49.plesk.page\\\/produit\\\/dome-ip-5-mpxls-vf-2-8-8mm\\\/\",\"url\":\"https:\\\/\\\/exciting-lichterman.217-160-28-49.plesk.page\\\/produit\\\/dome-ip-5-mpxls-vf-2-8-8mm\\\/\",\"name\":\"D\u00f4me IP - 5 MPXLS VF - 2.8-8mm - K2group Distribution\",\"isPartOf\":{\"@id\":\"https:\\\/\\\/exciting-lichterman.217-160-28-49.plesk.page\\\/#website\"},\"primaryImageOfPage\":{\"@id\":\"https:\\\/\\\/exciting-lichterman.217-160-28-49.plesk.page\\\/produit\\\/dome-ip-5-mpxls-vf-2-8-8mm\\\/#primaryimage\"},\"image\":{\"@id\":\"https:\\\/\\\/exciting-lichterman.217-160-28-49.plesk.page\\\/produit\\\/dome-ip-5-mpxls-vf-2-8-8mm\\\/#primaryimage\"},\"thumbnailUrl\":\"https:\\\/\\\/exciting-lichterman.217-160-28-49.plesk.page\\\/wp-content\\\/uploads\\\/2022\\\/08\\\/DS-2CD6D54G1-IZS2.8-8mm-01-scaled.webp\",\"datePublished\":\"2022-08-11T09:28:48+00:00\",\"dateModified\":\"2023-05-31T14:39:32+00:00\",\"breadcrumb\":{\"@id\":\"https:\\\/\\\/exciting-lichterman.217-160-28-49.plesk.page\\\/produit\\\/dome-ip-5-mpxls-vf-2-8-8mm\\\/#breadcrumb\"},\"inLanguage\":\"de\",\"potentialAction\":[{\"@type\":\"ReadAction\",\"target\":[\"https:\\\/\\\/exciting-lichterman.217-160-28-49.plesk.page\\\/produit\\\/dome-ip-5-mpxls-vf-2-8-8mm\\\/\"]}]},{\"@type\":\"ImageObject\",\"inLanguage\":\"de\",\"@id\":\"https:\\\/\\\/exciting-lichterman.217-160-28-49.plesk.page\\\/produit\\\/dome-ip-5-mpxls-vf-2-8-8mm\\\/#primaryimage\",\"url\":\"https:\\\/\\\/exciting-lichterman.217-160-28-49.plesk.page\\\/wp-content\\\/uploads\\\/2022\\\/08\\\/DS-2CD6D54G1-IZS2.8-8mm-01-scaled.webp\",\"contentUrl\":\"https:\\\/\\\/exciting-lichterman.217-160-28-49.plesk.page\\\/wp-content\\\/uploads\\\/2022\\\/08\\\/DS-2CD6D54G1-IZS2.8-8mm-01-scaled.webp\",\"width\":2560,\"height\":2545},{\"@type\":\"BreadcrumbList\",\"@id\":\"https:\\\/\\\/exciting-lichterman.217-160-28-49.plesk.page\\\/produit\\\/dome-ip-5-mpxls-vf-2-8-8mm\\\/#breadcrumb\",\"itemListElement\":[{\"@type\":\"ListItem\",\"position\":1,\"name\":\"Accueil\",\"item\":\"https:\\\/\\\/exciting-lichterman.217-160-28-49.plesk.page\\\/\"},{\"@type\":\"ListItem\",\"position\":2,\"name\":\"Boutique\",\"item\":\"https:\\\/\\\/exciting-lichterman.217-160-28-49.plesk.page\\\/boutique\\\/\"},{\"@type\":\"ListItem\",\"position\":3,\"name\":\"D\u00f4me IP &#8211; 5 MPXLS VF &#8211; 2.8-8mm\"}]},{\"@type\":\"WebSite\",\"@id\":\"https:\\\/\\\/exciting-lichterman.217-160-28-49.plesk.page\\\/#website\",\"url\":\"https:\\\/\\\/exciting-lichterman.217-160-28-49.plesk.page\\\/\",\"name\":\"K2group Distribution\",\"description\":\"\",\"publisher\":{\"@id\":\"https:\\\/\\\/exciting-lichterman.217-160-28-49.plesk.page\\\/#organization\"},\"potentialAction\":[{\"@type\":\"SearchAction\",\"target\":{\"@type\":\"EntryPoint\",\"urlTemplate\":\"https:\\\/\\\/exciting-lichterman.217-160-28-49.plesk.page\\\/?s={search_term_string}\"},\"query-input\":{\"@type\":\"PropertyValueSpecification\",\"valueRequired\":true,\"valueName\":\"search_term_string\"}}],\"inLanguage\":\"de\"},{\"@type\":\"Organization\",\"@id\":\"https:\\\/\\\/exciting-lichterman.217-160-28-49.plesk.page\\\/#organization\",\"name\":\"K2group Distribution\",\"url\":\"https:\\\/\\\/exciting-lichterman.217-160-28-49.plesk.page\\\/\",\"logo\":{\"@type\":\"ImageObject\",\"inLanguage\":\"de\",\"@id\":\"https:\\\/\\\/exciting-lichterman.217-160-28-49.plesk.page\\\/#\\\/schema\\\/logo\\\/image\\\/\",\"url\":\"https:\\\/\\\/exciting-lichterman.217-160-28-49.plesk.page\\\/wp-content\\\/uploads\\\/2022\\\/04\\\/logo-K2.png\",\"contentUrl\":\"https:\\\/\\\/exciting-lichterman.217-160-28-49.plesk.page\\\/wp-content\\\/uploads\\\/2022\\\/04\\\/logo-K2.png\",\"width\":155,\"height\":66,\"caption\":\"K2group Distribution\"},\"image\":{\"@id\":\"https:\\\/\\\/exciting-lichterman.217-160-28-49.plesk.page\\\/#\\\/schema\\\/logo\\\/image\\\/\"}}]}<\/script>\n<!-- \/ Yoast SEO plugin. -->","yoast_head_json":{"title":"D\u00f4me IP - 5 MPXLS VF - 2.8-8mm - K2group Distribution","robots":{"index":"noindex","follow":"follow","max-snippet":"max-snippet:-1","max-image-preview":"max-image-preview:large","max-video-preview":"max-video-preview:-1"},"og_locale":"de_DE","og_type":"article","og_title":"D\u00f4me IP - 5 MPXLS VF - 2.8-8mm - K2group Distribution","og_description":"R\u00e9f\u00e9rence : DS-2CD6D54G1-IZS(2.8-8mm)  Type de cam\u00e9ra : Cam\u00e9ra r\u00e9seau multicapteur 4 directions  Capteur D'image : CMOS \u00e0 balayage progressif 1\/2,7\u2033  R\u00e9solution Maximale : Chaque objectif jusqu'\u00e0 5 MP (2560 x 1920)  Mati\u00e8re : Alliage d'aluminium, plastiques techniques  Longueur Focale Et FOV : 2,8 mm \u00e0 12 mm, Champ de vision horizontal : 30 \u00b0 \u00e0 101 \u00b0, Champ de vision vertical : 22,4 \u00b0 \u00e0 73 \u00b0, Champ de vision diagonal : 37 \u00b0 \u00e0 137 \u00b0  Monture De Lentilles : \u03a614  Ouverture : F1.6  Suppl\u00e9ment Light Range : 10 m \u00e0 30 m  Longueur D'onde IR : 850 nm  Compression Audio : G.711\/G.722.1\/G.726\/MP2L2\/PCM  Compression De Vid\u00e9o : Flux principal : H.265+\/H.265\/H.264+\/H.264, flux secondaire : H.265\/H.264\/MJPEG, troisi\u00e8me flux : H.265\/H.264  Dimension : \u00d8290 mm \u00d7 145,5 mm  Poids : 4700g","og_url":"https:\/\/exciting-lichterman.217-160-28-49.plesk.page\/de\/produkt\/dome-ip-5-mpxls-vf-2-8-8mm\/","og_site_name":"K2group Distribution","article_modified_time":"2023-05-31T14:39:32+00:00","og_image":[{"width":2560,"height":2545,"url":"https:\/\/exciting-lichterman.217-160-28-49.plesk.page\/wp-content\/uploads\/2022\/08\/DS-2CD6D54G1-IZS2.8-8mm-01-scaled.webp","type":"image\/webp"}],"twitter_card":"summary_large_image","twitter_misc":{"Gesch\u00e4tzte Lesezeit":"1\u00a0Minute"},"schema":{"@context":"https:\/\/schema.org","@graph":[{"@type":"WebPage","@id":"https:\/\/exciting-lichterman.217-160-28-49.plesk.page\/produit\/dome-ip-5-mpxls-vf-2-8-8mm\/","url":"https:\/\/exciting-lichterman.217-160-28-49.plesk.page\/produit\/dome-ip-5-mpxls-vf-2-8-8mm\/","name":"D\u00f4me IP - 5 MPXLS VF - 2.8-8mm - K2group Distribution","isPartOf":{"@id":"https:\/\/exciting-lichterman.217-160-28-49.plesk.page\/#website"},"primaryImageOfPage":{"@id":"https:\/\/exciting-lichterman.217-160-28-49.plesk.page\/produit\/dome-ip-5-mpxls-vf-2-8-8mm\/#primaryimage"},"image":{"@id":"https:\/\/exciting-lichterman.217-160-28-49.plesk.page\/produit\/dome-ip-5-mpxls-vf-2-8-8mm\/#primaryimage"},"thumbnailUrl":"https:\/\/exciting-lichterman.217-160-28-49.plesk.page\/wp-content\/uploads\/2022\/08\/DS-2CD6D54G1-IZS2.8-8mm-01-scaled.webp","datePublished":"2022-08-11T09:28:48+00:00","dateModified":"2023-05-31T14:39:32+00:00","breadcrumb":{"@id":"https:\/\/exciting-lichterman.217-160-28-49.plesk.page\/produit\/dome-ip-5-mpxls-vf-2-8-8mm\/#breadcrumb"},"inLanguage":"de","potentialAction":[{"@type":"ReadAction","target":["https:\/\/exciting-lichterman.217-160-28-49.plesk.page\/produit\/dome-ip-5-mpxls-vf-2-8-8mm\/"]}]},{"@type":"ImageObject","inLanguage":"de","@id":"https:\/\/exciting-lichterman.217-160-28-49.plesk.page\/produit\/dome-ip-5-mpxls-vf-2-8-8mm\/#primaryimage","url":"https:\/\/exciting-lichterman.217-160-28-49.plesk.page\/wp-content\/uploads\/2022\/08\/DS-2CD6D54G1-IZS2.8-8mm-01-scaled.webp","contentUrl":"https:\/\/exciting-lichterman.217-160-28-49.plesk.page\/wp-content\/uploads\/2022\/08\/DS-2CD6D54G1-IZS2.8-8mm-01-scaled.webp","width":2560,"height":2545},{"@type":"BreadcrumbList","@id":"https:\/\/exciting-lichterman.217-160-28-49.plesk.page\/produit\/dome-ip-5-mpxls-vf-2-8-8mm\/#breadcrumb","itemListElement":[{"@type":"ListItem","position":1,"name":"Accueil","item":"https:\/\/exciting-lichterman.217-160-28-49.plesk.page\/"},{"@type":"ListItem","position":2,"name":"Boutique","item":"https:\/\/exciting-lichterman.217-160-28-49.plesk.page\/boutique\/"},{"@type":"ListItem","position":3,"name":"D\u00f4me IP &#8211; 5 MPXLS VF &#8211; 2.8-8mm"}]},{"@type":"WebSite","@id":"https:\/\/exciting-lichterman.217-160-28-49.plesk.page\/#website","url":"https:\/\/exciting-lichterman.217-160-28-49.plesk.page\/","name":"K2group Distribution","description":"","publisher":{"@id":"https:\/\/exciting-lichterman.217-160-28-49.plesk.page\/#organization"},"potentialAction":[{"@type":"SearchAction","target":{"@type":"EntryPoint","urlTemplate":"https:\/\/exciting-lichterman.217-160-28-49.plesk.page\/?s={search_term_string}"},"query-input":{"@type":"PropertyValueSpecification","valueRequired":true,"valueName":"search_term_string"}}],"inLanguage":"de"},{"@type":"Organization","@id":"https:\/\/exciting-lichterman.217-160-28-49.plesk.page\/#organization","name":"K2group Distribution","url":"https:\/\/exciting-lichterman.217-160-28-49.plesk.page\/","logo":{"@type":"ImageObject","inLanguage":"de","@id":"https:\/\/exciting-lichterman.217-160-28-49.plesk.page\/#\/schema\/logo\/image\/","url":"https:\/\/exciting-lichterman.217-160-28-49.plesk.page\/wp-content\/uploads\/2022\/04\/logo-K2.png","contentUrl":"https:\/\/exciting-lichterman.217-160-28-49.plesk.page\/wp-content\/uploads\/2022\/04\/logo-K2.png","width":155,"height":66,"caption":"K2group Distribution"},"image":{"@id":"https:\/\/exciting-lichterman.217-160-28-49.plesk.page\/#\/schema\/logo\/image\/"}}]}},"_links":{"self":[{"href":"https:\/\/exciting-lichterman.217-160-28-49.plesk.page\/de\/wp-json\/wp\/v2\/product\/11602","targetHints":{"allow":["GET"]}}],"collection":[{"href":"https:\/\/exciting-lichterman.217-160-28-49.plesk.page\/de\/wp-json\/wp\/v2\/product"}],"about":[{"href":"https:\/\/exciting-lichterman.217-160-28-49.plesk.page\/de\/wp-json\/wp\/v2\/types\/product"}],"replies":[{"embeddable":true,"href":"https:\/\/exciting-lichterman.217-160-28-49.plesk.page\/de\/wp-json\/wp\/v2\/comments?post=11602"}],"version-history":[{"count":5,"href":"https:\/\/exciting-lichterman.217-160-28-49.plesk.page\/de\/wp-json\/wp\/v2\/product\/11602\/revisions"}],"predecessor-version":[{"id":17497,"href":"https:\/\/exciting-lichterman.217-160-28-49.plesk.page\/de\/wp-json\/wp\/v2\/product\/11602\/revisions\/17497"}],"wp:featuredmedia":[{"embeddable":true,"href":"https:\/\/exciting-lichterman.217-160-28-49.plesk.page\/de\/wp-json\/wp\/v2\/media\/11604"}],"wp:attachment":[{"href":"https:\/\/exciting-lichterman.217-160-28-49.plesk.page\/de\/wp-json\/wp\/v2\/media?parent=11602"}],"wp:term":[{"taxonomy":"product_brand","embeddable":true,"href":"https:\/\/exciting-lichterman.217-160-28-49.plesk.page\/de\/wp-json\/wp\/v2\/product_brand?post=11602"},{"taxonomy":"product_cat","embeddable":true,"href":"https:\/\/exciting-lichterman.217-160-28-49.plesk.page\/de\/wp-json\/wp\/v2\/product_cat?post=11602"},{"taxonomy":"product_tag","embeddable":true,"href":"https:\/\/exciting-lichterman.217-160-28-49.plesk.page\/de\/wp-json\/wp\/v2\/product_tag?post=11602"}],"curies":[{"name":"wp","href":"https:\/\/api.w.org\/{rel}","templated":true}]}}