{"id":11598,"date":"2022-08-11T09:20:12","date_gmt":"2022-08-11T09:20:12","guid":{"rendered":"https:\/\/practical-elbakyan.82-165-223-183.plesk.page\/?post_type=product&#038;p=11598"},"modified":"2023-05-31T14:38:53","modified_gmt":"2023-05-31T14:38:53","slug":"dome-ip-5-mpxls-vf-2-8-12mm-5","status":"publish","type":"product","link":"https:\/\/exciting-lichterman.217-160-28-49.plesk.page\/de\/produkt\/dome-ip-5-mpxls-vf-2-8-12mm-5\/","title":{"rendered":"D\u00f4me IP &#8211; 5 MPXLS VF &#8211; 2.8-12mm"},"content":{"rendered":"<h2 style=\"font-family:Poppins;font-size:14px; font-weight:400!important; line-height:2\"> Il s&rsquo;agit d&rsquo;une cam\u00e9ra d\u00f4me IP de la marque HIKVISION, con\u00e7ue pour une surveillance vid\u00e9o de haute qualit\u00e9.<\/h2>\n<p>   Cette cam\u00e9ra offre une r\u00e9solution d&rsquo;image de 5 m\u00e9gapixels permettant une visualisation claire et d\u00e9taill\u00e9e de l&rsquo;environnement \u00e0 surveiller. La cam\u00e9ra est \u00e9quip\u00e9e d&rsquo;un objectif varifocal de 2.8-12MM, qui permet une mise au point facile et une meilleure qualit\u00e9 d&rsquo;image.<br \/>\nElle est \u00e9quip\u00e9e d&rsquo;un capteur CMOS pour une capture d&rsquo;image claire m\u00eame dans des conditions de faible luminosit\u00e9 et de la fonctionnalit\u00e9 de d\u00e9tection intelligente de mouvement qui vous permet de recevoir des alertes en temps r\u00e9el.<\/p>\n<p>Cette cam\u00e9ra dispose d&rsquo;une r\u00e9sistance \u00e9lev\u00e9e aux intemp\u00e9ries et \u00e0 la poussi\u00e8re gr\u00e2ce \u00e0 son bo\u00eetier en m\u00e9tal solide et robuste. Cette cam\u00e9ra peut \u00eatre utilis\u00e9e en ext\u00e9rieur et offre une r\u00e9sistance aux intemp\u00e9ries exceptionnelle. Elle est \u00e9galement \u00e9quip\u00e9e d&rsquo;un syst\u00e8me de chauffage int\u00e9gr\u00e9 qui permet de maintenir une temp\u00e9rature stable dans des conditions de froid extr\u00eame. Cette cam\u00e9ra est \u00e9galement compatible avec la compression vid\u00e9o H.265, qui permet de stocker des vid\u00e9os de haute qualit\u00e9 tout en \u00e9conomisant de l&rsquo;espace de stockage.<\/p>","protected":false},"excerpt":{"rendered":"<ul>\n<li><strong>R\u00e9f\u00e9rence : DS-2CD6D54FWD-IZHS<\/strong><\/li>\n<li>Type de cam\u00e9ra : Cam\u00e9ra r\u00e9seau multicapteur 4 directions<\/li>\n<li>Capteur D&rsquo;image : CMOS \u00e0 balayage progressif 1\/2,7\u2033<\/li>\n<li>R\u00e9solution Maximale : Chaque objectif jusqu&rsquo;\u00e0 5 MP (2560 x 1920)<\/li>\n<li>Mati\u00e8re : Alliage d&rsquo;aluminium, plastiques techniques<\/li>\n<li>Longueur Focale Et FOV : 2,8 mm \u00e0 8 mm, Champ de vision horizontal : 100\u00b0 \u00e0 49\u00b0, Champ de vision vertical : 72\u00b0 \u00e0 36,4\u00b0, Champ de vision diagonal : 134,4\u00b0 \u00e0 61,4\u00b0<\/li>\n<li>Monture De Lentilles : \u03a614<\/li>\n<li>Ouverture : F1.9<\/li>\n<li>Suppl\u00e9ment Light Range : Jusqu&rsquo;\u00e0 30 m<\/li>\n<li>Longueur D&rsquo;onde IR : 850 nm<\/li>\n<li>Compression Audio : Avec -S mod\u00e8le : G.711\/G.722.1\/G.726\/MP2L2\/PCM<\/li>\n<li>Compression De Vid\u00e9o : Flux principal : H.265+\/H.265\/H.264+\/H.264, flux secondaire : H.265\/H.264\/MJPEG, troisi\u00e8me flux : H.265\/H.264<\/li>\n<li>Dimension : \u00d8250 \u00d7 114,9 mm<\/li>\n<li>Poids : 2200g<\/li>\n<\/ul>","protected":false},"featured_media":11599,"comment_status":"open","ping_status":"closed","template":"","meta":{"_acf_changed":false},"product_brand":[],"product_cat":[390,715],"product_tag":[],"class_list":{"0":"post-11598","1":"product","2":"type-product","3":"status-publish","4":"has-post-thumbnail","6":"product_cat-alarmes-et-video","7":"product_cat-camera-ip","9":"first","10":"instock","11":"taxable","12":"shipping-taxable","13":"product-type-simple"},"acf":[],"yoast_head":"<!-- This site is optimized with the Yoast SEO plugin v27.4 - https:\/\/yoast.com\/product\/yoast-seo-wordpress\/ -->\n<title>D\u00f4me IP - 5 MPXLS VF - 2.8-12mm - K2group Distribution<\/title>\n<meta name=\"robots\" content=\"noindex, follow, max-snippet:-1, max-image-preview:large, max-video-preview:-1\" \/>\n<meta property=\"og:locale\" content=\"de_DE\" \/>\n<meta property=\"og:type\" content=\"article\" \/>\n<meta property=\"og:title\" content=\"D\u00f4me IP - 5 MPXLS VF - 2.8-12mm - K2group Distribution\" \/>\n<meta property=\"og:description\" content=\"R\u00e9f\u00e9rence : DS-2CD6D54FWD-IZHS  Type de cam\u00e9ra : Cam\u00e9ra r\u00e9seau multicapteur 4 directions  Capteur D&#039;image : CMOS \u00e0 balayage progressif 1\/2,7\u2033  R\u00e9solution Maximale : Chaque objectif jusqu&#039;\u00e0 5 MP (2560 x 1920)  Mati\u00e8re : Alliage d&#039;aluminium, plastiques techniques  Longueur Focale Et FOV : 2,8 mm \u00e0 8 mm, Champ de vision horizontal : 100\u00b0 \u00e0 49\u00b0, Champ de vision vertical : 72\u00b0 \u00e0 36,4\u00b0, Champ de vision diagonal : 134,4\u00b0 \u00e0 61,4\u00b0  Monture De Lentilles : \u03a614  Ouverture : F1.9  Suppl\u00e9ment Light Range : Jusqu&#039;\u00e0 30 m  Longueur D&#039;onde IR : 850 nm  Compression Audio : Avec -S mod\u00e8le : G.711\/G.722.1\/G.726\/MP2L2\/PCM  Compression De Vid\u00e9o : Flux principal : H.265+\/H.265\/H.264+\/H.264, flux secondaire : H.265\/H.264\/MJPEG, troisi\u00e8me flux : H.265\/H.264  Dimension : \u00d8250 \u00d7 114,9 mm  Poids : 2200g\" \/>\n<meta property=\"og:url\" content=\"https:\/\/exciting-lichterman.217-160-28-49.plesk.page\/de\/produkt\/dome-ip-5-mpxls-vf-2-8-12mm-5\/\" \/>\n<meta property=\"og:site_name\" content=\"K2group Distribution\" \/>\n<meta property=\"article:modified_time\" content=\"2023-05-31T14:38:53+00:00\" \/>\n<meta property=\"og:image\" content=\"https:\/\/exciting-lichterman.217-160-28-49.plesk.page\/wp-content\/uploads\/2022\/08\/DS-2CD6D54FWD-IZHS-01-scaled.webp\" \/>\n\t<meta property=\"og:image:width\" content=\"2560\" \/>\n\t<meta property=\"og:image:height\" content=\"2545\" \/>\n\t<meta property=\"og:image:type\" content=\"image\/webp\" \/>\n<meta name=\"twitter:card\" content=\"summary_large_image\" \/>\n<meta name=\"twitter:label1\" content=\"Gesch\u00e4tzte Lesezeit\" \/>\n\t<meta name=\"twitter:data1\" content=\"1\u00a0Minute\" \/>\n<script type=\"application\/ld+json\" class=\"yoast-schema-graph\">{\"@context\":\"https:\\\/\\\/schema.org\",\"@graph\":[{\"@type\":\"WebPage\",\"@id\":\"https:\\\/\\\/exciting-lichterman.217-160-28-49.plesk.page\\\/produit\\\/dome-ip-5-mpxls-vf-2-8-12mm-5\\\/\",\"url\":\"https:\\\/\\\/exciting-lichterman.217-160-28-49.plesk.page\\\/produit\\\/dome-ip-5-mpxls-vf-2-8-12mm-5\\\/\",\"name\":\"D\u00f4me IP - 5 MPXLS VF - 2.8-12mm - K2group Distribution\",\"isPartOf\":{\"@id\":\"https:\\\/\\\/exciting-lichterman.217-160-28-49.plesk.page\\\/#website\"},\"primaryImageOfPage\":{\"@id\":\"https:\\\/\\\/exciting-lichterman.217-160-28-49.plesk.page\\\/produit\\\/dome-ip-5-mpxls-vf-2-8-12mm-5\\\/#primaryimage\"},\"image\":{\"@id\":\"https:\\\/\\\/exciting-lichterman.217-160-28-49.plesk.page\\\/produit\\\/dome-ip-5-mpxls-vf-2-8-12mm-5\\\/#primaryimage\"},\"thumbnailUrl\":\"https:\\\/\\\/exciting-lichterman.217-160-28-49.plesk.page\\\/wp-content\\\/uploads\\\/2022\\\/08\\\/DS-2CD6D54FWD-IZHS-01-scaled.webp\",\"datePublished\":\"2022-08-11T09:20:12+00:00\",\"dateModified\":\"2023-05-31T14:38:53+00:00\",\"breadcrumb\":{\"@id\":\"https:\\\/\\\/exciting-lichterman.217-160-28-49.plesk.page\\\/produit\\\/dome-ip-5-mpxls-vf-2-8-12mm-5\\\/#breadcrumb\"},\"inLanguage\":\"de\",\"potentialAction\":[{\"@type\":\"ReadAction\",\"target\":[\"https:\\\/\\\/exciting-lichterman.217-160-28-49.plesk.page\\\/produit\\\/dome-ip-5-mpxls-vf-2-8-12mm-5\\\/\"]}]},{\"@type\":\"ImageObject\",\"inLanguage\":\"de\",\"@id\":\"https:\\\/\\\/exciting-lichterman.217-160-28-49.plesk.page\\\/produit\\\/dome-ip-5-mpxls-vf-2-8-12mm-5\\\/#primaryimage\",\"url\":\"https:\\\/\\\/exciting-lichterman.217-160-28-49.plesk.page\\\/wp-content\\\/uploads\\\/2022\\\/08\\\/DS-2CD6D54FWD-IZHS-01-scaled.webp\",\"contentUrl\":\"https:\\\/\\\/exciting-lichterman.217-160-28-49.plesk.page\\\/wp-content\\\/uploads\\\/2022\\\/08\\\/DS-2CD6D54FWD-IZHS-01-scaled.webp\",\"width\":2560,\"height\":2545},{\"@type\":\"BreadcrumbList\",\"@id\":\"https:\\\/\\\/exciting-lichterman.217-160-28-49.plesk.page\\\/produit\\\/dome-ip-5-mpxls-vf-2-8-12mm-5\\\/#breadcrumb\",\"itemListElement\":[{\"@type\":\"ListItem\",\"position\":1,\"name\":\"Accueil\",\"item\":\"https:\\\/\\\/exciting-lichterman.217-160-28-49.plesk.page\\\/\"},{\"@type\":\"ListItem\",\"position\":2,\"name\":\"Boutique\",\"item\":\"https:\\\/\\\/exciting-lichterman.217-160-28-49.plesk.page\\\/boutique\\\/\"},{\"@type\":\"ListItem\",\"position\":3,\"name\":\"D\u00f4me IP &#8211; 5 MPXLS VF &#8211; 2.8-12mm\"}]},{\"@type\":\"WebSite\",\"@id\":\"https:\\\/\\\/exciting-lichterman.217-160-28-49.plesk.page\\\/#website\",\"url\":\"https:\\\/\\\/exciting-lichterman.217-160-28-49.plesk.page\\\/\",\"name\":\"K2group Distribution\",\"description\":\"\",\"publisher\":{\"@id\":\"https:\\\/\\\/exciting-lichterman.217-160-28-49.plesk.page\\\/#organization\"},\"potentialAction\":[{\"@type\":\"SearchAction\",\"target\":{\"@type\":\"EntryPoint\",\"urlTemplate\":\"https:\\\/\\\/exciting-lichterman.217-160-28-49.plesk.page\\\/?s={search_term_string}\"},\"query-input\":{\"@type\":\"PropertyValueSpecification\",\"valueRequired\":true,\"valueName\":\"search_term_string\"}}],\"inLanguage\":\"de\"},{\"@type\":\"Organization\",\"@id\":\"https:\\\/\\\/exciting-lichterman.217-160-28-49.plesk.page\\\/#organization\",\"name\":\"K2group Distribution\",\"url\":\"https:\\\/\\\/exciting-lichterman.217-160-28-49.plesk.page\\\/\",\"logo\":{\"@type\":\"ImageObject\",\"inLanguage\":\"de\",\"@id\":\"https:\\\/\\\/exciting-lichterman.217-160-28-49.plesk.page\\\/#\\\/schema\\\/logo\\\/image\\\/\",\"url\":\"https:\\\/\\\/exciting-lichterman.217-160-28-49.plesk.page\\\/wp-content\\\/uploads\\\/2022\\\/04\\\/logo-K2.png\",\"contentUrl\":\"https:\\\/\\\/exciting-lichterman.217-160-28-49.plesk.page\\\/wp-content\\\/uploads\\\/2022\\\/04\\\/logo-K2.png\",\"width\":155,\"height\":66,\"caption\":\"K2group Distribution\"},\"image\":{\"@id\":\"https:\\\/\\\/exciting-lichterman.217-160-28-49.plesk.page\\\/#\\\/schema\\\/logo\\\/image\\\/\"}}]}<\/script>\n<!-- \/ Yoast SEO plugin. -->","yoast_head_json":{"title":"D\u00f4me IP - 5 MPXLS VF - 2.8-12mm - K2group Distribution","robots":{"index":"noindex","follow":"follow","max-snippet":"max-snippet:-1","max-image-preview":"max-image-preview:large","max-video-preview":"max-video-preview:-1"},"og_locale":"de_DE","og_type":"article","og_title":"D\u00f4me IP - 5 MPXLS VF - 2.8-12mm - K2group Distribution","og_description":"R\u00e9f\u00e9rence : DS-2CD6D54FWD-IZHS  Type de cam\u00e9ra : Cam\u00e9ra r\u00e9seau multicapteur 4 directions  Capteur D'image : CMOS \u00e0 balayage progressif 1\/2,7\u2033  R\u00e9solution Maximale : Chaque objectif jusqu'\u00e0 5 MP (2560 x 1920)  Mati\u00e8re : Alliage d'aluminium, plastiques techniques  Longueur Focale Et FOV : 2,8 mm \u00e0 8 mm, Champ de vision horizontal : 100\u00b0 \u00e0 49\u00b0, Champ de vision vertical : 72\u00b0 \u00e0 36,4\u00b0, Champ de vision diagonal : 134,4\u00b0 \u00e0 61,4\u00b0  Monture De Lentilles : \u03a614  Ouverture : F1.9  Suppl\u00e9ment Light Range : Jusqu'\u00e0 30 m  Longueur D'onde IR : 850 nm  Compression Audio : Avec -S mod\u00e8le : G.711\/G.722.1\/G.726\/MP2L2\/PCM  Compression De Vid\u00e9o : Flux principal : H.265+\/H.265\/H.264+\/H.264, flux secondaire : H.265\/H.264\/MJPEG, troisi\u00e8me flux : H.265\/H.264  Dimension : \u00d8250 \u00d7 114,9 mm  Poids : 2200g","og_url":"https:\/\/exciting-lichterman.217-160-28-49.plesk.page\/de\/produkt\/dome-ip-5-mpxls-vf-2-8-12mm-5\/","og_site_name":"K2group Distribution","article_modified_time":"2023-05-31T14:38:53+00:00","og_image":[{"width":2560,"height":2545,"url":"https:\/\/exciting-lichterman.217-160-28-49.plesk.page\/wp-content\/uploads\/2022\/08\/DS-2CD6D54FWD-IZHS-01-scaled.webp","type":"image\/webp"}],"twitter_card":"summary_large_image","twitter_misc":{"Gesch\u00e4tzte Lesezeit":"1\u00a0Minute"},"schema":{"@context":"https:\/\/schema.org","@graph":[{"@type":"WebPage","@id":"https:\/\/exciting-lichterman.217-160-28-49.plesk.page\/produit\/dome-ip-5-mpxls-vf-2-8-12mm-5\/","url":"https:\/\/exciting-lichterman.217-160-28-49.plesk.page\/produit\/dome-ip-5-mpxls-vf-2-8-12mm-5\/","name":"D\u00f4me IP - 5 MPXLS VF - 2.8-12mm - K2group Distribution","isPartOf":{"@id":"https:\/\/exciting-lichterman.217-160-28-49.plesk.page\/#website"},"primaryImageOfPage":{"@id":"https:\/\/exciting-lichterman.217-160-28-49.plesk.page\/produit\/dome-ip-5-mpxls-vf-2-8-12mm-5\/#primaryimage"},"image":{"@id":"https:\/\/exciting-lichterman.217-160-28-49.plesk.page\/produit\/dome-ip-5-mpxls-vf-2-8-12mm-5\/#primaryimage"},"thumbnailUrl":"https:\/\/exciting-lichterman.217-160-28-49.plesk.page\/wp-content\/uploads\/2022\/08\/DS-2CD6D54FWD-IZHS-01-scaled.webp","datePublished":"2022-08-11T09:20:12+00:00","dateModified":"2023-05-31T14:38:53+00:00","breadcrumb":{"@id":"https:\/\/exciting-lichterman.217-160-28-49.plesk.page\/produit\/dome-ip-5-mpxls-vf-2-8-12mm-5\/#breadcrumb"},"inLanguage":"de","potentialAction":[{"@type":"ReadAction","target":["https:\/\/exciting-lichterman.217-160-28-49.plesk.page\/produit\/dome-ip-5-mpxls-vf-2-8-12mm-5\/"]}]},{"@type":"ImageObject","inLanguage":"de","@id":"https:\/\/exciting-lichterman.217-160-28-49.plesk.page\/produit\/dome-ip-5-mpxls-vf-2-8-12mm-5\/#primaryimage","url":"https:\/\/exciting-lichterman.217-160-28-49.plesk.page\/wp-content\/uploads\/2022\/08\/DS-2CD6D54FWD-IZHS-01-scaled.webp","contentUrl":"https:\/\/exciting-lichterman.217-160-28-49.plesk.page\/wp-content\/uploads\/2022\/08\/DS-2CD6D54FWD-IZHS-01-scaled.webp","width":2560,"height":2545},{"@type":"BreadcrumbList","@id":"https:\/\/exciting-lichterman.217-160-28-49.plesk.page\/produit\/dome-ip-5-mpxls-vf-2-8-12mm-5\/#breadcrumb","itemListElement":[{"@type":"ListItem","position":1,"name":"Accueil","item":"https:\/\/exciting-lichterman.217-160-28-49.plesk.page\/"},{"@type":"ListItem","position":2,"name":"Boutique","item":"https:\/\/exciting-lichterman.217-160-28-49.plesk.page\/boutique\/"},{"@type":"ListItem","position":3,"name":"D\u00f4me IP &#8211; 5 MPXLS VF &#8211; 2.8-12mm"}]},{"@type":"WebSite","@id":"https:\/\/exciting-lichterman.217-160-28-49.plesk.page\/#website","url":"https:\/\/exciting-lichterman.217-160-28-49.plesk.page\/","name":"K2group Distribution","description":"","publisher":{"@id":"https:\/\/exciting-lichterman.217-160-28-49.plesk.page\/#organization"},"potentialAction":[{"@type":"SearchAction","target":{"@type":"EntryPoint","urlTemplate":"https:\/\/exciting-lichterman.217-160-28-49.plesk.page\/?s={search_term_string}"},"query-input":{"@type":"PropertyValueSpecification","valueRequired":true,"valueName":"search_term_string"}}],"inLanguage":"de"},{"@type":"Organization","@id":"https:\/\/exciting-lichterman.217-160-28-49.plesk.page\/#organization","name":"K2group Distribution","url":"https:\/\/exciting-lichterman.217-160-28-49.plesk.page\/","logo":{"@type":"ImageObject","inLanguage":"de","@id":"https:\/\/exciting-lichterman.217-160-28-49.plesk.page\/#\/schema\/logo\/image\/","url":"https:\/\/exciting-lichterman.217-160-28-49.plesk.page\/wp-content\/uploads\/2022\/04\/logo-K2.png","contentUrl":"https:\/\/exciting-lichterman.217-160-28-49.plesk.page\/wp-content\/uploads\/2022\/04\/logo-K2.png","width":155,"height":66,"caption":"K2group Distribution"},"image":{"@id":"https:\/\/exciting-lichterman.217-160-28-49.plesk.page\/#\/schema\/logo\/image\/"}}]}},"_links":{"self":[{"href":"https:\/\/exciting-lichterman.217-160-28-49.plesk.page\/de\/wp-json\/wp\/v2\/product\/11598","targetHints":{"allow":["GET"]}}],"collection":[{"href":"https:\/\/exciting-lichterman.217-160-28-49.plesk.page\/de\/wp-json\/wp\/v2\/product"}],"about":[{"href":"https:\/\/exciting-lichterman.217-160-28-49.plesk.page\/de\/wp-json\/wp\/v2\/types\/product"}],"replies":[{"embeddable":true,"href":"https:\/\/exciting-lichterman.217-160-28-49.plesk.page\/de\/wp-json\/wp\/v2\/comments?post=11598"}],"version-history":[{"count":5,"href":"https:\/\/exciting-lichterman.217-160-28-49.plesk.page\/de\/wp-json\/wp\/v2\/product\/11598\/revisions"}],"predecessor-version":[{"id":17494,"href":"https:\/\/exciting-lichterman.217-160-28-49.plesk.page\/de\/wp-json\/wp\/v2\/product\/11598\/revisions\/17494"}],"wp:featuredmedia":[{"embeddable":true,"href":"https:\/\/exciting-lichterman.217-160-28-49.plesk.page\/de\/wp-json\/wp\/v2\/media\/11599"}],"wp:attachment":[{"href":"https:\/\/exciting-lichterman.217-160-28-49.plesk.page\/de\/wp-json\/wp\/v2\/media?parent=11598"}],"wp:term":[{"taxonomy":"product_brand","embeddable":true,"href":"https:\/\/exciting-lichterman.217-160-28-49.plesk.page\/de\/wp-json\/wp\/v2\/product_brand?post=11598"},{"taxonomy":"product_cat","embeddable":true,"href":"https:\/\/exciting-lichterman.217-160-28-49.plesk.page\/de\/wp-json\/wp\/v2\/product_cat?post=11598"},{"taxonomy":"product_tag","embeddable":true,"href":"https:\/\/exciting-lichterman.217-160-28-49.plesk.page\/de\/wp-json\/wp\/v2\/product_tag?post=11598"}],"curies":[{"name":"wp","href":"https:\/\/api.w.org\/{rel}","templated":true}]}}