{"id":11583,"date":"2022-08-11T09:16:27","date_gmt":"2022-08-11T09:16:27","guid":{"rendered":"https:\/\/practical-elbakyan.82-165-223-183.plesk.page\/?post_type=product&#038;p=11583"},"modified":"2023-05-31T14:36:46","modified_gmt":"2023-05-31T14:36:46","slug":"dome-ip-5-mpxls-ff-2-8mm-2","status":"publish","type":"product","link":"https:\/\/exciting-lichterman.217-160-28-49.plesk.page\/de\/produkt\/dome-ip-5-mpxls-ff-2-8mm-2\/","title":{"rendered":"D\u00f4me IP &#8211; 5 MPXLS FF &#8211; 2.8mm"},"content":{"rendered":"<h2 style=\"font-family:Poppins;font-size:14px; font-weight:400!important; line-height:2\">   La cam\u00e9ra d\u00f4me IP DS-2CD1153G0-I(2.8mm) de la marque HIKVISION est un \u00e9quipement de surveillance haut de gamme con\u00e7ue pour fournir des images claires et d\u00e9taill\u00e9es dans une vari\u00e9t\u00e9 de situations.<\/h2>\n<p>Avec une r\u00e9solution de 5 m\u00e9gapixels, cette cam\u00e9ra peut fournir des images nettes et pr\u00e9cises permettant de visualiser tous les d\u00e9tails importants.<br \/>\nAinsi, son objectif fixe de 2,8 mm fournit une vue large et claire de la zone surveill\u00e9e tout en permettant de couvrir une zone plus grande et de d\u00e9tecter rapidement les \u00e9v\u00e9nements importants.<\/p>\n<p>Cette cam\u00e9ra d\u00f4me est \u00e9quip\u00e9e de nombreuses fonctionnalit\u00e9s avanc\u00e9es pour am\u00e9liorer la qualit\u00e9 de l&rsquo;image et la s\u00e9curit\u00e9 d&rsquo;utilisateur, c&rsquo;est pourquoi qu&rsquo;elle dispose d&rsquo;une d\u00e9tection de mouvement, d&rsquo;une r\u00e9duction du bruit num\u00e9rique, d&rsquo;une fonction jour\/nuit pour une surveillance efficace en basse luminosit\u00e9, et d&rsquo;un bo\u00eetier r\u00e9sistant aux intemp\u00e9ries pour une utilisation en ext\u00e9rieur.<\/p>","protected":false},"excerpt":{"rendered":"<ul>\n<li><strong>R\u00e9f\u00e9rence : DS-2CD1153G0-I(2.8mm)\u00a9<\/strong><\/li>\n<li>Type de cam\u00e9ra : Cam\u00e9ra d\u00f4me \u00e0 varifocal fixe<\/li>\n<li>R\u00e9solution Maximale : 5 MP (2560 \u00d7 1920)<\/li>\n<li>Type de focale : Objectif varifocale fixe, 2.8 mm<\/li>\n<li>Compression vid\u00e9o : H.265+\/H.265\/H.264+\/H.264<\/li>\n<li>Longueur D&rsquo;onde : 850nm<\/li>\n<li>Alimentation : 12 VCC \u00b1 25 %, 0,4 A, max. Fiche d&rsquo;alimentation coaxiale 5 W, \u00d85,5 mm<\/li>\n<li>PoE : 802.3af, Classe 3, 36 V \u00e0 57 V, 0,2 A \u00e0 0,15 A, max. 6,5 W<\/li>\n<li>Dimension : \u00d8110.8 mm \u00d7 84.7 mm<\/li>\n<li>Poids : Environ 520g<\/li>\n<\/ul>","protected":false},"featured_media":11584,"comment_status":"open","ping_status":"closed","template":"","meta":{"_acf_changed":false},"product_brand":[],"product_cat":[390,715],"product_tag":[],"class_list":{"0":"post-11583","1":"product","2":"type-product","3":"status-publish","4":"has-post-thumbnail","6":"product_cat-alarmes-et-video","7":"product_cat-camera-ip","9":"first","10":"instock","11":"taxable","12":"shipping-taxable","13":"product-type-simple"},"acf":[],"yoast_head":"<!-- This site is optimized with the Yoast SEO plugin v27.4 - https:\/\/yoast.com\/product\/yoast-seo-wordpress\/ -->\n<title>D\u00f4me IP - 5 MPXLS FF - 2.8mm - K2group Distribution<\/title>\n<meta name=\"robots\" content=\"noindex, follow, max-snippet:-1, max-image-preview:large, max-video-preview:-1\" \/>\n<meta property=\"og:locale\" content=\"de_DE\" \/>\n<meta property=\"og:type\" content=\"article\" \/>\n<meta property=\"og:title\" content=\"D\u00f4me IP - 5 MPXLS FF - 2.8mm - K2group Distribution\" \/>\n<meta property=\"og:description\" content=\"R\u00e9f\u00e9rence : DS-2CD1153G0-I(2.8mm)\u00a9  Type de cam\u00e9ra : Cam\u00e9ra d\u00f4me \u00e0 varifocal fixe  R\u00e9solution Maximale : 5 MP (2560 \u00d7 1920)  Type de focale : Objectif varifocale fixe, 2.8 mm  Compression vid\u00e9o : H.265+\/H.265\/H.264+\/H.264  Longueur D&#039;onde : 850nm  Alimentation : 12 VCC \u00b1 25 %, 0,4 A, max. Fiche d&#039;alimentation coaxiale 5 W, \u00d85,5 mm  PoE : 802.3af, Classe 3, 36 V \u00e0 57 V, 0,2 A \u00e0 0,15 A, max. 6,5 W  Dimension : \u00d8110.8 mm \u00d7 84.7 mm  Poids : Environ 520g\" \/>\n<meta property=\"og:url\" content=\"https:\/\/exciting-lichterman.217-160-28-49.plesk.page\/de\/produkt\/dome-ip-5-mpxls-ff-2-8mm-2\/\" \/>\n<meta property=\"og:site_name\" content=\"K2group Distribution\" \/>\n<meta property=\"article:modified_time\" content=\"2023-05-31T14:36:46+00:00\" \/>\n<meta property=\"og:image\" content=\"https:\/\/exciting-lichterman.217-160-28-49.plesk.page\/wp-content\/uploads\/2022\/08\/DS-2CD1153G0-I2.8mm\u00a9-01-scaled.webp\" \/>\n\t<meta property=\"og:image:width\" content=\"2560\" \/>\n\t<meta property=\"og:image:height\" content=\"2545\" \/>\n\t<meta property=\"og:image:type\" content=\"image\/webp\" \/>\n<meta name=\"twitter:card\" content=\"summary_large_image\" \/>\n<meta name=\"twitter:label1\" content=\"Gesch\u00e4tzte Lesezeit\" \/>\n\t<meta name=\"twitter:data1\" content=\"1\u00a0Minute\" \/>\n<script type=\"application\/ld+json\" class=\"yoast-schema-graph\">{\"@context\":\"https:\\\/\\\/schema.org\",\"@graph\":[{\"@type\":\"WebPage\",\"@id\":\"https:\\\/\\\/exciting-lichterman.217-160-28-49.plesk.page\\\/produit\\\/dome-ip-5-mpxls-ff-2-8mm-2\\\/\",\"url\":\"https:\\\/\\\/exciting-lichterman.217-160-28-49.plesk.page\\\/produit\\\/dome-ip-5-mpxls-ff-2-8mm-2\\\/\",\"name\":\"D\u00f4me IP - 5 MPXLS FF - 2.8mm - K2group Distribution\",\"isPartOf\":{\"@id\":\"https:\\\/\\\/exciting-lichterman.217-160-28-49.plesk.page\\\/#website\"},\"primaryImageOfPage\":{\"@id\":\"https:\\\/\\\/exciting-lichterman.217-160-28-49.plesk.page\\\/produit\\\/dome-ip-5-mpxls-ff-2-8mm-2\\\/#primaryimage\"},\"image\":{\"@id\":\"https:\\\/\\\/exciting-lichterman.217-160-28-49.plesk.page\\\/produit\\\/dome-ip-5-mpxls-ff-2-8mm-2\\\/#primaryimage\"},\"thumbnailUrl\":\"https:\\\/\\\/exciting-lichterman.217-160-28-49.plesk.page\\\/wp-content\\\/uploads\\\/2022\\\/08\\\/DS-2CD1153G0-I2.8mm\u00a9-01-scaled.webp\",\"datePublished\":\"2022-08-11T09:16:27+00:00\",\"dateModified\":\"2023-05-31T14:36:46+00:00\",\"breadcrumb\":{\"@id\":\"https:\\\/\\\/exciting-lichterman.217-160-28-49.plesk.page\\\/produit\\\/dome-ip-5-mpxls-ff-2-8mm-2\\\/#breadcrumb\"},\"inLanguage\":\"de\",\"potentialAction\":[{\"@type\":\"ReadAction\",\"target\":[\"https:\\\/\\\/exciting-lichterman.217-160-28-49.plesk.page\\\/produit\\\/dome-ip-5-mpxls-ff-2-8mm-2\\\/\"]}]},{\"@type\":\"ImageObject\",\"inLanguage\":\"de\",\"@id\":\"https:\\\/\\\/exciting-lichterman.217-160-28-49.plesk.page\\\/produit\\\/dome-ip-5-mpxls-ff-2-8mm-2\\\/#primaryimage\",\"url\":\"https:\\\/\\\/exciting-lichterman.217-160-28-49.plesk.page\\\/wp-content\\\/uploads\\\/2022\\\/08\\\/DS-2CD1153G0-I2.8mm\u00a9-01-scaled.webp\",\"contentUrl\":\"https:\\\/\\\/exciting-lichterman.217-160-28-49.plesk.page\\\/wp-content\\\/uploads\\\/2022\\\/08\\\/DS-2CD1153G0-I2.8mm\u00a9-01-scaled.webp\",\"width\":2560,\"height\":2545},{\"@type\":\"BreadcrumbList\",\"@id\":\"https:\\\/\\\/exciting-lichterman.217-160-28-49.plesk.page\\\/produit\\\/dome-ip-5-mpxls-ff-2-8mm-2\\\/#breadcrumb\",\"itemListElement\":[{\"@type\":\"ListItem\",\"position\":1,\"name\":\"Accueil\",\"item\":\"https:\\\/\\\/exciting-lichterman.217-160-28-49.plesk.page\\\/\"},{\"@type\":\"ListItem\",\"position\":2,\"name\":\"Boutique\",\"item\":\"https:\\\/\\\/exciting-lichterman.217-160-28-49.plesk.page\\\/boutique\\\/\"},{\"@type\":\"ListItem\",\"position\":3,\"name\":\"D\u00f4me IP &#8211; 5 MPXLS FF &#8211; 2.8mm\"}]},{\"@type\":\"WebSite\",\"@id\":\"https:\\\/\\\/exciting-lichterman.217-160-28-49.plesk.page\\\/#website\",\"url\":\"https:\\\/\\\/exciting-lichterman.217-160-28-49.plesk.page\\\/\",\"name\":\"K2group Distribution\",\"description\":\"\",\"publisher\":{\"@id\":\"https:\\\/\\\/exciting-lichterman.217-160-28-49.plesk.page\\\/#organization\"},\"potentialAction\":[{\"@type\":\"SearchAction\",\"target\":{\"@type\":\"EntryPoint\",\"urlTemplate\":\"https:\\\/\\\/exciting-lichterman.217-160-28-49.plesk.page\\\/?s={search_term_string}\"},\"query-input\":{\"@type\":\"PropertyValueSpecification\",\"valueRequired\":true,\"valueName\":\"search_term_string\"}}],\"inLanguage\":\"de\"},{\"@type\":\"Organization\",\"@id\":\"https:\\\/\\\/exciting-lichterman.217-160-28-49.plesk.page\\\/#organization\",\"name\":\"K2group Distribution\",\"url\":\"https:\\\/\\\/exciting-lichterman.217-160-28-49.plesk.page\\\/\",\"logo\":{\"@type\":\"ImageObject\",\"inLanguage\":\"de\",\"@id\":\"https:\\\/\\\/exciting-lichterman.217-160-28-49.plesk.page\\\/#\\\/schema\\\/logo\\\/image\\\/\",\"url\":\"https:\\\/\\\/exciting-lichterman.217-160-28-49.plesk.page\\\/wp-content\\\/uploads\\\/2022\\\/04\\\/logo-K2.png\",\"contentUrl\":\"https:\\\/\\\/exciting-lichterman.217-160-28-49.plesk.page\\\/wp-content\\\/uploads\\\/2022\\\/04\\\/logo-K2.png\",\"width\":155,\"height\":66,\"caption\":\"K2group Distribution\"},\"image\":{\"@id\":\"https:\\\/\\\/exciting-lichterman.217-160-28-49.plesk.page\\\/#\\\/schema\\\/logo\\\/image\\\/\"}}]}<\/script>\n<!-- \/ Yoast SEO plugin. -->","yoast_head_json":{"title":"D\u00f4me IP - 5 MPXLS FF - 2.8mm - K2group Distribution","robots":{"index":"noindex","follow":"follow","max-snippet":"max-snippet:-1","max-image-preview":"max-image-preview:large","max-video-preview":"max-video-preview:-1"},"og_locale":"de_DE","og_type":"article","og_title":"D\u00f4me IP - 5 MPXLS FF - 2.8mm - K2group Distribution","og_description":"R\u00e9f\u00e9rence : DS-2CD1153G0-I(2.8mm)\u00a9  Type de cam\u00e9ra : Cam\u00e9ra d\u00f4me \u00e0 varifocal fixe  R\u00e9solution Maximale : 5 MP (2560 \u00d7 1920)  Type de focale : Objectif varifocale fixe, 2.8 mm  Compression vid\u00e9o : H.265+\/H.265\/H.264+\/H.264  Longueur D'onde : 850nm  Alimentation : 12 VCC \u00b1 25 %, 0,4 A, max. Fiche d'alimentation coaxiale 5 W, \u00d85,5 mm  PoE : 802.3af, Classe 3, 36 V \u00e0 57 V, 0,2 A \u00e0 0,15 A, max. 6,5 W  Dimension : \u00d8110.8 mm \u00d7 84.7 mm  Poids : Environ 520g","og_url":"https:\/\/exciting-lichterman.217-160-28-49.plesk.page\/de\/produkt\/dome-ip-5-mpxls-ff-2-8mm-2\/","og_site_name":"K2group Distribution","article_modified_time":"2023-05-31T14:36:46+00:00","og_image":[{"width":2560,"height":2545,"url":"https:\/\/exciting-lichterman.217-160-28-49.plesk.page\/wp-content\/uploads\/2022\/08\/DS-2CD1153G0-I2.8mm\u00a9-01-scaled.webp","type":"image\/webp"}],"twitter_card":"summary_large_image","twitter_misc":{"Gesch\u00e4tzte Lesezeit":"1\u00a0Minute"},"schema":{"@context":"https:\/\/schema.org","@graph":[{"@type":"WebPage","@id":"https:\/\/exciting-lichterman.217-160-28-49.plesk.page\/produit\/dome-ip-5-mpxls-ff-2-8mm-2\/","url":"https:\/\/exciting-lichterman.217-160-28-49.plesk.page\/produit\/dome-ip-5-mpxls-ff-2-8mm-2\/","name":"D\u00f4me IP - 5 MPXLS FF - 2.8mm - K2group Distribution","isPartOf":{"@id":"https:\/\/exciting-lichterman.217-160-28-49.plesk.page\/#website"},"primaryImageOfPage":{"@id":"https:\/\/exciting-lichterman.217-160-28-49.plesk.page\/produit\/dome-ip-5-mpxls-ff-2-8mm-2\/#primaryimage"},"image":{"@id":"https:\/\/exciting-lichterman.217-160-28-49.plesk.page\/produit\/dome-ip-5-mpxls-ff-2-8mm-2\/#primaryimage"},"thumbnailUrl":"https:\/\/exciting-lichterman.217-160-28-49.plesk.page\/wp-content\/uploads\/2022\/08\/DS-2CD1153G0-I2.8mm\u00a9-01-scaled.webp","datePublished":"2022-08-11T09:16:27+00:00","dateModified":"2023-05-31T14:36:46+00:00","breadcrumb":{"@id":"https:\/\/exciting-lichterman.217-160-28-49.plesk.page\/produit\/dome-ip-5-mpxls-ff-2-8mm-2\/#breadcrumb"},"inLanguage":"de","potentialAction":[{"@type":"ReadAction","target":["https:\/\/exciting-lichterman.217-160-28-49.plesk.page\/produit\/dome-ip-5-mpxls-ff-2-8mm-2\/"]}]},{"@type":"ImageObject","inLanguage":"de","@id":"https:\/\/exciting-lichterman.217-160-28-49.plesk.page\/produit\/dome-ip-5-mpxls-ff-2-8mm-2\/#primaryimage","url":"https:\/\/exciting-lichterman.217-160-28-49.plesk.page\/wp-content\/uploads\/2022\/08\/DS-2CD1153G0-I2.8mm\u00a9-01-scaled.webp","contentUrl":"https:\/\/exciting-lichterman.217-160-28-49.plesk.page\/wp-content\/uploads\/2022\/08\/DS-2CD1153G0-I2.8mm\u00a9-01-scaled.webp","width":2560,"height":2545},{"@type":"BreadcrumbList","@id":"https:\/\/exciting-lichterman.217-160-28-49.plesk.page\/produit\/dome-ip-5-mpxls-ff-2-8mm-2\/#breadcrumb","itemListElement":[{"@type":"ListItem","position":1,"name":"Accueil","item":"https:\/\/exciting-lichterman.217-160-28-49.plesk.page\/"},{"@type":"ListItem","position":2,"name":"Boutique","item":"https:\/\/exciting-lichterman.217-160-28-49.plesk.page\/boutique\/"},{"@type":"ListItem","position":3,"name":"D\u00f4me IP &#8211; 5 MPXLS FF &#8211; 2.8mm"}]},{"@type":"WebSite","@id":"https:\/\/exciting-lichterman.217-160-28-49.plesk.page\/#website","url":"https:\/\/exciting-lichterman.217-160-28-49.plesk.page\/","name":"K2group Distribution","description":"","publisher":{"@id":"https:\/\/exciting-lichterman.217-160-28-49.plesk.page\/#organization"},"potentialAction":[{"@type":"SearchAction","target":{"@type":"EntryPoint","urlTemplate":"https:\/\/exciting-lichterman.217-160-28-49.plesk.page\/?s={search_term_string}"},"query-input":{"@type":"PropertyValueSpecification","valueRequired":true,"valueName":"search_term_string"}}],"inLanguage":"de"},{"@type":"Organization","@id":"https:\/\/exciting-lichterman.217-160-28-49.plesk.page\/#organization","name":"K2group Distribution","url":"https:\/\/exciting-lichterman.217-160-28-49.plesk.page\/","logo":{"@type":"ImageObject","inLanguage":"de","@id":"https:\/\/exciting-lichterman.217-160-28-49.plesk.page\/#\/schema\/logo\/image\/","url":"https:\/\/exciting-lichterman.217-160-28-49.plesk.page\/wp-content\/uploads\/2022\/04\/logo-K2.png","contentUrl":"https:\/\/exciting-lichterman.217-160-28-49.plesk.page\/wp-content\/uploads\/2022\/04\/logo-K2.png","width":155,"height":66,"caption":"K2group Distribution"},"image":{"@id":"https:\/\/exciting-lichterman.217-160-28-49.plesk.page\/#\/schema\/logo\/image\/"}}]}},"_links":{"self":[{"href":"https:\/\/exciting-lichterman.217-160-28-49.plesk.page\/de\/wp-json\/wp\/v2\/product\/11583","targetHints":{"allow":["GET"]}}],"collection":[{"href":"https:\/\/exciting-lichterman.217-160-28-49.plesk.page\/de\/wp-json\/wp\/v2\/product"}],"about":[{"href":"https:\/\/exciting-lichterman.217-160-28-49.plesk.page\/de\/wp-json\/wp\/v2\/types\/product"}],"replies":[{"embeddable":true,"href":"https:\/\/exciting-lichterman.217-160-28-49.plesk.page\/de\/wp-json\/wp\/v2\/comments?post=11583"}],"version-history":[{"count":5,"href":"https:\/\/exciting-lichterman.217-160-28-49.plesk.page\/de\/wp-json\/wp\/v2\/product\/11583\/revisions"}],"predecessor-version":[{"id":17490,"href":"https:\/\/exciting-lichterman.217-160-28-49.plesk.page\/de\/wp-json\/wp\/v2\/product\/11583\/revisions\/17490"}],"wp:featuredmedia":[{"embeddable":true,"href":"https:\/\/exciting-lichterman.217-160-28-49.plesk.page\/de\/wp-json\/wp\/v2\/media\/11584"}],"wp:attachment":[{"href":"https:\/\/exciting-lichterman.217-160-28-49.plesk.page\/de\/wp-json\/wp\/v2\/media?parent=11583"}],"wp:term":[{"taxonomy":"product_brand","embeddable":true,"href":"https:\/\/exciting-lichterman.217-160-28-49.plesk.page\/de\/wp-json\/wp\/v2\/product_brand?post=11583"},{"taxonomy":"product_cat","embeddable":true,"href":"https:\/\/exciting-lichterman.217-160-28-49.plesk.page\/de\/wp-json\/wp\/v2\/product_cat?post=11583"},{"taxonomy":"product_tag","embeddable":true,"href":"https:\/\/exciting-lichterman.217-160-28-49.plesk.page\/de\/wp-json\/wp\/v2\/product_tag?post=11583"}],"curies":[{"name":"wp","href":"https:\/\/api.w.org\/{rel}","templated":true}]}}