{"id":11580,"date":"2022-08-11T09:16:31","date_gmt":"2022-08-11T09:16:31","guid":{"rendered":"https:\/\/practical-elbakyan.82-165-223-183.plesk.page\/?post_type=product&#038;p=11580"},"modified":"2023-05-31T14:36:25","modified_gmt":"2023-05-31T14:36:25","slug":"dome-ip-5-mpxls-ff-2-8mm-3","status":"publish","type":"product","link":"https:\/\/exciting-lichterman.217-160-28-49.plesk.page\/de\/produkt\/dome-ip-5-mpxls-ff-2-8mm-3\/","title":{"rendered":"D\u00f4me IP &#8211; 5 MPXLS FF &#8211; 2.8mm"},"content":{"rendered":"<h2 style=\"font-family:Poppins;font-size:14px; font-weight:400!important; line-height:2\">   La cam\u00e9ra d\u00f4me IP 5 MPXLS FF &#8211; 2.8MM de la marque HIKVISION est un produit de qualit\u00e9 sup\u00e9rieure con\u00e7u pour r\u00e9pondre aux besoins de surveillance les plus exigeants.<\/h2>\n<p> Avec une r\u00e9solution de 5 m\u00e9gapixels FF, cette cam\u00e9ra fournit des images claires et nettes, permettant une visualisation d\u00e9taill\u00e9e des zones surveill\u00e9es. Le capteur CMOS de haute qualit\u00e9 permet \u00e9galement d&rsquo;obtenir des images de qualit\u00e9 m\u00eame dans des conditions de faible luminosit\u00e9. Avec un objectif fixe de 2,8 mm, cette cam\u00e9ra offre un champ de vision \u00e9tendu, ce qui en fait un choix id\u00e9al pour la surveillance de grandes zones.<\/p>\n<p>Cette cam\u00e9ra est \u00e9galement \u00e9quip\u00e9e de fonctionnalit\u00e9s avanc\u00e9es pour une surveillance plus efficace et s\u00e9curis\u00e9e. Elle dispose d&rsquo;un mode jour\/nuit automatique, d&rsquo;un filtre infrarouge amovible, et d&rsquo;une plage dynamique \u00e9tendue pour une surveillance optimale dans des conditions de luminosit\u00e9 variables.<\/p>\n<p>De plus, cette cam\u00e9ra d\u00f4me IP peut \u00e9galement \u00eatre utilis\u00e9e avec une vari\u00e9t\u00e9 de protocoles de r\u00e9seau, offrant une int\u00e9gration facile dans les syst\u00e8mes de surveillance existants.<\/p>","protected":false},"excerpt":{"rendered":"<ul>\n<li><strong>R\u00e9f\u00e9rence : DS-2CD1353G0-I(2.8mm)<\/strong><\/li>\n<li>Type de cam\u00e9ra : Cam\u00e9ra d\u00f4me \u00e0 varifocal fixe<\/li>\n<li>R\u00e9solution Maximale : 5 MP (2560 \u00d7 1920)<\/li>\n<li>Type de focale : Objectif varifocale fixe, 2.8 mm<\/li>\n<li>Compression vid\u00e9o : H.265+\/H.265\/H.264+\/H.264<\/li>\n<li>Longueur D&rsquo;onde : 850nm<\/li>\n<li>Alimentation : 12 VCC \u00b1 25 %, 0,4 A, max. Fiche d&rsquo;alimentation coaxiale 5 W, \u00d85,5 mm, PoE : 802.3af, Classe 3, 36 V \u00e0 57 V, 0,2 A \u00e0 0,15 A, max. 6,5 W<\/li>\n<li>Protection : IP67: IEC 60529-2013<\/li>\n<li>Dimension : \u00d8110 mm \u00d7 85.3 mm<\/li>\n<li>Poids : Environ 330g<\/li>\n<\/ul>","protected":false},"featured_media":11589,"comment_status":"open","ping_status":"closed","template":"","meta":{"_acf_changed":false},"product_brand":[],"product_cat":[390,715],"product_tag":[],"class_list":{"0":"post-11580","1":"product","2":"type-product","3":"status-publish","4":"has-post-thumbnail","6":"product_cat-alarmes-et-video","7":"product_cat-camera-ip","9":"first","10":"instock","11":"taxable","12":"shipping-taxable","13":"product-type-simple"},"acf":[],"yoast_head":"<!-- This site is optimized with the Yoast SEO plugin v27.4 - https:\/\/yoast.com\/product\/yoast-seo-wordpress\/ -->\n<title>D\u00f4me IP - 5 MPXLS FF - 2.8mm - K2group Distribution<\/title>\n<meta name=\"robots\" content=\"noindex, follow, max-snippet:-1, max-image-preview:large, max-video-preview:-1\" \/>\n<meta property=\"og:locale\" content=\"de_DE\" \/>\n<meta property=\"og:type\" content=\"article\" \/>\n<meta property=\"og:title\" content=\"D\u00f4me IP - 5 MPXLS FF - 2.8mm - K2group Distribution\" \/>\n<meta property=\"og:description\" content=\"R\u00e9f\u00e9rence : DS-2CD1353G0-I(2.8mm)  Type de cam\u00e9ra : Cam\u00e9ra d\u00f4me \u00e0 varifocal fixe  R\u00e9solution Maximale : 5 MP (2560 \u00d7 1920)  Type de focale : Objectif varifocale fixe, 2.8 mm  Compression vid\u00e9o : H.265+\/H.265\/H.264+\/H.264  Longueur D&#039;onde : 850nm  Alimentation : 12 VCC \u00b1 25 %, 0,4 A, max. Fiche d&#039;alimentation coaxiale 5 W, \u00d85,5 mm, PoE : 802.3af, Classe 3, 36 V \u00e0 57 V, 0,2 A \u00e0 0,15 A, max. 6,5 W  Protection : IP67: IEC 60529-2013  Dimension : \u00d8110 mm \u00d7 85.3 mm  Poids : Environ 330g\" \/>\n<meta property=\"og:url\" content=\"https:\/\/exciting-lichterman.217-160-28-49.plesk.page\/de\/produkt\/dome-ip-5-mpxls-ff-2-8mm-3\/\" \/>\n<meta property=\"og:site_name\" content=\"K2group Distribution\" \/>\n<meta property=\"article:modified_time\" content=\"2023-05-31T14:36:25+00:00\" \/>\n<meta property=\"og:image\" content=\"https:\/\/exciting-lichterman.217-160-28-49.plesk.page\/wp-content\/uploads\/2022\/08\/DS-2CD1353G0-I2.8mm-01-scaled.webp\" \/>\n\t<meta property=\"og:image:width\" content=\"2560\" \/>\n\t<meta property=\"og:image:height\" content=\"2545\" \/>\n\t<meta property=\"og:image:type\" content=\"image\/webp\" \/>\n<meta name=\"twitter:card\" content=\"summary_large_image\" \/>\n<meta name=\"twitter:label1\" content=\"Gesch\u00e4tzte Lesezeit\" \/>\n\t<meta name=\"twitter:data1\" content=\"1\u00a0Minute\" \/>\n<script type=\"application\/ld+json\" class=\"yoast-schema-graph\">{\"@context\":\"https:\\\/\\\/schema.org\",\"@graph\":[{\"@type\":\"WebPage\",\"@id\":\"https:\\\/\\\/exciting-lichterman.217-160-28-49.plesk.page\\\/produit\\\/dome-ip-5-mpxls-ff-2-8mm-3\\\/\",\"url\":\"https:\\\/\\\/exciting-lichterman.217-160-28-49.plesk.page\\\/produit\\\/dome-ip-5-mpxls-ff-2-8mm-3\\\/\",\"name\":\"D\u00f4me IP - 5 MPXLS FF - 2.8mm - K2group Distribution\",\"isPartOf\":{\"@id\":\"https:\\\/\\\/exciting-lichterman.217-160-28-49.plesk.page\\\/#website\"},\"primaryImageOfPage\":{\"@id\":\"https:\\\/\\\/exciting-lichterman.217-160-28-49.plesk.page\\\/produit\\\/dome-ip-5-mpxls-ff-2-8mm-3\\\/#primaryimage\"},\"image\":{\"@id\":\"https:\\\/\\\/exciting-lichterman.217-160-28-49.plesk.page\\\/produit\\\/dome-ip-5-mpxls-ff-2-8mm-3\\\/#primaryimage\"},\"thumbnailUrl\":\"https:\\\/\\\/exciting-lichterman.217-160-28-49.plesk.page\\\/wp-content\\\/uploads\\\/2022\\\/08\\\/DS-2CD1353G0-I2.8mm-01-scaled.webp\",\"datePublished\":\"2022-08-11T09:16:31+00:00\",\"dateModified\":\"2023-05-31T14:36:25+00:00\",\"breadcrumb\":{\"@id\":\"https:\\\/\\\/exciting-lichterman.217-160-28-49.plesk.page\\\/produit\\\/dome-ip-5-mpxls-ff-2-8mm-3\\\/#breadcrumb\"},\"inLanguage\":\"de\",\"potentialAction\":[{\"@type\":\"ReadAction\",\"target\":[\"https:\\\/\\\/exciting-lichterman.217-160-28-49.plesk.page\\\/produit\\\/dome-ip-5-mpxls-ff-2-8mm-3\\\/\"]}]},{\"@type\":\"ImageObject\",\"inLanguage\":\"de\",\"@id\":\"https:\\\/\\\/exciting-lichterman.217-160-28-49.plesk.page\\\/produit\\\/dome-ip-5-mpxls-ff-2-8mm-3\\\/#primaryimage\",\"url\":\"https:\\\/\\\/exciting-lichterman.217-160-28-49.plesk.page\\\/wp-content\\\/uploads\\\/2022\\\/08\\\/DS-2CD1353G0-I2.8mm-01-scaled.webp\",\"contentUrl\":\"https:\\\/\\\/exciting-lichterman.217-160-28-49.plesk.page\\\/wp-content\\\/uploads\\\/2022\\\/08\\\/DS-2CD1353G0-I2.8mm-01-scaled.webp\",\"width\":2560,\"height\":2545},{\"@type\":\"BreadcrumbList\",\"@id\":\"https:\\\/\\\/exciting-lichterman.217-160-28-49.plesk.page\\\/produit\\\/dome-ip-5-mpxls-ff-2-8mm-3\\\/#breadcrumb\",\"itemListElement\":[{\"@type\":\"ListItem\",\"position\":1,\"name\":\"Accueil\",\"item\":\"https:\\\/\\\/exciting-lichterman.217-160-28-49.plesk.page\\\/\"},{\"@type\":\"ListItem\",\"position\":2,\"name\":\"Boutique\",\"item\":\"https:\\\/\\\/exciting-lichterman.217-160-28-49.plesk.page\\\/boutique\\\/\"},{\"@type\":\"ListItem\",\"position\":3,\"name\":\"D\u00f4me IP &#8211; 5 MPXLS FF &#8211; 2.8mm\"}]},{\"@type\":\"WebSite\",\"@id\":\"https:\\\/\\\/exciting-lichterman.217-160-28-49.plesk.page\\\/#website\",\"url\":\"https:\\\/\\\/exciting-lichterman.217-160-28-49.plesk.page\\\/\",\"name\":\"K2group Distribution\",\"description\":\"\",\"publisher\":{\"@id\":\"https:\\\/\\\/exciting-lichterman.217-160-28-49.plesk.page\\\/#organization\"},\"potentialAction\":[{\"@type\":\"SearchAction\",\"target\":{\"@type\":\"EntryPoint\",\"urlTemplate\":\"https:\\\/\\\/exciting-lichterman.217-160-28-49.plesk.page\\\/?s={search_term_string}\"},\"query-input\":{\"@type\":\"PropertyValueSpecification\",\"valueRequired\":true,\"valueName\":\"search_term_string\"}}],\"inLanguage\":\"de\"},{\"@type\":\"Organization\",\"@id\":\"https:\\\/\\\/exciting-lichterman.217-160-28-49.plesk.page\\\/#organization\",\"name\":\"K2group Distribution\",\"url\":\"https:\\\/\\\/exciting-lichterman.217-160-28-49.plesk.page\\\/\",\"logo\":{\"@type\":\"ImageObject\",\"inLanguage\":\"de\",\"@id\":\"https:\\\/\\\/exciting-lichterman.217-160-28-49.plesk.page\\\/#\\\/schema\\\/logo\\\/image\\\/\",\"url\":\"https:\\\/\\\/exciting-lichterman.217-160-28-49.plesk.page\\\/wp-content\\\/uploads\\\/2022\\\/04\\\/logo-K2.png\",\"contentUrl\":\"https:\\\/\\\/exciting-lichterman.217-160-28-49.plesk.page\\\/wp-content\\\/uploads\\\/2022\\\/04\\\/logo-K2.png\",\"width\":155,\"height\":66,\"caption\":\"K2group Distribution\"},\"image\":{\"@id\":\"https:\\\/\\\/exciting-lichterman.217-160-28-49.plesk.page\\\/#\\\/schema\\\/logo\\\/image\\\/\"}}]}<\/script>\n<!-- \/ Yoast SEO plugin. -->","yoast_head_json":{"title":"D\u00f4me IP - 5 MPXLS FF - 2.8mm - K2group Distribution","robots":{"index":"noindex","follow":"follow","max-snippet":"max-snippet:-1","max-image-preview":"max-image-preview:large","max-video-preview":"max-video-preview:-1"},"og_locale":"de_DE","og_type":"article","og_title":"D\u00f4me IP - 5 MPXLS FF - 2.8mm - K2group Distribution","og_description":"R\u00e9f\u00e9rence : DS-2CD1353G0-I(2.8mm)  Type de cam\u00e9ra : Cam\u00e9ra d\u00f4me \u00e0 varifocal fixe  R\u00e9solution Maximale : 5 MP (2560 \u00d7 1920)  Type de focale : Objectif varifocale fixe, 2.8 mm  Compression vid\u00e9o : H.265+\/H.265\/H.264+\/H.264  Longueur D'onde : 850nm  Alimentation : 12 VCC \u00b1 25 %, 0,4 A, max. Fiche d'alimentation coaxiale 5 W, \u00d85,5 mm, PoE : 802.3af, Classe 3, 36 V \u00e0 57 V, 0,2 A \u00e0 0,15 A, max. 6,5 W  Protection : IP67: IEC 60529-2013  Dimension : \u00d8110 mm \u00d7 85.3 mm  Poids : Environ 330g","og_url":"https:\/\/exciting-lichterman.217-160-28-49.plesk.page\/de\/produkt\/dome-ip-5-mpxls-ff-2-8mm-3\/","og_site_name":"K2group Distribution","article_modified_time":"2023-05-31T14:36:25+00:00","og_image":[{"width":2560,"height":2545,"url":"https:\/\/exciting-lichterman.217-160-28-49.plesk.page\/wp-content\/uploads\/2022\/08\/DS-2CD1353G0-I2.8mm-01-scaled.webp","type":"image\/webp"}],"twitter_card":"summary_large_image","twitter_misc":{"Gesch\u00e4tzte Lesezeit":"1\u00a0Minute"},"schema":{"@context":"https:\/\/schema.org","@graph":[{"@type":"WebPage","@id":"https:\/\/exciting-lichterman.217-160-28-49.plesk.page\/produit\/dome-ip-5-mpxls-ff-2-8mm-3\/","url":"https:\/\/exciting-lichterman.217-160-28-49.plesk.page\/produit\/dome-ip-5-mpxls-ff-2-8mm-3\/","name":"D\u00f4me IP - 5 MPXLS FF - 2.8mm - K2group Distribution","isPartOf":{"@id":"https:\/\/exciting-lichterman.217-160-28-49.plesk.page\/#website"},"primaryImageOfPage":{"@id":"https:\/\/exciting-lichterman.217-160-28-49.plesk.page\/produit\/dome-ip-5-mpxls-ff-2-8mm-3\/#primaryimage"},"image":{"@id":"https:\/\/exciting-lichterman.217-160-28-49.plesk.page\/produit\/dome-ip-5-mpxls-ff-2-8mm-3\/#primaryimage"},"thumbnailUrl":"https:\/\/exciting-lichterman.217-160-28-49.plesk.page\/wp-content\/uploads\/2022\/08\/DS-2CD1353G0-I2.8mm-01-scaled.webp","datePublished":"2022-08-11T09:16:31+00:00","dateModified":"2023-05-31T14:36:25+00:00","breadcrumb":{"@id":"https:\/\/exciting-lichterman.217-160-28-49.plesk.page\/produit\/dome-ip-5-mpxls-ff-2-8mm-3\/#breadcrumb"},"inLanguage":"de","potentialAction":[{"@type":"ReadAction","target":["https:\/\/exciting-lichterman.217-160-28-49.plesk.page\/produit\/dome-ip-5-mpxls-ff-2-8mm-3\/"]}]},{"@type":"ImageObject","inLanguage":"de","@id":"https:\/\/exciting-lichterman.217-160-28-49.plesk.page\/produit\/dome-ip-5-mpxls-ff-2-8mm-3\/#primaryimage","url":"https:\/\/exciting-lichterman.217-160-28-49.plesk.page\/wp-content\/uploads\/2022\/08\/DS-2CD1353G0-I2.8mm-01-scaled.webp","contentUrl":"https:\/\/exciting-lichterman.217-160-28-49.plesk.page\/wp-content\/uploads\/2022\/08\/DS-2CD1353G0-I2.8mm-01-scaled.webp","width":2560,"height":2545},{"@type":"BreadcrumbList","@id":"https:\/\/exciting-lichterman.217-160-28-49.plesk.page\/produit\/dome-ip-5-mpxls-ff-2-8mm-3\/#breadcrumb","itemListElement":[{"@type":"ListItem","position":1,"name":"Accueil","item":"https:\/\/exciting-lichterman.217-160-28-49.plesk.page\/"},{"@type":"ListItem","position":2,"name":"Boutique","item":"https:\/\/exciting-lichterman.217-160-28-49.plesk.page\/boutique\/"},{"@type":"ListItem","position":3,"name":"D\u00f4me IP &#8211; 5 MPXLS FF &#8211; 2.8mm"}]},{"@type":"WebSite","@id":"https:\/\/exciting-lichterman.217-160-28-49.plesk.page\/#website","url":"https:\/\/exciting-lichterman.217-160-28-49.plesk.page\/","name":"K2group Distribution","description":"","publisher":{"@id":"https:\/\/exciting-lichterman.217-160-28-49.plesk.page\/#organization"},"potentialAction":[{"@type":"SearchAction","target":{"@type":"EntryPoint","urlTemplate":"https:\/\/exciting-lichterman.217-160-28-49.plesk.page\/?s={search_term_string}"},"query-input":{"@type":"PropertyValueSpecification","valueRequired":true,"valueName":"search_term_string"}}],"inLanguage":"de"},{"@type":"Organization","@id":"https:\/\/exciting-lichterman.217-160-28-49.plesk.page\/#organization","name":"K2group Distribution","url":"https:\/\/exciting-lichterman.217-160-28-49.plesk.page\/","logo":{"@type":"ImageObject","inLanguage":"de","@id":"https:\/\/exciting-lichterman.217-160-28-49.plesk.page\/#\/schema\/logo\/image\/","url":"https:\/\/exciting-lichterman.217-160-28-49.plesk.page\/wp-content\/uploads\/2022\/04\/logo-K2.png","contentUrl":"https:\/\/exciting-lichterman.217-160-28-49.plesk.page\/wp-content\/uploads\/2022\/04\/logo-K2.png","width":155,"height":66,"caption":"K2group Distribution"},"image":{"@id":"https:\/\/exciting-lichterman.217-160-28-49.plesk.page\/#\/schema\/logo\/image\/"}}]}},"_links":{"self":[{"href":"https:\/\/exciting-lichterman.217-160-28-49.plesk.page\/de\/wp-json\/wp\/v2\/product\/11580","targetHints":{"allow":["GET"]}}],"collection":[{"href":"https:\/\/exciting-lichterman.217-160-28-49.plesk.page\/de\/wp-json\/wp\/v2\/product"}],"about":[{"href":"https:\/\/exciting-lichterman.217-160-28-49.plesk.page\/de\/wp-json\/wp\/v2\/types\/product"}],"replies":[{"embeddable":true,"href":"https:\/\/exciting-lichterman.217-160-28-49.plesk.page\/de\/wp-json\/wp\/v2\/comments?post=11580"}],"version-history":[{"count":6,"href":"https:\/\/exciting-lichterman.217-160-28-49.plesk.page\/de\/wp-json\/wp\/v2\/product\/11580\/revisions"}],"predecessor-version":[{"id":17489,"href":"https:\/\/exciting-lichterman.217-160-28-49.plesk.page\/de\/wp-json\/wp\/v2\/product\/11580\/revisions\/17489"}],"wp:featuredmedia":[{"embeddable":true,"href":"https:\/\/exciting-lichterman.217-160-28-49.plesk.page\/de\/wp-json\/wp\/v2\/media\/11589"}],"wp:attachment":[{"href":"https:\/\/exciting-lichterman.217-160-28-49.plesk.page\/de\/wp-json\/wp\/v2\/media?parent=11580"}],"wp:term":[{"taxonomy":"product_brand","embeddable":true,"href":"https:\/\/exciting-lichterman.217-160-28-49.plesk.page\/de\/wp-json\/wp\/v2\/product_brand?post=11580"},{"taxonomy":"product_cat","embeddable":true,"href":"https:\/\/exciting-lichterman.217-160-28-49.plesk.page\/de\/wp-json\/wp\/v2\/product_cat?post=11580"},{"taxonomy":"product_tag","embeddable":true,"href":"https:\/\/exciting-lichterman.217-160-28-49.plesk.page\/de\/wp-json\/wp\/v2\/product_tag?post=11580"}],"curies":[{"name":"wp","href":"https:\/\/api.w.org\/{rel}","templated":true}]}}