{"id":11573,"date":"2022-08-11T09:00:01","date_gmt":"2022-08-11T09:00:01","guid":{"rendered":"https:\/\/practical-elbakyan.82-165-223-183.plesk.page\/?post_type=product&#038;p=11573"},"modified":"2023-05-31T14:34:35","modified_gmt":"2023-05-31T14:34:35","slug":"dome-ip-5-mpxls-vf-2-7-13-5mm","status":"publish","type":"product","link":"https:\/\/exciting-lichterman.217-160-28-49.plesk.page\/de\/produkt\/dome-ip-5-mpxls-vf-2-7-13-5mm\/","title":{"rendered":"D\u00f4me IP &#8211; 5 MPXLS &#8211; VF &#8211; 2.7 &#8211; 13.5mm"},"content":{"rendered":"<h2 style=\"font-family:Poppins;font-size:14px; font-weight:400!important; line-height:2\">  K2 vous pr\u00e9sente la cam\u00e9ra d\u00f4me IP 5 m\u00e9gapixels &#8211; VF &#8211; 2.7 &#8211; 13.5MM de la marque populaire HIKVISION qui est un choix parfait pour la surveillance de haute qualit\u00e9.<\/h2>\n<p>Cette cam\u00e9ra IP est \u00e9quip\u00e9e d&rsquo;un capteur d&rsquo;image de 5 m\u00e9gapixels qui produit des images nettes et claires gr\u00e2ce \u00e0 son objectif varifocal allant de 2,7 \u00e0 13,5 mm qui permet d&rsquo;obtenir un zoom pr\u00e9cis pour une surveillance de pr\u00e8s ou de loin.<\/p>\n<p>Cette cam\u00e9ra est con\u00e7ue pour r\u00e9sister aux intemp\u00e9ries et aux conditions ext\u00e9rieures difficiles gr\u00e2ce \u00e0 son bo\u00eetier robuste et \u00e9tanche. Elle est \u00e9quip\u00e9e d&rsquo;un \u00e9clairage infrarouge pour une vision nocturne claire et pr\u00e9cise jusqu&rsquo;\u00e0 une distance de 30 m\u00e8tres. En outre, elle est dot\u00e9e d&rsquo;un autofocus rapide qui permet une mise au point rapide et pr\u00e9cise pour une surveillance efficace \u00e0 tout moment.<\/p>\n<p>La cam\u00e9ra est facile \u00e0 installer et \u00e0 int\u00e9grer dans un syst\u00e8me de surveillance existant. Elle prend en charge les protocoles de r\u00e9seau les plus courants, tels que le protocole de streaming en temps r\u00e9el (RTSP) et le protocole de contr\u00f4le d&rsquo;acc\u00e8s aux objets (ONVIF). Avec sa qualit\u00e9 d&rsquo;image sup\u00e9rieure, sa robustesse et sa facilit\u00e9 d&rsquo;utilisation, la cam\u00e9ra d\u00f4me IP DS-2CD3756G2-IZS(2.7-13.5mm) est un choix id\u00e9al pour une surveillance optimale.<\/p>","protected":false},"excerpt":{"rendered":"<ul>\n<li><strong>R\u00e9f\u00e9rence : DS-2CD3756G2-IZS(2.7-13.5mm)\u00a9<\/strong><\/li>\n<li>Type de cam\u00e9ra : Cam\u00e9ra d\u00f4me \u00e0 varifocal motoris\u00e9<\/li>\n<li>R\u00e9solution Maximale : 5 MP (2592 \u00d7 1944)<\/li>\n<li>Type de focale : Objectif varifocale motoris\u00e9, 2,7 \u00e0 13,5 mm<\/li>\n<li>Compression vid\u00e9o : H.265\/H.264\/H.264+\/H.265+<\/li>\n<li>Longueur D&rsquo;onde : 850nm<\/li>\n<li>Alimentation : 12 VCC \u00b1 25 %, 0,9 A, max. Fiche d&rsquo;alimentation coaxiale 10,8 W, \u00d85,5 mm 24 VCA \u00b1 20 %, 0,75 A, 50\/60 Hz, max. 10,8 W PoE : 802.3af, Classe 3, 36 V \u00e0 57 V, 0,36 A \u00e0 0,23 A, max. 12,9W<\/li>\n<li>Dimension : \u00d8153,5 mm \u00d7 133,1 mm<\/li>\n<li>Poids : Environ 830g<\/li>\n<\/ul>","protected":false},"featured_media":11574,"comment_status":"open","ping_status":"closed","template":"","meta":{"_acf_changed":false},"product_brand":[],"product_cat":[390,715],"product_tag":[],"class_list":{"0":"post-11573","1":"product","2":"type-product","3":"status-publish","4":"has-post-thumbnail","6":"product_cat-alarmes-et-video","7":"product_cat-camera-ip","9":"first","10":"instock","11":"taxable","12":"shipping-taxable","13":"product-type-simple"},"acf":[],"yoast_head":"<!-- This site is optimized with the Yoast SEO plugin v27.4 - https:\/\/yoast.com\/product\/yoast-seo-wordpress\/ -->\n<title>D\u00f4me IP - 5 MPXLS - VF - 2.7 - 13.5mm - K2group Distribution<\/title>\n<meta name=\"robots\" content=\"noindex, follow, max-snippet:-1, max-image-preview:large, max-video-preview:-1\" \/>\n<meta property=\"og:locale\" content=\"de_DE\" \/>\n<meta property=\"og:type\" content=\"article\" \/>\n<meta property=\"og:title\" content=\"D\u00f4me IP - 5 MPXLS - VF - 2.7 - 13.5mm - K2group Distribution\" \/>\n<meta property=\"og:description\" content=\"R\u00e9f\u00e9rence : DS-2CD3756G2-IZS(2.7-13.5mm)\u00a9  Type de cam\u00e9ra : Cam\u00e9ra d\u00f4me \u00e0 varifocal motoris\u00e9  R\u00e9solution Maximale : 5 MP (2592 \u00d7 1944)  Type de focale : Objectif varifocale motoris\u00e9, 2,7 \u00e0 13,5 mm  Compression vid\u00e9o : H.265\/H.264\/H.264+\/H.265+  Longueur D&#039;onde : 850nm  Alimentation : 12 VCC \u00b1 25 %, 0,9 A, max. Fiche d&#039;alimentation coaxiale 10,8 W, \u00d85,5 mm 24 VCA \u00b1 20 %, 0,75 A, 50\/60 Hz, max. 10,8 W PoE : 802.3af, Classe 3, 36 V \u00e0 57 V, 0,36 A \u00e0 0,23 A, max. 12,9W  Dimension : \u00d8153,5 mm \u00d7 133,1 mm  Poids : Environ 830g\" \/>\n<meta property=\"og:url\" content=\"https:\/\/exciting-lichterman.217-160-28-49.plesk.page\/de\/produkt\/dome-ip-5-mpxls-vf-2-7-13-5mm\/\" \/>\n<meta property=\"og:site_name\" content=\"K2group Distribution\" \/>\n<meta property=\"article:modified_time\" content=\"2023-05-31T14:34:35+00:00\" \/>\n<meta property=\"og:image\" content=\"https:\/\/exciting-lichterman.217-160-28-49.plesk.page\/wp-content\/uploads\/2022\/08\/DS-2CD3756G2-IZS2.7-13.5mm\u00a9-01-scaled.webp\" \/>\n\t<meta property=\"og:image:width\" content=\"2560\" \/>\n\t<meta property=\"og:image:height\" content=\"2545\" \/>\n\t<meta property=\"og:image:type\" content=\"image\/webp\" \/>\n<meta name=\"twitter:card\" content=\"summary_large_image\" \/>\n<meta name=\"twitter:label1\" content=\"Gesch\u00e4tzte Lesezeit\" \/>\n\t<meta name=\"twitter:data1\" content=\"2\u00a0Minuten\" \/>\n<script type=\"application\/ld+json\" class=\"yoast-schema-graph\">{\"@context\":\"https:\\\/\\\/schema.org\",\"@graph\":[{\"@type\":\"WebPage\",\"@id\":\"https:\\\/\\\/exciting-lichterman.217-160-28-49.plesk.page\\\/produit\\\/dome-ip-5-mpxls-vf-2-7-13-5mm\\\/\",\"url\":\"https:\\\/\\\/exciting-lichterman.217-160-28-49.plesk.page\\\/produit\\\/dome-ip-5-mpxls-vf-2-7-13-5mm\\\/\",\"name\":\"D\u00f4me IP - 5 MPXLS - VF - 2.7 - 13.5mm - K2group Distribution\",\"isPartOf\":{\"@id\":\"https:\\\/\\\/exciting-lichterman.217-160-28-49.plesk.page\\\/#website\"},\"primaryImageOfPage\":{\"@id\":\"https:\\\/\\\/exciting-lichterman.217-160-28-49.plesk.page\\\/produit\\\/dome-ip-5-mpxls-vf-2-7-13-5mm\\\/#primaryimage\"},\"image\":{\"@id\":\"https:\\\/\\\/exciting-lichterman.217-160-28-49.plesk.page\\\/produit\\\/dome-ip-5-mpxls-vf-2-7-13-5mm\\\/#primaryimage\"},\"thumbnailUrl\":\"https:\\\/\\\/exciting-lichterman.217-160-28-49.plesk.page\\\/wp-content\\\/uploads\\\/2022\\\/08\\\/DS-2CD3756G2-IZS2.7-13.5mm\u00a9-01-scaled.webp\",\"datePublished\":\"2022-08-11T09:00:01+00:00\",\"dateModified\":\"2023-05-31T14:34:35+00:00\",\"breadcrumb\":{\"@id\":\"https:\\\/\\\/exciting-lichterman.217-160-28-49.plesk.page\\\/produit\\\/dome-ip-5-mpxls-vf-2-7-13-5mm\\\/#breadcrumb\"},\"inLanguage\":\"de\",\"potentialAction\":[{\"@type\":\"ReadAction\",\"target\":[\"https:\\\/\\\/exciting-lichterman.217-160-28-49.plesk.page\\\/produit\\\/dome-ip-5-mpxls-vf-2-7-13-5mm\\\/\"]}]},{\"@type\":\"ImageObject\",\"inLanguage\":\"de\",\"@id\":\"https:\\\/\\\/exciting-lichterman.217-160-28-49.plesk.page\\\/produit\\\/dome-ip-5-mpxls-vf-2-7-13-5mm\\\/#primaryimage\",\"url\":\"https:\\\/\\\/exciting-lichterman.217-160-28-49.plesk.page\\\/wp-content\\\/uploads\\\/2022\\\/08\\\/DS-2CD3756G2-IZS2.7-13.5mm\u00a9-01-scaled.webp\",\"contentUrl\":\"https:\\\/\\\/exciting-lichterman.217-160-28-49.plesk.page\\\/wp-content\\\/uploads\\\/2022\\\/08\\\/DS-2CD3756G2-IZS2.7-13.5mm\u00a9-01-scaled.webp\",\"width\":2560,\"height\":2545},{\"@type\":\"BreadcrumbList\",\"@id\":\"https:\\\/\\\/exciting-lichterman.217-160-28-49.plesk.page\\\/produit\\\/dome-ip-5-mpxls-vf-2-7-13-5mm\\\/#breadcrumb\",\"itemListElement\":[{\"@type\":\"ListItem\",\"position\":1,\"name\":\"Accueil\",\"item\":\"https:\\\/\\\/exciting-lichterman.217-160-28-49.plesk.page\\\/\"},{\"@type\":\"ListItem\",\"position\":2,\"name\":\"Boutique\",\"item\":\"https:\\\/\\\/exciting-lichterman.217-160-28-49.plesk.page\\\/boutique\\\/\"},{\"@type\":\"ListItem\",\"position\":3,\"name\":\"D\u00f4me IP &#8211; 5 MPXLS &#8211; VF &#8211; 2.7 &#8211; 13.5mm\"}]},{\"@type\":\"WebSite\",\"@id\":\"https:\\\/\\\/exciting-lichterman.217-160-28-49.plesk.page\\\/#website\",\"url\":\"https:\\\/\\\/exciting-lichterman.217-160-28-49.plesk.page\\\/\",\"name\":\"K2group Distribution\",\"description\":\"\",\"publisher\":{\"@id\":\"https:\\\/\\\/exciting-lichterman.217-160-28-49.plesk.page\\\/#organization\"},\"potentialAction\":[{\"@type\":\"SearchAction\",\"target\":{\"@type\":\"EntryPoint\",\"urlTemplate\":\"https:\\\/\\\/exciting-lichterman.217-160-28-49.plesk.page\\\/?s={search_term_string}\"},\"query-input\":{\"@type\":\"PropertyValueSpecification\",\"valueRequired\":true,\"valueName\":\"search_term_string\"}}],\"inLanguage\":\"de\"},{\"@type\":\"Organization\",\"@id\":\"https:\\\/\\\/exciting-lichterman.217-160-28-49.plesk.page\\\/#organization\",\"name\":\"K2group Distribution\",\"url\":\"https:\\\/\\\/exciting-lichterman.217-160-28-49.plesk.page\\\/\",\"logo\":{\"@type\":\"ImageObject\",\"inLanguage\":\"de\",\"@id\":\"https:\\\/\\\/exciting-lichterman.217-160-28-49.plesk.page\\\/#\\\/schema\\\/logo\\\/image\\\/\",\"url\":\"https:\\\/\\\/exciting-lichterman.217-160-28-49.plesk.page\\\/wp-content\\\/uploads\\\/2022\\\/04\\\/logo-K2.png\",\"contentUrl\":\"https:\\\/\\\/exciting-lichterman.217-160-28-49.plesk.page\\\/wp-content\\\/uploads\\\/2022\\\/04\\\/logo-K2.png\",\"width\":155,\"height\":66,\"caption\":\"K2group Distribution\"},\"image\":{\"@id\":\"https:\\\/\\\/exciting-lichterman.217-160-28-49.plesk.page\\\/#\\\/schema\\\/logo\\\/image\\\/\"}}]}<\/script>\n<!-- \/ Yoast SEO plugin. -->","yoast_head_json":{"title":"D\u00f4me IP - 5 MPXLS - VF - 2.7 - 13.5mm - K2group Distribution","robots":{"index":"noindex","follow":"follow","max-snippet":"max-snippet:-1","max-image-preview":"max-image-preview:large","max-video-preview":"max-video-preview:-1"},"og_locale":"de_DE","og_type":"article","og_title":"D\u00f4me IP - 5 MPXLS - VF - 2.7 - 13.5mm - K2group Distribution","og_description":"R\u00e9f\u00e9rence : DS-2CD3756G2-IZS(2.7-13.5mm)\u00a9  Type de cam\u00e9ra : Cam\u00e9ra d\u00f4me \u00e0 varifocal motoris\u00e9  R\u00e9solution Maximale : 5 MP (2592 \u00d7 1944)  Type de focale : Objectif varifocale motoris\u00e9, 2,7 \u00e0 13,5 mm  Compression vid\u00e9o : H.265\/H.264\/H.264+\/H.265+  Longueur D'onde : 850nm  Alimentation : 12 VCC \u00b1 25 %, 0,9 A, max. Fiche d'alimentation coaxiale 10,8 W, \u00d85,5 mm 24 VCA \u00b1 20 %, 0,75 A, 50\/60 Hz, max. 10,8 W PoE : 802.3af, Classe 3, 36 V \u00e0 57 V, 0,36 A \u00e0 0,23 A, max. 12,9W  Dimension : \u00d8153,5 mm \u00d7 133,1 mm  Poids : Environ 830g","og_url":"https:\/\/exciting-lichterman.217-160-28-49.plesk.page\/de\/produkt\/dome-ip-5-mpxls-vf-2-7-13-5mm\/","og_site_name":"K2group Distribution","article_modified_time":"2023-05-31T14:34:35+00:00","og_image":[{"width":2560,"height":2545,"url":"https:\/\/exciting-lichterman.217-160-28-49.plesk.page\/wp-content\/uploads\/2022\/08\/DS-2CD3756G2-IZS2.7-13.5mm\u00a9-01-scaled.webp","type":"image\/webp"}],"twitter_card":"summary_large_image","twitter_misc":{"Gesch\u00e4tzte Lesezeit":"2\u00a0Minuten"},"schema":{"@context":"https:\/\/schema.org","@graph":[{"@type":"WebPage","@id":"https:\/\/exciting-lichterman.217-160-28-49.plesk.page\/produit\/dome-ip-5-mpxls-vf-2-7-13-5mm\/","url":"https:\/\/exciting-lichterman.217-160-28-49.plesk.page\/produit\/dome-ip-5-mpxls-vf-2-7-13-5mm\/","name":"D\u00f4me IP - 5 MPXLS - VF - 2.7 - 13.5mm - K2group Distribution","isPartOf":{"@id":"https:\/\/exciting-lichterman.217-160-28-49.plesk.page\/#website"},"primaryImageOfPage":{"@id":"https:\/\/exciting-lichterman.217-160-28-49.plesk.page\/produit\/dome-ip-5-mpxls-vf-2-7-13-5mm\/#primaryimage"},"image":{"@id":"https:\/\/exciting-lichterman.217-160-28-49.plesk.page\/produit\/dome-ip-5-mpxls-vf-2-7-13-5mm\/#primaryimage"},"thumbnailUrl":"https:\/\/exciting-lichterman.217-160-28-49.plesk.page\/wp-content\/uploads\/2022\/08\/DS-2CD3756G2-IZS2.7-13.5mm\u00a9-01-scaled.webp","datePublished":"2022-08-11T09:00:01+00:00","dateModified":"2023-05-31T14:34:35+00:00","breadcrumb":{"@id":"https:\/\/exciting-lichterman.217-160-28-49.plesk.page\/produit\/dome-ip-5-mpxls-vf-2-7-13-5mm\/#breadcrumb"},"inLanguage":"de","potentialAction":[{"@type":"ReadAction","target":["https:\/\/exciting-lichterman.217-160-28-49.plesk.page\/produit\/dome-ip-5-mpxls-vf-2-7-13-5mm\/"]}]},{"@type":"ImageObject","inLanguage":"de","@id":"https:\/\/exciting-lichterman.217-160-28-49.plesk.page\/produit\/dome-ip-5-mpxls-vf-2-7-13-5mm\/#primaryimage","url":"https:\/\/exciting-lichterman.217-160-28-49.plesk.page\/wp-content\/uploads\/2022\/08\/DS-2CD3756G2-IZS2.7-13.5mm\u00a9-01-scaled.webp","contentUrl":"https:\/\/exciting-lichterman.217-160-28-49.plesk.page\/wp-content\/uploads\/2022\/08\/DS-2CD3756G2-IZS2.7-13.5mm\u00a9-01-scaled.webp","width":2560,"height":2545},{"@type":"BreadcrumbList","@id":"https:\/\/exciting-lichterman.217-160-28-49.plesk.page\/produit\/dome-ip-5-mpxls-vf-2-7-13-5mm\/#breadcrumb","itemListElement":[{"@type":"ListItem","position":1,"name":"Accueil","item":"https:\/\/exciting-lichterman.217-160-28-49.plesk.page\/"},{"@type":"ListItem","position":2,"name":"Boutique","item":"https:\/\/exciting-lichterman.217-160-28-49.plesk.page\/boutique\/"},{"@type":"ListItem","position":3,"name":"D\u00f4me IP &#8211; 5 MPXLS &#8211; VF &#8211; 2.7 &#8211; 13.5mm"}]},{"@type":"WebSite","@id":"https:\/\/exciting-lichterman.217-160-28-49.plesk.page\/#website","url":"https:\/\/exciting-lichterman.217-160-28-49.plesk.page\/","name":"K2group Distribution","description":"","publisher":{"@id":"https:\/\/exciting-lichterman.217-160-28-49.plesk.page\/#organization"},"potentialAction":[{"@type":"SearchAction","target":{"@type":"EntryPoint","urlTemplate":"https:\/\/exciting-lichterman.217-160-28-49.plesk.page\/?s={search_term_string}"},"query-input":{"@type":"PropertyValueSpecification","valueRequired":true,"valueName":"search_term_string"}}],"inLanguage":"de"},{"@type":"Organization","@id":"https:\/\/exciting-lichterman.217-160-28-49.plesk.page\/#organization","name":"K2group Distribution","url":"https:\/\/exciting-lichterman.217-160-28-49.plesk.page\/","logo":{"@type":"ImageObject","inLanguage":"de","@id":"https:\/\/exciting-lichterman.217-160-28-49.plesk.page\/#\/schema\/logo\/image\/","url":"https:\/\/exciting-lichterman.217-160-28-49.plesk.page\/wp-content\/uploads\/2022\/04\/logo-K2.png","contentUrl":"https:\/\/exciting-lichterman.217-160-28-49.plesk.page\/wp-content\/uploads\/2022\/04\/logo-K2.png","width":155,"height":66,"caption":"K2group Distribution"},"image":{"@id":"https:\/\/exciting-lichterman.217-160-28-49.plesk.page\/#\/schema\/logo\/image\/"}}]}},"_links":{"self":[{"href":"https:\/\/exciting-lichterman.217-160-28-49.plesk.page\/de\/wp-json\/wp\/v2\/product\/11573","targetHints":{"allow":["GET"]}}],"collection":[{"href":"https:\/\/exciting-lichterman.217-160-28-49.plesk.page\/de\/wp-json\/wp\/v2\/product"}],"about":[{"href":"https:\/\/exciting-lichterman.217-160-28-49.plesk.page\/de\/wp-json\/wp\/v2\/types\/product"}],"replies":[{"embeddable":true,"href":"https:\/\/exciting-lichterman.217-160-28-49.plesk.page\/de\/wp-json\/wp\/v2\/comments?post=11573"}],"version-history":[{"count":6,"href":"https:\/\/exciting-lichterman.217-160-28-49.plesk.page\/de\/wp-json\/wp\/v2\/product\/11573\/revisions"}],"predecessor-version":[{"id":17485,"href":"https:\/\/exciting-lichterman.217-160-28-49.plesk.page\/de\/wp-json\/wp\/v2\/product\/11573\/revisions\/17485"}],"wp:featuredmedia":[{"embeddable":true,"href":"https:\/\/exciting-lichterman.217-160-28-49.plesk.page\/de\/wp-json\/wp\/v2\/media\/11574"}],"wp:attachment":[{"href":"https:\/\/exciting-lichterman.217-160-28-49.plesk.page\/de\/wp-json\/wp\/v2\/media?parent=11573"}],"wp:term":[{"taxonomy":"product_brand","embeddable":true,"href":"https:\/\/exciting-lichterman.217-160-28-49.plesk.page\/de\/wp-json\/wp\/v2\/product_brand?post=11573"},{"taxonomy":"product_cat","embeddable":true,"href":"https:\/\/exciting-lichterman.217-160-28-49.plesk.page\/de\/wp-json\/wp\/v2\/product_cat?post=11573"},{"taxonomy":"product_tag","embeddable":true,"href":"https:\/\/exciting-lichterman.217-160-28-49.plesk.page\/de\/wp-json\/wp\/v2\/product_tag?post=11573"}],"curies":[{"name":"wp","href":"https:\/\/api.w.org\/{rel}","templated":true}]}}