{"id":11544,"date":"2022-08-10T16:46:39","date_gmt":"2022-08-10T16:46:39","guid":{"rendered":"https:\/\/practical-elbakyan.82-165-223-183.plesk.page\/?post_type=product&#038;p=11544"},"modified":"2023-05-31T14:31:56","modified_gmt":"2023-05-31T14:31:56","slug":"dome-ip-4k-vf-2-8-12mm-2","status":"publish","type":"product","link":"https:\/\/exciting-lichterman.217-160-28-49.plesk.page\/de\/produkt\/dome-ip-4k-vf-2-8-12mm-2\/","title":{"rendered":"D\u00f4me IP &#8211; 4K &#8211; VF &#8211; 2.8-12mm"},"content":{"rendered":"<h2 style=\"font-family:Poppins;font-size:14px; font-weight:400!important; line-height:2\">  Cet appareil de surveillance de qualit\u00e9 sup\u00e9rieure est une cam\u00e9ra d\u00f4me IP de la marque HIKVISION offrant une r\u00e9solution 4K et une qualit\u00e9 d&rsquo;image exceptionnelle.<\/h2>\n<p>Avec une plage de focale variable de 2,8-12 mm, cette cam\u00e9ra vous offre un angle de vue personnalisable pour r\u00e9pondre \u00e0 vos diff\u00e9rents besoins de surveillance.<\/p>\n<p>Elle dispose aussi d&rsquo;un capteur d&rsquo;image CMOS \u00e0 balayage progressif de 1\/1,8 pouces vous permettant de capturer des images nettes et d\u00e9taill\u00e9es m\u00eame dans des conditions de faible luminosit\u00e9.<\/p>\n<p>Cette cam\u00e9ra d\u00f4me est facile \u00e0 installer et \u00e0 utiliser, gr\u00e2ce \u00e0 sa comptabilit\u00e9 avec les protocoles ONVIF et RTSP qui permettent une int\u00e9gration facile dans un syst\u00e8me de surveillance d\u00e9j\u00e0 existant.<\/p>","protected":false},"excerpt":{"rendered":"<ul>\n<li><strong>R\u00e9f\u00e9rence : DS-2CD2H83G2-IZS(2.8-12mm)<\/strong><\/li>\n<li>Type de cam\u00e9ra : Cam\u00e9ra r\u00e9seau tourelle varifocale motoris\u00e9e<\/li>\n<li>R\u00e9solution Maximale : 8 MP (3840 \u00d7 2160)<\/li>\n<li>Type de focale : Varifocale motoris\u00e9e 2.8mm \u00e0 12mm<\/li>\n<li>Affichage en direct simultan\u00e9 : Jusqu&rsquo;\u00e0 6 canaux<\/li>\n<li>Compression vid\u00e9o : H.265\/H.264+\/H.264+\/H.265+<\/li>\n<li>Port\u00e9e IR : Jusqu&rsquo;\u00e0 40 m\u00e8tres<\/li>\n<li>Longueur D&rsquo;onde : 850nm<\/li>\n<li>Source De Courant : 12 Vcc \u00b1 25 %, \u03a6 5,5 mm, PoE (802.3af, classe 3)<\/li>\n<li>Dimension : \u00d8138,3 mm \u00d7 126 mm<\/li>\n<li>Poids : Environ 830g<\/li>\n<\/ul>","protected":false},"featured_media":11547,"comment_status":"open","ping_status":"closed","template":"","meta":{"_acf_changed":false},"product_brand":[],"product_cat":[390,715],"product_tag":[],"class_list":{"0":"post-11544","1":"product","2":"type-product","3":"status-publish","4":"has-post-thumbnail","6":"product_cat-alarmes-et-video","7":"product_cat-camera-ip","9":"first","10":"instock","11":"taxable","12":"shipping-taxable","13":"product-type-simple"},"acf":[],"yoast_head":"<!-- This site is optimized with the Yoast SEO plugin v27.4 - https:\/\/yoast.com\/product\/yoast-seo-wordpress\/ -->\n<title>D\u00f4me IP - 4K - VF - 2.8-12mm - K2group Distribution<\/title>\n<meta name=\"robots\" content=\"noindex, follow, max-snippet:-1, max-image-preview:large, max-video-preview:-1\" \/>\n<meta property=\"og:locale\" content=\"de_DE\" \/>\n<meta property=\"og:type\" content=\"article\" \/>\n<meta property=\"og:title\" content=\"D\u00f4me IP - 4K - VF - 2.8-12mm - K2group Distribution\" \/>\n<meta property=\"og:description\" content=\"R\u00e9f\u00e9rence : DS-2CD2H83G2-IZS(2.8-12mm)  Type de cam\u00e9ra : Cam\u00e9ra r\u00e9seau tourelle varifocale motoris\u00e9e  R\u00e9solution Maximale : 8 MP (3840 \u00d7 2160)  Type de focale : Varifocale motoris\u00e9e 2.8mm \u00e0 12mm  Affichage en direct simultan\u00e9 : Jusqu&#039;\u00e0 6 canaux  Compression vid\u00e9o : H.265\/H.264+\/H.264+\/H.265+  Port\u00e9e IR : Jusqu&#039;\u00e0 40 m\u00e8tres  Longueur D&#039;onde : 850nm  Source De Courant : 12 Vcc \u00b1 25 %, \u03a6 5,5 mm, PoE (802.3af, classe 3)  Dimension : \u00d8138,3 mm \u00d7 126 mm  Poids : Environ 830g\" \/>\n<meta property=\"og:url\" content=\"https:\/\/exciting-lichterman.217-160-28-49.plesk.page\/de\/produkt\/dome-ip-4k-vf-2-8-12mm-2\/\" \/>\n<meta property=\"og:site_name\" content=\"K2group Distribution\" \/>\n<meta property=\"article:modified_time\" content=\"2023-05-31T14:31:56+00:00\" \/>\n<meta property=\"og:image\" content=\"https:\/\/exciting-lichterman.217-160-28-49.plesk.page\/wp-content\/uploads\/2022\/08\/DS-2CD2H83G2-IZS2.8-12mm-01-scaled.webp\" \/>\n\t<meta property=\"og:image:width\" content=\"2560\" \/>\n\t<meta property=\"og:image:height\" content=\"2545\" \/>\n\t<meta property=\"og:image:type\" content=\"image\/webp\" \/>\n<meta name=\"twitter:card\" content=\"summary_large_image\" \/>\n<meta name=\"twitter:label1\" content=\"Gesch\u00e4tzte Lesezeit\" \/>\n\t<meta name=\"twitter:data1\" content=\"1\u00a0Minute\" \/>\n<script type=\"application\/ld+json\" class=\"yoast-schema-graph\">{\"@context\":\"https:\\\/\\\/schema.org\",\"@graph\":[{\"@type\":\"WebPage\",\"@id\":\"https:\\\/\\\/exciting-lichterman.217-160-28-49.plesk.page\\\/produit\\\/dome-ip-4k-vf-2-8-12mm-2\\\/\",\"url\":\"https:\\\/\\\/exciting-lichterman.217-160-28-49.plesk.page\\\/produit\\\/dome-ip-4k-vf-2-8-12mm-2\\\/\",\"name\":\"D\u00f4me IP - 4K - VF - 2.8-12mm - K2group Distribution\",\"isPartOf\":{\"@id\":\"https:\\\/\\\/exciting-lichterman.217-160-28-49.plesk.page\\\/#website\"},\"primaryImageOfPage\":{\"@id\":\"https:\\\/\\\/exciting-lichterman.217-160-28-49.plesk.page\\\/produit\\\/dome-ip-4k-vf-2-8-12mm-2\\\/#primaryimage\"},\"image\":{\"@id\":\"https:\\\/\\\/exciting-lichterman.217-160-28-49.plesk.page\\\/produit\\\/dome-ip-4k-vf-2-8-12mm-2\\\/#primaryimage\"},\"thumbnailUrl\":\"https:\\\/\\\/exciting-lichterman.217-160-28-49.plesk.page\\\/wp-content\\\/uploads\\\/2022\\\/08\\\/DS-2CD2H83G2-IZS2.8-12mm-01-scaled.webp\",\"datePublished\":\"2022-08-10T16:46:39+00:00\",\"dateModified\":\"2023-05-31T14:31:56+00:00\",\"breadcrumb\":{\"@id\":\"https:\\\/\\\/exciting-lichterman.217-160-28-49.plesk.page\\\/produit\\\/dome-ip-4k-vf-2-8-12mm-2\\\/#breadcrumb\"},\"inLanguage\":\"de\",\"potentialAction\":[{\"@type\":\"ReadAction\",\"target\":[\"https:\\\/\\\/exciting-lichterman.217-160-28-49.plesk.page\\\/produit\\\/dome-ip-4k-vf-2-8-12mm-2\\\/\"]}]},{\"@type\":\"ImageObject\",\"inLanguage\":\"de\",\"@id\":\"https:\\\/\\\/exciting-lichterman.217-160-28-49.plesk.page\\\/produit\\\/dome-ip-4k-vf-2-8-12mm-2\\\/#primaryimage\",\"url\":\"https:\\\/\\\/exciting-lichterman.217-160-28-49.plesk.page\\\/wp-content\\\/uploads\\\/2022\\\/08\\\/DS-2CD2H83G2-IZS2.8-12mm-01-scaled.webp\",\"contentUrl\":\"https:\\\/\\\/exciting-lichterman.217-160-28-49.plesk.page\\\/wp-content\\\/uploads\\\/2022\\\/08\\\/DS-2CD2H83G2-IZS2.8-12mm-01-scaled.webp\",\"width\":2560,\"height\":2545},{\"@type\":\"BreadcrumbList\",\"@id\":\"https:\\\/\\\/exciting-lichterman.217-160-28-49.plesk.page\\\/produit\\\/dome-ip-4k-vf-2-8-12mm-2\\\/#breadcrumb\",\"itemListElement\":[{\"@type\":\"ListItem\",\"position\":1,\"name\":\"Accueil\",\"item\":\"https:\\\/\\\/exciting-lichterman.217-160-28-49.plesk.page\\\/\"},{\"@type\":\"ListItem\",\"position\":2,\"name\":\"Boutique\",\"item\":\"https:\\\/\\\/exciting-lichterman.217-160-28-49.plesk.page\\\/boutique\\\/\"},{\"@type\":\"ListItem\",\"position\":3,\"name\":\"D\u00f4me IP &#8211; 4K &#8211; VF &#8211; 2.8-12mm\"}]},{\"@type\":\"WebSite\",\"@id\":\"https:\\\/\\\/exciting-lichterman.217-160-28-49.plesk.page\\\/#website\",\"url\":\"https:\\\/\\\/exciting-lichterman.217-160-28-49.plesk.page\\\/\",\"name\":\"K2group Distribution\",\"description\":\"\",\"publisher\":{\"@id\":\"https:\\\/\\\/exciting-lichterman.217-160-28-49.plesk.page\\\/#organization\"},\"potentialAction\":[{\"@type\":\"SearchAction\",\"target\":{\"@type\":\"EntryPoint\",\"urlTemplate\":\"https:\\\/\\\/exciting-lichterman.217-160-28-49.plesk.page\\\/?s={search_term_string}\"},\"query-input\":{\"@type\":\"PropertyValueSpecification\",\"valueRequired\":true,\"valueName\":\"search_term_string\"}}],\"inLanguage\":\"de\"},{\"@type\":\"Organization\",\"@id\":\"https:\\\/\\\/exciting-lichterman.217-160-28-49.plesk.page\\\/#organization\",\"name\":\"K2group Distribution\",\"url\":\"https:\\\/\\\/exciting-lichterman.217-160-28-49.plesk.page\\\/\",\"logo\":{\"@type\":\"ImageObject\",\"inLanguage\":\"de\",\"@id\":\"https:\\\/\\\/exciting-lichterman.217-160-28-49.plesk.page\\\/#\\\/schema\\\/logo\\\/image\\\/\",\"url\":\"https:\\\/\\\/exciting-lichterman.217-160-28-49.plesk.page\\\/wp-content\\\/uploads\\\/2022\\\/04\\\/logo-K2.png\",\"contentUrl\":\"https:\\\/\\\/exciting-lichterman.217-160-28-49.plesk.page\\\/wp-content\\\/uploads\\\/2022\\\/04\\\/logo-K2.png\",\"width\":155,\"height\":66,\"caption\":\"K2group Distribution\"},\"image\":{\"@id\":\"https:\\\/\\\/exciting-lichterman.217-160-28-49.plesk.page\\\/#\\\/schema\\\/logo\\\/image\\\/\"}}]}<\/script>\n<!-- \/ Yoast SEO plugin. -->","yoast_head_json":{"title":"D\u00f4me IP - 4K - VF - 2.8-12mm - K2group Distribution","robots":{"index":"noindex","follow":"follow","max-snippet":"max-snippet:-1","max-image-preview":"max-image-preview:large","max-video-preview":"max-video-preview:-1"},"og_locale":"de_DE","og_type":"article","og_title":"D\u00f4me IP - 4K - VF - 2.8-12mm - K2group Distribution","og_description":"R\u00e9f\u00e9rence : DS-2CD2H83G2-IZS(2.8-12mm)  Type de cam\u00e9ra : Cam\u00e9ra r\u00e9seau tourelle varifocale motoris\u00e9e  R\u00e9solution Maximale : 8 MP (3840 \u00d7 2160)  Type de focale : Varifocale motoris\u00e9e 2.8mm \u00e0 12mm  Affichage en direct simultan\u00e9 : Jusqu'\u00e0 6 canaux  Compression vid\u00e9o : H.265\/H.264+\/H.264+\/H.265+  Port\u00e9e IR : Jusqu'\u00e0 40 m\u00e8tres  Longueur D'onde : 850nm  Source De Courant : 12 Vcc \u00b1 25 %, \u03a6 5,5 mm, PoE (802.3af, classe 3)  Dimension : \u00d8138,3 mm \u00d7 126 mm  Poids : Environ 830g","og_url":"https:\/\/exciting-lichterman.217-160-28-49.plesk.page\/de\/produkt\/dome-ip-4k-vf-2-8-12mm-2\/","og_site_name":"K2group Distribution","article_modified_time":"2023-05-31T14:31:56+00:00","og_image":[{"width":2560,"height":2545,"url":"https:\/\/exciting-lichterman.217-160-28-49.plesk.page\/wp-content\/uploads\/2022\/08\/DS-2CD2H83G2-IZS2.8-12mm-01-scaled.webp","type":"image\/webp"}],"twitter_card":"summary_large_image","twitter_misc":{"Gesch\u00e4tzte Lesezeit":"1\u00a0Minute"},"schema":{"@context":"https:\/\/schema.org","@graph":[{"@type":"WebPage","@id":"https:\/\/exciting-lichterman.217-160-28-49.plesk.page\/produit\/dome-ip-4k-vf-2-8-12mm-2\/","url":"https:\/\/exciting-lichterman.217-160-28-49.plesk.page\/produit\/dome-ip-4k-vf-2-8-12mm-2\/","name":"D\u00f4me IP - 4K - VF - 2.8-12mm - K2group Distribution","isPartOf":{"@id":"https:\/\/exciting-lichterman.217-160-28-49.plesk.page\/#website"},"primaryImageOfPage":{"@id":"https:\/\/exciting-lichterman.217-160-28-49.plesk.page\/produit\/dome-ip-4k-vf-2-8-12mm-2\/#primaryimage"},"image":{"@id":"https:\/\/exciting-lichterman.217-160-28-49.plesk.page\/produit\/dome-ip-4k-vf-2-8-12mm-2\/#primaryimage"},"thumbnailUrl":"https:\/\/exciting-lichterman.217-160-28-49.plesk.page\/wp-content\/uploads\/2022\/08\/DS-2CD2H83G2-IZS2.8-12mm-01-scaled.webp","datePublished":"2022-08-10T16:46:39+00:00","dateModified":"2023-05-31T14:31:56+00:00","breadcrumb":{"@id":"https:\/\/exciting-lichterman.217-160-28-49.plesk.page\/produit\/dome-ip-4k-vf-2-8-12mm-2\/#breadcrumb"},"inLanguage":"de","potentialAction":[{"@type":"ReadAction","target":["https:\/\/exciting-lichterman.217-160-28-49.plesk.page\/produit\/dome-ip-4k-vf-2-8-12mm-2\/"]}]},{"@type":"ImageObject","inLanguage":"de","@id":"https:\/\/exciting-lichterman.217-160-28-49.plesk.page\/produit\/dome-ip-4k-vf-2-8-12mm-2\/#primaryimage","url":"https:\/\/exciting-lichterman.217-160-28-49.plesk.page\/wp-content\/uploads\/2022\/08\/DS-2CD2H83G2-IZS2.8-12mm-01-scaled.webp","contentUrl":"https:\/\/exciting-lichterman.217-160-28-49.plesk.page\/wp-content\/uploads\/2022\/08\/DS-2CD2H83G2-IZS2.8-12mm-01-scaled.webp","width":2560,"height":2545},{"@type":"BreadcrumbList","@id":"https:\/\/exciting-lichterman.217-160-28-49.plesk.page\/produit\/dome-ip-4k-vf-2-8-12mm-2\/#breadcrumb","itemListElement":[{"@type":"ListItem","position":1,"name":"Accueil","item":"https:\/\/exciting-lichterman.217-160-28-49.plesk.page\/"},{"@type":"ListItem","position":2,"name":"Boutique","item":"https:\/\/exciting-lichterman.217-160-28-49.plesk.page\/boutique\/"},{"@type":"ListItem","position":3,"name":"D\u00f4me IP &#8211; 4K &#8211; VF &#8211; 2.8-12mm"}]},{"@type":"WebSite","@id":"https:\/\/exciting-lichterman.217-160-28-49.plesk.page\/#website","url":"https:\/\/exciting-lichterman.217-160-28-49.plesk.page\/","name":"K2group Distribution","description":"","publisher":{"@id":"https:\/\/exciting-lichterman.217-160-28-49.plesk.page\/#organization"},"potentialAction":[{"@type":"SearchAction","target":{"@type":"EntryPoint","urlTemplate":"https:\/\/exciting-lichterman.217-160-28-49.plesk.page\/?s={search_term_string}"},"query-input":{"@type":"PropertyValueSpecification","valueRequired":true,"valueName":"search_term_string"}}],"inLanguage":"de"},{"@type":"Organization","@id":"https:\/\/exciting-lichterman.217-160-28-49.plesk.page\/#organization","name":"K2group Distribution","url":"https:\/\/exciting-lichterman.217-160-28-49.plesk.page\/","logo":{"@type":"ImageObject","inLanguage":"de","@id":"https:\/\/exciting-lichterman.217-160-28-49.plesk.page\/#\/schema\/logo\/image\/","url":"https:\/\/exciting-lichterman.217-160-28-49.plesk.page\/wp-content\/uploads\/2022\/04\/logo-K2.png","contentUrl":"https:\/\/exciting-lichterman.217-160-28-49.plesk.page\/wp-content\/uploads\/2022\/04\/logo-K2.png","width":155,"height":66,"caption":"K2group Distribution"},"image":{"@id":"https:\/\/exciting-lichterman.217-160-28-49.plesk.page\/#\/schema\/logo\/image\/"}}]}},"_links":{"self":[{"href":"https:\/\/exciting-lichterman.217-160-28-49.plesk.page\/de\/wp-json\/wp\/v2\/product\/11544","targetHints":{"allow":["GET"]}}],"collection":[{"href":"https:\/\/exciting-lichterman.217-160-28-49.plesk.page\/de\/wp-json\/wp\/v2\/product"}],"about":[{"href":"https:\/\/exciting-lichterman.217-160-28-49.plesk.page\/de\/wp-json\/wp\/v2\/types\/product"}],"replies":[{"embeddable":true,"href":"https:\/\/exciting-lichterman.217-160-28-49.plesk.page\/de\/wp-json\/wp\/v2\/comments?post=11544"}],"version-history":[{"count":6,"href":"https:\/\/exciting-lichterman.217-160-28-49.plesk.page\/de\/wp-json\/wp\/v2\/product\/11544\/revisions"}],"predecessor-version":[{"id":17476,"href":"https:\/\/exciting-lichterman.217-160-28-49.plesk.page\/de\/wp-json\/wp\/v2\/product\/11544\/revisions\/17476"}],"wp:featuredmedia":[{"embeddable":true,"href":"https:\/\/exciting-lichterman.217-160-28-49.plesk.page\/de\/wp-json\/wp\/v2\/media\/11547"}],"wp:attachment":[{"href":"https:\/\/exciting-lichterman.217-160-28-49.plesk.page\/de\/wp-json\/wp\/v2\/media?parent=11544"}],"wp:term":[{"taxonomy":"product_brand","embeddable":true,"href":"https:\/\/exciting-lichterman.217-160-28-49.plesk.page\/de\/wp-json\/wp\/v2\/product_brand?post=11544"},{"taxonomy":"product_cat","embeddable":true,"href":"https:\/\/exciting-lichterman.217-160-28-49.plesk.page\/de\/wp-json\/wp\/v2\/product_cat?post=11544"},{"taxonomy":"product_tag","embeddable":true,"href":"https:\/\/exciting-lichterman.217-160-28-49.plesk.page\/de\/wp-json\/wp\/v2\/product_tag?post=11544"}],"curies":[{"name":"wp","href":"https:\/\/api.w.org\/{rel}","templated":true}]}}