{"id":11314,"date":"2022-07-27T13:56:11","date_gmt":"2022-07-27T13:56:11","guid":{"rendered":"https:\/\/practical-elbakyan.82-165-223-183.plesk.page\/?post_type=product&#038;p=11314"},"modified":"2023-06-01T10:58:38","modified_gmt":"2023-06-01T10:58:38","slug":"rf-2-mpxls-ff-4-mm-x2","status":"publish","type":"product","link":"https:\/\/exciting-lichterman.217-160-28-49.plesk.page\/de\/produkt\/rf-2-mpxls-ff-4-mm-x2\/","title":{"rendered":"Cam\u00e9ra IP Reconnaissance Faciale Double lentille 2 MPXLS &#8211; FF &#8211; 4mm"},"content":{"rendered":"<h2 style=\"font-family:Poppins;font-size:14px; font-weight:400!important; line-height:2\">La cam\u00e9ra de surveillance iDS-2CD8426G0\/FI haute d\u00e9finition de Hikvision est con\u00e7ue pour r\u00e9aliser une reconnaissance faciale et d\u00e9clencher une alarme en cas de besoin. Elle est \u00e9quip\u00e9e d&rsquo;un algorithme avanc\u00e9 d&rsquo;apprentissage en profondeur et d&rsquo;un processeur graphique puissant pour permettre une d\u00e9tection rapide et pr\u00e9cise des visages.<\/h2>\n<p>Gr\u00e2ce \u00e0 l&rsquo;utilisation de l&rsquo;apprentissage en profondeur, cette cam\u00e9ra comprend facilement et reconna\u00eet rapidement les visages avec pr\u00e9cision, m\u00eame dans des conditions de faible luminosit\u00e9. De plus, elle est capable de capturer des images en haute r\u00e9solution et de les comparer instantan\u00e9ment avec une base de donn\u00e9es de visages pr\u00e9-enregistr\u00e9s pour d\u00e9clencher une alarme si n\u00e9cessaire.<\/p>\n<p>En plus de la reconnaissance faciale, cette cam\u00e9ra performante est \u00e9galement dot\u00e9e de fonctionnalit\u00e9s suppl\u00e9mentaires telles que la d\u00e9tection de mouvement, la reconnaissance de plaque d&rsquo;immatriculation, la d\u00e9tection de comportement anormal, etc. Et par cons\u00e9quent, elle est id\u00e9ale pour surveiller de grandes surfaces telles que les centres commerciaux, les a\u00e9roports, les gares, les parkings, les b\u00e2timents publics, etc.<\/p>","protected":false},"excerpt":{"rendered":"<ul>\n<li><strong>R\u00e9f\u00e9rence : IDS-2CD8426G0\/F-I <\/strong><\/li>\n<li>Type de cam\u00e9ra : Bullet<\/li>\n<li>Mati\u00e8re de la coque : M\u00e9tal<\/li>\n<li>R\u00e9solution : 2 MP ( 1920 x 1080)<\/li>\n<li>Distance Focale : Deux lentilles identiques. 4 mm, 6 mm, 8 mm, 12 mm<\/li>\n<li>DNR : DNR 3D<\/li>\n<li>WDR : 120 dB<\/li>\n<li>Port\u00e9e IR : Jusqu&rsquo;\u00e0 10 m\u00e8tres<\/li>\n<li>Source De Courant :36 VDC, bornier \u00e0 deux conducteurs<\/li>\n<li>Dimensions : 180,4 \u00d7 147 \u00d7 117,9 mm<\/li>\n<li>Poids : Environ 1500g<\/li>\n<\/ul>","protected":false},"featured_media":11315,"comment_status":"open","ping_status":"closed","template":"","meta":{"_acf_changed":false},"product_brand":[],"product_cat":[390,715],"product_tag":[],"class_list":{"0":"post-11314","1":"product","2":"type-product","3":"status-publish","4":"has-post-thumbnail","6":"product_cat-alarmes-et-video","7":"product_cat-camera-ip","9":"first","10":"instock","11":"taxable","12":"shipping-taxable","13":"product-type-simple"},"acf":[],"yoast_head":"<!-- This site is optimized with the Yoast SEO plugin v27.4 - https:\/\/yoast.com\/product\/yoast-seo-wordpress\/ -->\n<title>Cam\u00e9ra IP Reconnaissance Faciale Double lentille 2 MPXLS - FF - 4mm - K2group Distribution<\/title>\n<meta name=\"robots\" content=\"noindex, follow, max-snippet:-1, max-image-preview:large, max-video-preview:-1\" \/>\n<meta property=\"og:locale\" content=\"de_DE\" \/>\n<meta property=\"og:type\" content=\"article\" \/>\n<meta property=\"og:title\" content=\"Cam\u00e9ra IP Reconnaissance Faciale Double lentille 2 MPXLS - FF - 4mm - K2group Distribution\" \/>\n<meta property=\"og:description\" content=\"R\u00e9f\u00e9rence : IDS-2CD8426G0\/F-I   Type de cam\u00e9ra : Bullet  Mati\u00e8re de la coque : M\u00e9tal  R\u00e9solution : 2 MP ( 1920 x 1080)  Distance Focale : Deux lentilles identiques. 4 mm, 6 mm, 8 mm, 12 mm  DNR : DNR 3D  WDR : 120 dB  Port\u00e9e IR : Jusqu&#039;\u00e0 10 m\u00e8tres  Source De Courant :36 VDC, bornier \u00e0 deux conducteurs  Dimensions : 180,4 \u00d7 147 \u00d7 117,9 mm  Poids : Environ 1500g\" \/>\n<meta property=\"og:url\" content=\"https:\/\/exciting-lichterman.217-160-28-49.plesk.page\/de\/produkt\/rf-2-mpxls-ff-4-mm-x2\/\" \/>\n<meta property=\"og:site_name\" content=\"K2group Distribution\" \/>\n<meta property=\"article:modified_time\" content=\"2023-06-01T10:58:38+00:00\" \/>\n<meta property=\"og:image\" content=\"https:\/\/exciting-lichterman.217-160-28-49.plesk.page\/wp-content\/uploads\/2022\/07\/IDS-2CD8426G0-F-I-01-scaled.webp\" \/>\n\t<meta property=\"og:image:width\" content=\"2560\" \/>\n\t<meta property=\"og:image:height\" content=\"2545\" \/>\n\t<meta property=\"og:image:type\" content=\"image\/webp\" \/>\n<meta name=\"twitter:card\" content=\"summary_large_image\" \/>\n<meta name=\"twitter:label1\" content=\"Gesch\u00e4tzte Lesezeit\" \/>\n\t<meta name=\"twitter:data1\" content=\"1\u00a0Minute\" \/>\n<script type=\"application\/ld+json\" class=\"yoast-schema-graph\">{\"@context\":\"https:\\\/\\\/schema.org\",\"@graph\":[{\"@type\":\"WebPage\",\"@id\":\"https:\\\/\\\/exciting-lichterman.217-160-28-49.plesk.page\\\/produit\\\/rf-2-mpxls-ff-4-mm-x2\\\/\",\"url\":\"https:\\\/\\\/exciting-lichterman.217-160-28-49.plesk.page\\\/produit\\\/rf-2-mpxls-ff-4-mm-x2\\\/\",\"name\":\"Cam\u00e9ra IP Reconnaissance Faciale Double lentille 2 MPXLS - FF - 4mm - K2group Distribution\",\"isPartOf\":{\"@id\":\"https:\\\/\\\/exciting-lichterman.217-160-28-49.plesk.page\\\/#website\"},\"primaryImageOfPage\":{\"@id\":\"https:\\\/\\\/exciting-lichterman.217-160-28-49.plesk.page\\\/produit\\\/rf-2-mpxls-ff-4-mm-x2\\\/#primaryimage\"},\"image\":{\"@id\":\"https:\\\/\\\/exciting-lichterman.217-160-28-49.plesk.page\\\/produit\\\/rf-2-mpxls-ff-4-mm-x2\\\/#primaryimage\"},\"thumbnailUrl\":\"https:\\\/\\\/exciting-lichterman.217-160-28-49.plesk.page\\\/wp-content\\\/uploads\\\/2022\\\/07\\\/IDS-2CD8426G0-F-I-01-scaled.webp\",\"datePublished\":\"2022-07-27T13:56:11+00:00\",\"dateModified\":\"2023-06-01T10:58:38+00:00\",\"breadcrumb\":{\"@id\":\"https:\\\/\\\/exciting-lichterman.217-160-28-49.plesk.page\\\/produit\\\/rf-2-mpxls-ff-4-mm-x2\\\/#breadcrumb\"},\"inLanguage\":\"de\",\"potentialAction\":[{\"@type\":\"ReadAction\",\"target\":[\"https:\\\/\\\/exciting-lichterman.217-160-28-49.plesk.page\\\/produit\\\/rf-2-mpxls-ff-4-mm-x2\\\/\"]}]},{\"@type\":\"ImageObject\",\"inLanguage\":\"de\",\"@id\":\"https:\\\/\\\/exciting-lichterman.217-160-28-49.plesk.page\\\/produit\\\/rf-2-mpxls-ff-4-mm-x2\\\/#primaryimage\",\"url\":\"https:\\\/\\\/exciting-lichterman.217-160-28-49.plesk.page\\\/wp-content\\\/uploads\\\/2022\\\/07\\\/IDS-2CD8426G0-F-I-01-scaled.webp\",\"contentUrl\":\"https:\\\/\\\/exciting-lichterman.217-160-28-49.plesk.page\\\/wp-content\\\/uploads\\\/2022\\\/07\\\/IDS-2CD8426G0-F-I-01-scaled.webp\",\"width\":2560,\"height\":2545},{\"@type\":\"BreadcrumbList\",\"@id\":\"https:\\\/\\\/exciting-lichterman.217-160-28-49.plesk.page\\\/produit\\\/rf-2-mpxls-ff-4-mm-x2\\\/#breadcrumb\",\"itemListElement\":[{\"@type\":\"ListItem\",\"position\":1,\"name\":\"Accueil\",\"item\":\"https:\\\/\\\/exciting-lichterman.217-160-28-49.plesk.page\\\/\"},{\"@type\":\"ListItem\",\"position\":2,\"name\":\"Boutique\",\"item\":\"https:\\\/\\\/exciting-lichterman.217-160-28-49.plesk.page\\\/boutique\\\/\"},{\"@type\":\"ListItem\",\"position\":3,\"name\":\"Cam\u00e9ra IP Reconnaissance Faciale Double lentille 2 MPXLS &#8211; FF &#8211; 4mm\"}]},{\"@type\":\"WebSite\",\"@id\":\"https:\\\/\\\/exciting-lichterman.217-160-28-49.plesk.page\\\/#website\",\"url\":\"https:\\\/\\\/exciting-lichterman.217-160-28-49.plesk.page\\\/\",\"name\":\"K2group Distribution\",\"description\":\"\",\"publisher\":{\"@id\":\"https:\\\/\\\/exciting-lichterman.217-160-28-49.plesk.page\\\/#organization\"},\"potentialAction\":[{\"@type\":\"SearchAction\",\"target\":{\"@type\":\"EntryPoint\",\"urlTemplate\":\"https:\\\/\\\/exciting-lichterman.217-160-28-49.plesk.page\\\/?s={search_term_string}\"},\"query-input\":{\"@type\":\"PropertyValueSpecification\",\"valueRequired\":true,\"valueName\":\"search_term_string\"}}],\"inLanguage\":\"de\"},{\"@type\":\"Organization\",\"@id\":\"https:\\\/\\\/exciting-lichterman.217-160-28-49.plesk.page\\\/#organization\",\"name\":\"K2group Distribution\",\"url\":\"https:\\\/\\\/exciting-lichterman.217-160-28-49.plesk.page\\\/\",\"logo\":{\"@type\":\"ImageObject\",\"inLanguage\":\"de\",\"@id\":\"https:\\\/\\\/exciting-lichterman.217-160-28-49.plesk.page\\\/#\\\/schema\\\/logo\\\/image\\\/\",\"url\":\"https:\\\/\\\/exciting-lichterman.217-160-28-49.plesk.page\\\/wp-content\\\/uploads\\\/2022\\\/04\\\/logo-K2.png\",\"contentUrl\":\"https:\\\/\\\/exciting-lichterman.217-160-28-49.plesk.page\\\/wp-content\\\/uploads\\\/2022\\\/04\\\/logo-K2.png\",\"width\":155,\"height\":66,\"caption\":\"K2group Distribution\"},\"image\":{\"@id\":\"https:\\\/\\\/exciting-lichterman.217-160-28-49.plesk.page\\\/#\\\/schema\\\/logo\\\/image\\\/\"}}]}<\/script>\n<!-- \/ Yoast SEO plugin. -->","yoast_head_json":{"title":"Cam\u00e9ra IP Reconnaissance Faciale Double lentille 2 MPXLS - FF - 4mm - K2group Distribution","robots":{"index":"noindex","follow":"follow","max-snippet":"max-snippet:-1","max-image-preview":"max-image-preview:large","max-video-preview":"max-video-preview:-1"},"og_locale":"de_DE","og_type":"article","og_title":"Cam\u00e9ra IP Reconnaissance Faciale Double lentille 2 MPXLS - FF - 4mm - K2group Distribution","og_description":"R\u00e9f\u00e9rence : IDS-2CD8426G0\/F-I   Type de cam\u00e9ra : Bullet  Mati\u00e8re de la coque : M\u00e9tal  R\u00e9solution : 2 MP ( 1920 x 1080)  Distance Focale : Deux lentilles identiques. 4 mm, 6 mm, 8 mm, 12 mm  DNR : DNR 3D  WDR : 120 dB  Port\u00e9e IR : Jusqu'\u00e0 10 m\u00e8tres  Source De Courant :36 VDC, bornier \u00e0 deux conducteurs  Dimensions : 180,4 \u00d7 147 \u00d7 117,9 mm  Poids : Environ 1500g","og_url":"https:\/\/exciting-lichterman.217-160-28-49.plesk.page\/de\/produkt\/rf-2-mpxls-ff-4-mm-x2\/","og_site_name":"K2group Distribution","article_modified_time":"2023-06-01T10:58:38+00:00","og_image":[{"width":2560,"height":2545,"url":"https:\/\/exciting-lichterman.217-160-28-49.plesk.page\/wp-content\/uploads\/2022\/07\/IDS-2CD8426G0-F-I-01-scaled.webp","type":"image\/webp"}],"twitter_card":"summary_large_image","twitter_misc":{"Gesch\u00e4tzte Lesezeit":"1\u00a0Minute"},"schema":{"@context":"https:\/\/schema.org","@graph":[{"@type":"WebPage","@id":"https:\/\/exciting-lichterman.217-160-28-49.plesk.page\/produit\/rf-2-mpxls-ff-4-mm-x2\/","url":"https:\/\/exciting-lichterman.217-160-28-49.plesk.page\/produit\/rf-2-mpxls-ff-4-mm-x2\/","name":"Cam\u00e9ra IP Reconnaissance Faciale Double lentille 2 MPXLS - FF - 4mm - K2group Distribution","isPartOf":{"@id":"https:\/\/exciting-lichterman.217-160-28-49.plesk.page\/#website"},"primaryImageOfPage":{"@id":"https:\/\/exciting-lichterman.217-160-28-49.plesk.page\/produit\/rf-2-mpxls-ff-4-mm-x2\/#primaryimage"},"image":{"@id":"https:\/\/exciting-lichterman.217-160-28-49.plesk.page\/produit\/rf-2-mpxls-ff-4-mm-x2\/#primaryimage"},"thumbnailUrl":"https:\/\/exciting-lichterman.217-160-28-49.plesk.page\/wp-content\/uploads\/2022\/07\/IDS-2CD8426G0-F-I-01-scaled.webp","datePublished":"2022-07-27T13:56:11+00:00","dateModified":"2023-06-01T10:58:38+00:00","breadcrumb":{"@id":"https:\/\/exciting-lichterman.217-160-28-49.plesk.page\/produit\/rf-2-mpxls-ff-4-mm-x2\/#breadcrumb"},"inLanguage":"de","potentialAction":[{"@type":"ReadAction","target":["https:\/\/exciting-lichterman.217-160-28-49.plesk.page\/produit\/rf-2-mpxls-ff-4-mm-x2\/"]}]},{"@type":"ImageObject","inLanguage":"de","@id":"https:\/\/exciting-lichterman.217-160-28-49.plesk.page\/produit\/rf-2-mpxls-ff-4-mm-x2\/#primaryimage","url":"https:\/\/exciting-lichterman.217-160-28-49.plesk.page\/wp-content\/uploads\/2022\/07\/IDS-2CD8426G0-F-I-01-scaled.webp","contentUrl":"https:\/\/exciting-lichterman.217-160-28-49.plesk.page\/wp-content\/uploads\/2022\/07\/IDS-2CD8426G0-F-I-01-scaled.webp","width":2560,"height":2545},{"@type":"BreadcrumbList","@id":"https:\/\/exciting-lichterman.217-160-28-49.plesk.page\/produit\/rf-2-mpxls-ff-4-mm-x2\/#breadcrumb","itemListElement":[{"@type":"ListItem","position":1,"name":"Accueil","item":"https:\/\/exciting-lichterman.217-160-28-49.plesk.page\/"},{"@type":"ListItem","position":2,"name":"Boutique","item":"https:\/\/exciting-lichterman.217-160-28-49.plesk.page\/boutique\/"},{"@type":"ListItem","position":3,"name":"Cam\u00e9ra IP Reconnaissance Faciale Double lentille 2 MPXLS &#8211; FF &#8211; 4mm"}]},{"@type":"WebSite","@id":"https:\/\/exciting-lichterman.217-160-28-49.plesk.page\/#website","url":"https:\/\/exciting-lichterman.217-160-28-49.plesk.page\/","name":"K2group Distribution","description":"","publisher":{"@id":"https:\/\/exciting-lichterman.217-160-28-49.plesk.page\/#organization"},"potentialAction":[{"@type":"SearchAction","target":{"@type":"EntryPoint","urlTemplate":"https:\/\/exciting-lichterman.217-160-28-49.plesk.page\/?s={search_term_string}"},"query-input":{"@type":"PropertyValueSpecification","valueRequired":true,"valueName":"search_term_string"}}],"inLanguage":"de"},{"@type":"Organization","@id":"https:\/\/exciting-lichterman.217-160-28-49.plesk.page\/#organization","name":"K2group Distribution","url":"https:\/\/exciting-lichterman.217-160-28-49.plesk.page\/","logo":{"@type":"ImageObject","inLanguage":"de","@id":"https:\/\/exciting-lichterman.217-160-28-49.plesk.page\/#\/schema\/logo\/image\/","url":"https:\/\/exciting-lichterman.217-160-28-49.plesk.page\/wp-content\/uploads\/2022\/04\/logo-K2.png","contentUrl":"https:\/\/exciting-lichterman.217-160-28-49.plesk.page\/wp-content\/uploads\/2022\/04\/logo-K2.png","width":155,"height":66,"caption":"K2group Distribution"},"image":{"@id":"https:\/\/exciting-lichterman.217-160-28-49.plesk.page\/#\/schema\/logo\/image\/"}}]}},"_links":{"self":[{"href":"https:\/\/exciting-lichterman.217-160-28-49.plesk.page\/de\/wp-json\/wp\/v2\/product\/11314","targetHints":{"allow":["GET"]}}],"collection":[{"href":"https:\/\/exciting-lichterman.217-160-28-49.plesk.page\/de\/wp-json\/wp\/v2\/product"}],"about":[{"href":"https:\/\/exciting-lichterman.217-160-28-49.plesk.page\/de\/wp-json\/wp\/v2\/types\/product"}],"replies":[{"embeddable":true,"href":"https:\/\/exciting-lichterman.217-160-28-49.plesk.page\/de\/wp-json\/wp\/v2\/comments?post=11314"}],"version-history":[{"count":5,"href":"https:\/\/exciting-lichterman.217-160-28-49.plesk.page\/de\/wp-json\/wp\/v2\/product\/11314\/revisions"}],"predecessor-version":[{"id":17746,"href":"https:\/\/exciting-lichterman.217-160-28-49.plesk.page\/de\/wp-json\/wp\/v2\/product\/11314\/revisions\/17746"}],"wp:featuredmedia":[{"embeddable":true,"href":"https:\/\/exciting-lichterman.217-160-28-49.plesk.page\/de\/wp-json\/wp\/v2\/media\/11315"}],"wp:attachment":[{"href":"https:\/\/exciting-lichterman.217-160-28-49.plesk.page\/de\/wp-json\/wp\/v2\/media?parent=11314"}],"wp:term":[{"taxonomy":"product_brand","embeddable":true,"href":"https:\/\/exciting-lichterman.217-160-28-49.plesk.page\/de\/wp-json\/wp\/v2\/product_brand?post=11314"},{"taxonomy":"product_cat","embeddable":true,"href":"https:\/\/exciting-lichterman.217-160-28-49.plesk.page\/de\/wp-json\/wp\/v2\/product_cat?post=11314"},{"taxonomy":"product_tag","embeddable":true,"href":"https:\/\/exciting-lichterman.217-160-28-49.plesk.page\/de\/wp-json\/wp\/v2\/product_tag?post=11314"}],"curies":[{"name":"wp","href":"https:\/\/api.w.org\/{rel}","templated":true}]}}