{"id":11297,"date":"2022-07-27T13:44:20","date_gmt":"2022-07-27T13:44:20","guid":{"rendered":"https:\/\/practical-elbakyan.82-165-223-183.plesk.page\/?post_type=product&#038;p=11297"},"modified":"2023-06-01T13:40:41","modified_gmt":"2023-06-01T13:40:41","slug":"radar","status":"publish","type":"product","link":"https:\/\/exciting-lichterman.217-160-28-49.plesk.page\/de\/produkt\/radar\/","title":{"rendered":"Radar 8 zones"},"content":{"rendered":"<h2 style=\"font-family:Poppins;font-size:14px; font-weight:400!important; line-height:2\">Le DS-PR1-60 est un syst\u00e8me de d\u00e9tection de mouvement sp\u00e9cialement con\u00e7u pour surveiller efficacement une vaste zone et rep\u00e9rer tout \u00e9ventuel intrus. Dot\u00e9 de la technologie de pointe avanc\u00e9e, le radar est capable de minimiser les fausses alarmes, notamment celles qui sont caus\u00e9es par des animaux pesant jusqu&rsquo;\u00e0 20 kg.<\/h2>\n<p>R\u00e9sistant aux intemp\u00e9ries, ce radar est capable de d\u00e9tecter et d&rsquo;observer simultan\u00e9ment plusieurs objets en mouvement. Il est \u00e9galement tr\u00e8s pr\u00e9cis dans la d\u00e9termination de la position de l&rsquo;objet d\u00e9tect\u00e9 et la route qu&rsquo;il parcourt.<\/p>\n<p>En outre, le radar peut connecter jusqu&rsquo;\u00e0 4 cam\u00e9ras d\u00f4mes rapides pour suivre automatiquement tous les objets d\u00e9tect\u00e9s. Cette configuration offre une surveillance plus efficace et une r\u00e9duction des risques de fausses alarmes.<\/p>","protected":false},"excerpt":{"rendered":"<ul>\n<li><strong>R\u00e9f\u00e9rence : DS-PR1-60(RADAR) <\/strong><\/li>\n<li>Sortie D&rsquo;alarme : 4 sorties relais (NO\/NC)<\/li>\n<li>Zones : 8<\/li>\n<li>Sortie Relais : 3 canaux : 0,5 A\/125 VAC, tension de claquage : 1 kV<\/li>\n<li>1 canal : 10 A\/240 VCA.<\/li>\n<li>Tension de claquage : 2,5 kV<\/li>\n<li>Couleur : Blanc<\/li>\n<li>Dimensions (LxHxP) : 206 mm \u00d7 228 mm \u00d7 61 mm<\/li>\n<li>M\u00e9thode D&rsquo;installation : Installations multiples avec diff\u00e9rents supports<\/li>\n<li>Poids : 1,84 kg<\/li>\n<\/ul>","protected":false},"featured_media":11298,"comment_status":"open","ping_status":"closed","template":"","meta":{"_acf_changed":false},"product_brand":[],"product_cat":[721,390],"product_tag":[],"class_list":{"0":"post-11297","1":"product","2":"type-product","3":"status-publish","4":"has-post-thumbnail","6":"product_cat-alarme","7":"product_cat-alarmes-et-video","9":"first","10":"instock","11":"taxable","12":"shipping-taxable","13":"product-type-simple"},"acf":[],"yoast_head":"<!-- This site is optimized with the Yoast SEO plugin v27.4 - https:\/\/yoast.com\/product\/yoast-seo-wordpress\/ -->\n<title>Radar 8 zones - K2group Distribution<\/title>\n<meta name=\"robots\" content=\"noindex, follow, max-snippet:-1, max-image-preview:large, max-video-preview:-1\" \/>\n<meta property=\"og:locale\" content=\"de_DE\" \/>\n<meta property=\"og:type\" content=\"article\" \/>\n<meta property=\"og:title\" content=\"Radar 8 zones - K2group Distribution\" \/>\n<meta property=\"og:description\" content=\"R\u00e9f\u00e9rence : DS-PR1-60(RADAR)   Sortie D&#039;alarme : 4 sorties relais (NO\/NC)  Zones : 8  Sortie Relais : 3 canaux : 0,5 A\/125 VAC, tension de claquage : 1 kV  1 canal : 10 A\/240 VCA.  Tension de claquage : 2,5 kV  Couleur : Blanc  Dimensions (LxHxP) : 206 mm \u00d7 228 mm \u00d7 61 mm  M\u00e9thode D&#039;installation : Installations multiples avec diff\u00e9rents supports  Poids : 1,84 kg\" \/>\n<meta property=\"og:url\" content=\"https:\/\/exciting-lichterman.217-160-28-49.plesk.page\/de\/produkt\/radar\/\" \/>\n<meta property=\"og:site_name\" content=\"K2group Distribution\" \/>\n<meta property=\"article:modified_time\" content=\"2023-06-01T13:40:41+00:00\" \/>\n<meta property=\"og:image\" content=\"https:\/\/exciting-lichterman.217-160-28-49.plesk.page\/wp-content\/uploads\/2022\/07\/DS-PR1-60RADAR-01-scaled.webp\" \/>\n\t<meta property=\"og:image:width\" content=\"2560\" \/>\n\t<meta property=\"og:image:height\" content=\"2545\" \/>\n\t<meta property=\"og:image:type\" content=\"image\/webp\" \/>\n<meta name=\"twitter:card\" content=\"summary_large_image\" \/>\n<meta name=\"twitter:label1\" content=\"Gesch\u00e4tzte Lesezeit\" \/>\n\t<meta name=\"twitter:data1\" content=\"1\u00a0Minute\" \/>\n<script type=\"application\/ld+json\" class=\"yoast-schema-graph\">{\"@context\":\"https:\\\/\\\/schema.org\",\"@graph\":[{\"@type\":\"WebPage\",\"@id\":\"https:\\\/\\\/exciting-lichterman.217-160-28-49.plesk.page\\\/produit\\\/radar\\\/\",\"url\":\"https:\\\/\\\/exciting-lichterman.217-160-28-49.plesk.page\\\/produit\\\/radar\\\/\",\"name\":\"Radar 8 zones - K2group Distribution\",\"isPartOf\":{\"@id\":\"https:\\\/\\\/exciting-lichterman.217-160-28-49.plesk.page\\\/#website\"},\"primaryImageOfPage\":{\"@id\":\"https:\\\/\\\/exciting-lichterman.217-160-28-49.plesk.page\\\/produit\\\/radar\\\/#primaryimage\"},\"image\":{\"@id\":\"https:\\\/\\\/exciting-lichterman.217-160-28-49.plesk.page\\\/produit\\\/radar\\\/#primaryimage\"},\"thumbnailUrl\":\"https:\\\/\\\/exciting-lichterman.217-160-28-49.plesk.page\\\/wp-content\\\/uploads\\\/2022\\\/07\\\/DS-PR1-60RADAR-01-scaled.webp\",\"datePublished\":\"2022-07-27T13:44:20+00:00\",\"dateModified\":\"2023-06-01T13:40:41+00:00\",\"breadcrumb\":{\"@id\":\"https:\\\/\\\/exciting-lichterman.217-160-28-49.plesk.page\\\/produit\\\/radar\\\/#breadcrumb\"},\"inLanguage\":\"de\",\"potentialAction\":[{\"@type\":\"ReadAction\",\"target\":[\"https:\\\/\\\/exciting-lichterman.217-160-28-49.plesk.page\\\/produit\\\/radar\\\/\"]}]},{\"@type\":\"ImageObject\",\"inLanguage\":\"de\",\"@id\":\"https:\\\/\\\/exciting-lichterman.217-160-28-49.plesk.page\\\/produit\\\/radar\\\/#primaryimage\",\"url\":\"https:\\\/\\\/exciting-lichterman.217-160-28-49.plesk.page\\\/wp-content\\\/uploads\\\/2022\\\/07\\\/DS-PR1-60RADAR-01-scaled.webp\",\"contentUrl\":\"https:\\\/\\\/exciting-lichterman.217-160-28-49.plesk.page\\\/wp-content\\\/uploads\\\/2022\\\/07\\\/DS-PR1-60RADAR-01-scaled.webp\",\"width\":2560,\"height\":2545},{\"@type\":\"BreadcrumbList\",\"@id\":\"https:\\\/\\\/exciting-lichterman.217-160-28-49.plesk.page\\\/produit\\\/radar\\\/#breadcrumb\",\"itemListElement\":[{\"@type\":\"ListItem\",\"position\":1,\"name\":\"Accueil\",\"item\":\"https:\\\/\\\/exciting-lichterman.217-160-28-49.plesk.page\\\/\"},{\"@type\":\"ListItem\",\"position\":2,\"name\":\"Boutique\",\"item\":\"https:\\\/\\\/exciting-lichterman.217-160-28-49.plesk.page\\\/boutique\\\/\"},{\"@type\":\"ListItem\",\"position\":3,\"name\":\"Radar 8 zones\"}]},{\"@type\":\"WebSite\",\"@id\":\"https:\\\/\\\/exciting-lichterman.217-160-28-49.plesk.page\\\/#website\",\"url\":\"https:\\\/\\\/exciting-lichterman.217-160-28-49.plesk.page\\\/\",\"name\":\"K2group Distribution\",\"description\":\"\",\"publisher\":{\"@id\":\"https:\\\/\\\/exciting-lichterman.217-160-28-49.plesk.page\\\/#organization\"},\"potentialAction\":[{\"@type\":\"SearchAction\",\"target\":{\"@type\":\"EntryPoint\",\"urlTemplate\":\"https:\\\/\\\/exciting-lichterman.217-160-28-49.plesk.page\\\/?s={search_term_string}\"},\"query-input\":{\"@type\":\"PropertyValueSpecification\",\"valueRequired\":true,\"valueName\":\"search_term_string\"}}],\"inLanguage\":\"de\"},{\"@type\":\"Organization\",\"@id\":\"https:\\\/\\\/exciting-lichterman.217-160-28-49.plesk.page\\\/#organization\",\"name\":\"K2group Distribution\",\"url\":\"https:\\\/\\\/exciting-lichterman.217-160-28-49.plesk.page\\\/\",\"logo\":{\"@type\":\"ImageObject\",\"inLanguage\":\"de\",\"@id\":\"https:\\\/\\\/exciting-lichterman.217-160-28-49.plesk.page\\\/#\\\/schema\\\/logo\\\/image\\\/\",\"url\":\"https:\\\/\\\/exciting-lichterman.217-160-28-49.plesk.page\\\/wp-content\\\/uploads\\\/2022\\\/04\\\/logo-K2.png\",\"contentUrl\":\"https:\\\/\\\/exciting-lichterman.217-160-28-49.plesk.page\\\/wp-content\\\/uploads\\\/2022\\\/04\\\/logo-K2.png\",\"width\":155,\"height\":66,\"caption\":\"K2group Distribution\"},\"image\":{\"@id\":\"https:\\\/\\\/exciting-lichterman.217-160-28-49.plesk.page\\\/#\\\/schema\\\/logo\\\/image\\\/\"}}]}<\/script>\n<!-- \/ Yoast SEO plugin. -->","yoast_head_json":{"title":"Radar 8 zones - K2group Distribution","robots":{"index":"noindex","follow":"follow","max-snippet":"max-snippet:-1","max-image-preview":"max-image-preview:large","max-video-preview":"max-video-preview:-1"},"og_locale":"de_DE","og_type":"article","og_title":"Radar 8 zones - K2group Distribution","og_description":"R\u00e9f\u00e9rence : DS-PR1-60(RADAR)   Sortie D'alarme : 4 sorties relais (NO\/NC)  Zones : 8  Sortie Relais : 3 canaux : 0,5 A\/125 VAC, tension de claquage : 1 kV  1 canal : 10 A\/240 VCA.  Tension de claquage : 2,5 kV  Couleur : Blanc  Dimensions (LxHxP) : 206 mm \u00d7 228 mm \u00d7 61 mm  M\u00e9thode D'installation : Installations multiples avec diff\u00e9rents supports  Poids : 1,84 kg","og_url":"https:\/\/exciting-lichterman.217-160-28-49.plesk.page\/de\/produkt\/radar\/","og_site_name":"K2group Distribution","article_modified_time":"2023-06-01T13:40:41+00:00","og_image":[{"width":2560,"height":2545,"url":"https:\/\/exciting-lichterman.217-160-28-49.plesk.page\/wp-content\/uploads\/2022\/07\/DS-PR1-60RADAR-01-scaled.webp","type":"image\/webp"}],"twitter_card":"summary_large_image","twitter_misc":{"Gesch\u00e4tzte Lesezeit":"1\u00a0Minute"},"schema":{"@context":"https:\/\/schema.org","@graph":[{"@type":"WebPage","@id":"https:\/\/exciting-lichterman.217-160-28-49.plesk.page\/produit\/radar\/","url":"https:\/\/exciting-lichterman.217-160-28-49.plesk.page\/produit\/radar\/","name":"Radar 8 zones - K2group Distribution","isPartOf":{"@id":"https:\/\/exciting-lichterman.217-160-28-49.plesk.page\/#website"},"primaryImageOfPage":{"@id":"https:\/\/exciting-lichterman.217-160-28-49.plesk.page\/produit\/radar\/#primaryimage"},"image":{"@id":"https:\/\/exciting-lichterman.217-160-28-49.plesk.page\/produit\/radar\/#primaryimage"},"thumbnailUrl":"https:\/\/exciting-lichterman.217-160-28-49.plesk.page\/wp-content\/uploads\/2022\/07\/DS-PR1-60RADAR-01-scaled.webp","datePublished":"2022-07-27T13:44:20+00:00","dateModified":"2023-06-01T13:40:41+00:00","breadcrumb":{"@id":"https:\/\/exciting-lichterman.217-160-28-49.plesk.page\/produit\/radar\/#breadcrumb"},"inLanguage":"de","potentialAction":[{"@type":"ReadAction","target":["https:\/\/exciting-lichterman.217-160-28-49.plesk.page\/produit\/radar\/"]}]},{"@type":"ImageObject","inLanguage":"de","@id":"https:\/\/exciting-lichterman.217-160-28-49.plesk.page\/produit\/radar\/#primaryimage","url":"https:\/\/exciting-lichterman.217-160-28-49.plesk.page\/wp-content\/uploads\/2022\/07\/DS-PR1-60RADAR-01-scaled.webp","contentUrl":"https:\/\/exciting-lichterman.217-160-28-49.plesk.page\/wp-content\/uploads\/2022\/07\/DS-PR1-60RADAR-01-scaled.webp","width":2560,"height":2545},{"@type":"BreadcrumbList","@id":"https:\/\/exciting-lichterman.217-160-28-49.plesk.page\/produit\/radar\/#breadcrumb","itemListElement":[{"@type":"ListItem","position":1,"name":"Accueil","item":"https:\/\/exciting-lichterman.217-160-28-49.plesk.page\/"},{"@type":"ListItem","position":2,"name":"Boutique","item":"https:\/\/exciting-lichterman.217-160-28-49.plesk.page\/boutique\/"},{"@type":"ListItem","position":3,"name":"Radar 8 zones"}]},{"@type":"WebSite","@id":"https:\/\/exciting-lichterman.217-160-28-49.plesk.page\/#website","url":"https:\/\/exciting-lichterman.217-160-28-49.plesk.page\/","name":"K2group Distribution","description":"","publisher":{"@id":"https:\/\/exciting-lichterman.217-160-28-49.plesk.page\/#organization"},"potentialAction":[{"@type":"SearchAction","target":{"@type":"EntryPoint","urlTemplate":"https:\/\/exciting-lichterman.217-160-28-49.plesk.page\/?s={search_term_string}"},"query-input":{"@type":"PropertyValueSpecification","valueRequired":true,"valueName":"search_term_string"}}],"inLanguage":"de"},{"@type":"Organization","@id":"https:\/\/exciting-lichterman.217-160-28-49.plesk.page\/#organization","name":"K2group Distribution","url":"https:\/\/exciting-lichterman.217-160-28-49.plesk.page\/","logo":{"@type":"ImageObject","inLanguage":"de","@id":"https:\/\/exciting-lichterman.217-160-28-49.plesk.page\/#\/schema\/logo\/image\/","url":"https:\/\/exciting-lichterman.217-160-28-49.plesk.page\/wp-content\/uploads\/2022\/04\/logo-K2.png","contentUrl":"https:\/\/exciting-lichterman.217-160-28-49.plesk.page\/wp-content\/uploads\/2022\/04\/logo-K2.png","width":155,"height":66,"caption":"K2group Distribution"},"image":{"@id":"https:\/\/exciting-lichterman.217-160-28-49.plesk.page\/#\/schema\/logo\/image\/"}}]}},"_links":{"self":[{"href":"https:\/\/exciting-lichterman.217-160-28-49.plesk.page\/de\/wp-json\/wp\/v2\/product\/11297","targetHints":{"allow":["GET"]}}],"collection":[{"href":"https:\/\/exciting-lichterman.217-160-28-49.plesk.page\/de\/wp-json\/wp\/v2\/product"}],"about":[{"href":"https:\/\/exciting-lichterman.217-160-28-49.plesk.page\/de\/wp-json\/wp\/v2\/types\/product"}],"replies":[{"embeddable":true,"href":"https:\/\/exciting-lichterman.217-160-28-49.plesk.page\/de\/wp-json\/wp\/v2\/comments?post=11297"}],"version-history":[{"count":8,"href":"https:\/\/exciting-lichterman.217-160-28-49.plesk.page\/de\/wp-json\/wp\/v2\/product\/11297\/revisions"}],"predecessor-version":[{"id":17804,"href":"https:\/\/exciting-lichterman.217-160-28-49.plesk.page\/de\/wp-json\/wp\/v2\/product\/11297\/revisions\/17804"}],"wp:featuredmedia":[{"embeddable":true,"href":"https:\/\/exciting-lichterman.217-160-28-49.plesk.page\/de\/wp-json\/wp\/v2\/media\/11298"}],"wp:attachment":[{"href":"https:\/\/exciting-lichterman.217-160-28-49.plesk.page\/de\/wp-json\/wp\/v2\/media?parent=11297"}],"wp:term":[{"taxonomy":"product_brand","embeddable":true,"href":"https:\/\/exciting-lichterman.217-160-28-49.plesk.page\/de\/wp-json\/wp\/v2\/product_brand?post=11297"},{"taxonomy":"product_cat","embeddable":true,"href":"https:\/\/exciting-lichterman.217-160-28-49.plesk.page\/de\/wp-json\/wp\/v2\/product_cat?post=11297"},{"taxonomy":"product_tag","embeddable":true,"href":"https:\/\/exciting-lichterman.217-160-28-49.plesk.page\/de\/wp-json\/wp\/v2\/product_tag?post=11297"}],"curies":[{"name":"wp","href":"https:\/\/api.w.org\/{rel}","templated":true}]}}