{"id":11274,"date":"2022-07-27T13:29:01","date_gmt":"2022-07-27T13:29:01","guid":{"rendered":"https:\/\/practical-elbakyan.82-165-223-183.plesk.page\/?post_type=product&#038;p=11274"},"modified":"2023-06-01T13:42:29","modified_gmt":"2023-06-01T13:42:29","slug":"panneau-affichage-dynamique-55-pouces","status":"publish","type":"product","link":"https:\/\/exciting-lichterman.217-160-28-49.plesk.page\/de\/produkt\/panneau-affichage-dynamique-55-pouces\/","title":{"rendered":"Panneau affichage dynamique 55 pouces"},"content":{"rendered":"<h2 style=\"font-family:Poppins;font-size:14px; font-weight:400!important; line-height:2\">Le panneau d&rsquo;affichage dynamique DS-D6055FL-B\/S de Hikvision est un \u00e9cran de 55 pouces dot\u00e9 d&rsquo;une apparence m\u00e9tallique l\u00e9g\u00e8re avec un design int\u00e9gr\u00e9 et prot\u00e9g\u00e9 par du verre tremp\u00e9 \u00e0 haute transmittance pour une protection fiable.<\/h2>\n<p>Ce panneau prend en charge une vari\u00e9t\u00e9 de mat\u00e9riaux statiques et dynamiques, tels que des images, des fichiers audio et vid\u00e9o, des sous-titres d\u00e9filants, des fichiers PDF, des pages Web, des vid\u00e9os en direct, des num\u00e9ros d&rsquo;appel et des images contextuelles, etc.<\/p>\n<p>Le DS-D6055FL-B\/S permet \u00e9galement une gestion centralis\u00e9e, ce qui signifie que l&rsquo;on peut contr\u00f4ler et g\u00e9rer \u00e0 distance un ou plusieurs \u00e9crans. On peut d\u00e9marrer\/arr\u00eater temporairement l&rsquo;\u00e9cran, r\u00e9gler la luminosit\u00e9 et le volume, ainsi que pr\u00e9visualiser les captures d&rsquo;\u00e9cran.<\/p>\n<p>Il est possible de lancer le programme \u00e0 distance et de mettre \u00e0 jour le programme local via USB. En effet, ce panneau offre une autorisation d&rsquo;organisation \u00e0 5 niveaux pour la gestion du mat\u00e9riel, des programmes, des terminaux et des utilisateurs.<\/p>\n<p>\u00c9quip\u00e9 de plusieurs mesures de s\u00e9curit\u00e9 pour \u00e9viter toute publication par erreur, ce dispositif propose une v\u00e9rification \u00e0 3 niveaux des mat\u00e9riaux, des programmes et des calendriers, un mot de passe pour l&rsquo;\u00e9conomiseur d&rsquo;\u00e9cran, ainsi qu&rsquo;un cryptage du stockage et de la transmission des donn\u00e9es pour \u00e9viter la falsification des donn\u00e9es.<\/p>","protected":false},"excerpt":{"rendered":"<ul>\n<li><strong>R\u00e9f\u00e9rence : DS-D6055FL-B\/S <\/strong><\/li>\n<li>Syst\u00e8me D&rsquo;exploitation : Android 6.0.1<\/li>\n<li>Taille De L&rsquo;\u00e9cran : 54,5 pouces<\/li>\n<li>R\u00e9solution : 1920 \u00d7 1080 \u00e0 60Hz<\/li>\n<li>Rapport De Contraste : 3500 : 1<\/li>\n<li>Zone D&rsquo;affichage Active : 1209,6 (H) \u00d7 680,4 (V) mm<\/li>\n<li>CPU : Cortex-A17, 4 c\u0153urs, 1,6 GHz<\/li>\n<li>M\u00e9moire : 2 Go<\/li>\n<li>Stockage : 8 Go<\/li>\n<li>EMMC, TF 32 Go<\/li>\n<li>Dimensions (L \u00d7 H \u00d7 P) : 1958,2 (H) x 680,4 (V) x 450 (P) mm<\/li>\n<li>Source De Courant : 100 \u00e0 240 VCA, 50\/60 Hz<\/li>\n<li>Poids : 66,190 kg<\/li>\n<\/ul>","protected":false},"featured_media":11275,"comment_status":"open","ping_status":"closed","template":"","meta":{"_acf_changed":false},"product_brand":[],"product_cat":[390],"product_tag":[],"class_list":{"0":"post-11274","1":"product","2":"type-product","3":"status-publish","4":"has-post-thumbnail","6":"product_cat-alarmes-et-video","8":"first","9":"instock","10":"taxable","11":"shipping-taxable","12":"product-type-simple"},"acf":[],"yoast_head":"<!-- This site is optimized with the Yoast SEO plugin v27.4 - https:\/\/yoast.com\/product\/yoast-seo-wordpress\/ -->\n<title>Panneau affichage dynamique 55 pouces - K2group Distribution<\/title>\n<meta name=\"robots\" content=\"noindex, follow, max-snippet:-1, max-image-preview:large, max-video-preview:-1\" \/>\n<meta property=\"og:locale\" content=\"de_DE\" \/>\n<meta property=\"og:type\" content=\"article\" \/>\n<meta property=\"og:title\" content=\"Panneau affichage dynamique 55 pouces - K2group Distribution\" \/>\n<meta property=\"og:description\" content=\"R\u00e9f\u00e9rence : DS-D6055FL-B\/S   Syst\u00e8me D&#039;exploitation : Android 6.0.1  Taille De L&#039;\u00e9cran : 54,5 pouces  R\u00e9solution : 1920 \u00d7 1080 \u00e0 60Hz  Rapport De Contraste : 3500 : 1  Zone D&#039;affichage Active : 1209,6 (H) \u00d7 680,4 (V) mm  CPU : Cortex-A17, 4 c\u0153urs, 1,6 GHz  M\u00e9moire : 2 Go  Stockage : 8 Go  EMMC, TF 32 Go  Dimensions (L \u00d7 H \u00d7 P) : 1958,2 (H) x 680,4 (V) x 450 (P) mm  Source De Courant : 100 \u00e0 240 VCA, 50\/60 Hz  Poids : 66,190 kg\" \/>\n<meta property=\"og:url\" content=\"https:\/\/exciting-lichterman.217-160-28-49.plesk.page\/de\/produkt\/panneau-affichage-dynamique-55-pouces\/\" \/>\n<meta property=\"og:site_name\" content=\"K2group Distribution\" \/>\n<meta property=\"article:modified_time\" content=\"2023-06-01T13:42:29+00:00\" \/>\n<meta property=\"og:image\" content=\"https:\/\/exciting-lichterman.217-160-28-49.plesk.page\/wp-content\/uploads\/2022\/07\/DS-D6055FL-BS-01-scaled.webp\" \/>\n\t<meta property=\"og:image:width\" content=\"2560\" \/>\n\t<meta property=\"og:image:height\" content=\"2545\" \/>\n\t<meta property=\"og:image:type\" content=\"image\/webp\" \/>\n<meta name=\"twitter:card\" content=\"summary_large_image\" \/>\n<meta name=\"twitter:label1\" content=\"Gesch\u00e4tzte Lesezeit\" \/>\n\t<meta name=\"twitter:data1\" content=\"2\u00a0Minuten\" \/>\n<script type=\"application\/ld+json\" class=\"yoast-schema-graph\">{\"@context\":\"https:\\\/\\\/schema.org\",\"@graph\":[{\"@type\":\"WebPage\",\"@id\":\"https:\\\/\\\/exciting-lichterman.217-160-28-49.plesk.page\\\/produit\\\/panneau-affichage-dynamique-55-pouces\\\/\",\"url\":\"https:\\\/\\\/exciting-lichterman.217-160-28-49.plesk.page\\\/produit\\\/panneau-affichage-dynamique-55-pouces\\\/\",\"name\":\"Panneau affichage dynamique 55 pouces - K2group Distribution\",\"isPartOf\":{\"@id\":\"https:\\\/\\\/exciting-lichterman.217-160-28-49.plesk.page\\\/#website\"},\"primaryImageOfPage\":{\"@id\":\"https:\\\/\\\/exciting-lichterman.217-160-28-49.plesk.page\\\/produit\\\/panneau-affichage-dynamique-55-pouces\\\/#primaryimage\"},\"image\":{\"@id\":\"https:\\\/\\\/exciting-lichterman.217-160-28-49.plesk.page\\\/produit\\\/panneau-affichage-dynamique-55-pouces\\\/#primaryimage\"},\"thumbnailUrl\":\"https:\\\/\\\/exciting-lichterman.217-160-28-49.plesk.page\\\/wp-content\\\/uploads\\\/2022\\\/07\\\/DS-D6055FL-BS-01-scaled.webp\",\"datePublished\":\"2022-07-27T13:29:01+00:00\",\"dateModified\":\"2023-06-01T13:42:29+00:00\",\"breadcrumb\":{\"@id\":\"https:\\\/\\\/exciting-lichterman.217-160-28-49.plesk.page\\\/produit\\\/panneau-affichage-dynamique-55-pouces\\\/#breadcrumb\"},\"inLanguage\":\"de\",\"potentialAction\":[{\"@type\":\"ReadAction\",\"target\":[\"https:\\\/\\\/exciting-lichterman.217-160-28-49.plesk.page\\\/produit\\\/panneau-affichage-dynamique-55-pouces\\\/\"]}]},{\"@type\":\"ImageObject\",\"inLanguage\":\"de\",\"@id\":\"https:\\\/\\\/exciting-lichterman.217-160-28-49.plesk.page\\\/produit\\\/panneau-affichage-dynamique-55-pouces\\\/#primaryimage\",\"url\":\"https:\\\/\\\/exciting-lichterman.217-160-28-49.plesk.page\\\/wp-content\\\/uploads\\\/2022\\\/07\\\/DS-D6055FL-BS-01-scaled.webp\",\"contentUrl\":\"https:\\\/\\\/exciting-lichterman.217-160-28-49.plesk.page\\\/wp-content\\\/uploads\\\/2022\\\/07\\\/DS-D6055FL-BS-01-scaled.webp\",\"width\":2560,\"height\":2545},{\"@type\":\"BreadcrumbList\",\"@id\":\"https:\\\/\\\/exciting-lichterman.217-160-28-49.plesk.page\\\/produit\\\/panneau-affichage-dynamique-55-pouces\\\/#breadcrumb\",\"itemListElement\":[{\"@type\":\"ListItem\",\"position\":1,\"name\":\"Accueil\",\"item\":\"https:\\\/\\\/exciting-lichterman.217-160-28-49.plesk.page\\\/\"},{\"@type\":\"ListItem\",\"position\":2,\"name\":\"Boutique\",\"item\":\"https:\\\/\\\/exciting-lichterman.217-160-28-49.plesk.page\\\/boutique\\\/\"},{\"@type\":\"ListItem\",\"position\":3,\"name\":\"Panneau affichage dynamique 55 pouces\"}]},{\"@type\":\"WebSite\",\"@id\":\"https:\\\/\\\/exciting-lichterman.217-160-28-49.plesk.page\\\/#website\",\"url\":\"https:\\\/\\\/exciting-lichterman.217-160-28-49.plesk.page\\\/\",\"name\":\"K2group Distribution\",\"description\":\"\",\"publisher\":{\"@id\":\"https:\\\/\\\/exciting-lichterman.217-160-28-49.plesk.page\\\/#organization\"},\"potentialAction\":[{\"@type\":\"SearchAction\",\"target\":{\"@type\":\"EntryPoint\",\"urlTemplate\":\"https:\\\/\\\/exciting-lichterman.217-160-28-49.plesk.page\\\/?s={search_term_string}\"},\"query-input\":{\"@type\":\"PropertyValueSpecification\",\"valueRequired\":true,\"valueName\":\"search_term_string\"}}],\"inLanguage\":\"de\"},{\"@type\":\"Organization\",\"@id\":\"https:\\\/\\\/exciting-lichterman.217-160-28-49.plesk.page\\\/#organization\",\"name\":\"K2group Distribution\",\"url\":\"https:\\\/\\\/exciting-lichterman.217-160-28-49.plesk.page\\\/\",\"logo\":{\"@type\":\"ImageObject\",\"inLanguage\":\"de\",\"@id\":\"https:\\\/\\\/exciting-lichterman.217-160-28-49.plesk.page\\\/#\\\/schema\\\/logo\\\/image\\\/\",\"url\":\"https:\\\/\\\/exciting-lichterman.217-160-28-49.plesk.page\\\/wp-content\\\/uploads\\\/2022\\\/04\\\/logo-K2.png\",\"contentUrl\":\"https:\\\/\\\/exciting-lichterman.217-160-28-49.plesk.page\\\/wp-content\\\/uploads\\\/2022\\\/04\\\/logo-K2.png\",\"width\":155,\"height\":66,\"caption\":\"K2group Distribution\"},\"image\":{\"@id\":\"https:\\\/\\\/exciting-lichterman.217-160-28-49.plesk.page\\\/#\\\/schema\\\/logo\\\/image\\\/\"}}]}<\/script>\n<!-- \/ Yoast SEO plugin. -->","yoast_head_json":{"title":"Panneau affichage dynamique 55 pouces - K2group Distribution","robots":{"index":"noindex","follow":"follow","max-snippet":"max-snippet:-1","max-image-preview":"max-image-preview:large","max-video-preview":"max-video-preview:-1"},"og_locale":"de_DE","og_type":"article","og_title":"Panneau affichage dynamique 55 pouces - K2group Distribution","og_description":"R\u00e9f\u00e9rence : DS-D6055FL-B\/S   Syst\u00e8me D'exploitation : Android 6.0.1  Taille De L'\u00e9cran : 54,5 pouces  R\u00e9solution : 1920 \u00d7 1080 \u00e0 60Hz  Rapport De Contraste : 3500 : 1  Zone D'affichage Active : 1209,6 (H) \u00d7 680,4 (V) mm  CPU : Cortex-A17, 4 c\u0153urs, 1,6 GHz  M\u00e9moire : 2 Go  Stockage : 8 Go  EMMC, TF 32 Go  Dimensions (L \u00d7 H \u00d7 P) : 1958,2 (H) x 680,4 (V) x 450 (P) mm  Source De Courant : 100 \u00e0 240 VCA, 50\/60 Hz  Poids : 66,190 kg","og_url":"https:\/\/exciting-lichterman.217-160-28-49.plesk.page\/de\/produkt\/panneau-affichage-dynamique-55-pouces\/","og_site_name":"K2group Distribution","article_modified_time":"2023-06-01T13:42:29+00:00","og_image":[{"width":2560,"height":2545,"url":"https:\/\/exciting-lichterman.217-160-28-49.plesk.page\/wp-content\/uploads\/2022\/07\/DS-D6055FL-BS-01-scaled.webp","type":"image\/webp"}],"twitter_card":"summary_large_image","twitter_misc":{"Gesch\u00e4tzte Lesezeit":"2\u00a0Minuten"},"schema":{"@context":"https:\/\/schema.org","@graph":[{"@type":"WebPage","@id":"https:\/\/exciting-lichterman.217-160-28-49.plesk.page\/produit\/panneau-affichage-dynamique-55-pouces\/","url":"https:\/\/exciting-lichterman.217-160-28-49.plesk.page\/produit\/panneau-affichage-dynamique-55-pouces\/","name":"Panneau affichage dynamique 55 pouces - K2group Distribution","isPartOf":{"@id":"https:\/\/exciting-lichterman.217-160-28-49.plesk.page\/#website"},"primaryImageOfPage":{"@id":"https:\/\/exciting-lichterman.217-160-28-49.plesk.page\/produit\/panneau-affichage-dynamique-55-pouces\/#primaryimage"},"image":{"@id":"https:\/\/exciting-lichterman.217-160-28-49.plesk.page\/produit\/panneau-affichage-dynamique-55-pouces\/#primaryimage"},"thumbnailUrl":"https:\/\/exciting-lichterman.217-160-28-49.plesk.page\/wp-content\/uploads\/2022\/07\/DS-D6055FL-BS-01-scaled.webp","datePublished":"2022-07-27T13:29:01+00:00","dateModified":"2023-06-01T13:42:29+00:00","breadcrumb":{"@id":"https:\/\/exciting-lichterman.217-160-28-49.plesk.page\/produit\/panneau-affichage-dynamique-55-pouces\/#breadcrumb"},"inLanguage":"de","potentialAction":[{"@type":"ReadAction","target":["https:\/\/exciting-lichterman.217-160-28-49.plesk.page\/produit\/panneau-affichage-dynamique-55-pouces\/"]}]},{"@type":"ImageObject","inLanguage":"de","@id":"https:\/\/exciting-lichterman.217-160-28-49.plesk.page\/produit\/panneau-affichage-dynamique-55-pouces\/#primaryimage","url":"https:\/\/exciting-lichterman.217-160-28-49.plesk.page\/wp-content\/uploads\/2022\/07\/DS-D6055FL-BS-01-scaled.webp","contentUrl":"https:\/\/exciting-lichterman.217-160-28-49.plesk.page\/wp-content\/uploads\/2022\/07\/DS-D6055FL-BS-01-scaled.webp","width":2560,"height":2545},{"@type":"BreadcrumbList","@id":"https:\/\/exciting-lichterman.217-160-28-49.plesk.page\/produit\/panneau-affichage-dynamique-55-pouces\/#breadcrumb","itemListElement":[{"@type":"ListItem","position":1,"name":"Accueil","item":"https:\/\/exciting-lichterman.217-160-28-49.plesk.page\/"},{"@type":"ListItem","position":2,"name":"Boutique","item":"https:\/\/exciting-lichterman.217-160-28-49.plesk.page\/boutique\/"},{"@type":"ListItem","position":3,"name":"Panneau affichage dynamique 55 pouces"}]},{"@type":"WebSite","@id":"https:\/\/exciting-lichterman.217-160-28-49.plesk.page\/#website","url":"https:\/\/exciting-lichterman.217-160-28-49.plesk.page\/","name":"K2group Distribution","description":"","publisher":{"@id":"https:\/\/exciting-lichterman.217-160-28-49.plesk.page\/#organization"},"potentialAction":[{"@type":"SearchAction","target":{"@type":"EntryPoint","urlTemplate":"https:\/\/exciting-lichterman.217-160-28-49.plesk.page\/?s={search_term_string}"},"query-input":{"@type":"PropertyValueSpecification","valueRequired":true,"valueName":"search_term_string"}}],"inLanguage":"de"},{"@type":"Organization","@id":"https:\/\/exciting-lichterman.217-160-28-49.plesk.page\/#organization","name":"K2group Distribution","url":"https:\/\/exciting-lichterman.217-160-28-49.plesk.page\/","logo":{"@type":"ImageObject","inLanguage":"de","@id":"https:\/\/exciting-lichterman.217-160-28-49.plesk.page\/#\/schema\/logo\/image\/","url":"https:\/\/exciting-lichterman.217-160-28-49.plesk.page\/wp-content\/uploads\/2022\/04\/logo-K2.png","contentUrl":"https:\/\/exciting-lichterman.217-160-28-49.plesk.page\/wp-content\/uploads\/2022\/04\/logo-K2.png","width":155,"height":66,"caption":"K2group Distribution"},"image":{"@id":"https:\/\/exciting-lichterman.217-160-28-49.plesk.page\/#\/schema\/logo\/image\/"}}]}},"_links":{"self":[{"href":"https:\/\/exciting-lichterman.217-160-28-49.plesk.page\/de\/wp-json\/wp\/v2\/product\/11274","targetHints":{"allow":["GET"]}}],"collection":[{"href":"https:\/\/exciting-lichterman.217-160-28-49.plesk.page\/de\/wp-json\/wp\/v2\/product"}],"about":[{"href":"https:\/\/exciting-lichterman.217-160-28-49.plesk.page\/de\/wp-json\/wp\/v2\/types\/product"}],"replies":[{"embeddable":true,"href":"https:\/\/exciting-lichterman.217-160-28-49.plesk.page\/de\/wp-json\/wp\/v2\/comments?post=11274"}],"version-history":[{"count":5,"href":"https:\/\/exciting-lichterman.217-160-28-49.plesk.page\/de\/wp-json\/wp\/v2\/product\/11274\/revisions"}],"predecessor-version":[{"id":17809,"href":"https:\/\/exciting-lichterman.217-160-28-49.plesk.page\/de\/wp-json\/wp\/v2\/product\/11274\/revisions\/17809"}],"wp:featuredmedia":[{"embeddable":true,"href":"https:\/\/exciting-lichterman.217-160-28-49.plesk.page\/de\/wp-json\/wp\/v2\/media\/11275"}],"wp:attachment":[{"href":"https:\/\/exciting-lichterman.217-160-28-49.plesk.page\/de\/wp-json\/wp\/v2\/media?parent=11274"}],"wp:term":[{"taxonomy":"product_brand","embeddable":true,"href":"https:\/\/exciting-lichterman.217-160-28-49.plesk.page\/de\/wp-json\/wp\/v2\/product_brand?post=11274"},{"taxonomy":"product_cat","embeddable":true,"href":"https:\/\/exciting-lichterman.217-160-28-49.plesk.page\/de\/wp-json\/wp\/v2\/product_cat?post=11274"},{"taxonomy":"product_tag","embeddable":true,"href":"https:\/\/exciting-lichterman.217-160-28-49.plesk.page\/de\/wp-json\/wp\/v2\/product_tag?post=11274"}],"curies":[{"name":"wp","href":"https:\/\/api.w.org\/{rel}","templated":true}]}}