{"id":11241,"date":"2022-07-27T10:14:15","date_gmt":"2022-07-27T10:14:15","guid":{"rendered":"https:\/\/practical-elbakyan.82-165-223-183.plesk.page\/?post_type=product&#038;p=11241"},"modified":"2023-06-01T10:57:41","modified_gmt":"2023-06-01T10:57:41","slug":"speed-dome-ip-4-mplxs-zoom-x25","status":"publish","type":"product","link":"https:\/\/exciting-lichterman.217-160-28-49.plesk.page\/de\/produkt\/speed-dome-ip-4-mplxs-zoom-x25\/","title":{"rendered":"Speed d\u00f4me IP &#8211; 4 MPLXS &#8211; Zoom X25"},"content":{"rendered":"<h2 style=\"font-family:Poppins;font-size:14px; font-weight:400!important; line-height:2\">Le DS-2DE4425W-DE(E) est une cam\u00e9ra d\u00f4me IP PTZ haut de gamme qui offre des fonctionnalit\u00e9s avanc\u00e9es pour une surveillance efficace. Avec sa r\u00e9solution de 4 MP (2560&#215;1440), elle produit des images de haute qualit\u00e9, tandis que sa vision nocturne optimis\u00e9e par la technologie Darkfighter permet une surveillance optimale 24h\/24.<\/h2>\n<p>Cette cam\u00e9ra est \u00e9quip\u00e9e d&rsquo;un zoom motoris\u00e9 x25, ce qui lui permet de zoomer avant et arri\u00e8re en toute simplicit\u00e9. De plus, elle int\u00e8gre un syst\u00e8me de d\u00e9tection de visage qui peut faire des enregistrements automatiques pour une surveillance plus pr\u00e9cise.<\/p>\n<p>Id\u00e9ale pour surveiller des espaces larges tels que les parkings, les centres commerciaux, les \u00e9coles ou les immeubles commerciaux, cette cam\u00e9ra peut contr\u00f4ler \u00e0 distance via une application sur un smartphone, une tablette ou un ordinateur pour une surveillance facile et pratique.<\/p>\n<p>De plus, son bo\u00eetier r\u00e9sistant et \u00e9tanche avec un indice de protection IP66, permet \u00e0 la cam\u00e9ra de r\u00e9sister \u00e0 la poussi\u00e8re et aux intemp\u00e9ries. Sa conception m\u00e9canique de rotation horizontale et verticale, lui offre une grande flexibilit\u00e9 pour couvrir un large \u00e9ventail de besoins de surveillance.<\/p>","protected":false},"excerpt":{"rendered":"<ul>\n<li><strong>R\u00e9f\u00e9rence : DS-2DE4425W-DE(E) <\/strong><\/li>\n<li>Distance focale : 4,8 mm \u00e0 120 mm, zoom optique 25\u00d7<\/li>\n<li>Vitesse de zoom : Environ. 3,6 s (lentille optique, t\u00e9l\u00e9 large)<\/li>\n<li>Max R\u00e9solution : 2560 \u00d7 1440 Alimentation : 12 Vcc, 2,0 A<\/li>\n<li>PoE (802.3 at), 42,5 \u00e0 57 Vcc, 0,6 A, classe 4Max, 18 W<\/li>\n<li>Temp\u00e9rature de fonctionnement : -30\u00b0C \u00e0 65\u00b0C (-22\u00b0F \u00e0 149\u00b0F) Humidit\u00e9 de travail : \u2264 90%<\/li>\n<li>WDR : 120 dB<\/li>\n<li>Dimensions : \u03a6 180 mm \u00d7 239,5 mm (\u03a6 7,09&Prime; \u00d7 9,43&Prime;)<\/li>\n<li>Poids : Environ 2 kg<\/li>\n<\/ul>","protected":false},"featured_media":11242,"comment_status":"open","ping_status":"closed","template":"","meta":{"_acf_changed":false},"product_brand":[],"product_cat":[390,715],"product_tag":[],"class_list":{"0":"post-11241","1":"product","2":"type-product","3":"status-publish","4":"has-post-thumbnail","6":"product_cat-alarmes-et-video","7":"product_cat-camera-ip","9":"first","10":"instock","11":"taxable","12":"shipping-taxable","13":"product-type-simple"},"acf":[],"yoast_head":"<!-- This site is optimized with the Yoast SEO plugin v27.4 - https:\/\/yoast.com\/product\/yoast-seo-wordpress\/ -->\n<title>Speed d\u00f4me IP - 4 MPLXS - Zoom X25 - K2group Distribution<\/title>\n<meta name=\"robots\" content=\"noindex, follow, max-snippet:-1, max-image-preview:large, max-video-preview:-1\" \/>\n<meta property=\"og:locale\" content=\"de_DE\" \/>\n<meta property=\"og:type\" content=\"article\" \/>\n<meta property=\"og:title\" content=\"Speed d\u00f4me IP - 4 MPLXS - Zoom X25 - K2group Distribution\" \/>\n<meta property=\"og:description\" content=\"R\u00e9f\u00e9rence : DS-2DE4425W-DE(E)   Distance focale : 4,8 mm \u00e0 120 mm, zoom optique 25\u00d7  Vitesse de zoom : Environ. 3,6 s (lentille optique, t\u00e9l\u00e9 large)  Max R\u00e9solution : 2560 \u00d7 1440 Alimentation : 12 Vcc, 2,0 A  PoE (802.3 at), 42,5 \u00e0 57 Vcc, 0,6 A, classe 4Max, 18 W  Temp\u00e9rature de fonctionnement : -30\u00b0C \u00e0 65\u00b0C (-22\u00b0F \u00e0 149\u00b0F) Humidit\u00e9 de travail : \u2264 90%  WDR : 120 dB  Dimensions : \u03a6 180 mm \u00d7 239,5 mm (\u03a6 7,09&quot; \u00d7 9,43&quot;)  Poids : Environ 2 kg\" \/>\n<meta property=\"og:url\" content=\"https:\/\/exciting-lichterman.217-160-28-49.plesk.page\/de\/produkt\/speed-dome-ip-4-mplxs-zoom-x25\/\" \/>\n<meta property=\"og:site_name\" content=\"K2group Distribution\" \/>\n<meta property=\"article:modified_time\" content=\"2023-06-01T10:57:41+00:00\" \/>\n<meta property=\"og:image\" content=\"https:\/\/exciting-lichterman.217-160-28-49.plesk.page\/wp-content\/uploads\/2022\/07\/DS-2DE4425W-DEE-01-scaled.webp\" \/>\n\t<meta property=\"og:image:width\" content=\"2560\" \/>\n\t<meta property=\"og:image:height\" content=\"2545\" \/>\n\t<meta property=\"og:image:type\" content=\"image\/webp\" \/>\n<meta name=\"twitter:card\" content=\"summary_large_image\" \/>\n<meta name=\"twitter:label1\" content=\"Gesch\u00e4tzte Lesezeit\" \/>\n\t<meta name=\"twitter:data1\" content=\"1\u00a0Minute\" \/>\n<script type=\"application\/ld+json\" class=\"yoast-schema-graph\">{\"@context\":\"https:\\\/\\\/schema.org\",\"@graph\":[{\"@type\":\"WebPage\",\"@id\":\"https:\\\/\\\/exciting-lichterman.217-160-28-49.plesk.page\\\/produit\\\/speed-dome-ip-4-mplxs-zoom-x25\\\/\",\"url\":\"https:\\\/\\\/exciting-lichterman.217-160-28-49.plesk.page\\\/produit\\\/speed-dome-ip-4-mplxs-zoom-x25\\\/\",\"name\":\"Speed d\u00f4me IP - 4 MPLXS - Zoom X25 - K2group Distribution\",\"isPartOf\":{\"@id\":\"https:\\\/\\\/exciting-lichterman.217-160-28-49.plesk.page\\\/#website\"},\"primaryImageOfPage\":{\"@id\":\"https:\\\/\\\/exciting-lichterman.217-160-28-49.plesk.page\\\/produit\\\/speed-dome-ip-4-mplxs-zoom-x25\\\/#primaryimage\"},\"image\":{\"@id\":\"https:\\\/\\\/exciting-lichterman.217-160-28-49.plesk.page\\\/produit\\\/speed-dome-ip-4-mplxs-zoom-x25\\\/#primaryimage\"},\"thumbnailUrl\":\"https:\\\/\\\/exciting-lichterman.217-160-28-49.plesk.page\\\/wp-content\\\/uploads\\\/2022\\\/07\\\/DS-2DE4425W-DEE-01-scaled.webp\",\"datePublished\":\"2022-07-27T10:14:15+00:00\",\"dateModified\":\"2023-06-01T10:57:41+00:00\",\"breadcrumb\":{\"@id\":\"https:\\\/\\\/exciting-lichterman.217-160-28-49.plesk.page\\\/produit\\\/speed-dome-ip-4-mplxs-zoom-x25\\\/#breadcrumb\"},\"inLanguage\":\"de\",\"potentialAction\":[{\"@type\":\"ReadAction\",\"target\":[\"https:\\\/\\\/exciting-lichterman.217-160-28-49.plesk.page\\\/produit\\\/speed-dome-ip-4-mplxs-zoom-x25\\\/\"]}]},{\"@type\":\"ImageObject\",\"inLanguage\":\"de\",\"@id\":\"https:\\\/\\\/exciting-lichterman.217-160-28-49.plesk.page\\\/produit\\\/speed-dome-ip-4-mplxs-zoom-x25\\\/#primaryimage\",\"url\":\"https:\\\/\\\/exciting-lichterman.217-160-28-49.plesk.page\\\/wp-content\\\/uploads\\\/2022\\\/07\\\/DS-2DE4425W-DEE-01-scaled.webp\",\"contentUrl\":\"https:\\\/\\\/exciting-lichterman.217-160-28-49.plesk.page\\\/wp-content\\\/uploads\\\/2022\\\/07\\\/DS-2DE4425W-DEE-01-scaled.webp\",\"width\":2560,\"height\":2545},{\"@type\":\"BreadcrumbList\",\"@id\":\"https:\\\/\\\/exciting-lichterman.217-160-28-49.plesk.page\\\/produit\\\/speed-dome-ip-4-mplxs-zoom-x25\\\/#breadcrumb\",\"itemListElement\":[{\"@type\":\"ListItem\",\"position\":1,\"name\":\"Accueil\",\"item\":\"https:\\\/\\\/exciting-lichterman.217-160-28-49.plesk.page\\\/\"},{\"@type\":\"ListItem\",\"position\":2,\"name\":\"Boutique\",\"item\":\"https:\\\/\\\/exciting-lichterman.217-160-28-49.plesk.page\\\/boutique\\\/\"},{\"@type\":\"ListItem\",\"position\":3,\"name\":\"Speed d\u00f4me IP &#8211; 4 MPLXS &#8211; Zoom X25\"}]},{\"@type\":\"WebSite\",\"@id\":\"https:\\\/\\\/exciting-lichterman.217-160-28-49.plesk.page\\\/#website\",\"url\":\"https:\\\/\\\/exciting-lichterman.217-160-28-49.plesk.page\\\/\",\"name\":\"K2group Distribution\",\"description\":\"\",\"publisher\":{\"@id\":\"https:\\\/\\\/exciting-lichterman.217-160-28-49.plesk.page\\\/#organization\"},\"potentialAction\":[{\"@type\":\"SearchAction\",\"target\":{\"@type\":\"EntryPoint\",\"urlTemplate\":\"https:\\\/\\\/exciting-lichterman.217-160-28-49.plesk.page\\\/?s={search_term_string}\"},\"query-input\":{\"@type\":\"PropertyValueSpecification\",\"valueRequired\":true,\"valueName\":\"search_term_string\"}}],\"inLanguage\":\"de\"},{\"@type\":\"Organization\",\"@id\":\"https:\\\/\\\/exciting-lichterman.217-160-28-49.plesk.page\\\/#organization\",\"name\":\"K2group Distribution\",\"url\":\"https:\\\/\\\/exciting-lichterman.217-160-28-49.plesk.page\\\/\",\"logo\":{\"@type\":\"ImageObject\",\"inLanguage\":\"de\",\"@id\":\"https:\\\/\\\/exciting-lichterman.217-160-28-49.plesk.page\\\/#\\\/schema\\\/logo\\\/image\\\/\",\"url\":\"https:\\\/\\\/exciting-lichterman.217-160-28-49.plesk.page\\\/wp-content\\\/uploads\\\/2022\\\/04\\\/logo-K2.png\",\"contentUrl\":\"https:\\\/\\\/exciting-lichterman.217-160-28-49.plesk.page\\\/wp-content\\\/uploads\\\/2022\\\/04\\\/logo-K2.png\",\"width\":155,\"height\":66,\"caption\":\"K2group Distribution\"},\"image\":{\"@id\":\"https:\\\/\\\/exciting-lichterman.217-160-28-49.plesk.page\\\/#\\\/schema\\\/logo\\\/image\\\/\"}}]}<\/script>\n<!-- \/ Yoast SEO plugin. -->","yoast_head_json":{"title":"Speed d\u00f4me IP - 4 MPLXS - Zoom X25 - K2group Distribution","robots":{"index":"noindex","follow":"follow","max-snippet":"max-snippet:-1","max-image-preview":"max-image-preview:large","max-video-preview":"max-video-preview:-1"},"og_locale":"de_DE","og_type":"article","og_title":"Speed d\u00f4me IP - 4 MPLXS - Zoom X25 - K2group Distribution","og_description":"R\u00e9f\u00e9rence : DS-2DE4425W-DE(E)   Distance focale : 4,8 mm \u00e0 120 mm, zoom optique 25\u00d7  Vitesse de zoom : Environ. 3,6 s (lentille optique, t\u00e9l\u00e9 large)  Max R\u00e9solution : 2560 \u00d7 1440 Alimentation : 12 Vcc, 2,0 A  PoE (802.3 at), 42,5 \u00e0 57 Vcc, 0,6 A, classe 4Max, 18 W  Temp\u00e9rature de fonctionnement : -30\u00b0C \u00e0 65\u00b0C (-22\u00b0F \u00e0 149\u00b0F) Humidit\u00e9 de travail : \u2264 90%  WDR : 120 dB  Dimensions : \u03a6 180 mm \u00d7 239,5 mm (\u03a6 7,09\" \u00d7 9,43\")  Poids : Environ 2 kg","og_url":"https:\/\/exciting-lichterman.217-160-28-49.plesk.page\/de\/produkt\/speed-dome-ip-4-mplxs-zoom-x25\/","og_site_name":"K2group Distribution","article_modified_time":"2023-06-01T10:57:41+00:00","og_image":[{"width":2560,"height":2545,"url":"https:\/\/exciting-lichterman.217-160-28-49.plesk.page\/wp-content\/uploads\/2022\/07\/DS-2DE4425W-DEE-01-scaled.webp","type":"image\/webp"}],"twitter_card":"summary_large_image","twitter_misc":{"Gesch\u00e4tzte Lesezeit":"1\u00a0Minute"},"schema":{"@context":"https:\/\/schema.org","@graph":[{"@type":"WebPage","@id":"https:\/\/exciting-lichterman.217-160-28-49.plesk.page\/produit\/speed-dome-ip-4-mplxs-zoom-x25\/","url":"https:\/\/exciting-lichterman.217-160-28-49.plesk.page\/produit\/speed-dome-ip-4-mplxs-zoom-x25\/","name":"Speed d\u00f4me IP - 4 MPLXS - Zoom X25 - K2group Distribution","isPartOf":{"@id":"https:\/\/exciting-lichterman.217-160-28-49.plesk.page\/#website"},"primaryImageOfPage":{"@id":"https:\/\/exciting-lichterman.217-160-28-49.plesk.page\/produit\/speed-dome-ip-4-mplxs-zoom-x25\/#primaryimage"},"image":{"@id":"https:\/\/exciting-lichterman.217-160-28-49.plesk.page\/produit\/speed-dome-ip-4-mplxs-zoom-x25\/#primaryimage"},"thumbnailUrl":"https:\/\/exciting-lichterman.217-160-28-49.plesk.page\/wp-content\/uploads\/2022\/07\/DS-2DE4425W-DEE-01-scaled.webp","datePublished":"2022-07-27T10:14:15+00:00","dateModified":"2023-06-01T10:57:41+00:00","breadcrumb":{"@id":"https:\/\/exciting-lichterman.217-160-28-49.plesk.page\/produit\/speed-dome-ip-4-mplxs-zoom-x25\/#breadcrumb"},"inLanguage":"de","potentialAction":[{"@type":"ReadAction","target":["https:\/\/exciting-lichterman.217-160-28-49.plesk.page\/produit\/speed-dome-ip-4-mplxs-zoom-x25\/"]}]},{"@type":"ImageObject","inLanguage":"de","@id":"https:\/\/exciting-lichterman.217-160-28-49.plesk.page\/produit\/speed-dome-ip-4-mplxs-zoom-x25\/#primaryimage","url":"https:\/\/exciting-lichterman.217-160-28-49.plesk.page\/wp-content\/uploads\/2022\/07\/DS-2DE4425W-DEE-01-scaled.webp","contentUrl":"https:\/\/exciting-lichterman.217-160-28-49.plesk.page\/wp-content\/uploads\/2022\/07\/DS-2DE4425W-DEE-01-scaled.webp","width":2560,"height":2545},{"@type":"BreadcrumbList","@id":"https:\/\/exciting-lichterman.217-160-28-49.plesk.page\/produit\/speed-dome-ip-4-mplxs-zoom-x25\/#breadcrumb","itemListElement":[{"@type":"ListItem","position":1,"name":"Accueil","item":"https:\/\/exciting-lichterman.217-160-28-49.plesk.page\/"},{"@type":"ListItem","position":2,"name":"Boutique","item":"https:\/\/exciting-lichterman.217-160-28-49.plesk.page\/boutique\/"},{"@type":"ListItem","position":3,"name":"Speed d\u00f4me IP &#8211; 4 MPLXS &#8211; Zoom X25"}]},{"@type":"WebSite","@id":"https:\/\/exciting-lichterman.217-160-28-49.plesk.page\/#website","url":"https:\/\/exciting-lichterman.217-160-28-49.plesk.page\/","name":"K2group Distribution","description":"","publisher":{"@id":"https:\/\/exciting-lichterman.217-160-28-49.plesk.page\/#organization"},"potentialAction":[{"@type":"SearchAction","target":{"@type":"EntryPoint","urlTemplate":"https:\/\/exciting-lichterman.217-160-28-49.plesk.page\/?s={search_term_string}"},"query-input":{"@type":"PropertyValueSpecification","valueRequired":true,"valueName":"search_term_string"}}],"inLanguage":"de"},{"@type":"Organization","@id":"https:\/\/exciting-lichterman.217-160-28-49.plesk.page\/#organization","name":"K2group Distribution","url":"https:\/\/exciting-lichterman.217-160-28-49.plesk.page\/","logo":{"@type":"ImageObject","inLanguage":"de","@id":"https:\/\/exciting-lichterman.217-160-28-49.plesk.page\/#\/schema\/logo\/image\/","url":"https:\/\/exciting-lichterman.217-160-28-49.plesk.page\/wp-content\/uploads\/2022\/04\/logo-K2.png","contentUrl":"https:\/\/exciting-lichterman.217-160-28-49.plesk.page\/wp-content\/uploads\/2022\/04\/logo-K2.png","width":155,"height":66,"caption":"K2group Distribution"},"image":{"@id":"https:\/\/exciting-lichterman.217-160-28-49.plesk.page\/#\/schema\/logo\/image\/"}}]}},"_links":{"self":[{"href":"https:\/\/exciting-lichterman.217-160-28-49.plesk.page\/de\/wp-json\/wp\/v2\/product\/11241","targetHints":{"allow":["GET"]}}],"collection":[{"href":"https:\/\/exciting-lichterman.217-160-28-49.plesk.page\/de\/wp-json\/wp\/v2\/product"}],"about":[{"href":"https:\/\/exciting-lichterman.217-160-28-49.plesk.page\/de\/wp-json\/wp\/v2\/types\/product"}],"replies":[{"embeddable":true,"href":"https:\/\/exciting-lichterman.217-160-28-49.plesk.page\/de\/wp-json\/wp\/v2\/comments?post=11241"}],"version-history":[{"count":5,"href":"https:\/\/exciting-lichterman.217-160-28-49.plesk.page\/de\/wp-json\/wp\/v2\/product\/11241\/revisions"}],"predecessor-version":[{"id":17738,"href":"https:\/\/exciting-lichterman.217-160-28-49.plesk.page\/de\/wp-json\/wp\/v2\/product\/11241\/revisions\/17738"}],"wp:featuredmedia":[{"embeddable":true,"href":"https:\/\/exciting-lichterman.217-160-28-49.plesk.page\/de\/wp-json\/wp\/v2\/media\/11242"}],"wp:attachment":[{"href":"https:\/\/exciting-lichterman.217-160-28-49.plesk.page\/de\/wp-json\/wp\/v2\/media?parent=11241"}],"wp:term":[{"taxonomy":"product_brand","embeddable":true,"href":"https:\/\/exciting-lichterman.217-160-28-49.plesk.page\/de\/wp-json\/wp\/v2\/product_brand?post=11241"},{"taxonomy":"product_cat","embeddable":true,"href":"https:\/\/exciting-lichterman.217-160-28-49.plesk.page\/de\/wp-json\/wp\/v2\/product_cat?post=11241"},{"taxonomy":"product_tag","embeddable":true,"href":"https:\/\/exciting-lichterman.217-160-28-49.plesk.page\/de\/wp-json\/wp\/v2\/product_tag?post=11241"}],"curies":[{"name":"wp","href":"https:\/\/api.w.org\/{rel}","templated":true}]}}