{"id":11139,"date":"2022-07-27T08:53:15","date_gmt":"2022-07-27T08:53:15","guid":{"rendered":"https:\/\/practical-elbakyan.82-165-223-183.plesk.page\/?post_type=product&#038;p=11139"},"modified":"2023-06-01T13:21:11","modified_gmt":"2023-06-01T13:21:11","slug":"lecture-de-plaque-ip-2-mpxls-vf-2-8-12mm","status":"publish","type":"product","link":"https:\/\/exciting-lichterman.217-160-28-49.plesk.page\/de\/produkt\/lecture-de-plaque-ip-2-mpxls-vf-2-8-12mm\/","title":{"rendered":"Lecture de plaque IP &#8211; 2 MPXLS VF &#8211; 2.8-12mm"},"content":{"rendered":"<h2 style=\"font-family:Poppins;font-size:14px; font-weight:400!important; line-height:2\">  La cam\u00e9ra DS-2CD4A26FWD-IZS\/P(2.8-12mm) est un dispositif de surveillance avanc\u00e9 offrant une qualit\u00e9 d&rsquo;imagerie exceptionnelle avec sa r\u00e9solution de 2 m\u00e9gapixels et sa technologie DarkFighter qui vous garantissent des images claires m\u00eame dans des environnements mal \u00e9clair\u00e9s.<\/h2>\n<p>Cette cam\u00e9ra est \u00e9galement dot\u00e9e d&rsquo;une v\u00e9ritable technologie (WDR) de 120 dB, ce qui permet de capturer des images nettes m\u00eame dans des situations de fort contre-jour. Elle est capable de reconna\u00eetre les plaques d&rsquo;immatriculation, ce qui en fait un choix id\u00e9al pour la gestion du stationnement, la s\u00e9curit\u00e9 routi\u00e8re et la surveillance du trafic.<\/p>\n<p>Avec la protection IP67, la cam\u00e9ra est r\u00e9sistante \u00e0 l&rsquo;eau et \u00e0 la poussi\u00e8re, ce qui lui permet de fonctionner de mani\u00e8re fiable m\u00eame dans des conditions m\u00e9t\u00e9orologiques difficiles. Son format bullet facilite son installation sur un mur ou un support, et son objectif varifocal permet d&rsquo;ajuster manuellement la focale pour obtenir l&rsquo;angle de vue souhait\u00e9.<\/p>","protected":false},"excerpt":{"rendered":"<ul>\n<li><strong>R\u00e9f\u00e9rence : DS-2CD4A26FWD-IZS\/P(2.8-12mm) <\/strong><\/li>\n<li>Objectif : 2MP<\/li>\n<li>R\u00e9solution : 1920 \u00d7 1080<\/li>\n<li>Couleur : Blanc<\/li>\n<li>Source De Courant : 12 VCC \u00b1 10 %, bornier PoE (802.3at, classe 4)<\/li>\n<li>Dimensions : 348,38 \u00d7 114,18 \u00d7 111,73 mm<\/li>\n<li>Interface De Communication : 1 port Ethernet RJ45 10M\/100M<\/li>\n<li>Sortie Vid\u00e9o : Sortie composite 1 Vp-p (75 \u03a9\/BNC)<\/li>\n<li>Stockage Embarqu\u00e9 : Emplacement microSD\/SDHC\/SDXC int\u00e9gr\u00e9, jusqu&rsquo;\u00e0 128 G<\/li>\n<li>Poids : 2075 g<\/li>\n<\/ul>","protected":false},"featured_media":11140,"comment_status":"open","ping_status":"closed","template":"","meta":{"_acf_changed":false},"product_brand":[],"product_cat":[390],"product_tag":[],"class_list":{"0":"post-11139","1":"product","2":"type-product","3":"status-publish","4":"has-post-thumbnail","6":"product_cat-alarmes-et-video","8":"first","9":"instock","10":"taxable","11":"shipping-taxable","12":"product-type-simple"},"acf":[],"yoast_head":"<!-- This site is optimized with the Yoast SEO plugin v27.4 - https:\/\/yoast.com\/product\/yoast-seo-wordpress\/ -->\n<title>Lecture de plaque IP - 2 MPXLS VF - 2.8-12mm - K2group Distribution<\/title>\n<meta name=\"robots\" content=\"noindex, follow, max-snippet:-1, max-image-preview:large, max-video-preview:-1\" \/>\n<meta property=\"og:locale\" content=\"de_DE\" \/>\n<meta property=\"og:type\" content=\"article\" \/>\n<meta property=\"og:title\" content=\"Lecture de plaque IP - 2 MPXLS VF - 2.8-12mm - K2group Distribution\" \/>\n<meta property=\"og:description\" content=\"R\u00e9f\u00e9rence : DS-2CD4A26FWD-IZS\/P(2.8-12mm)   Objectif : 2MP  R\u00e9solution : 1920 \u00d7 1080  Couleur : Blanc  Source De Courant : 12 VCC \u00b1 10 %, bornier PoE (802.3at, classe 4)  Dimensions : 348,38 \u00d7 114,18 \u00d7 111,73 mm  Interface De Communication : 1 port Ethernet RJ45 10M\/100M  Sortie Vid\u00e9o : Sortie composite 1 Vp-p (75 \u03a9\/BNC)  Stockage Embarqu\u00e9 : Emplacement microSD\/SDHC\/SDXC int\u00e9gr\u00e9, jusqu&#039;\u00e0 128 G  Poids : 2075 g\" \/>\n<meta property=\"og:url\" content=\"https:\/\/exciting-lichterman.217-160-28-49.plesk.page\/de\/produkt\/lecture-de-plaque-ip-2-mpxls-vf-2-8-12mm\/\" \/>\n<meta property=\"og:site_name\" content=\"K2group Distribution\" \/>\n<meta property=\"article:modified_time\" content=\"2023-06-01T13:21:11+00:00\" \/>\n<meta property=\"og:image\" content=\"https:\/\/exciting-lichterman.217-160-28-49.plesk.page\/wp-content\/uploads\/2022\/07\/DS-2CD4A26FWD-IZS-P2.8-12mm-01-scaled.webp\" \/>\n\t<meta property=\"og:image:width\" content=\"2560\" \/>\n\t<meta property=\"og:image:height\" content=\"2545\" \/>\n\t<meta property=\"og:image:type\" content=\"image\/webp\" \/>\n<meta name=\"twitter:card\" content=\"summary_large_image\" \/>\n<meta name=\"twitter:label1\" content=\"Gesch\u00e4tzte Lesezeit\" \/>\n\t<meta name=\"twitter:data1\" content=\"1\u00a0Minute\" \/>\n<script type=\"application\/ld+json\" class=\"yoast-schema-graph\">{\"@context\":\"https:\\\/\\\/schema.org\",\"@graph\":[{\"@type\":\"WebPage\",\"@id\":\"https:\\\/\\\/exciting-lichterman.217-160-28-49.plesk.page\\\/produit\\\/lecture-de-plaque-ip-2-mpxls-vf-2-8-12mm\\\/\",\"url\":\"https:\\\/\\\/exciting-lichterman.217-160-28-49.plesk.page\\\/produit\\\/lecture-de-plaque-ip-2-mpxls-vf-2-8-12mm\\\/\",\"name\":\"Lecture de plaque IP - 2 MPXLS VF - 2.8-12mm - K2group Distribution\",\"isPartOf\":{\"@id\":\"https:\\\/\\\/exciting-lichterman.217-160-28-49.plesk.page\\\/#website\"},\"primaryImageOfPage\":{\"@id\":\"https:\\\/\\\/exciting-lichterman.217-160-28-49.plesk.page\\\/produit\\\/lecture-de-plaque-ip-2-mpxls-vf-2-8-12mm\\\/#primaryimage\"},\"image\":{\"@id\":\"https:\\\/\\\/exciting-lichterman.217-160-28-49.plesk.page\\\/produit\\\/lecture-de-plaque-ip-2-mpxls-vf-2-8-12mm\\\/#primaryimage\"},\"thumbnailUrl\":\"https:\\\/\\\/exciting-lichterman.217-160-28-49.plesk.page\\\/wp-content\\\/uploads\\\/2022\\\/07\\\/DS-2CD4A26FWD-IZS-P2.8-12mm-01-scaled.webp\",\"datePublished\":\"2022-07-27T08:53:15+00:00\",\"dateModified\":\"2023-06-01T13:21:11+00:00\",\"breadcrumb\":{\"@id\":\"https:\\\/\\\/exciting-lichterman.217-160-28-49.plesk.page\\\/produit\\\/lecture-de-plaque-ip-2-mpxls-vf-2-8-12mm\\\/#breadcrumb\"},\"inLanguage\":\"de\",\"potentialAction\":[{\"@type\":\"ReadAction\",\"target\":[\"https:\\\/\\\/exciting-lichterman.217-160-28-49.plesk.page\\\/produit\\\/lecture-de-plaque-ip-2-mpxls-vf-2-8-12mm\\\/\"]}]},{\"@type\":\"ImageObject\",\"inLanguage\":\"de\",\"@id\":\"https:\\\/\\\/exciting-lichterman.217-160-28-49.plesk.page\\\/produit\\\/lecture-de-plaque-ip-2-mpxls-vf-2-8-12mm\\\/#primaryimage\",\"url\":\"https:\\\/\\\/exciting-lichterman.217-160-28-49.plesk.page\\\/wp-content\\\/uploads\\\/2022\\\/07\\\/DS-2CD4A26FWD-IZS-P2.8-12mm-01-scaled.webp\",\"contentUrl\":\"https:\\\/\\\/exciting-lichterman.217-160-28-49.plesk.page\\\/wp-content\\\/uploads\\\/2022\\\/07\\\/DS-2CD4A26FWD-IZS-P2.8-12mm-01-scaled.webp\",\"width\":2560,\"height\":2545},{\"@type\":\"BreadcrumbList\",\"@id\":\"https:\\\/\\\/exciting-lichterman.217-160-28-49.plesk.page\\\/produit\\\/lecture-de-plaque-ip-2-mpxls-vf-2-8-12mm\\\/#breadcrumb\",\"itemListElement\":[{\"@type\":\"ListItem\",\"position\":1,\"name\":\"Accueil\",\"item\":\"https:\\\/\\\/exciting-lichterman.217-160-28-49.plesk.page\\\/\"},{\"@type\":\"ListItem\",\"position\":2,\"name\":\"Boutique\",\"item\":\"https:\\\/\\\/exciting-lichterman.217-160-28-49.plesk.page\\\/boutique\\\/\"},{\"@type\":\"ListItem\",\"position\":3,\"name\":\"Lecture de plaque IP &#8211; 2 MPXLS VF &#8211; 2.8-12mm\"}]},{\"@type\":\"WebSite\",\"@id\":\"https:\\\/\\\/exciting-lichterman.217-160-28-49.plesk.page\\\/#website\",\"url\":\"https:\\\/\\\/exciting-lichterman.217-160-28-49.plesk.page\\\/\",\"name\":\"K2group Distribution\",\"description\":\"\",\"publisher\":{\"@id\":\"https:\\\/\\\/exciting-lichterman.217-160-28-49.plesk.page\\\/#organization\"},\"potentialAction\":[{\"@type\":\"SearchAction\",\"target\":{\"@type\":\"EntryPoint\",\"urlTemplate\":\"https:\\\/\\\/exciting-lichterman.217-160-28-49.plesk.page\\\/?s={search_term_string}\"},\"query-input\":{\"@type\":\"PropertyValueSpecification\",\"valueRequired\":true,\"valueName\":\"search_term_string\"}}],\"inLanguage\":\"de\"},{\"@type\":\"Organization\",\"@id\":\"https:\\\/\\\/exciting-lichterman.217-160-28-49.plesk.page\\\/#organization\",\"name\":\"K2group Distribution\",\"url\":\"https:\\\/\\\/exciting-lichterman.217-160-28-49.plesk.page\\\/\",\"logo\":{\"@type\":\"ImageObject\",\"inLanguage\":\"de\",\"@id\":\"https:\\\/\\\/exciting-lichterman.217-160-28-49.plesk.page\\\/#\\\/schema\\\/logo\\\/image\\\/\",\"url\":\"https:\\\/\\\/exciting-lichterman.217-160-28-49.plesk.page\\\/wp-content\\\/uploads\\\/2022\\\/04\\\/logo-K2.png\",\"contentUrl\":\"https:\\\/\\\/exciting-lichterman.217-160-28-49.plesk.page\\\/wp-content\\\/uploads\\\/2022\\\/04\\\/logo-K2.png\",\"width\":155,\"height\":66,\"caption\":\"K2group Distribution\"},\"image\":{\"@id\":\"https:\\\/\\\/exciting-lichterman.217-160-28-49.plesk.page\\\/#\\\/schema\\\/logo\\\/image\\\/\"}}]}<\/script>\n<!-- \/ Yoast SEO plugin. -->","yoast_head_json":{"title":"Lecture de plaque IP - 2 MPXLS VF - 2.8-12mm - K2group Distribution","robots":{"index":"noindex","follow":"follow","max-snippet":"max-snippet:-1","max-image-preview":"max-image-preview:large","max-video-preview":"max-video-preview:-1"},"og_locale":"de_DE","og_type":"article","og_title":"Lecture de plaque IP - 2 MPXLS VF - 2.8-12mm - K2group Distribution","og_description":"R\u00e9f\u00e9rence : DS-2CD4A26FWD-IZS\/P(2.8-12mm)   Objectif : 2MP  R\u00e9solution : 1920 \u00d7 1080  Couleur : Blanc  Source De Courant : 12 VCC \u00b1 10 %, bornier PoE (802.3at, classe 4)  Dimensions : 348,38 \u00d7 114,18 \u00d7 111,73 mm  Interface De Communication : 1 port Ethernet RJ45 10M\/100M  Sortie Vid\u00e9o : Sortie composite 1 Vp-p (75 \u03a9\/BNC)  Stockage Embarqu\u00e9 : Emplacement microSD\/SDHC\/SDXC int\u00e9gr\u00e9, jusqu'\u00e0 128 G  Poids : 2075 g","og_url":"https:\/\/exciting-lichterman.217-160-28-49.plesk.page\/de\/produkt\/lecture-de-plaque-ip-2-mpxls-vf-2-8-12mm\/","og_site_name":"K2group Distribution","article_modified_time":"2023-06-01T13:21:11+00:00","og_image":[{"width":2560,"height":2545,"url":"https:\/\/exciting-lichterman.217-160-28-49.plesk.page\/wp-content\/uploads\/2022\/07\/DS-2CD4A26FWD-IZS-P2.8-12mm-01-scaled.webp","type":"image\/webp"}],"twitter_card":"summary_large_image","twitter_misc":{"Gesch\u00e4tzte Lesezeit":"1\u00a0Minute"},"schema":{"@context":"https:\/\/schema.org","@graph":[{"@type":"WebPage","@id":"https:\/\/exciting-lichterman.217-160-28-49.plesk.page\/produit\/lecture-de-plaque-ip-2-mpxls-vf-2-8-12mm\/","url":"https:\/\/exciting-lichterman.217-160-28-49.plesk.page\/produit\/lecture-de-plaque-ip-2-mpxls-vf-2-8-12mm\/","name":"Lecture de plaque IP - 2 MPXLS VF - 2.8-12mm - K2group Distribution","isPartOf":{"@id":"https:\/\/exciting-lichterman.217-160-28-49.plesk.page\/#website"},"primaryImageOfPage":{"@id":"https:\/\/exciting-lichterman.217-160-28-49.plesk.page\/produit\/lecture-de-plaque-ip-2-mpxls-vf-2-8-12mm\/#primaryimage"},"image":{"@id":"https:\/\/exciting-lichterman.217-160-28-49.plesk.page\/produit\/lecture-de-plaque-ip-2-mpxls-vf-2-8-12mm\/#primaryimage"},"thumbnailUrl":"https:\/\/exciting-lichterman.217-160-28-49.plesk.page\/wp-content\/uploads\/2022\/07\/DS-2CD4A26FWD-IZS-P2.8-12mm-01-scaled.webp","datePublished":"2022-07-27T08:53:15+00:00","dateModified":"2023-06-01T13:21:11+00:00","breadcrumb":{"@id":"https:\/\/exciting-lichterman.217-160-28-49.plesk.page\/produit\/lecture-de-plaque-ip-2-mpxls-vf-2-8-12mm\/#breadcrumb"},"inLanguage":"de","potentialAction":[{"@type":"ReadAction","target":["https:\/\/exciting-lichterman.217-160-28-49.plesk.page\/produit\/lecture-de-plaque-ip-2-mpxls-vf-2-8-12mm\/"]}]},{"@type":"ImageObject","inLanguage":"de","@id":"https:\/\/exciting-lichterman.217-160-28-49.plesk.page\/produit\/lecture-de-plaque-ip-2-mpxls-vf-2-8-12mm\/#primaryimage","url":"https:\/\/exciting-lichterman.217-160-28-49.plesk.page\/wp-content\/uploads\/2022\/07\/DS-2CD4A26FWD-IZS-P2.8-12mm-01-scaled.webp","contentUrl":"https:\/\/exciting-lichterman.217-160-28-49.plesk.page\/wp-content\/uploads\/2022\/07\/DS-2CD4A26FWD-IZS-P2.8-12mm-01-scaled.webp","width":2560,"height":2545},{"@type":"BreadcrumbList","@id":"https:\/\/exciting-lichterman.217-160-28-49.plesk.page\/produit\/lecture-de-plaque-ip-2-mpxls-vf-2-8-12mm\/#breadcrumb","itemListElement":[{"@type":"ListItem","position":1,"name":"Accueil","item":"https:\/\/exciting-lichterman.217-160-28-49.plesk.page\/"},{"@type":"ListItem","position":2,"name":"Boutique","item":"https:\/\/exciting-lichterman.217-160-28-49.plesk.page\/boutique\/"},{"@type":"ListItem","position":3,"name":"Lecture de plaque IP &#8211; 2 MPXLS VF &#8211; 2.8-12mm"}]},{"@type":"WebSite","@id":"https:\/\/exciting-lichterman.217-160-28-49.plesk.page\/#website","url":"https:\/\/exciting-lichterman.217-160-28-49.plesk.page\/","name":"K2group Distribution","description":"","publisher":{"@id":"https:\/\/exciting-lichterman.217-160-28-49.plesk.page\/#organization"},"potentialAction":[{"@type":"SearchAction","target":{"@type":"EntryPoint","urlTemplate":"https:\/\/exciting-lichterman.217-160-28-49.plesk.page\/?s={search_term_string}"},"query-input":{"@type":"PropertyValueSpecification","valueRequired":true,"valueName":"search_term_string"}}],"inLanguage":"de"},{"@type":"Organization","@id":"https:\/\/exciting-lichterman.217-160-28-49.plesk.page\/#organization","name":"K2group Distribution","url":"https:\/\/exciting-lichterman.217-160-28-49.plesk.page\/","logo":{"@type":"ImageObject","inLanguage":"de","@id":"https:\/\/exciting-lichterman.217-160-28-49.plesk.page\/#\/schema\/logo\/image\/","url":"https:\/\/exciting-lichterman.217-160-28-49.plesk.page\/wp-content\/uploads\/2022\/04\/logo-K2.png","contentUrl":"https:\/\/exciting-lichterman.217-160-28-49.plesk.page\/wp-content\/uploads\/2022\/04\/logo-K2.png","width":155,"height":66,"caption":"K2group Distribution"},"image":{"@id":"https:\/\/exciting-lichterman.217-160-28-49.plesk.page\/#\/schema\/logo\/image\/"}}]}},"_links":{"self":[{"href":"https:\/\/exciting-lichterman.217-160-28-49.plesk.page\/de\/wp-json\/wp\/v2\/product\/11139","targetHints":{"allow":["GET"]}}],"collection":[{"href":"https:\/\/exciting-lichterman.217-160-28-49.plesk.page\/de\/wp-json\/wp\/v2\/product"}],"about":[{"href":"https:\/\/exciting-lichterman.217-160-28-49.plesk.page\/de\/wp-json\/wp\/v2\/types\/product"}],"replies":[{"embeddable":true,"href":"https:\/\/exciting-lichterman.217-160-28-49.plesk.page\/de\/wp-json\/wp\/v2\/comments?post=11139"}],"version-history":[{"count":5,"href":"https:\/\/exciting-lichterman.217-160-28-49.plesk.page\/de\/wp-json\/wp\/v2\/product\/11139\/revisions"}],"predecessor-version":[{"id":17778,"href":"https:\/\/exciting-lichterman.217-160-28-49.plesk.page\/de\/wp-json\/wp\/v2\/product\/11139\/revisions\/17778"}],"wp:featuredmedia":[{"embeddable":true,"href":"https:\/\/exciting-lichterman.217-160-28-49.plesk.page\/de\/wp-json\/wp\/v2\/media\/11140"}],"wp:attachment":[{"href":"https:\/\/exciting-lichterman.217-160-28-49.plesk.page\/de\/wp-json\/wp\/v2\/media?parent=11139"}],"wp:term":[{"taxonomy":"product_brand","embeddable":true,"href":"https:\/\/exciting-lichterman.217-160-28-49.plesk.page\/de\/wp-json\/wp\/v2\/product_brand?post=11139"},{"taxonomy":"product_cat","embeddable":true,"href":"https:\/\/exciting-lichterman.217-160-28-49.plesk.page\/de\/wp-json\/wp\/v2\/product_cat?post=11139"},{"taxonomy":"product_tag","embeddable":true,"href":"https:\/\/exciting-lichterman.217-160-28-49.plesk.page\/de\/wp-json\/wp\/v2\/product_tag?post=11139"}],"curies":[{"name":"wp","href":"https:\/\/api.w.org\/{rel}","templated":true}]}}