{"id":11135,"date":"2022-07-27T08:51:38","date_gmt":"2022-07-27T08:51:38","guid":{"rendered":"https:\/\/practical-elbakyan.82-165-223-183.plesk.page\/?post_type=product&#038;p=11135"},"modified":"2023-06-01T13:21:00","modified_gmt":"2023-06-01T13:21:00","slug":"lecteur-empreintes-et-mifare-2","status":"publish","type":"product","link":"https:\/\/exciting-lichterman.217-160-28-49.plesk.page\/de\/produkt\/lecteur-empreintes-et-mifare-2\/","title":{"rendered":"Lecteur Empreintes et Mifaire en surface"},"content":{"rendered":"<h2 style=\"font-family:Poppins;font-size:14px; font-weight:400!important; line-height:2\">  K2 vous offre ce lecteur d&#8217;empreintes digitales con\u00e7u pour la gestion d&rsquo;acc\u00e8s, il est \u00e9quip\u00e9 d&rsquo;un processeur haute vitesse 32 bits et capable de communiquer avec le contr\u00f4leur d&rsquo;acc\u00e8s via le protocole RS-485, permettant une connexion fiable et s\u00e9curis\u00e9e.<\/h2>\n<p>Le DS-K1201MF est \u00e9galement dot\u00e9 d&rsquo;un module inviolable int\u00e9gr\u00e9, ce qui assure une protection suppl\u00e9mentaire contre les dommages malveillants, garantissant ainsi la s\u00e9curit\u00e9 des donn\u00e9es stock\u00e9es dans le lecteur. Il b\u00e9n\u00e9ficie d&rsquo;un niveau de protection IP65, ce qui le rend adapt\u00e9 pour une installation en ext\u00e9rieur, r\u00e9sistant ainsi aux intemp\u00e9ries et aux conditions environnementales difficiles.<\/p>\n<p>Prenant en charge les cartes Mifare et offrant une compatibilit\u00e9 \u00e9tendue avec d&rsquo;autres syst\u00e8mes de s\u00e9curit\u00e9, ce lecteur offre plusieurs modes d&rsquo;authentification, y compris la carte, l&#8217;empreinte digitale et la combinaison de la carte et de l&#8217;empreinte digitale.<\/p>\n<p>De plus, il est capable de stocker jusqu&rsquo;\u00e0 5000 empreintes digitales, permettant une gestion efficace de grandes bases de donn\u00e9es d&rsquo;utilisateurs. Il offre ainsi une capacit\u00e9 de stockage \u00e9lev\u00e9e pour g\u00e9rer un grand nombre d&rsquo;utilisateurs enregistr\u00e9s dans le syst\u00e8me.<\/p>","protected":false},"excerpt":{"rendered":"<ul>\n<li><strong>R\u00e9f\u00e9rence : DS-K1201MF <\/strong><\/li>\n<li>Process : Processeur 32 bits hautes performances<\/li>\n<li>Module d&#8217;empreintes digitales : Module d&#8217;empreintes digitales<\/li>\n<li>Capacit\u00e9 d&#8217;empreintes digitales : 5000<\/li>\n<li>Mode de lecture : Module de lecture EM\/Mifare int\u00e9gr\u00e9<\/li>\n<li>Indicateur LED : Alimentation\/Communication<\/li>\n<li>Alarme anti-sabotage : \u00d7 1<\/li>\n<li>Distance d&rsquo;indication : 30 mm \u00e0 100 mm<\/li>\n<li>Alimentation : 12 VCC \u00b1 10%<\/li>\n<li>Temp\u00e9rature de fonctionnement : -40 \u00b0C \u00e0 70 \u00b0C<\/li>\n<li>Dimensions : 62 mm \u00d7 132 mm \u00d7 44 mm<\/li>\n<li>M\u00e9thode de montage : Montage en surface<\/li>\n<\/ul>","protected":false},"featured_media":11136,"comment_status":"open","ping_status":"closed","template":"","meta":{"_acf_changed":false},"product_brand":[],"product_cat":[390,723],"product_tag":[],"class_list":{"0":"post-11135","1":"product","2":"type-product","3":"status-publish","4":"has-post-thumbnail","6":"product_cat-alarmes-et-video","7":"product_cat-controle-dacces","9":"first","10":"instock","11":"taxable","12":"shipping-taxable","13":"product-type-simple"},"acf":[],"yoast_head":"<!-- This site is optimized with the Yoast SEO plugin v27.4 - https:\/\/yoast.com\/product\/yoast-seo-wordpress\/ -->\n<title>Lecteur Empreintes et Mifaire en surface - K2group Distribution<\/title>\n<meta name=\"robots\" content=\"noindex, follow, max-snippet:-1, max-image-preview:large, max-video-preview:-1\" \/>\n<meta property=\"og:locale\" content=\"de_DE\" \/>\n<meta property=\"og:type\" content=\"article\" \/>\n<meta property=\"og:title\" content=\"Lecteur Empreintes et Mifaire en surface - K2group Distribution\" \/>\n<meta property=\"og:description\" content=\"R\u00e9f\u00e9rence : DS-K1201MF   Process : Processeur 32 bits hautes performances  Module d&#039;empreintes digitales : Module d&#039;empreintes digitales  Capacit\u00e9 d&#039;empreintes digitales : 5000  Mode de lecture : Module de lecture EM\/Mifare int\u00e9gr\u00e9  Indicateur LED : Alimentation\/Communication  Alarme anti-sabotage : \u00d7 1  Distance d&#039;indication : 30 mm \u00e0 100 mm  Alimentation : 12 VCC \u00b1 10%  Temp\u00e9rature de fonctionnement : -40 \u00b0C \u00e0 70 \u00b0C  Dimensions : 62 mm \u00d7 132 mm \u00d7 44 mm  M\u00e9thode de montage : Montage en surface\" \/>\n<meta property=\"og:url\" content=\"https:\/\/exciting-lichterman.217-160-28-49.plesk.page\/de\/produkt\/lecteur-empreintes-et-mifare-2\/\" \/>\n<meta property=\"og:site_name\" content=\"K2group Distribution\" \/>\n<meta property=\"article:modified_time\" content=\"2023-06-01T13:21:00+00:00\" \/>\n<meta property=\"og:image\" content=\"https:\/\/exciting-lichterman.217-160-28-49.plesk.page\/wp-content\/uploads\/2022\/07\/DS-K1201MF-01-scaled.webp\" \/>\n\t<meta property=\"og:image:width\" content=\"2560\" \/>\n\t<meta property=\"og:image:height\" content=\"2545\" \/>\n\t<meta property=\"og:image:type\" content=\"image\/webp\" \/>\n<meta name=\"twitter:card\" content=\"summary_large_image\" \/>\n<meta name=\"twitter:label1\" content=\"Gesch\u00e4tzte Lesezeit\" \/>\n\t<meta name=\"twitter:data1\" content=\"1\u00a0Minute\" \/>\n<script type=\"application\/ld+json\" class=\"yoast-schema-graph\">{\"@context\":\"https:\\\/\\\/schema.org\",\"@graph\":[{\"@type\":\"WebPage\",\"@id\":\"https:\\\/\\\/exciting-lichterman.217-160-28-49.plesk.page\\\/produit\\\/lecteur-empreintes-et-mifare-2\\\/\",\"url\":\"https:\\\/\\\/exciting-lichterman.217-160-28-49.plesk.page\\\/produit\\\/lecteur-empreintes-et-mifare-2\\\/\",\"name\":\"Lecteur Empreintes et Mifaire en surface - K2group Distribution\",\"isPartOf\":{\"@id\":\"https:\\\/\\\/exciting-lichterman.217-160-28-49.plesk.page\\\/#website\"},\"primaryImageOfPage\":{\"@id\":\"https:\\\/\\\/exciting-lichterman.217-160-28-49.plesk.page\\\/produit\\\/lecteur-empreintes-et-mifare-2\\\/#primaryimage\"},\"image\":{\"@id\":\"https:\\\/\\\/exciting-lichterman.217-160-28-49.plesk.page\\\/produit\\\/lecteur-empreintes-et-mifare-2\\\/#primaryimage\"},\"thumbnailUrl\":\"https:\\\/\\\/exciting-lichterman.217-160-28-49.plesk.page\\\/wp-content\\\/uploads\\\/2022\\\/07\\\/DS-K1201MF-01-scaled.webp\",\"datePublished\":\"2022-07-27T08:51:38+00:00\",\"dateModified\":\"2023-06-01T13:21:00+00:00\",\"breadcrumb\":{\"@id\":\"https:\\\/\\\/exciting-lichterman.217-160-28-49.plesk.page\\\/produit\\\/lecteur-empreintes-et-mifare-2\\\/#breadcrumb\"},\"inLanguage\":\"de\",\"potentialAction\":[{\"@type\":\"ReadAction\",\"target\":[\"https:\\\/\\\/exciting-lichterman.217-160-28-49.plesk.page\\\/produit\\\/lecteur-empreintes-et-mifare-2\\\/\"]}]},{\"@type\":\"ImageObject\",\"inLanguage\":\"de\",\"@id\":\"https:\\\/\\\/exciting-lichterman.217-160-28-49.plesk.page\\\/produit\\\/lecteur-empreintes-et-mifare-2\\\/#primaryimage\",\"url\":\"https:\\\/\\\/exciting-lichterman.217-160-28-49.plesk.page\\\/wp-content\\\/uploads\\\/2022\\\/07\\\/DS-K1201MF-01-scaled.webp\",\"contentUrl\":\"https:\\\/\\\/exciting-lichterman.217-160-28-49.plesk.page\\\/wp-content\\\/uploads\\\/2022\\\/07\\\/DS-K1201MF-01-scaled.webp\",\"width\":2560,\"height\":2545},{\"@type\":\"BreadcrumbList\",\"@id\":\"https:\\\/\\\/exciting-lichterman.217-160-28-49.plesk.page\\\/produit\\\/lecteur-empreintes-et-mifare-2\\\/#breadcrumb\",\"itemListElement\":[{\"@type\":\"ListItem\",\"position\":1,\"name\":\"Accueil\",\"item\":\"https:\\\/\\\/exciting-lichterman.217-160-28-49.plesk.page\\\/\"},{\"@type\":\"ListItem\",\"position\":2,\"name\":\"Boutique\",\"item\":\"https:\\\/\\\/exciting-lichterman.217-160-28-49.plesk.page\\\/boutique\\\/\"},{\"@type\":\"ListItem\",\"position\":3,\"name\":\"Lecteur Empreintes et Mifaire en surface\"}]},{\"@type\":\"WebSite\",\"@id\":\"https:\\\/\\\/exciting-lichterman.217-160-28-49.plesk.page\\\/#website\",\"url\":\"https:\\\/\\\/exciting-lichterman.217-160-28-49.plesk.page\\\/\",\"name\":\"K2group Distribution\",\"description\":\"\",\"publisher\":{\"@id\":\"https:\\\/\\\/exciting-lichterman.217-160-28-49.plesk.page\\\/#organization\"},\"potentialAction\":[{\"@type\":\"SearchAction\",\"target\":{\"@type\":\"EntryPoint\",\"urlTemplate\":\"https:\\\/\\\/exciting-lichterman.217-160-28-49.plesk.page\\\/?s={search_term_string}\"},\"query-input\":{\"@type\":\"PropertyValueSpecification\",\"valueRequired\":true,\"valueName\":\"search_term_string\"}}],\"inLanguage\":\"de\"},{\"@type\":\"Organization\",\"@id\":\"https:\\\/\\\/exciting-lichterman.217-160-28-49.plesk.page\\\/#organization\",\"name\":\"K2group Distribution\",\"url\":\"https:\\\/\\\/exciting-lichterman.217-160-28-49.plesk.page\\\/\",\"logo\":{\"@type\":\"ImageObject\",\"inLanguage\":\"de\",\"@id\":\"https:\\\/\\\/exciting-lichterman.217-160-28-49.plesk.page\\\/#\\\/schema\\\/logo\\\/image\\\/\",\"url\":\"https:\\\/\\\/exciting-lichterman.217-160-28-49.plesk.page\\\/wp-content\\\/uploads\\\/2022\\\/04\\\/logo-K2.png\",\"contentUrl\":\"https:\\\/\\\/exciting-lichterman.217-160-28-49.plesk.page\\\/wp-content\\\/uploads\\\/2022\\\/04\\\/logo-K2.png\",\"width\":155,\"height\":66,\"caption\":\"K2group Distribution\"},\"image\":{\"@id\":\"https:\\\/\\\/exciting-lichterman.217-160-28-49.plesk.page\\\/#\\\/schema\\\/logo\\\/image\\\/\"}}]}<\/script>\n<!-- \/ Yoast SEO plugin. -->","yoast_head_json":{"title":"Lecteur Empreintes et Mifaire en surface - K2group Distribution","robots":{"index":"noindex","follow":"follow","max-snippet":"max-snippet:-1","max-image-preview":"max-image-preview:large","max-video-preview":"max-video-preview:-1"},"og_locale":"de_DE","og_type":"article","og_title":"Lecteur Empreintes et Mifaire en surface - K2group Distribution","og_description":"R\u00e9f\u00e9rence : DS-K1201MF   Process : Processeur 32 bits hautes performances  Module d'empreintes digitales : Module d'empreintes digitales  Capacit\u00e9 d'empreintes digitales : 5000  Mode de lecture : Module de lecture EM\/Mifare int\u00e9gr\u00e9  Indicateur LED : Alimentation\/Communication  Alarme anti-sabotage : \u00d7 1  Distance d'indication : 30 mm \u00e0 100 mm  Alimentation : 12 VCC \u00b1 10%  Temp\u00e9rature de fonctionnement : -40 \u00b0C \u00e0 70 \u00b0C  Dimensions : 62 mm \u00d7 132 mm \u00d7 44 mm  M\u00e9thode de montage : Montage en surface","og_url":"https:\/\/exciting-lichterman.217-160-28-49.plesk.page\/de\/produkt\/lecteur-empreintes-et-mifare-2\/","og_site_name":"K2group Distribution","article_modified_time":"2023-06-01T13:21:00+00:00","og_image":[{"width":2560,"height":2545,"url":"https:\/\/exciting-lichterman.217-160-28-49.plesk.page\/wp-content\/uploads\/2022\/07\/DS-K1201MF-01-scaled.webp","type":"image\/webp"}],"twitter_card":"summary_large_image","twitter_misc":{"Gesch\u00e4tzte Lesezeit":"1\u00a0Minute"},"schema":{"@context":"https:\/\/schema.org","@graph":[{"@type":"WebPage","@id":"https:\/\/exciting-lichterman.217-160-28-49.plesk.page\/produit\/lecteur-empreintes-et-mifare-2\/","url":"https:\/\/exciting-lichterman.217-160-28-49.plesk.page\/produit\/lecteur-empreintes-et-mifare-2\/","name":"Lecteur Empreintes et Mifaire en surface - K2group Distribution","isPartOf":{"@id":"https:\/\/exciting-lichterman.217-160-28-49.plesk.page\/#website"},"primaryImageOfPage":{"@id":"https:\/\/exciting-lichterman.217-160-28-49.plesk.page\/produit\/lecteur-empreintes-et-mifare-2\/#primaryimage"},"image":{"@id":"https:\/\/exciting-lichterman.217-160-28-49.plesk.page\/produit\/lecteur-empreintes-et-mifare-2\/#primaryimage"},"thumbnailUrl":"https:\/\/exciting-lichterman.217-160-28-49.plesk.page\/wp-content\/uploads\/2022\/07\/DS-K1201MF-01-scaled.webp","datePublished":"2022-07-27T08:51:38+00:00","dateModified":"2023-06-01T13:21:00+00:00","breadcrumb":{"@id":"https:\/\/exciting-lichterman.217-160-28-49.plesk.page\/produit\/lecteur-empreintes-et-mifare-2\/#breadcrumb"},"inLanguage":"de","potentialAction":[{"@type":"ReadAction","target":["https:\/\/exciting-lichterman.217-160-28-49.plesk.page\/produit\/lecteur-empreintes-et-mifare-2\/"]}]},{"@type":"ImageObject","inLanguage":"de","@id":"https:\/\/exciting-lichterman.217-160-28-49.plesk.page\/produit\/lecteur-empreintes-et-mifare-2\/#primaryimage","url":"https:\/\/exciting-lichterman.217-160-28-49.plesk.page\/wp-content\/uploads\/2022\/07\/DS-K1201MF-01-scaled.webp","contentUrl":"https:\/\/exciting-lichterman.217-160-28-49.plesk.page\/wp-content\/uploads\/2022\/07\/DS-K1201MF-01-scaled.webp","width":2560,"height":2545},{"@type":"BreadcrumbList","@id":"https:\/\/exciting-lichterman.217-160-28-49.plesk.page\/produit\/lecteur-empreintes-et-mifare-2\/#breadcrumb","itemListElement":[{"@type":"ListItem","position":1,"name":"Accueil","item":"https:\/\/exciting-lichterman.217-160-28-49.plesk.page\/"},{"@type":"ListItem","position":2,"name":"Boutique","item":"https:\/\/exciting-lichterman.217-160-28-49.plesk.page\/boutique\/"},{"@type":"ListItem","position":3,"name":"Lecteur Empreintes et Mifaire en surface"}]},{"@type":"WebSite","@id":"https:\/\/exciting-lichterman.217-160-28-49.plesk.page\/#website","url":"https:\/\/exciting-lichterman.217-160-28-49.plesk.page\/","name":"K2group Distribution","description":"","publisher":{"@id":"https:\/\/exciting-lichterman.217-160-28-49.plesk.page\/#organization"},"potentialAction":[{"@type":"SearchAction","target":{"@type":"EntryPoint","urlTemplate":"https:\/\/exciting-lichterman.217-160-28-49.plesk.page\/?s={search_term_string}"},"query-input":{"@type":"PropertyValueSpecification","valueRequired":true,"valueName":"search_term_string"}}],"inLanguage":"de"},{"@type":"Organization","@id":"https:\/\/exciting-lichterman.217-160-28-49.plesk.page\/#organization","name":"K2group Distribution","url":"https:\/\/exciting-lichterman.217-160-28-49.plesk.page\/","logo":{"@type":"ImageObject","inLanguage":"de","@id":"https:\/\/exciting-lichterman.217-160-28-49.plesk.page\/#\/schema\/logo\/image\/","url":"https:\/\/exciting-lichterman.217-160-28-49.plesk.page\/wp-content\/uploads\/2022\/04\/logo-K2.png","contentUrl":"https:\/\/exciting-lichterman.217-160-28-49.plesk.page\/wp-content\/uploads\/2022\/04\/logo-K2.png","width":155,"height":66,"caption":"K2group Distribution"},"image":{"@id":"https:\/\/exciting-lichterman.217-160-28-49.plesk.page\/#\/schema\/logo\/image\/"}}]}},"_links":{"self":[{"href":"https:\/\/exciting-lichterman.217-160-28-49.plesk.page\/de\/wp-json\/wp\/v2\/product\/11135","targetHints":{"allow":["GET"]}}],"collection":[{"href":"https:\/\/exciting-lichterman.217-160-28-49.plesk.page\/de\/wp-json\/wp\/v2\/product"}],"about":[{"href":"https:\/\/exciting-lichterman.217-160-28-49.plesk.page\/de\/wp-json\/wp\/v2\/types\/product"}],"replies":[{"embeddable":true,"href":"https:\/\/exciting-lichterman.217-160-28-49.plesk.page\/de\/wp-json\/wp\/v2\/comments?post=11135"}],"version-history":[{"count":9,"href":"https:\/\/exciting-lichterman.217-160-28-49.plesk.page\/de\/wp-json\/wp\/v2\/product\/11135\/revisions"}],"predecessor-version":[{"id":17777,"href":"https:\/\/exciting-lichterman.217-160-28-49.plesk.page\/de\/wp-json\/wp\/v2\/product\/11135\/revisions\/17777"}],"wp:featuredmedia":[{"embeddable":true,"href":"https:\/\/exciting-lichterman.217-160-28-49.plesk.page\/de\/wp-json\/wp\/v2\/media\/11136"}],"wp:attachment":[{"href":"https:\/\/exciting-lichterman.217-160-28-49.plesk.page\/de\/wp-json\/wp\/v2\/media?parent=11135"}],"wp:term":[{"taxonomy":"product_brand","embeddable":true,"href":"https:\/\/exciting-lichterman.217-160-28-49.plesk.page\/de\/wp-json\/wp\/v2\/product_brand?post=11135"},{"taxonomy":"product_cat","embeddable":true,"href":"https:\/\/exciting-lichterman.217-160-28-49.plesk.page\/de\/wp-json\/wp\/v2\/product_cat?post=11135"},{"taxonomy":"product_tag","embeddable":true,"href":"https:\/\/exciting-lichterman.217-160-28-49.plesk.page\/de\/wp-json\/wp\/v2\/product_tag?post=11135"}],"curies":[{"name":"wp","href":"https:\/\/api.w.org\/{rel}","templated":true}]}}