{"id":11093,"date":"2022-07-26T16:23:38","date_gmt":"2022-07-26T16:23:38","guid":{"rendered":"https:\/\/practical-elbakyan.82-165-223-183.plesk.page\/?post_type=product&#038;p=11093"},"modified":"2023-06-01T13:05:59","modified_gmt":"2023-06-01T13:05:59","slug":"fish-eye-ip-12-mpxls-ff-2mm-2","status":"publish","type":"product","link":"https:\/\/exciting-lichterman.217-160-28-49.plesk.page\/de\/produkt\/fish-eye-ip-12-mpxls-ff-2mm-2\/","title":{"rendered":"Fish Eye IP 12 MPXLS &#8211; FF 2mm"},"content":{"rendered":"<h2 style=\"font-family:Poppins;font-size:14px; font-weight:400!important; line-height:2\">  K2 vous pr\u00e9sente la cam\u00e9ra Fisheye12 MP con\u00e7ue pour vous offrir une surveillance compl\u00e8te gr\u00e2ce \u00e0 son image panoramique \u00e0 360 degr\u00e9s sans aucune zone aveugle. Elle est capable de fournir une vue compl\u00e8te de sa sc\u00e8ne de surveillance, offrant ainsi une surveillance sans angles morts. <\/h2>\n<p> La cam\u00e9ra offre \u00e9galement plusieurs modes de correction d&rsquo;image, permettant d&rsquo;afficher une image normale pour une visualisation intuitive.<\/p>\n<p>Avec un microphone int\u00e9gr\u00e9, la cam\u00e9ra prend en charge l&rsquo;audio bidirectionnel, permettant ainsi une communication en temps r\u00e9el pour une s\u00e9curit\u00e9 accrue. Les utilisateurs peuvent entendre le son environnant et parler \u00e0 travers la cam\u00e9ra pour interagir avec les personnes surveill\u00e9es. Le montage au plafond de la cam\u00e9ra Fisheye la rend imperceptible et conviviale, s&rsquo;int\u00e9grant discr\u00e8tement \u00e0 son environnement de surveillance.<\/p>\n<p>La cam\u00e9ra Fisheye encastr\u00e9e au plafond est \u00e9quip\u00e9e d&rsquo;un objectif haute r\u00e9solution pouvant atteindre 12 MP, garantissant des images claires et d\u00e9taill\u00e9es m\u00eame lorsque l&rsquo;image est d\u00e9form\u00e9e en 4 images PTZ. Ainsi, les d\u00e9tails importants sont facilement identifiables, offrant une surveillance efficace et de haute qualit\u00e9.<\/p>","protected":false},"excerpt":{"rendered":"<ul>\n<li><strong>R\u00e9f\u00e9rence : DS-2CD63C5G0E-S\/RC(2mm) <\/strong><\/li>\n<li>Couleur : Blanc Objectif : 12 MP<\/li>\n<li>R\u00e9solution maximale : 4000 \u00d7 3000<\/li>\n<li>Dimensions : \u00d8165 \u00d7 69 mm<\/li>\n<li>Mode Jour\/Nuit : Jour\/Nuit\/Auto\/Planification\/D\u00e9clenchement par entr\u00e9e d&rsquo;alarme (-S)<\/li>\n<li>Condition de fonctionnement : -10 \u00b0C \u00e0 40 \u00b0C, humidit\u00e9 95 % ou moins (sans condensation)<\/li>\n<li>Alimentation : 12 VDC\u00b120%, PoE (802.3af, classe 3), bornier \u00e0 deux conducteurs<\/li>\n<li>Poids : 480 g<\/li>\n<\/ul>","protected":false},"featured_media":11094,"comment_status":"open","ping_status":"closed","template":"","meta":{"_acf_changed":false},"product_brand":[],"product_cat":[390,715],"product_tag":[],"class_list":{"0":"post-11093","1":"product","2":"type-product","3":"status-publish","4":"has-post-thumbnail","6":"product_cat-alarmes-et-video","7":"product_cat-camera-ip","9":"first","10":"instock","11":"taxable","12":"shipping-taxable","13":"product-type-simple"},"acf":[],"yoast_head":"<!-- This site is optimized with the Yoast SEO plugin v27.4 - https:\/\/yoast.com\/product\/yoast-seo-wordpress\/ -->\n<title>Fish Eye IP 12 MPXLS - FF 2mm - K2group Distribution<\/title>\n<meta name=\"robots\" content=\"noindex, follow, max-snippet:-1, max-image-preview:large, max-video-preview:-1\" \/>\n<meta property=\"og:locale\" content=\"de_DE\" \/>\n<meta property=\"og:type\" content=\"article\" \/>\n<meta property=\"og:title\" content=\"Fish Eye IP 12 MPXLS - FF 2mm - K2group Distribution\" \/>\n<meta property=\"og:description\" content=\"R\u00e9f\u00e9rence : DS-2CD63C5G0E-S\/RC(2mm)   Couleur : Blanc Objectif : 12 MP  R\u00e9solution maximale : 4000 \u00d7 3000  Dimensions : \u00d8165 \u00d7 69 mm  Mode Jour\/Nuit : Jour\/Nuit\/Auto\/Planification\/D\u00e9clenchement par entr\u00e9e d&#039;alarme (-S)  Condition de fonctionnement : -10 \u00b0C \u00e0 40 \u00b0C, humidit\u00e9 95 % ou moins (sans condensation)  Alimentation : 12 VDC\u00b120%, PoE (802.3af, classe 3), bornier \u00e0 deux conducteurs  Poids : 480 g\" \/>\n<meta property=\"og:url\" content=\"https:\/\/exciting-lichterman.217-160-28-49.plesk.page\/de\/produkt\/fish-eye-ip-12-mpxls-ff-2mm-2\/\" \/>\n<meta property=\"og:site_name\" content=\"K2group Distribution\" \/>\n<meta property=\"article:modified_time\" content=\"2023-06-01T13:05:59+00:00\" \/>\n<meta property=\"og:image\" content=\"https:\/\/exciting-lichterman.217-160-28-49.plesk.page\/wp-content\/uploads\/2022\/07\/DS-2CD63C5G0E-S-RC2mm-01-scaled.webp\" \/>\n\t<meta property=\"og:image:width\" content=\"2560\" \/>\n\t<meta property=\"og:image:height\" content=\"2545\" \/>\n\t<meta property=\"og:image:type\" content=\"image\/webp\" \/>\n<meta name=\"twitter:card\" content=\"summary_large_image\" \/>\n<meta name=\"twitter:label1\" content=\"Gesch\u00e4tzte Lesezeit\" \/>\n\t<meta name=\"twitter:data1\" content=\"1\u00a0Minute\" \/>\n<script type=\"application\/ld+json\" class=\"yoast-schema-graph\">{\"@context\":\"https:\\\/\\\/schema.org\",\"@graph\":[{\"@type\":\"WebPage\",\"@id\":\"https:\\\/\\\/exciting-lichterman.217-160-28-49.plesk.page\\\/produit\\\/fish-eye-ip-12-mpxls-ff-2mm-2\\\/\",\"url\":\"https:\\\/\\\/exciting-lichterman.217-160-28-49.plesk.page\\\/produit\\\/fish-eye-ip-12-mpxls-ff-2mm-2\\\/\",\"name\":\"Fish Eye IP 12 MPXLS - FF 2mm - K2group Distribution\",\"isPartOf\":{\"@id\":\"https:\\\/\\\/exciting-lichterman.217-160-28-49.plesk.page\\\/#website\"},\"primaryImageOfPage\":{\"@id\":\"https:\\\/\\\/exciting-lichterman.217-160-28-49.plesk.page\\\/produit\\\/fish-eye-ip-12-mpxls-ff-2mm-2\\\/#primaryimage\"},\"image\":{\"@id\":\"https:\\\/\\\/exciting-lichterman.217-160-28-49.plesk.page\\\/produit\\\/fish-eye-ip-12-mpxls-ff-2mm-2\\\/#primaryimage\"},\"thumbnailUrl\":\"https:\\\/\\\/exciting-lichterman.217-160-28-49.plesk.page\\\/wp-content\\\/uploads\\\/2022\\\/07\\\/DS-2CD63C5G0E-S-RC2mm-01-scaled.webp\",\"datePublished\":\"2022-07-26T16:23:38+00:00\",\"dateModified\":\"2023-06-01T13:05:59+00:00\",\"breadcrumb\":{\"@id\":\"https:\\\/\\\/exciting-lichterman.217-160-28-49.plesk.page\\\/produit\\\/fish-eye-ip-12-mpxls-ff-2mm-2\\\/#breadcrumb\"},\"inLanguage\":\"de\",\"potentialAction\":[{\"@type\":\"ReadAction\",\"target\":[\"https:\\\/\\\/exciting-lichterman.217-160-28-49.plesk.page\\\/produit\\\/fish-eye-ip-12-mpxls-ff-2mm-2\\\/\"]}]},{\"@type\":\"ImageObject\",\"inLanguage\":\"de\",\"@id\":\"https:\\\/\\\/exciting-lichterman.217-160-28-49.plesk.page\\\/produit\\\/fish-eye-ip-12-mpxls-ff-2mm-2\\\/#primaryimage\",\"url\":\"https:\\\/\\\/exciting-lichterman.217-160-28-49.plesk.page\\\/wp-content\\\/uploads\\\/2022\\\/07\\\/DS-2CD63C5G0E-S-RC2mm-01-scaled.webp\",\"contentUrl\":\"https:\\\/\\\/exciting-lichterman.217-160-28-49.plesk.page\\\/wp-content\\\/uploads\\\/2022\\\/07\\\/DS-2CD63C5G0E-S-RC2mm-01-scaled.webp\",\"width\":2560,\"height\":2545},{\"@type\":\"BreadcrumbList\",\"@id\":\"https:\\\/\\\/exciting-lichterman.217-160-28-49.plesk.page\\\/produit\\\/fish-eye-ip-12-mpxls-ff-2mm-2\\\/#breadcrumb\",\"itemListElement\":[{\"@type\":\"ListItem\",\"position\":1,\"name\":\"Accueil\",\"item\":\"https:\\\/\\\/exciting-lichterman.217-160-28-49.plesk.page\\\/\"},{\"@type\":\"ListItem\",\"position\":2,\"name\":\"Boutique\",\"item\":\"https:\\\/\\\/exciting-lichterman.217-160-28-49.plesk.page\\\/boutique\\\/\"},{\"@type\":\"ListItem\",\"position\":3,\"name\":\"Fish Eye IP 12 MPXLS &#8211; FF 2mm\"}]},{\"@type\":\"WebSite\",\"@id\":\"https:\\\/\\\/exciting-lichterman.217-160-28-49.plesk.page\\\/#website\",\"url\":\"https:\\\/\\\/exciting-lichterman.217-160-28-49.plesk.page\\\/\",\"name\":\"K2group Distribution\",\"description\":\"\",\"publisher\":{\"@id\":\"https:\\\/\\\/exciting-lichterman.217-160-28-49.plesk.page\\\/#organization\"},\"potentialAction\":[{\"@type\":\"SearchAction\",\"target\":{\"@type\":\"EntryPoint\",\"urlTemplate\":\"https:\\\/\\\/exciting-lichterman.217-160-28-49.plesk.page\\\/?s={search_term_string}\"},\"query-input\":{\"@type\":\"PropertyValueSpecification\",\"valueRequired\":true,\"valueName\":\"search_term_string\"}}],\"inLanguage\":\"de\"},{\"@type\":\"Organization\",\"@id\":\"https:\\\/\\\/exciting-lichterman.217-160-28-49.plesk.page\\\/#organization\",\"name\":\"K2group Distribution\",\"url\":\"https:\\\/\\\/exciting-lichterman.217-160-28-49.plesk.page\\\/\",\"logo\":{\"@type\":\"ImageObject\",\"inLanguage\":\"de\",\"@id\":\"https:\\\/\\\/exciting-lichterman.217-160-28-49.plesk.page\\\/#\\\/schema\\\/logo\\\/image\\\/\",\"url\":\"https:\\\/\\\/exciting-lichterman.217-160-28-49.plesk.page\\\/wp-content\\\/uploads\\\/2022\\\/04\\\/logo-K2.png\",\"contentUrl\":\"https:\\\/\\\/exciting-lichterman.217-160-28-49.plesk.page\\\/wp-content\\\/uploads\\\/2022\\\/04\\\/logo-K2.png\",\"width\":155,\"height\":66,\"caption\":\"K2group Distribution\"},\"image\":{\"@id\":\"https:\\\/\\\/exciting-lichterman.217-160-28-49.plesk.page\\\/#\\\/schema\\\/logo\\\/image\\\/\"}}]}<\/script>\n<!-- \/ Yoast SEO plugin. -->","yoast_head_json":{"title":"Fish Eye IP 12 MPXLS - FF 2mm - K2group Distribution","robots":{"index":"noindex","follow":"follow","max-snippet":"max-snippet:-1","max-image-preview":"max-image-preview:large","max-video-preview":"max-video-preview:-1"},"og_locale":"de_DE","og_type":"article","og_title":"Fish Eye IP 12 MPXLS - FF 2mm - K2group Distribution","og_description":"R\u00e9f\u00e9rence : DS-2CD63C5G0E-S\/RC(2mm)   Couleur : Blanc Objectif : 12 MP  R\u00e9solution maximale : 4000 \u00d7 3000  Dimensions : \u00d8165 \u00d7 69 mm  Mode Jour\/Nuit : Jour\/Nuit\/Auto\/Planification\/D\u00e9clenchement par entr\u00e9e d'alarme (-S)  Condition de fonctionnement : -10 \u00b0C \u00e0 40 \u00b0C, humidit\u00e9 95 % ou moins (sans condensation)  Alimentation : 12 VDC\u00b120%, PoE (802.3af, classe 3), bornier \u00e0 deux conducteurs  Poids : 480 g","og_url":"https:\/\/exciting-lichterman.217-160-28-49.plesk.page\/de\/produkt\/fish-eye-ip-12-mpxls-ff-2mm-2\/","og_site_name":"K2group Distribution","article_modified_time":"2023-06-01T13:05:59+00:00","og_image":[{"width":2560,"height":2545,"url":"https:\/\/exciting-lichterman.217-160-28-49.plesk.page\/wp-content\/uploads\/2022\/07\/DS-2CD63C5G0E-S-RC2mm-01-scaled.webp","type":"image\/webp"}],"twitter_card":"summary_large_image","twitter_misc":{"Gesch\u00e4tzte Lesezeit":"1\u00a0Minute"},"schema":{"@context":"https:\/\/schema.org","@graph":[{"@type":"WebPage","@id":"https:\/\/exciting-lichterman.217-160-28-49.plesk.page\/produit\/fish-eye-ip-12-mpxls-ff-2mm-2\/","url":"https:\/\/exciting-lichterman.217-160-28-49.plesk.page\/produit\/fish-eye-ip-12-mpxls-ff-2mm-2\/","name":"Fish Eye IP 12 MPXLS - FF 2mm - K2group Distribution","isPartOf":{"@id":"https:\/\/exciting-lichterman.217-160-28-49.plesk.page\/#website"},"primaryImageOfPage":{"@id":"https:\/\/exciting-lichterman.217-160-28-49.plesk.page\/produit\/fish-eye-ip-12-mpxls-ff-2mm-2\/#primaryimage"},"image":{"@id":"https:\/\/exciting-lichterman.217-160-28-49.plesk.page\/produit\/fish-eye-ip-12-mpxls-ff-2mm-2\/#primaryimage"},"thumbnailUrl":"https:\/\/exciting-lichterman.217-160-28-49.plesk.page\/wp-content\/uploads\/2022\/07\/DS-2CD63C5G0E-S-RC2mm-01-scaled.webp","datePublished":"2022-07-26T16:23:38+00:00","dateModified":"2023-06-01T13:05:59+00:00","breadcrumb":{"@id":"https:\/\/exciting-lichterman.217-160-28-49.plesk.page\/produit\/fish-eye-ip-12-mpxls-ff-2mm-2\/#breadcrumb"},"inLanguage":"de","potentialAction":[{"@type":"ReadAction","target":["https:\/\/exciting-lichterman.217-160-28-49.plesk.page\/produit\/fish-eye-ip-12-mpxls-ff-2mm-2\/"]}]},{"@type":"ImageObject","inLanguage":"de","@id":"https:\/\/exciting-lichterman.217-160-28-49.plesk.page\/produit\/fish-eye-ip-12-mpxls-ff-2mm-2\/#primaryimage","url":"https:\/\/exciting-lichterman.217-160-28-49.plesk.page\/wp-content\/uploads\/2022\/07\/DS-2CD63C5G0E-S-RC2mm-01-scaled.webp","contentUrl":"https:\/\/exciting-lichterman.217-160-28-49.plesk.page\/wp-content\/uploads\/2022\/07\/DS-2CD63C5G0E-S-RC2mm-01-scaled.webp","width":2560,"height":2545},{"@type":"BreadcrumbList","@id":"https:\/\/exciting-lichterman.217-160-28-49.plesk.page\/produit\/fish-eye-ip-12-mpxls-ff-2mm-2\/#breadcrumb","itemListElement":[{"@type":"ListItem","position":1,"name":"Accueil","item":"https:\/\/exciting-lichterman.217-160-28-49.plesk.page\/"},{"@type":"ListItem","position":2,"name":"Boutique","item":"https:\/\/exciting-lichterman.217-160-28-49.plesk.page\/boutique\/"},{"@type":"ListItem","position":3,"name":"Fish Eye IP 12 MPXLS &#8211; FF 2mm"}]},{"@type":"WebSite","@id":"https:\/\/exciting-lichterman.217-160-28-49.plesk.page\/#website","url":"https:\/\/exciting-lichterman.217-160-28-49.plesk.page\/","name":"K2group Distribution","description":"","publisher":{"@id":"https:\/\/exciting-lichterman.217-160-28-49.plesk.page\/#organization"},"potentialAction":[{"@type":"SearchAction","target":{"@type":"EntryPoint","urlTemplate":"https:\/\/exciting-lichterman.217-160-28-49.plesk.page\/?s={search_term_string}"},"query-input":{"@type":"PropertyValueSpecification","valueRequired":true,"valueName":"search_term_string"}}],"inLanguage":"de"},{"@type":"Organization","@id":"https:\/\/exciting-lichterman.217-160-28-49.plesk.page\/#organization","name":"K2group Distribution","url":"https:\/\/exciting-lichterman.217-160-28-49.plesk.page\/","logo":{"@type":"ImageObject","inLanguage":"de","@id":"https:\/\/exciting-lichterman.217-160-28-49.plesk.page\/#\/schema\/logo\/image\/","url":"https:\/\/exciting-lichterman.217-160-28-49.plesk.page\/wp-content\/uploads\/2022\/04\/logo-K2.png","contentUrl":"https:\/\/exciting-lichterman.217-160-28-49.plesk.page\/wp-content\/uploads\/2022\/04\/logo-K2.png","width":155,"height":66,"caption":"K2group Distribution"},"image":{"@id":"https:\/\/exciting-lichterman.217-160-28-49.plesk.page\/#\/schema\/logo\/image\/"}}]}},"_links":{"self":[{"href":"https:\/\/exciting-lichterman.217-160-28-49.plesk.page\/de\/wp-json\/wp\/v2\/product\/11093","targetHints":{"allow":["GET"]}}],"collection":[{"href":"https:\/\/exciting-lichterman.217-160-28-49.plesk.page\/de\/wp-json\/wp\/v2\/product"}],"about":[{"href":"https:\/\/exciting-lichterman.217-160-28-49.plesk.page\/de\/wp-json\/wp\/v2\/types\/product"}],"replies":[{"embeddable":true,"href":"https:\/\/exciting-lichterman.217-160-28-49.plesk.page\/de\/wp-json\/wp\/v2\/comments?post=11093"}],"version-history":[{"count":5,"href":"https:\/\/exciting-lichterman.217-160-28-49.plesk.page\/de\/wp-json\/wp\/v2\/product\/11093\/revisions"}],"predecessor-version":[{"id":17757,"href":"https:\/\/exciting-lichterman.217-160-28-49.plesk.page\/de\/wp-json\/wp\/v2\/product\/11093\/revisions\/17757"}],"wp:featuredmedia":[{"embeddable":true,"href":"https:\/\/exciting-lichterman.217-160-28-49.plesk.page\/de\/wp-json\/wp\/v2\/media\/11094"}],"wp:attachment":[{"href":"https:\/\/exciting-lichterman.217-160-28-49.plesk.page\/de\/wp-json\/wp\/v2\/media?parent=11093"}],"wp:term":[{"taxonomy":"product_brand","embeddable":true,"href":"https:\/\/exciting-lichterman.217-160-28-49.plesk.page\/de\/wp-json\/wp\/v2\/product_brand?post=11093"},{"taxonomy":"product_cat","embeddable":true,"href":"https:\/\/exciting-lichterman.217-160-28-49.plesk.page\/de\/wp-json\/wp\/v2\/product_cat?post=11093"},{"taxonomy":"product_tag","embeddable":true,"href":"https:\/\/exciting-lichterman.217-160-28-49.plesk.page\/de\/wp-json\/wp\/v2\/product_tag?post=11093"}],"curies":[{"name":"wp","href":"https:\/\/api.w.org\/{rel}","templated":true}]}}