{"id":11087,"date":"2022-07-26T16:21:49","date_gmt":"2022-07-26T16:21:49","guid":{"rendered":"https:\/\/practical-elbakyan.82-165-223-183.plesk.page\/?post_type=product&#038;p=11087"},"modified":"2023-06-01T13:11:53","modified_gmt":"2023-06-01T13:11:53","slug":"fish-eye-ip-12-mpxls-ff-1-29mm","status":"publish","type":"product","link":"https:\/\/exciting-lichterman.217-160-28-49.plesk.page\/de\/produkt\/fish-eye-ip-12-mpxls-ff-1-29mm\/","title":{"rendered":"Fish Eye IP 12 MPXLS &#8211; FF 1.29mm"},"content":{"rendered":"<h2 style=\"font-family:Poppins;font-size:14px; font-weight:400!important; line-height:2\">  La cam\u00e9ra r\u00e9seau Fisheye 12 MP DS-2CD63C5G0-IVS(1.29mm) est \u00e9quip\u00e9e d&rsquo;une technologie avanc\u00e9e bas\u00e9e sur des algorithmes de deep Learning pour offrir des fonctionnalit\u00e9s de surveillance et de s\u00e9curit\u00e9 hautement performantes. .<\/h2>\n<p>Cette cam\u00e9ra dispose des modes de correction multiples pour am\u00e9liorer la visualisation des images. M\u00eame si l&rsquo;image captur\u00e9e est d\u00e9form\u00e9e en raison de l&rsquo;objectif fisheye, elle peut \u00eatre corrig\u00e9e pour afficher une image normale, ce qui facilite la surveillance et l&rsquo;analyse des images.<\/p>\n<p>Pour faciliter la communication avec les personnes surveill\u00e9es, la cam\u00e9ra est \u00e9quip\u00e9e d&rsquo;un microphone et d&rsquo;un haut-parleur int\u00e9gr\u00e9s pour une communication audio bidirectionnelle en temps r\u00e9el. Cela permet d&rsquo;\u00e9tablir une communication vocale avec les individus surveill\u00e9s, ce qui peut \u00eatre utilis\u00e9 pour des besoins de s\u00e9curit\u00e9 ou de surveillance.<\/p>\n<p>La DS-2CD63C5G0-IVS(1.29mm) est \u00e9galement \u00e9quip\u00e9e d&rsquo;une lumi\u00e8re infrarouge int\u00e9gr\u00e9e avec une port\u00e9e de 15 m\u00e8tres. Cela offre une bonne visibilit\u00e9 m\u00eame dans des environnements \u00e0 faible luminosit\u00e9 ou sans luminosit\u00e9 du tout, ce qui garantit que la cam\u00e9ra peut capturer des images claires m\u00eame dans des conditions de faible \u00e9clairage.<\/p>\n<p>Aussi, la cam\u00e9ra est dot\u00e9e d&rsquo;une haute r\u00e9solution de 12 MP, ce qui lui permet de capturer des images claires et d\u00e9taill\u00e9es, m\u00eame lorsque l&rsquo;objectif est en mode panoramique, inclinaison et zoom (PTZ). Ainsi, les d\u00e9tails importants sont clairement visibles dans les images captur\u00e9es, offrant une surveillance efficace et d\u00e9taill\u00e9e.<\/p>","protected":false},"excerpt":{"rendered":"<ul>\n<li><strong>R\u00e9f\u00e9rence : DS-2CD63C5G0-IVS(1.29mm) <\/strong><\/li>\n<li>Couleur : Blanc Objectif : 12 MP<\/li>\n<li>R\u00e9solution maximale : 4000 \u00d7 3000<\/li>\n<li>Dimensions : Sans mod\u00e8le \u2013V : 167,4 \u00d7 152,8 \u00d7 46,8 mm Avec le mod\u00e8le \u2013V : 167 \u00d7 152,8 \u00d7 55 mm<\/li>\n<li>Mode Jour\/Nuit : Jour\/Nuit\/Auto\/Planification\/D\u00e9clenchement par entr\u00e9e d&rsquo;alarme (-S)<\/li>\n<li>Condition de fonctionnement : -40 \u00b0C \u00e0 60 \u00b0C, humidit\u00e9 95 % ou moins (sans condensation)<\/li>\n<li>Alimentation : 12 Vcc\u00b120 %, 1 A, max. 12,5 W<\/li>\n<li>Poids : 1400 g<\/li>\n<\/ul>","protected":false},"featured_media":11088,"comment_status":"open","ping_status":"closed","template":"","meta":{"_acf_changed":false},"product_brand":[],"product_cat":[390,715],"product_tag":[],"class_list":{"0":"post-11087","1":"product","2":"type-product","3":"status-publish","4":"has-post-thumbnail","6":"product_cat-alarmes-et-video","7":"product_cat-camera-ip","9":"first","10":"instock","11":"taxable","12":"shipping-taxable","13":"product-type-simple"},"acf":[],"yoast_head":"<!-- This site is optimized with the Yoast SEO plugin v27.4 - https:\/\/yoast.com\/product\/yoast-seo-wordpress\/ -->\n<title>Fish Eye IP 12 MPXLS - FF 1.29mm - K2group Distribution<\/title>\n<meta name=\"robots\" content=\"noindex, follow, max-snippet:-1, max-image-preview:large, max-video-preview:-1\" \/>\n<meta property=\"og:locale\" content=\"de_DE\" \/>\n<meta property=\"og:type\" content=\"article\" \/>\n<meta property=\"og:title\" content=\"Fish Eye IP 12 MPXLS - FF 1.29mm - K2group Distribution\" \/>\n<meta property=\"og:description\" content=\"R\u00e9f\u00e9rence : DS-2CD63C5G0-IVS(1.29mm)   Couleur : Blanc Objectif : 12 MP  R\u00e9solution maximale : 4000 \u00d7 3000  Dimensions : Sans mod\u00e8le \u2013V : 167,4 \u00d7 152,8 \u00d7 46,8 mm Avec le mod\u00e8le \u2013V : 167 \u00d7 152,8 \u00d7 55 mm  Mode Jour\/Nuit : Jour\/Nuit\/Auto\/Planification\/D\u00e9clenchement par entr\u00e9e d&#039;alarme (-S)  Condition de fonctionnement : -40 \u00b0C \u00e0 60 \u00b0C, humidit\u00e9 95 % ou moins (sans condensation)  Alimentation : 12 Vcc\u00b120 %, 1 A, max. 12,5 W  Poids : 1400 g\" \/>\n<meta property=\"og:url\" content=\"https:\/\/exciting-lichterman.217-160-28-49.plesk.page\/de\/produkt\/fish-eye-ip-12-mpxls-ff-1-29mm\/\" \/>\n<meta property=\"og:site_name\" content=\"K2group Distribution\" \/>\n<meta property=\"article:modified_time\" content=\"2023-06-01T13:11:53+00:00\" \/>\n<meta property=\"og:image\" content=\"https:\/\/exciting-lichterman.217-160-28-49.plesk.page\/wp-content\/uploads\/2022\/07\/DS-2CD63C5G0-IVS1.29mm-01-scaled.webp\" \/>\n\t<meta property=\"og:image:width\" content=\"2560\" \/>\n\t<meta property=\"og:image:height\" content=\"2545\" \/>\n\t<meta property=\"og:image:type\" content=\"image\/webp\" \/>\n<meta name=\"twitter:card\" content=\"summary_large_image\" \/>\n<meta name=\"twitter:label1\" content=\"Gesch\u00e4tzte Lesezeit\" \/>\n\t<meta name=\"twitter:data1\" content=\"2\u00a0Minuten\" \/>\n<script type=\"application\/ld+json\" class=\"yoast-schema-graph\">{\"@context\":\"https:\\\/\\\/schema.org\",\"@graph\":[{\"@type\":\"WebPage\",\"@id\":\"https:\\\/\\\/exciting-lichterman.217-160-28-49.plesk.page\\\/produit\\\/fish-eye-ip-12-mpxls-ff-1-29mm\\\/\",\"url\":\"https:\\\/\\\/exciting-lichterman.217-160-28-49.plesk.page\\\/produit\\\/fish-eye-ip-12-mpxls-ff-1-29mm\\\/\",\"name\":\"Fish Eye IP 12 MPXLS - FF 1.29mm - K2group Distribution\",\"isPartOf\":{\"@id\":\"https:\\\/\\\/exciting-lichterman.217-160-28-49.plesk.page\\\/#website\"},\"primaryImageOfPage\":{\"@id\":\"https:\\\/\\\/exciting-lichterman.217-160-28-49.plesk.page\\\/produit\\\/fish-eye-ip-12-mpxls-ff-1-29mm\\\/#primaryimage\"},\"image\":{\"@id\":\"https:\\\/\\\/exciting-lichterman.217-160-28-49.plesk.page\\\/produit\\\/fish-eye-ip-12-mpxls-ff-1-29mm\\\/#primaryimage\"},\"thumbnailUrl\":\"https:\\\/\\\/exciting-lichterman.217-160-28-49.plesk.page\\\/wp-content\\\/uploads\\\/2022\\\/07\\\/DS-2CD63C5G0-IVS1.29mm-01-scaled.webp\",\"datePublished\":\"2022-07-26T16:21:49+00:00\",\"dateModified\":\"2023-06-01T13:11:53+00:00\",\"breadcrumb\":{\"@id\":\"https:\\\/\\\/exciting-lichterman.217-160-28-49.plesk.page\\\/produit\\\/fish-eye-ip-12-mpxls-ff-1-29mm\\\/#breadcrumb\"},\"inLanguage\":\"de\",\"potentialAction\":[{\"@type\":\"ReadAction\",\"target\":[\"https:\\\/\\\/exciting-lichterman.217-160-28-49.plesk.page\\\/produit\\\/fish-eye-ip-12-mpxls-ff-1-29mm\\\/\"]}]},{\"@type\":\"ImageObject\",\"inLanguage\":\"de\",\"@id\":\"https:\\\/\\\/exciting-lichterman.217-160-28-49.plesk.page\\\/produit\\\/fish-eye-ip-12-mpxls-ff-1-29mm\\\/#primaryimage\",\"url\":\"https:\\\/\\\/exciting-lichterman.217-160-28-49.plesk.page\\\/wp-content\\\/uploads\\\/2022\\\/07\\\/DS-2CD63C5G0-IVS1.29mm-01-scaled.webp\",\"contentUrl\":\"https:\\\/\\\/exciting-lichterman.217-160-28-49.plesk.page\\\/wp-content\\\/uploads\\\/2022\\\/07\\\/DS-2CD63C5G0-IVS1.29mm-01-scaled.webp\",\"width\":2560,\"height\":2545},{\"@type\":\"BreadcrumbList\",\"@id\":\"https:\\\/\\\/exciting-lichterman.217-160-28-49.plesk.page\\\/produit\\\/fish-eye-ip-12-mpxls-ff-1-29mm\\\/#breadcrumb\",\"itemListElement\":[{\"@type\":\"ListItem\",\"position\":1,\"name\":\"Accueil\",\"item\":\"https:\\\/\\\/exciting-lichterman.217-160-28-49.plesk.page\\\/\"},{\"@type\":\"ListItem\",\"position\":2,\"name\":\"Boutique\",\"item\":\"https:\\\/\\\/exciting-lichterman.217-160-28-49.plesk.page\\\/boutique\\\/\"},{\"@type\":\"ListItem\",\"position\":3,\"name\":\"Fish Eye IP 12 MPXLS &#8211; FF 1.29mm\"}]},{\"@type\":\"WebSite\",\"@id\":\"https:\\\/\\\/exciting-lichterman.217-160-28-49.plesk.page\\\/#website\",\"url\":\"https:\\\/\\\/exciting-lichterman.217-160-28-49.plesk.page\\\/\",\"name\":\"K2group Distribution\",\"description\":\"\",\"publisher\":{\"@id\":\"https:\\\/\\\/exciting-lichterman.217-160-28-49.plesk.page\\\/#organization\"},\"potentialAction\":[{\"@type\":\"SearchAction\",\"target\":{\"@type\":\"EntryPoint\",\"urlTemplate\":\"https:\\\/\\\/exciting-lichterman.217-160-28-49.plesk.page\\\/?s={search_term_string}\"},\"query-input\":{\"@type\":\"PropertyValueSpecification\",\"valueRequired\":true,\"valueName\":\"search_term_string\"}}],\"inLanguage\":\"de\"},{\"@type\":\"Organization\",\"@id\":\"https:\\\/\\\/exciting-lichterman.217-160-28-49.plesk.page\\\/#organization\",\"name\":\"K2group Distribution\",\"url\":\"https:\\\/\\\/exciting-lichterman.217-160-28-49.plesk.page\\\/\",\"logo\":{\"@type\":\"ImageObject\",\"inLanguage\":\"de\",\"@id\":\"https:\\\/\\\/exciting-lichterman.217-160-28-49.plesk.page\\\/#\\\/schema\\\/logo\\\/image\\\/\",\"url\":\"https:\\\/\\\/exciting-lichterman.217-160-28-49.plesk.page\\\/wp-content\\\/uploads\\\/2022\\\/04\\\/logo-K2.png\",\"contentUrl\":\"https:\\\/\\\/exciting-lichterman.217-160-28-49.plesk.page\\\/wp-content\\\/uploads\\\/2022\\\/04\\\/logo-K2.png\",\"width\":155,\"height\":66,\"caption\":\"K2group Distribution\"},\"image\":{\"@id\":\"https:\\\/\\\/exciting-lichterman.217-160-28-49.plesk.page\\\/#\\\/schema\\\/logo\\\/image\\\/\"}}]}<\/script>\n<!-- \/ Yoast SEO plugin. -->","yoast_head_json":{"title":"Fish Eye IP 12 MPXLS - FF 1.29mm - K2group Distribution","robots":{"index":"noindex","follow":"follow","max-snippet":"max-snippet:-1","max-image-preview":"max-image-preview:large","max-video-preview":"max-video-preview:-1"},"og_locale":"de_DE","og_type":"article","og_title":"Fish Eye IP 12 MPXLS - FF 1.29mm - K2group Distribution","og_description":"R\u00e9f\u00e9rence : DS-2CD63C5G0-IVS(1.29mm)   Couleur : Blanc Objectif : 12 MP  R\u00e9solution maximale : 4000 \u00d7 3000  Dimensions : Sans mod\u00e8le \u2013V : 167,4 \u00d7 152,8 \u00d7 46,8 mm Avec le mod\u00e8le \u2013V : 167 \u00d7 152,8 \u00d7 55 mm  Mode Jour\/Nuit : Jour\/Nuit\/Auto\/Planification\/D\u00e9clenchement par entr\u00e9e d'alarme (-S)  Condition de fonctionnement : -40 \u00b0C \u00e0 60 \u00b0C, humidit\u00e9 95 % ou moins (sans condensation)  Alimentation : 12 Vcc\u00b120 %, 1 A, max. 12,5 W  Poids : 1400 g","og_url":"https:\/\/exciting-lichterman.217-160-28-49.plesk.page\/de\/produkt\/fish-eye-ip-12-mpxls-ff-1-29mm\/","og_site_name":"K2group Distribution","article_modified_time":"2023-06-01T13:11:53+00:00","og_image":[{"width":2560,"height":2545,"url":"https:\/\/exciting-lichterman.217-160-28-49.plesk.page\/wp-content\/uploads\/2022\/07\/DS-2CD63C5G0-IVS1.29mm-01-scaled.webp","type":"image\/webp"}],"twitter_card":"summary_large_image","twitter_misc":{"Gesch\u00e4tzte Lesezeit":"2\u00a0Minuten"},"schema":{"@context":"https:\/\/schema.org","@graph":[{"@type":"WebPage","@id":"https:\/\/exciting-lichterman.217-160-28-49.plesk.page\/produit\/fish-eye-ip-12-mpxls-ff-1-29mm\/","url":"https:\/\/exciting-lichterman.217-160-28-49.plesk.page\/produit\/fish-eye-ip-12-mpxls-ff-1-29mm\/","name":"Fish Eye IP 12 MPXLS - FF 1.29mm - K2group Distribution","isPartOf":{"@id":"https:\/\/exciting-lichterman.217-160-28-49.plesk.page\/#website"},"primaryImageOfPage":{"@id":"https:\/\/exciting-lichterman.217-160-28-49.plesk.page\/produit\/fish-eye-ip-12-mpxls-ff-1-29mm\/#primaryimage"},"image":{"@id":"https:\/\/exciting-lichterman.217-160-28-49.plesk.page\/produit\/fish-eye-ip-12-mpxls-ff-1-29mm\/#primaryimage"},"thumbnailUrl":"https:\/\/exciting-lichterman.217-160-28-49.plesk.page\/wp-content\/uploads\/2022\/07\/DS-2CD63C5G0-IVS1.29mm-01-scaled.webp","datePublished":"2022-07-26T16:21:49+00:00","dateModified":"2023-06-01T13:11:53+00:00","breadcrumb":{"@id":"https:\/\/exciting-lichterman.217-160-28-49.plesk.page\/produit\/fish-eye-ip-12-mpxls-ff-1-29mm\/#breadcrumb"},"inLanguage":"de","potentialAction":[{"@type":"ReadAction","target":["https:\/\/exciting-lichterman.217-160-28-49.plesk.page\/produit\/fish-eye-ip-12-mpxls-ff-1-29mm\/"]}]},{"@type":"ImageObject","inLanguage":"de","@id":"https:\/\/exciting-lichterman.217-160-28-49.plesk.page\/produit\/fish-eye-ip-12-mpxls-ff-1-29mm\/#primaryimage","url":"https:\/\/exciting-lichterman.217-160-28-49.plesk.page\/wp-content\/uploads\/2022\/07\/DS-2CD63C5G0-IVS1.29mm-01-scaled.webp","contentUrl":"https:\/\/exciting-lichterman.217-160-28-49.plesk.page\/wp-content\/uploads\/2022\/07\/DS-2CD63C5G0-IVS1.29mm-01-scaled.webp","width":2560,"height":2545},{"@type":"BreadcrumbList","@id":"https:\/\/exciting-lichterman.217-160-28-49.plesk.page\/produit\/fish-eye-ip-12-mpxls-ff-1-29mm\/#breadcrumb","itemListElement":[{"@type":"ListItem","position":1,"name":"Accueil","item":"https:\/\/exciting-lichterman.217-160-28-49.plesk.page\/"},{"@type":"ListItem","position":2,"name":"Boutique","item":"https:\/\/exciting-lichterman.217-160-28-49.plesk.page\/boutique\/"},{"@type":"ListItem","position":3,"name":"Fish Eye IP 12 MPXLS &#8211; FF 1.29mm"}]},{"@type":"WebSite","@id":"https:\/\/exciting-lichterman.217-160-28-49.plesk.page\/#website","url":"https:\/\/exciting-lichterman.217-160-28-49.plesk.page\/","name":"K2group Distribution","description":"","publisher":{"@id":"https:\/\/exciting-lichterman.217-160-28-49.plesk.page\/#organization"},"potentialAction":[{"@type":"SearchAction","target":{"@type":"EntryPoint","urlTemplate":"https:\/\/exciting-lichterman.217-160-28-49.plesk.page\/?s={search_term_string}"},"query-input":{"@type":"PropertyValueSpecification","valueRequired":true,"valueName":"search_term_string"}}],"inLanguage":"de"},{"@type":"Organization","@id":"https:\/\/exciting-lichterman.217-160-28-49.plesk.page\/#organization","name":"K2group Distribution","url":"https:\/\/exciting-lichterman.217-160-28-49.plesk.page\/","logo":{"@type":"ImageObject","inLanguage":"de","@id":"https:\/\/exciting-lichterman.217-160-28-49.plesk.page\/#\/schema\/logo\/image\/","url":"https:\/\/exciting-lichterman.217-160-28-49.plesk.page\/wp-content\/uploads\/2022\/04\/logo-K2.png","contentUrl":"https:\/\/exciting-lichterman.217-160-28-49.plesk.page\/wp-content\/uploads\/2022\/04\/logo-K2.png","width":155,"height":66,"caption":"K2group Distribution"},"image":{"@id":"https:\/\/exciting-lichterman.217-160-28-49.plesk.page\/#\/schema\/logo\/image\/"}}]}},"_links":{"self":[{"href":"https:\/\/exciting-lichterman.217-160-28-49.plesk.page\/de\/wp-json\/wp\/v2\/product\/11087","targetHints":{"allow":["GET"]}}],"collection":[{"href":"https:\/\/exciting-lichterman.217-160-28-49.plesk.page\/de\/wp-json\/wp\/v2\/product"}],"about":[{"href":"https:\/\/exciting-lichterman.217-160-28-49.plesk.page\/de\/wp-json\/wp\/v2\/types\/product"}],"replies":[{"embeddable":true,"href":"https:\/\/exciting-lichterman.217-160-28-49.plesk.page\/de\/wp-json\/wp\/v2\/comments?post=11087"}],"version-history":[{"count":5,"href":"https:\/\/exciting-lichterman.217-160-28-49.plesk.page\/de\/wp-json\/wp\/v2\/product\/11087\/revisions"}],"predecessor-version":[{"id":17759,"href":"https:\/\/exciting-lichterman.217-160-28-49.plesk.page\/de\/wp-json\/wp\/v2\/product\/11087\/revisions\/17759"}],"wp:featuredmedia":[{"embeddable":true,"href":"https:\/\/exciting-lichterman.217-160-28-49.plesk.page\/de\/wp-json\/wp\/v2\/media\/11088"}],"wp:attachment":[{"href":"https:\/\/exciting-lichterman.217-160-28-49.plesk.page\/de\/wp-json\/wp\/v2\/media?parent=11087"}],"wp:term":[{"taxonomy":"product_brand","embeddable":true,"href":"https:\/\/exciting-lichterman.217-160-28-49.plesk.page\/de\/wp-json\/wp\/v2\/product_brand?post=11087"},{"taxonomy":"product_cat","embeddable":true,"href":"https:\/\/exciting-lichterman.217-160-28-49.plesk.page\/de\/wp-json\/wp\/v2\/product_cat?post=11087"},{"taxonomy":"product_tag","embeddable":true,"href":"https:\/\/exciting-lichterman.217-160-28-49.plesk.page\/de\/wp-json\/wp\/v2\/product_tag?post=11087"}],"curies":[{"name":"wp","href":"https:\/\/api.w.org\/{rel}","templated":true}]}}