{"id":11084,"date":"2022-07-26T16:18:11","date_gmt":"2022-07-26T16:18:11","guid":{"rendered":"https:\/\/practical-elbakyan.82-165-223-183.plesk.page\/?post_type=product&#038;p=11084"},"modified":"2023-06-01T13:12:02","modified_gmt":"2023-06-01T13:12:02","slug":"fish-eye-ip-4-mplxs-ff-2mm","status":"publish","type":"product","link":"https:\/\/exciting-lichterman.217-160-28-49.plesk.page\/de\/produkt\/fish-eye-ip-4-mplxs-ff-2mm\/","title":{"rendered":"Fish Eye IP &#8211; 4 MPLXS &#8211; FF &#8211; 2mm"},"content":{"rendered":"<h2 style=\"font-family:Poppins;font-size:14px; font-weight:400!important; line-height:2\">  La cam\u00e9ra DS-2CD6W45G0-IVS(Co) est une cam\u00e9ra de surveillance de haute qualit\u00e9 qui offre des images claires et d\u00e9taill\u00e9es. <\/h2>\n<p> Elle utilise la technologie de compression H.265+ efficace, ce qui permet d&rsquo;\u00e9conomiser la bande passante et le stockage tout en maintenant une qualit\u00e9 d&rsquo;image \u00e9lev\u00e9e.<\/p>\n<p>Gr\u00e2ce \u00e0 la v\u00e9ritable technologie WDR de 120 dB, cette cam\u00e9ra est capable de produire des images claires m\u00eame dans des conditions de fort contre-jour, et dans des situations d&rsquo;\u00e9clairage difficiles.<\/p>\n<p>Aussi, la technologie 3D DNR int\u00e9gr\u00e9e \u00e0 cette cam\u00e9ra permet de r\u00e9duire le bruit num\u00e9rique dans les images, offrant ainsi une excellente qualit\u00e9 d&rsquo;imagerie avec moins de distorsion d&rsquo;image.<\/p>\n<p>De plus, et avec une certification IP67, cette cam\u00e9ra r\u00e9sistante \u00e0 l&rsquo;eau et \u00e0 la poussi\u00e8re est adapt\u00e9e \u00e0 une utilisation en ext\u00e9rieur dans diverses conditions m\u00e9t\u00e9orologiques. Elle est \u00e9galement anti-vandalisme avec une certification IK10+, ce qui la prot\u00e8ge contre les actes de vandalisme et garantit sa durabilit\u00e9 dans des environnements difficiles.<\/p>","protected":false},"excerpt":{"rendered":"<ul>\n<li><strong>R\u00e9f\u00e9rence : DS-2CD6W45G0-IVS(Corner) <\/strong><\/li>\n<li>Couleur : Blanc Objectif : 4 MP<\/li>\n<li>R\u00e9solution maximale : 3072 \u00d7 2048<\/li>\n<li>Dimensions : 213,73 mm \u00d7 199,67 mm \u00d7 137,57 mm<\/li>\n<li>Mode Jour\/Nuit : Jour, nuit, automatique, horaire, d\u00e9clencheur d&rsquo;alarme<\/li>\n<li>Condition de fonctionnement : -40 \u00b0C \u00e0 60 \u00b0C, humidit\u00e9 95 % ou moins (sans condensation)<\/li>\n<li>Alimentation : 12 VCC \u00b1 20 %, 0,9 A, max. 11W<\/li>\n<li>Poids : 1,338 kg<\/li>\n<\/ul>","protected":false},"featured_media":11085,"comment_status":"open","ping_status":"closed","template":"","meta":{"_acf_changed":false},"product_brand":[],"product_cat":[390,715],"product_tag":[],"class_list":{"0":"post-11084","1":"product","2":"type-product","3":"status-publish","4":"has-post-thumbnail","6":"product_cat-alarmes-et-video","7":"product_cat-camera-ip","9":"first","10":"instock","11":"taxable","12":"shipping-taxable","13":"product-type-simple"},"acf":[],"yoast_head":"<!-- This site is optimized with the Yoast SEO plugin v27.4 - https:\/\/yoast.com\/product\/yoast-seo-wordpress\/ -->\n<title>Fish Eye IP - 4 MPLXS - FF - 2mm - K2group Distribution<\/title>\n<meta name=\"robots\" content=\"noindex, follow, max-snippet:-1, max-image-preview:large, max-video-preview:-1\" \/>\n<meta property=\"og:locale\" content=\"de_DE\" \/>\n<meta property=\"og:type\" content=\"article\" \/>\n<meta property=\"og:title\" content=\"Fish Eye IP - 4 MPLXS - FF - 2mm - K2group Distribution\" \/>\n<meta property=\"og:description\" content=\"R\u00e9f\u00e9rence : DS-2CD6W45G0-IVS(Corner)   Couleur : Blanc Objectif : 4 MP  R\u00e9solution maximale : 3072 \u00d7 2048  Dimensions : 213,73 mm \u00d7 199,67 mm \u00d7 137,57 mm  Mode Jour\/Nuit : Jour, nuit, automatique, horaire, d\u00e9clencheur d&#039;alarme  Condition de fonctionnement : -40 \u00b0C \u00e0 60 \u00b0C, humidit\u00e9 95 % ou moins (sans condensation)  Alimentation : 12 VCC \u00b1 20 %, 0,9 A, max. 11W  Poids : 1,338 kg\" \/>\n<meta property=\"og:url\" content=\"https:\/\/exciting-lichterman.217-160-28-49.plesk.page\/de\/produkt\/fish-eye-ip-4-mplxs-ff-2mm\/\" \/>\n<meta property=\"og:site_name\" content=\"K2group Distribution\" \/>\n<meta property=\"article:modified_time\" content=\"2023-06-01T13:12:02+00:00\" \/>\n<meta property=\"og:image\" content=\"https:\/\/exciting-lichterman.217-160-28-49.plesk.page\/wp-content\/uploads\/2022\/07\/DS-2CD6W45G0-IVSCorner-01-scaled.webp\" \/>\n\t<meta property=\"og:image:width\" content=\"2560\" \/>\n\t<meta property=\"og:image:height\" content=\"2545\" \/>\n\t<meta property=\"og:image:type\" content=\"image\/webp\" \/>\n<meta name=\"twitter:card\" content=\"summary_large_image\" \/>\n<meta name=\"twitter:label1\" content=\"Gesch\u00e4tzte Lesezeit\" \/>\n\t<meta name=\"twitter:data1\" content=\"1\u00a0Minute\" \/>\n<script type=\"application\/ld+json\" class=\"yoast-schema-graph\">{\"@context\":\"https:\\\/\\\/schema.org\",\"@graph\":[{\"@type\":\"WebPage\",\"@id\":\"https:\\\/\\\/exciting-lichterman.217-160-28-49.plesk.page\\\/produit\\\/fish-eye-ip-4-mplxs-ff-2mm\\\/\",\"url\":\"https:\\\/\\\/exciting-lichterman.217-160-28-49.plesk.page\\\/produit\\\/fish-eye-ip-4-mplxs-ff-2mm\\\/\",\"name\":\"Fish Eye IP - 4 MPLXS - FF - 2mm - K2group Distribution\",\"isPartOf\":{\"@id\":\"https:\\\/\\\/exciting-lichterman.217-160-28-49.plesk.page\\\/#website\"},\"primaryImageOfPage\":{\"@id\":\"https:\\\/\\\/exciting-lichterman.217-160-28-49.plesk.page\\\/produit\\\/fish-eye-ip-4-mplxs-ff-2mm\\\/#primaryimage\"},\"image\":{\"@id\":\"https:\\\/\\\/exciting-lichterman.217-160-28-49.plesk.page\\\/produit\\\/fish-eye-ip-4-mplxs-ff-2mm\\\/#primaryimage\"},\"thumbnailUrl\":\"https:\\\/\\\/exciting-lichterman.217-160-28-49.plesk.page\\\/wp-content\\\/uploads\\\/2022\\\/07\\\/DS-2CD6W45G0-IVSCorner-01-scaled.webp\",\"datePublished\":\"2022-07-26T16:18:11+00:00\",\"dateModified\":\"2023-06-01T13:12:02+00:00\",\"breadcrumb\":{\"@id\":\"https:\\\/\\\/exciting-lichterman.217-160-28-49.plesk.page\\\/produit\\\/fish-eye-ip-4-mplxs-ff-2mm\\\/#breadcrumb\"},\"inLanguage\":\"de\",\"potentialAction\":[{\"@type\":\"ReadAction\",\"target\":[\"https:\\\/\\\/exciting-lichterman.217-160-28-49.plesk.page\\\/produit\\\/fish-eye-ip-4-mplxs-ff-2mm\\\/\"]}]},{\"@type\":\"ImageObject\",\"inLanguage\":\"de\",\"@id\":\"https:\\\/\\\/exciting-lichterman.217-160-28-49.plesk.page\\\/produit\\\/fish-eye-ip-4-mplxs-ff-2mm\\\/#primaryimage\",\"url\":\"https:\\\/\\\/exciting-lichterman.217-160-28-49.plesk.page\\\/wp-content\\\/uploads\\\/2022\\\/07\\\/DS-2CD6W45G0-IVSCorner-01-scaled.webp\",\"contentUrl\":\"https:\\\/\\\/exciting-lichterman.217-160-28-49.plesk.page\\\/wp-content\\\/uploads\\\/2022\\\/07\\\/DS-2CD6W45G0-IVSCorner-01-scaled.webp\",\"width\":2560,\"height\":2545},{\"@type\":\"BreadcrumbList\",\"@id\":\"https:\\\/\\\/exciting-lichterman.217-160-28-49.plesk.page\\\/produit\\\/fish-eye-ip-4-mplxs-ff-2mm\\\/#breadcrumb\",\"itemListElement\":[{\"@type\":\"ListItem\",\"position\":1,\"name\":\"Accueil\",\"item\":\"https:\\\/\\\/exciting-lichterman.217-160-28-49.plesk.page\\\/\"},{\"@type\":\"ListItem\",\"position\":2,\"name\":\"Boutique\",\"item\":\"https:\\\/\\\/exciting-lichterman.217-160-28-49.plesk.page\\\/boutique\\\/\"},{\"@type\":\"ListItem\",\"position\":3,\"name\":\"Fish Eye IP &#8211; 4 MPLXS &#8211; FF &#8211; 2mm\"}]},{\"@type\":\"WebSite\",\"@id\":\"https:\\\/\\\/exciting-lichterman.217-160-28-49.plesk.page\\\/#website\",\"url\":\"https:\\\/\\\/exciting-lichterman.217-160-28-49.plesk.page\\\/\",\"name\":\"K2group Distribution\",\"description\":\"\",\"publisher\":{\"@id\":\"https:\\\/\\\/exciting-lichterman.217-160-28-49.plesk.page\\\/#organization\"},\"potentialAction\":[{\"@type\":\"SearchAction\",\"target\":{\"@type\":\"EntryPoint\",\"urlTemplate\":\"https:\\\/\\\/exciting-lichterman.217-160-28-49.plesk.page\\\/?s={search_term_string}\"},\"query-input\":{\"@type\":\"PropertyValueSpecification\",\"valueRequired\":true,\"valueName\":\"search_term_string\"}}],\"inLanguage\":\"de\"},{\"@type\":\"Organization\",\"@id\":\"https:\\\/\\\/exciting-lichterman.217-160-28-49.plesk.page\\\/#organization\",\"name\":\"K2group Distribution\",\"url\":\"https:\\\/\\\/exciting-lichterman.217-160-28-49.plesk.page\\\/\",\"logo\":{\"@type\":\"ImageObject\",\"inLanguage\":\"de\",\"@id\":\"https:\\\/\\\/exciting-lichterman.217-160-28-49.plesk.page\\\/#\\\/schema\\\/logo\\\/image\\\/\",\"url\":\"https:\\\/\\\/exciting-lichterman.217-160-28-49.plesk.page\\\/wp-content\\\/uploads\\\/2022\\\/04\\\/logo-K2.png\",\"contentUrl\":\"https:\\\/\\\/exciting-lichterman.217-160-28-49.plesk.page\\\/wp-content\\\/uploads\\\/2022\\\/04\\\/logo-K2.png\",\"width\":155,\"height\":66,\"caption\":\"K2group Distribution\"},\"image\":{\"@id\":\"https:\\\/\\\/exciting-lichterman.217-160-28-49.plesk.page\\\/#\\\/schema\\\/logo\\\/image\\\/\"}}]}<\/script>\n<!-- \/ Yoast SEO plugin. -->","yoast_head_json":{"title":"Fish Eye IP - 4 MPLXS - FF - 2mm - K2group Distribution","robots":{"index":"noindex","follow":"follow","max-snippet":"max-snippet:-1","max-image-preview":"max-image-preview:large","max-video-preview":"max-video-preview:-1"},"og_locale":"de_DE","og_type":"article","og_title":"Fish Eye IP - 4 MPLXS - FF - 2mm - K2group Distribution","og_description":"R\u00e9f\u00e9rence : DS-2CD6W45G0-IVS(Corner)   Couleur : Blanc Objectif : 4 MP  R\u00e9solution maximale : 3072 \u00d7 2048  Dimensions : 213,73 mm \u00d7 199,67 mm \u00d7 137,57 mm  Mode Jour\/Nuit : Jour, nuit, automatique, horaire, d\u00e9clencheur d'alarme  Condition de fonctionnement : -40 \u00b0C \u00e0 60 \u00b0C, humidit\u00e9 95 % ou moins (sans condensation)  Alimentation : 12 VCC \u00b1 20 %, 0,9 A, max. 11W  Poids : 1,338 kg","og_url":"https:\/\/exciting-lichterman.217-160-28-49.plesk.page\/de\/produkt\/fish-eye-ip-4-mplxs-ff-2mm\/","og_site_name":"K2group Distribution","article_modified_time":"2023-06-01T13:12:02+00:00","og_image":[{"width":2560,"height":2545,"url":"https:\/\/exciting-lichterman.217-160-28-49.plesk.page\/wp-content\/uploads\/2022\/07\/DS-2CD6W45G0-IVSCorner-01-scaled.webp","type":"image\/webp"}],"twitter_card":"summary_large_image","twitter_misc":{"Gesch\u00e4tzte Lesezeit":"1\u00a0Minute"},"schema":{"@context":"https:\/\/schema.org","@graph":[{"@type":"WebPage","@id":"https:\/\/exciting-lichterman.217-160-28-49.plesk.page\/produit\/fish-eye-ip-4-mplxs-ff-2mm\/","url":"https:\/\/exciting-lichterman.217-160-28-49.plesk.page\/produit\/fish-eye-ip-4-mplxs-ff-2mm\/","name":"Fish Eye IP - 4 MPLXS - FF - 2mm - K2group Distribution","isPartOf":{"@id":"https:\/\/exciting-lichterman.217-160-28-49.plesk.page\/#website"},"primaryImageOfPage":{"@id":"https:\/\/exciting-lichterman.217-160-28-49.plesk.page\/produit\/fish-eye-ip-4-mplxs-ff-2mm\/#primaryimage"},"image":{"@id":"https:\/\/exciting-lichterman.217-160-28-49.plesk.page\/produit\/fish-eye-ip-4-mplxs-ff-2mm\/#primaryimage"},"thumbnailUrl":"https:\/\/exciting-lichterman.217-160-28-49.plesk.page\/wp-content\/uploads\/2022\/07\/DS-2CD6W45G0-IVSCorner-01-scaled.webp","datePublished":"2022-07-26T16:18:11+00:00","dateModified":"2023-06-01T13:12:02+00:00","breadcrumb":{"@id":"https:\/\/exciting-lichterman.217-160-28-49.plesk.page\/produit\/fish-eye-ip-4-mplxs-ff-2mm\/#breadcrumb"},"inLanguage":"de","potentialAction":[{"@type":"ReadAction","target":["https:\/\/exciting-lichterman.217-160-28-49.plesk.page\/produit\/fish-eye-ip-4-mplxs-ff-2mm\/"]}]},{"@type":"ImageObject","inLanguage":"de","@id":"https:\/\/exciting-lichterman.217-160-28-49.plesk.page\/produit\/fish-eye-ip-4-mplxs-ff-2mm\/#primaryimage","url":"https:\/\/exciting-lichterman.217-160-28-49.plesk.page\/wp-content\/uploads\/2022\/07\/DS-2CD6W45G0-IVSCorner-01-scaled.webp","contentUrl":"https:\/\/exciting-lichterman.217-160-28-49.plesk.page\/wp-content\/uploads\/2022\/07\/DS-2CD6W45G0-IVSCorner-01-scaled.webp","width":2560,"height":2545},{"@type":"BreadcrumbList","@id":"https:\/\/exciting-lichterman.217-160-28-49.plesk.page\/produit\/fish-eye-ip-4-mplxs-ff-2mm\/#breadcrumb","itemListElement":[{"@type":"ListItem","position":1,"name":"Accueil","item":"https:\/\/exciting-lichterman.217-160-28-49.plesk.page\/"},{"@type":"ListItem","position":2,"name":"Boutique","item":"https:\/\/exciting-lichterman.217-160-28-49.plesk.page\/boutique\/"},{"@type":"ListItem","position":3,"name":"Fish Eye IP &#8211; 4 MPLXS &#8211; FF &#8211; 2mm"}]},{"@type":"WebSite","@id":"https:\/\/exciting-lichterman.217-160-28-49.plesk.page\/#website","url":"https:\/\/exciting-lichterman.217-160-28-49.plesk.page\/","name":"K2group Distribution","description":"","publisher":{"@id":"https:\/\/exciting-lichterman.217-160-28-49.plesk.page\/#organization"},"potentialAction":[{"@type":"SearchAction","target":{"@type":"EntryPoint","urlTemplate":"https:\/\/exciting-lichterman.217-160-28-49.plesk.page\/?s={search_term_string}"},"query-input":{"@type":"PropertyValueSpecification","valueRequired":true,"valueName":"search_term_string"}}],"inLanguage":"de"},{"@type":"Organization","@id":"https:\/\/exciting-lichterman.217-160-28-49.plesk.page\/#organization","name":"K2group Distribution","url":"https:\/\/exciting-lichterman.217-160-28-49.plesk.page\/","logo":{"@type":"ImageObject","inLanguage":"de","@id":"https:\/\/exciting-lichterman.217-160-28-49.plesk.page\/#\/schema\/logo\/image\/","url":"https:\/\/exciting-lichterman.217-160-28-49.plesk.page\/wp-content\/uploads\/2022\/04\/logo-K2.png","contentUrl":"https:\/\/exciting-lichterman.217-160-28-49.plesk.page\/wp-content\/uploads\/2022\/04\/logo-K2.png","width":155,"height":66,"caption":"K2group Distribution"},"image":{"@id":"https:\/\/exciting-lichterman.217-160-28-49.plesk.page\/#\/schema\/logo\/image\/"}}]}},"_links":{"self":[{"href":"https:\/\/exciting-lichterman.217-160-28-49.plesk.page\/de\/wp-json\/wp\/v2\/product\/11084","targetHints":{"allow":["GET"]}}],"collection":[{"href":"https:\/\/exciting-lichterman.217-160-28-49.plesk.page\/de\/wp-json\/wp\/v2\/product"}],"about":[{"href":"https:\/\/exciting-lichterman.217-160-28-49.plesk.page\/de\/wp-json\/wp\/v2\/types\/product"}],"replies":[{"embeddable":true,"href":"https:\/\/exciting-lichterman.217-160-28-49.plesk.page\/de\/wp-json\/wp\/v2\/comments?post=11084"}],"version-history":[{"count":5,"href":"https:\/\/exciting-lichterman.217-160-28-49.plesk.page\/de\/wp-json\/wp\/v2\/product\/11084\/revisions"}],"predecessor-version":[{"id":17761,"href":"https:\/\/exciting-lichterman.217-160-28-49.plesk.page\/de\/wp-json\/wp\/v2\/product\/11084\/revisions\/17761"}],"wp:featuredmedia":[{"embeddable":true,"href":"https:\/\/exciting-lichterman.217-160-28-49.plesk.page\/de\/wp-json\/wp\/v2\/media\/11085"}],"wp:attachment":[{"href":"https:\/\/exciting-lichterman.217-160-28-49.plesk.page\/de\/wp-json\/wp\/v2\/media?parent=11084"}],"wp:term":[{"taxonomy":"product_brand","embeddable":true,"href":"https:\/\/exciting-lichterman.217-160-28-49.plesk.page\/de\/wp-json\/wp\/v2\/product_brand?post=11084"},{"taxonomy":"product_cat","embeddable":true,"href":"https:\/\/exciting-lichterman.217-160-28-49.plesk.page\/de\/wp-json\/wp\/v2\/product_cat?post=11084"},{"taxonomy":"product_tag","embeddable":true,"href":"https:\/\/exciting-lichterman.217-160-28-49.plesk.page\/de\/wp-json\/wp\/v2\/product_tag?post=11084"}],"curies":[{"name":"wp","href":"https:\/\/api.w.org\/{rel}","templated":true}]}}