{"id":11080,"date":"2022-07-26T16:16:32","date_gmt":"2022-07-26T16:16:32","guid":{"rendered":"https:\/\/practical-elbakyan.82-165-223-183.plesk.page\/?post_type=product&#038;p=11080"},"modified":"2023-06-01T13:12:12","modified_gmt":"2023-06-01T13:12:12","slug":"fish-eye-ip-12-mpxls-ff-2mm","status":"publish","type":"product","link":"https:\/\/exciting-lichterman.217-160-28-49.plesk.page\/de\/produkt\/fish-eye-ip-12-mpxls-ff-2mm\/","title":{"rendered":"Fish Eye IP &#8211; 12 MPXLS &#8211; FF &#8211; 2mm"},"content":{"rendered":"<h2 style=\"font-family:Poppins;font-size:14px; font-weight:400!important; line-height:2\">  K2 vous offre la cam\u00e9ra r\u00e9seau Fisheye 12 MP DS-2CD63C5G0E-IVS(2mm)(B) qui est un appareil de surveillance de haute qualit\u00e9 capable de fournir une image panoramique \u00e0 360 degr\u00e9s de sa sc\u00e8ne de surveillance.<\/h2>\n<p>Cette cam\u00e9ra est \u00e9quip\u00e9e d&rsquo;un microphone et d&rsquo;un haut-parleur int\u00e9gr\u00e9s, ce qui permet de prendre en charge l&rsquo;audio bidirectionnel. Cela permet une communication en temps r\u00e9el, en \u00e9coutant le son et en parlant \u00e0 travers la cam\u00e9ra, ce qui am\u00e9liore la s\u00e9curit\u00e9 en permettant une interaction en direct avec la zone surveill\u00e9e.<\/p>\n<p>La DS-2CD63C5G0E-IVS(2mm)(B) est \u00e9galement r\u00e9sistante \u00e0 l&rsquo;eau (IP66) et anti-vandalisme (IK10), ce qui la rend adapt\u00e9e \u00e0 une utilisation en ext\u00e9rieur sans se soucier de l&rsquo;infiltration de l&rsquo;eau ou des dommages dus \u00e0 des actes de vandalisme.<\/p>\n<p>Avec son objectif haute r\u00e9solution allant jusqu&rsquo;\u00e0 12 MP, cette cam\u00e9ra offre une image claire m\u00eame lorsque d\u00e9form\u00e9e en 4 images PTZ pour une surveillance plus d\u00e9taill\u00e9e. Elle est id\u00e9ale pour les sc\u00e9narios de surveillance n\u00e9cessitant une vue panoramique compl\u00e8te et une haute r\u00e9solution d&rsquo;imagerie.<\/p>","protected":false},"excerpt":{"rendered":"<ul>\n<li><strong>R\u00e9f\u00e9rence : DS-2CD63C5G0E-IVS(2mm)(B) <\/strong><\/li>\n<li>Couleur : Blanc<\/li>\n<li>Objectif : 12 MP<\/li>\n<li>R\u00e9solution maximale : 3072 \u00d7 2048<\/li>\n<li>Dimensions : Sans mod\u00e8le \u2013V : 167,4 \u00d7 152,8 \u00d7 50,1 mm<\/li>\n<li>Avec le mod\u00e8le \u2013V : 167,4 \u00d7 152,8 \u00d7 55 mm<\/li>\n<li>Mode Jour\/Nuit : Jour\/Nuit\/Auto\/Planification\/D\u00e9clenchement par entr\u00e9e d&rsquo;alarme (-S) Condition de fonctionnement : -40 \u00b0C \u00e0 60 \u00b0C, humidit\u00e9 95 % ou moins (sans condensation) Alimentation : 12 Vc.c. \u00b120 %, 0,9 A, max. 11W<\/li>\n<li>Poids : 1400 g<\/li>\n<\/ul>","protected":false},"featured_media":11081,"comment_status":"open","ping_status":"closed","template":"","meta":{"_acf_changed":false},"product_brand":[],"product_cat":[390,715],"product_tag":[],"class_list":{"0":"post-11080","1":"product","2":"type-product","3":"status-publish","4":"has-post-thumbnail","6":"product_cat-alarmes-et-video","7":"product_cat-camera-ip","9":"first","10":"instock","11":"taxable","12":"shipping-taxable","13":"product-type-simple"},"acf":[],"yoast_head":"<!-- This site is optimized with the Yoast SEO plugin v27.4 - https:\/\/yoast.com\/product\/yoast-seo-wordpress\/ -->\n<title>Fish Eye IP - 12 MPXLS - FF - 2mm - K2group Distribution<\/title>\n<meta name=\"robots\" content=\"noindex, follow, max-snippet:-1, max-image-preview:large, max-video-preview:-1\" \/>\n<meta property=\"og:locale\" content=\"de_DE\" \/>\n<meta property=\"og:type\" content=\"article\" \/>\n<meta property=\"og:title\" content=\"Fish Eye IP - 12 MPXLS - FF - 2mm - K2group Distribution\" \/>\n<meta property=\"og:description\" content=\"R\u00e9f\u00e9rence : DS-2CD63C5G0E-IVS(2mm)(B)   Couleur : Blanc  Objectif : 12 MP  R\u00e9solution maximale : 3072 \u00d7 2048  Dimensions : Sans mod\u00e8le \u2013V : 167,4 \u00d7 152,8 \u00d7 50,1 mm  Avec le mod\u00e8le \u2013V : 167,4 \u00d7 152,8 \u00d7 55 mm  Mode Jour\/Nuit : Jour\/Nuit\/Auto\/Planification\/D\u00e9clenchement par entr\u00e9e d&#039;alarme (-S) Condition de fonctionnement : -40 \u00b0C \u00e0 60 \u00b0C, humidit\u00e9 95 % ou moins (sans condensation) Alimentation : 12 Vc.c. \u00b120 %, 0,9 A, max. 11W  Poids : 1400 g\" \/>\n<meta property=\"og:url\" content=\"https:\/\/exciting-lichterman.217-160-28-49.plesk.page\/de\/produkt\/fish-eye-ip-12-mpxls-ff-2mm\/\" \/>\n<meta property=\"og:site_name\" content=\"K2group Distribution\" \/>\n<meta property=\"article:modified_time\" content=\"2023-06-01T13:12:12+00:00\" \/>\n<meta property=\"og:image\" content=\"https:\/\/exciting-lichterman.217-160-28-49.plesk.page\/wp-content\/uploads\/2022\/07\/DS-2CD63C5G0E-IVS2mmB-01-scaled.webp\" \/>\n\t<meta property=\"og:image:width\" content=\"2560\" \/>\n\t<meta property=\"og:image:height\" content=\"2545\" \/>\n\t<meta property=\"og:image:type\" content=\"image\/webp\" \/>\n<meta name=\"twitter:card\" content=\"summary_large_image\" \/>\n<meta name=\"twitter:label1\" content=\"Gesch\u00e4tzte Lesezeit\" \/>\n\t<meta name=\"twitter:data1\" content=\"1\u00a0Minute\" \/>\n<script type=\"application\/ld+json\" class=\"yoast-schema-graph\">{\"@context\":\"https:\\\/\\\/schema.org\",\"@graph\":[{\"@type\":\"WebPage\",\"@id\":\"https:\\\/\\\/exciting-lichterman.217-160-28-49.plesk.page\\\/produit\\\/fish-eye-ip-12-mpxls-ff-2mm\\\/\",\"url\":\"https:\\\/\\\/exciting-lichterman.217-160-28-49.plesk.page\\\/produit\\\/fish-eye-ip-12-mpxls-ff-2mm\\\/\",\"name\":\"Fish Eye IP - 12 MPXLS - FF - 2mm - K2group Distribution\",\"isPartOf\":{\"@id\":\"https:\\\/\\\/exciting-lichterman.217-160-28-49.plesk.page\\\/#website\"},\"primaryImageOfPage\":{\"@id\":\"https:\\\/\\\/exciting-lichterman.217-160-28-49.plesk.page\\\/produit\\\/fish-eye-ip-12-mpxls-ff-2mm\\\/#primaryimage\"},\"image\":{\"@id\":\"https:\\\/\\\/exciting-lichterman.217-160-28-49.plesk.page\\\/produit\\\/fish-eye-ip-12-mpxls-ff-2mm\\\/#primaryimage\"},\"thumbnailUrl\":\"https:\\\/\\\/exciting-lichterman.217-160-28-49.plesk.page\\\/wp-content\\\/uploads\\\/2022\\\/07\\\/DS-2CD63C5G0E-IVS2mmB-01-scaled.webp\",\"datePublished\":\"2022-07-26T16:16:32+00:00\",\"dateModified\":\"2023-06-01T13:12:12+00:00\",\"breadcrumb\":{\"@id\":\"https:\\\/\\\/exciting-lichterman.217-160-28-49.plesk.page\\\/produit\\\/fish-eye-ip-12-mpxls-ff-2mm\\\/#breadcrumb\"},\"inLanguage\":\"de\",\"potentialAction\":[{\"@type\":\"ReadAction\",\"target\":[\"https:\\\/\\\/exciting-lichterman.217-160-28-49.plesk.page\\\/produit\\\/fish-eye-ip-12-mpxls-ff-2mm\\\/\"]}]},{\"@type\":\"ImageObject\",\"inLanguage\":\"de\",\"@id\":\"https:\\\/\\\/exciting-lichterman.217-160-28-49.plesk.page\\\/produit\\\/fish-eye-ip-12-mpxls-ff-2mm\\\/#primaryimage\",\"url\":\"https:\\\/\\\/exciting-lichterman.217-160-28-49.plesk.page\\\/wp-content\\\/uploads\\\/2022\\\/07\\\/DS-2CD63C5G0E-IVS2mmB-01-scaled.webp\",\"contentUrl\":\"https:\\\/\\\/exciting-lichterman.217-160-28-49.plesk.page\\\/wp-content\\\/uploads\\\/2022\\\/07\\\/DS-2CD63C5G0E-IVS2mmB-01-scaled.webp\",\"width\":2560,\"height\":2545},{\"@type\":\"BreadcrumbList\",\"@id\":\"https:\\\/\\\/exciting-lichterman.217-160-28-49.plesk.page\\\/produit\\\/fish-eye-ip-12-mpxls-ff-2mm\\\/#breadcrumb\",\"itemListElement\":[{\"@type\":\"ListItem\",\"position\":1,\"name\":\"Accueil\",\"item\":\"https:\\\/\\\/exciting-lichterman.217-160-28-49.plesk.page\\\/\"},{\"@type\":\"ListItem\",\"position\":2,\"name\":\"Boutique\",\"item\":\"https:\\\/\\\/exciting-lichterman.217-160-28-49.plesk.page\\\/boutique\\\/\"},{\"@type\":\"ListItem\",\"position\":3,\"name\":\"Fish Eye IP &#8211; 12 MPXLS &#8211; FF &#8211; 2mm\"}]},{\"@type\":\"WebSite\",\"@id\":\"https:\\\/\\\/exciting-lichterman.217-160-28-49.plesk.page\\\/#website\",\"url\":\"https:\\\/\\\/exciting-lichterman.217-160-28-49.plesk.page\\\/\",\"name\":\"K2group Distribution\",\"description\":\"\",\"publisher\":{\"@id\":\"https:\\\/\\\/exciting-lichterman.217-160-28-49.plesk.page\\\/#organization\"},\"potentialAction\":[{\"@type\":\"SearchAction\",\"target\":{\"@type\":\"EntryPoint\",\"urlTemplate\":\"https:\\\/\\\/exciting-lichterman.217-160-28-49.plesk.page\\\/?s={search_term_string}\"},\"query-input\":{\"@type\":\"PropertyValueSpecification\",\"valueRequired\":true,\"valueName\":\"search_term_string\"}}],\"inLanguage\":\"de\"},{\"@type\":\"Organization\",\"@id\":\"https:\\\/\\\/exciting-lichterman.217-160-28-49.plesk.page\\\/#organization\",\"name\":\"K2group Distribution\",\"url\":\"https:\\\/\\\/exciting-lichterman.217-160-28-49.plesk.page\\\/\",\"logo\":{\"@type\":\"ImageObject\",\"inLanguage\":\"de\",\"@id\":\"https:\\\/\\\/exciting-lichterman.217-160-28-49.plesk.page\\\/#\\\/schema\\\/logo\\\/image\\\/\",\"url\":\"https:\\\/\\\/exciting-lichterman.217-160-28-49.plesk.page\\\/wp-content\\\/uploads\\\/2022\\\/04\\\/logo-K2.png\",\"contentUrl\":\"https:\\\/\\\/exciting-lichterman.217-160-28-49.plesk.page\\\/wp-content\\\/uploads\\\/2022\\\/04\\\/logo-K2.png\",\"width\":155,\"height\":66,\"caption\":\"K2group Distribution\"},\"image\":{\"@id\":\"https:\\\/\\\/exciting-lichterman.217-160-28-49.plesk.page\\\/#\\\/schema\\\/logo\\\/image\\\/\"}}]}<\/script>\n<!-- \/ Yoast SEO plugin. -->","yoast_head_json":{"title":"Fish Eye IP - 12 MPXLS - FF - 2mm - K2group Distribution","robots":{"index":"noindex","follow":"follow","max-snippet":"max-snippet:-1","max-image-preview":"max-image-preview:large","max-video-preview":"max-video-preview:-1"},"og_locale":"de_DE","og_type":"article","og_title":"Fish Eye IP - 12 MPXLS - FF - 2mm - K2group Distribution","og_description":"R\u00e9f\u00e9rence : DS-2CD63C5G0E-IVS(2mm)(B)   Couleur : Blanc  Objectif : 12 MP  R\u00e9solution maximale : 3072 \u00d7 2048  Dimensions : Sans mod\u00e8le \u2013V : 167,4 \u00d7 152,8 \u00d7 50,1 mm  Avec le mod\u00e8le \u2013V : 167,4 \u00d7 152,8 \u00d7 55 mm  Mode Jour\/Nuit : Jour\/Nuit\/Auto\/Planification\/D\u00e9clenchement par entr\u00e9e d'alarme (-S) Condition de fonctionnement : -40 \u00b0C \u00e0 60 \u00b0C, humidit\u00e9 95 % ou moins (sans condensation) Alimentation : 12 Vc.c. \u00b120 %, 0,9 A, max. 11W  Poids : 1400 g","og_url":"https:\/\/exciting-lichterman.217-160-28-49.plesk.page\/de\/produkt\/fish-eye-ip-12-mpxls-ff-2mm\/","og_site_name":"K2group Distribution","article_modified_time":"2023-06-01T13:12:12+00:00","og_image":[{"width":2560,"height":2545,"url":"https:\/\/exciting-lichterman.217-160-28-49.plesk.page\/wp-content\/uploads\/2022\/07\/DS-2CD63C5G0E-IVS2mmB-01-scaled.webp","type":"image\/webp"}],"twitter_card":"summary_large_image","twitter_misc":{"Gesch\u00e4tzte Lesezeit":"1\u00a0Minute"},"schema":{"@context":"https:\/\/schema.org","@graph":[{"@type":"WebPage","@id":"https:\/\/exciting-lichterman.217-160-28-49.plesk.page\/produit\/fish-eye-ip-12-mpxls-ff-2mm\/","url":"https:\/\/exciting-lichterman.217-160-28-49.plesk.page\/produit\/fish-eye-ip-12-mpxls-ff-2mm\/","name":"Fish Eye IP - 12 MPXLS - FF - 2mm - K2group Distribution","isPartOf":{"@id":"https:\/\/exciting-lichterman.217-160-28-49.plesk.page\/#website"},"primaryImageOfPage":{"@id":"https:\/\/exciting-lichterman.217-160-28-49.plesk.page\/produit\/fish-eye-ip-12-mpxls-ff-2mm\/#primaryimage"},"image":{"@id":"https:\/\/exciting-lichterman.217-160-28-49.plesk.page\/produit\/fish-eye-ip-12-mpxls-ff-2mm\/#primaryimage"},"thumbnailUrl":"https:\/\/exciting-lichterman.217-160-28-49.plesk.page\/wp-content\/uploads\/2022\/07\/DS-2CD63C5G0E-IVS2mmB-01-scaled.webp","datePublished":"2022-07-26T16:16:32+00:00","dateModified":"2023-06-01T13:12:12+00:00","breadcrumb":{"@id":"https:\/\/exciting-lichterman.217-160-28-49.plesk.page\/produit\/fish-eye-ip-12-mpxls-ff-2mm\/#breadcrumb"},"inLanguage":"de","potentialAction":[{"@type":"ReadAction","target":["https:\/\/exciting-lichterman.217-160-28-49.plesk.page\/produit\/fish-eye-ip-12-mpxls-ff-2mm\/"]}]},{"@type":"ImageObject","inLanguage":"de","@id":"https:\/\/exciting-lichterman.217-160-28-49.plesk.page\/produit\/fish-eye-ip-12-mpxls-ff-2mm\/#primaryimage","url":"https:\/\/exciting-lichterman.217-160-28-49.plesk.page\/wp-content\/uploads\/2022\/07\/DS-2CD63C5G0E-IVS2mmB-01-scaled.webp","contentUrl":"https:\/\/exciting-lichterman.217-160-28-49.plesk.page\/wp-content\/uploads\/2022\/07\/DS-2CD63C5G0E-IVS2mmB-01-scaled.webp","width":2560,"height":2545},{"@type":"BreadcrumbList","@id":"https:\/\/exciting-lichterman.217-160-28-49.plesk.page\/produit\/fish-eye-ip-12-mpxls-ff-2mm\/#breadcrumb","itemListElement":[{"@type":"ListItem","position":1,"name":"Accueil","item":"https:\/\/exciting-lichterman.217-160-28-49.plesk.page\/"},{"@type":"ListItem","position":2,"name":"Boutique","item":"https:\/\/exciting-lichterman.217-160-28-49.plesk.page\/boutique\/"},{"@type":"ListItem","position":3,"name":"Fish Eye IP &#8211; 12 MPXLS &#8211; FF &#8211; 2mm"}]},{"@type":"WebSite","@id":"https:\/\/exciting-lichterman.217-160-28-49.plesk.page\/#website","url":"https:\/\/exciting-lichterman.217-160-28-49.plesk.page\/","name":"K2group Distribution","description":"","publisher":{"@id":"https:\/\/exciting-lichterman.217-160-28-49.plesk.page\/#organization"},"potentialAction":[{"@type":"SearchAction","target":{"@type":"EntryPoint","urlTemplate":"https:\/\/exciting-lichterman.217-160-28-49.plesk.page\/?s={search_term_string}"},"query-input":{"@type":"PropertyValueSpecification","valueRequired":true,"valueName":"search_term_string"}}],"inLanguage":"de"},{"@type":"Organization","@id":"https:\/\/exciting-lichterman.217-160-28-49.plesk.page\/#organization","name":"K2group Distribution","url":"https:\/\/exciting-lichterman.217-160-28-49.plesk.page\/","logo":{"@type":"ImageObject","inLanguage":"de","@id":"https:\/\/exciting-lichterman.217-160-28-49.plesk.page\/#\/schema\/logo\/image\/","url":"https:\/\/exciting-lichterman.217-160-28-49.plesk.page\/wp-content\/uploads\/2022\/04\/logo-K2.png","contentUrl":"https:\/\/exciting-lichterman.217-160-28-49.plesk.page\/wp-content\/uploads\/2022\/04\/logo-K2.png","width":155,"height":66,"caption":"K2group Distribution"},"image":{"@id":"https:\/\/exciting-lichterman.217-160-28-49.plesk.page\/#\/schema\/logo\/image\/"}}]}},"_links":{"self":[{"href":"https:\/\/exciting-lichterman.217-160-28-49.plesk.page\/de\/wp-json\/wp\/v2\/product\/11080","targetHints":{"allow":["GET"]}}],"collection":[{"href":"https:\/\/exciting-lichterman.217-160-28-49.plesk.page\/de\/wp-json\/wp\/v2\/product"}],"about":[{"href":"https:\/\/exciting-lichterman.217-160-28-49.plesk.page\/de\/wp-json\/wp\/v2\/types\/product"}],"replies":[{"embeddable":true,"href":"https:\/\/exciting-lichterman.217-160-28-49.plesk.page\/de\/wp-json\/wp\/v2\/comments?post=11080"}],"version-history":[{"count":5,"href":"https:\/\/exciting-lichterman.217-160-28-49.plesk.page\/de\/wp-json\/wp\/v2\/product\/11080\/revisions"}],"predecessor-version":[{"id":17762,"href":"https:\/\/exciting-lichterman.217-160-28-49.plesk.page\/de\/wp-json\/wp\/v2\/product\/11080\/revisions\/17762"}],"wp:featuredmedia":[{"embeddable":true,"href":"https:\/\/exciting-lichterman.217-160-28-49.plesk.page\/de\/wp-json\/wp\/v2\/media\/11081"}],"wp:attachment":[{"href":"https:\/\/exciting-lichterman.217-160-28-49.plesk.page\/de\/wp-json\/wp\/v2\/media?parent=11080"}],"wp:term":[{"taxonomy":"product_brand","embeddable":true,"href":"https:\/\/exciting-lichterman.217-160-28-49.plesk.page\/de\/wp-json\/wp\/v2\/product_brand?post=11080"},{"taxonomy":"product_cat","embeddable":true,"href":"https:\/\/exciting-lichterman.217-160-28-49.plesk.page\/de\/wp-json\/wp\/v2\/product_cat?post=11080"},{"taxonomy":"product_tag","embeddable":true,"href":"https:\/\/exciting-lichterman.217-160-28-49.plesk.page\/de\/wp-json\/wp\/v2\/product_tag?post=11080"}],"curies":[{"name":"wp","href":"https:\/\/api.w.org\/{rel}","templated":true}]}}