{"id":11077,"date":"2022-07-26T16:13:30","date_gmt":"2022-07-26T16:13:30","guid":{"rendered":"https:\/\/practical-elbakyan.82-165-223-183.plesk.page\/?post_type=product&#038;p=11077"},"modified":"2023-06-01T13:12:23","modified_gmt":"2023-06-01T13:12:23","slug":"fish-eye-hdtvi-5-mpxls-ff-1mm","status":"publish","type":"product","link":"https:\/\/exciting-lichterman.217-160-28-49.plesk.page\/de\/produkt\/fish-eye-hdtvi-5-mpxls-ff-1mm\/","title":{"rendered":"Fish Eye HDTVI &#8211; 5 MPXLS &#8211; FF &#8211; 1mm"},"content":{"rendered":"<h2 style=\"font-family:Poppins;font-size:14px; font-weight:400!important; line-height:2\"> La DS-2CC52H1T-FITS(1.1mm) est une cam\u00e9ra de surveillance de haute qualit\u00e9 dot\u00e9e d&rsquo;une r\u00e9solution de 5 m\u00e9gapixels, garantissant des images nettes et d\u00e9taill\u00e9es.  <\/h2>\n<p> Elle est \u00e9quip\u00e9e d&rsquo;une lentille fisheye offrant un large champ de vision de 186 degr\u00e9s, permettant ainsi de couvrir une grande zone de surveillance avec un seul appareil.<\/p>\n<p>Cette cam\u00e9ra offre plusieurs modes de visualisation, dont le mode panorama pour une vue \u00e0 360 degr\u00e9s de la zone surveill\u00e9e, le mode 4 PTZ (Pan-Tilt-Zoom) pour des mouvements panoramiques, inclinables et de zoom sur des zones sp\u00e9cifiques, le mode fisheye offrant une vue panoramique d\u00e9form\u00e9e pour une surveillance globale, et le mode 3 PTZ qui propose une combinaison de mouvements panoramiques, inclinables et de zoom pour une surveillance cibl\u00e9e.<\/p>\n<p>La cam\u00e9ra DS-2CC52H1T-FITS(1.1mm) est \u00e9galement \u00e9quip\u00e9e d&rsquo;un microphone int\u00e9gr\u00e9 discret et \u00e9conomique, am\u00e9liorant ainsi la s\u00e9curit\u00e9 en permettant l&rsquo;enregistrement audio dans la zone surveill\u00e9e. Cela peut s&rsquo;av\u00e9rer utile pour capter les voix, les bruits ou les discussions qui pourraient \u00eatre pertinents dans un contexte de surveillance.<\/p>\n<p>En ce qui concerne la vision nocturne, cette cam\u00e9ra offre une port\u00e9e infrarouge de 10 \u00e0 20 m\u00e8tres, assurant une surveillance efficace m\u00eame dans l&rsquo;obscurit\u00e9 totale. Les infrarouges LED int\u00e9gr\u00e9s fournissent un \u00e9clairage suffisant pour capturer des images claires et d\u00e9taill\u00e9es dans des conditions de faible luminosit\u00e9.<\/p>","protected":false},"excerpt":{"rendered":"<ul>\n<li><strong>R\u00e9f\u00e9rence : DS-2CC52H1T-FITS(1.1mm) <\/strong><\/li>\n<li>Couleur : Blanc<\/li>\n<li>Objectif : 5 MP<\/li>\n<li>R\u00e9solution maximale : 2592(H)\u00d71944(V)<\/li>\n<li>Dimensions : \u03a6120.4mm\u00d754.5mm<\/li>\n<li>Mode Jour\/Nuit : Couleur\/NB\/AUTO<\/li>\n<li>Condition de fonctionnement : -40 \u00b0C \u00e0 60 \u00b0C, humidit\u00e9 90 % ou moins (sans condensation)<\/li>\n<li>Alimentation : DC12V\u00b115%<\/li>\n<li>Poids : 350 g<\/li>\n<\/ul>","protected":false},"featured_media":11078,"comment_status":"open","ping_status":"closed","template":"","meta":{"_acf_changed":false},"product_brand":[],"product_cat":[390,718],"product_tag":[],"class_list":{"0":"post-11077","1":"product","2":"type-product","3":"status-publish","4":"has-post-thumbnail","6":"product_cat-alarmes-et-video","7":"product_cat-camera-coax","9":"first","10":"instock","11":"taxable","12":"shipping-taxable","13":"product-type-simple"},"acf":[],"yoast_head":"<!-- This site is optimized with the Yoast SEO plugin v27.4 - https:\/\/yoast.com\/product\/yoast-seo-wordpress\/ -->\n<title>Fish Eye HDTVI - 5 MPXLS - FF - 1mm - K2group Distribution<\/title>\n<meta name=\"robots\" content=\"noindex, follow, max-snippet:-1, max-image-preview:large, max-video-preview:-1\" \/>\n<meta property=\"og:locale\" content=\"de_DE\" \/>\n<meta property=\"og:type\" content=\"article\" \/>\n<meta property=\"og:title\" content=\"Fish Eye HDTVI - 5 MPXLS - FF - 1mm - K2group Distribution\" \/>\n<meta property=\"og:description\" content=\"R\u00e9f\u00e9rence : DS-2CC52H1T-FITS(1.1mm)   Couleur : Blanc  Objectif : 5 MP  R\u00e9solution maximale : 2592(H)\u00d71944(V)  Dimensions : \u03a6120.4mm\u00d754.5mm  Mode Jour\/Nuit : Couleur\/NB\/AUTO  Condition de fonctionnement : -40 \u00b0C \u00e0 60 \u00b0C, humidit\u00e9 90 % ou moins (sans condensation)  Alimentation : DC12V\u00b115%  Poids : 350 g\" \/>\n<meta property=\"og:url\" content=\"https:\/\/exciting-lichterman.217-160-28-49.plesk.page\/de\/produkt\/fish-eye-hdtvi-5-mpxls-ff-1mm\/\" \/>\n<meta property=\"og:site_name\" content=\"K2group Distribution\" \/>\n<meta property=\"article:modified_time\" content=\"2023-06-01T13:12:23+00:00\" \/>\n<meta property=\"og:image\" content=\"https:\/\/exciting-lichterman.217-160-28-49.plesk.page\/wp-content\/uploads\/2022\/07\/DS-2CC52H1T-FITS1.1mm-01-scaled.webp\" \/>\n\t<meta property=\"og:image:width\" content=\"2560\" \/>\n\t<meta property=\"og:image:height\" content=\"2545\" \/>\n\t<meta property=\"og:image:type\" content=\"image\/webp\" \/>\n<meta name=\"twitter:card\" content=\"summary_large_image\" \/>\n<meta name=\"twitter:label1\" content=\"Gesch\u00e4tzte Lesezeit\" \/>\n\t<meta name=\"twitter:data1\" content=\"2\u00a0Minuten\" \/>\n<script type=\"application\/ld+json\" class=\"yoast-schema-graph\">{\"@context\":\"https:\\\/\\\/schema.org\",\"@graph\":[{\"@type\":\"WebPage\",\"@id\":\"https:\\\/\\\/exciting-lichterman.217-160-28-49.plesk.page\\\/produit\\\/fish-eye-hdtvi-5-mpxls-ff-1mm\\\/\",\"url\":\"https:\\\/\\\/exciting-lichterman.217-160-28-49.plesk.page\\\/produit\\\/fish-eye-hdtvi-5-mpxls-ff-1mm\\\/\",\"name\":\"Fish Eye HDTVI - 5 MPXLS - FF - 1mm - K2group Distribution\",\"isPartOf\":{\"@id\":\"https:\\\/\\\/exciting-lichterman.217-160-28-49.plesk.page\\\/#website\"},\"primaryImageOfPage\":{\"@id\":\"https:\\\/\\\/exciting-lichterman.217-160-28-49.plesk.page\\\/produit\\\/fish-eye-hdtvi-5-mpxls-ff-1mm\\\/#primaryimage\"},\"image\":{\"@id\":\"https:\\\/\\\/exciting-lichterman.217-160-28-49.plesk.page\\\/produit\\\/fish-eye-hdtvi-5-mpxls-ff-1mm\\\/#primaryimage\"},\"thumbnailUrl\":\"https:\\\/\\\/exciting-lichterman.217-160-28-49.plesk.page\\\/wp-content\\\/uploads\\\/2022\\\/07\\\/DS-2CC52H1T-FITS1.1mm-01-scaled.webp\",\"datePublished\":\"2022-07-26T16:13:30+00:00\",\"dateModified\":\"2023-06-01T13:12:23+00:00\",\"breadcrumb\":{\"@id\":\"https:\\\/\\\/exciting-lichterman.217-160-28-49.plesk.page\\\/produit\\\/fish-eye-hdtvi-5-mpxls-ff-1mm\\\/#breadcrumb\"},\"inLanguage\":\"de\",\"potentialAction\":[{\"@type\":\"ReadAction\",\"target\":[\"https:\\\/\\\/exciting-lichterman.217-160-28-49.plesk.page\\\/produit\\\/fish-eye-hdtvi-5-mpxls-ff-1mm\\\/\"]}]},{\"@type\":\"ImageObject\",\"inLanguage\":\"de\",\"@id\":\"https:\\\/\\\/exciting-lichterman.217-160-28-49.plesk.page\\\/produit\\\/fish-eye-hdtvi-5-mpxls-ff-1mm\\\/#primaryimage\",\"url\":\"https:\\\/\\\/exciting-lichterman.217-160-28-49.plesk.page\\\/wp-content\\\/uploads\\\/2022\\\/07\\\/DS-2CC52H1T-FITS1.1mm-01-scaled.webp\",\"contentUrl\":\"https:\\\/\\\/exciting-lichterman.217-160-28-49.plesk.page\\\/wp-content\\\/uploads\\\/2022\\\/07\\\/DS-2CC52H1T-FITS1.1mm-01-scaled.webp\",\"width\":2560,\"height\":2545},{\"@type\":\"BreadcrumbList\",\"@id\":\"https:\\\/\\\/exciting-lichterman.217-160-28-49.plesk.page\\\/produit\\\/fish-eye-hdtvi-5-mpxls-ff-1mm\\\/#breadcrumb\",\"itemListElement\":[{\"@type\":\"ListItem\",\"position\":1,\"name\":\"Accueil\",\"item\":\"https:\\\/\\\/exciting-lichterman.217-160-28-49.plesk.page\\\/\"},{\"@type\":\"ListItem\",\"position\":2,\"name\":\"Boutique\",\"item\":\"https:\\\/\\\/exciting-lichterman.217-160-28-49.plesk.page\\\/boutique\\\/\"},{\"@type\":\"ListItem\",\"position\":3,\"name\":\"Fish Eye HDTVI &#8211; 5 MPXLS &#8211; FF &#8211; 1mm\"}]},{\"@type\":\"WebSite\",\"@id\":\"https:\\\/\\\/exciting-lichterman.217-160-28-49.plesk.page\\\/#website\",\"url\":\"https:\\\/\\\/exciting-lichterman.217-160-28-49.plesk.page\\\/\",\"name\":\"K2group Distribution\",\"description\":\"\",\"publisher\":{\"@id\":\"https:\\\/\\\/exciting-lichterman.217-160-28-49.plesk.page\\\/#organization\"},\"potentialAction\":[{\"@type\":\"SearchAction\",\"target\":{\"@type\":\"EntryPoint\",\"urlTemplate\":\"https:\\\/\\\/exciting-lichterman.217-160-28-49.plesk.page\\\/?s={search_term_string}\"},\"query-input\":{\"@type\":\"PropertyValueSpecification\",\"valueRequired\":true,\"valueName\":\"search_term_string\"}}],\"inLanguage\":\"de\"},{\"@type\":\"Organization\",\"@id\":\"https:\\\/\\\/exciting-lichterman.217-160-28-49.plesk.page\\\/#organization\",\"name\":\"K2group Distribution\",\"url\":\"https:\\\/\\\/exciting-lichterman.217-160-28-49.plesk.page\\\/\",\"logo\":{\"@type\":\"ImageObject\",\"inLanguage\":\"de\",\"@id\":\"https:\\\/\\\/exciting-lichterman.217-160-28-49.plesk.page\\\/#\\\/schema\\\/logo\\\/image\\\/\",\"url\":\"https:\\\/\\\/exciting-lichterman.217-160-28-49.plesk.page\\\/wp-content\\\/uploads\\\/2022\\\/04\\\/logo-K2.png\",\"contentUrl\":\"https:\\\/\\\/exciting-lichterman.217-160-28-49.plesk.page\\\/wp-content\\\/uploads\\\/2022\\\/04\\\/logo-K2.png\",\"width\":155,\"height\":66,\"caption\":\"K2group Distribution\"},\"image\":{\"@id\":\"https:\\\/\\\/exciting-lichterman.217-160-28-49.plesk.page\\\/#\\\/schema\\\/logo\\\/image\\\/\"}}]}<\/script>\n<!-- \/ Yoast SEO plugin. -->","yoast_head_json":{"title":"Fish Eye HDTVI - 5 MPXLS - FF - 1mm - K2group Distribution","robots":{"index":"noindex","follow":"follow","max-snippet":"max-snippet:-1","max-image-preview":"max-image-preview:large","max-video-preview":"max-video-preview:-1"},"og_locale":"de_DE","og_type":"article","og_title":"Fish Eye HDTVI - 5 MPXLS - FF - 1mm - K2group Distribution","og_description":"R\u00e9f\u00e9rence : DS-2CC52H1T-FITS(1.1mm)   Couleur : Blanc  Objectif : 5 MP  R\u00e9solution maximale : 2592(H)\u00d71944(V)  Dimensions : \u03a6120.4mm\u00d754.5mm  Mode Jour\/Nuit : Couleur\/NB\/AUTO  Condition de fonctionnement : -40 \u00b0C \u00e0 60 \u00b0C, humidit\u00e9 90 % ou moins (sans condensation)  Alimentation : DC12V\u00b115%  Poids : 350 g","og_url":"https:\/\/exciting-lichterman.217-160-28-49.plesk.page\/de\/produkt\/fish-eye-hdtvi-5-mpxls-ff-1mm\/","og_site_name":"K2group Distribution","article_modified_time":"2023-06-01T13:12:23+00:00","og_image":[{"width":2560,"height":2545,"url":"https:\/\/exciting-lichterman.217-160-28-49.plesk.page\/wp-content\/uploads\/2022\/07\/DS-2CC52H1T-FITS1.1mm-01-scaled.webp","type":"image\/webp"}],"twitter_card":"summary_large_image","twitter_misc":{"Gesch\u00e4tzte Lesezeit":"2\u00a0Minuten"},"schema":{"@context":"https:\/\/schema.org","@graph":[{"@type":"WebPage","@id":"https:\/\/exciting-lichterman.217-160-28-49.plesk.page\/produit\/fish-eye-hdtvi-5-mpxls-ff-1mm\/","url":"https:\/\/exciting-lichterman.217-160-28-49.plesk.page\/produit\/fish-eye-hdtvi-5-mpxls-ff-1mm\/","name":"Fish Eye HDTVI - 5 MPXLS - FF - 1mm - K2group Distribution","isPartOf":{"@id":"https:\/\/exciting-lichterman.217-160-28-49.plesk.page\/#website"},"primaryImageOfPage":{"@id":"https:\/\/exciting-lichterman.217-160-28-49.plesk.page\/produit\/fish-eye-hdtvi-5-mpxls-ff-1mm\/#primaryimage"},"image":{"@id":"https:\/\/exciting-lichterman.217-160-28-49.plesk.page\/produit\/fish-eye-hdtvi-5-mpxls-ff-1mm\/#primaryimage"},"thumbnailUrl":"https:\/\/exciting-lichterman.217-160-28-49.plesk.page\/wp-content\/uploads\/2022\/07\/DS-2CC52H1T-FITS1.1mm-01-scaled.webp","datePublished":"2022-07-26T16:13:30+00:00","dateModified":"2023-06-01T13:12:23+00:00","breadcrumb":{"@id":"https:\/\/exciting-lichterman.217-160-28-49.plesk.page\/produit\/fish-eye-hdtvi-5-mpxls-ff-1mm\/#breadcrumb"},"inLanguage":"de","potentialAction":[{"@type":"ReadAction","target":["https:\/\/exciting-lichterman.217-160-28-49.plesk.page\/produit\/fish-eye-hdtvi-5-mpxls-ff-1mm\/"]}]},{"@type":"ImageObject","inLanguage":"de","@id":"https:\/\/exciting-lichterman.217-160-28-49.plesk.page\/produit\/fish-eye-hdtvi-5-mpxls-ff-1mm\/#primaryimage","url":"https:\/\/exciting-lichterman.217-160-28-49.plesk.page\/wp-content\/uploads\/2022\/07\/DS-2CC52H1T-FITS1.1mm-01-scaled.webp","contentUrl":"https:\/\/exciting-lichterman.217-160-28-49.plesk.page\/wp-content\/uploads\/2022\/07\/DS-2CC52H1T-FITS1.1mm-01-scaled.webp","width":2560,"height":2545},{"@type":"BreadcrumbList","@id":"https:\/\/exciting-lichterman.217-160-28-49.plesk.page\/produit\/fish-eye-hdtvi-5-mpxls-ff-1mm\/#breadcrumb","itemListElement":[{"@type":"ListItem","position":1,"name":"Accueil","item":"https:\/\/exciting-lichterman.217-160-28-49.plesk.page\/"},{"@type":"ListItem","position":2,"name":"Boutique","item":"https:\/\/exciting-lichterman.217-160-28-49.plesk.page\/boutique\/"},{"@type":"ListItem","position":3,"name":"Fish Eye HDTVI &#8211; 5 MPXLS &#8211; FF &#8211; 1mm"}]},{"@type":"WebSite","@id":"https:\/\/exciting-lichterman.217-160-28-49.plesk.page\/#website","url":"https:\/\/exciting-lichterman.217-160-28-49.plesk.page\/","name":"K2group Distribution","description":"","publisher":{"@id":"https:\/\/exciting-lichterman.217-160-28-49.plesk.page\/#organization"},"potentialAction":[{"@type":"SearchAction","target":{"@type":"EntryPoint","urlTemplate":"https:\/\/exciting-lichterman.217-160-28-49.plesk.page\/?s={search_term_string}"},"query-input":{"@type":"PropertyValueSpecification","valueRequired":true,"valueName":"search_term_string"}}],"inLanguage":"de"},{"@type":"Organization","@id":"https:\/\/exciting-lichterman.217-160-28-49.plesk.page\/#organization","name":"K2group Distribution","url":"https:\/\/exciting-lichterman.217-160-28-49.plesk.page\/","logo":{"@type":"ImageObject","inLanguage":"de","@id":"https:\/\/exciting-lichterman.217-160-28-49.plesk.page\/#\/schema\/logo\/image\/","url":"https:\/\/exciting-lichterman.217-160-28-49.plesk.page\/wp-content\/uploads\/2022\/04\/logo-K2.png","contentUrl":"https:\/\/exciting-lichterman.217-160-28-49.plesk.page\/wp-content\/uploads\/2022\/04\/logo-K2.png","width":155,"height":66,"caption":"K2group Distribution"},"image":{"@id":"https:\/\/exciting-lichterman.217-160-28-49.plesk.page\/#\/schema\/logo\/image\/"}}]}},"_links":{"self":[{"href":"https:\/\/exciting-lichterman.217-160-28-49.plesk.page\/de\/wp-json\/wp\/v2\/product\/11077","targetHints":{"allow":["GET"]}}],"collection":[{"href":"https:\/\/exciting-lichterman.217-160-28-49.plesk.page\/de\/wp-json\/wp\/v2\/product"}],"about":[{"href":"https:\/\/exciting-lichterman.217-160-28-49.plesk.page\/de\/wp-json\/wp\/v2\/types\/product"}],"replies":[{"embeddable":true,"href":"https:\/\/exciting-lichterman.217-160-28-49.plesk.page\/de\/wp-json\/wp\/v2\/comments?post=11077"}],"version-history":[{"count":5,"href":"https:\/\/exciting-lichterman.217-160-28-49.plesk.page\/de\/wp-json\/wp\/v2\/product\/11077\/revisions"}],"predecessor-version":[{"id":17763,"href":"https:\/\/exciting-lichterman.217-160-28-49.plesk.page\/de\/wp-json\/wp\/v2\/product\/11077\/revisions\/17763"}],"wp:featuredmedia":[{"embeddable":true,"href":"https:\/\/exciting-lichterman.217-160-28-49.plesk.page\/de\/wp-json\/wp\/v2\/media\/11078"}],"wp:attachment":[{"href":"https:\/\/exciting-lichterman.217-160-28-49.plesk.page\/de\/wp-json\/wp\/v2\/media?parent=11077"}],"wp:term":[{"taxonomy":"product_brand","embeddable":true,"href":"https:\/\/exciting-lichterman.217-160-28-49.plesk.page\/de\/wp-json\/wp\/v2\/product_brand?post=11077"},{"taxonomy":"product_cat","embeddable":true,"href":"https:\/\/exciting-lichterman.217-160-28-49.plesk.page\/de\/wp-json\/wp\/v2\/product_cat?post=11077"},{"taxonomy":"product_tag","embeddable":true,"href":"https:\/\/exciting-lichterman.217-160-28-49.plesk.page\/de\/wp-json\/wp\/v2\/product_tag?post=11077"}],"curies":[{"name":"wp","href":"https:\/\/api.w.org\/{rel}","templated":true}]}}