{"id":10913,"date":"2022-07-26T14:19:32","date_gmt":"2022-07-26T14:19:32","guid":{"rendered":"https:\/\/practical-elbakyan.82-165-223-183.plesk.page\/?post_type=product&#038;p=10913"},"modified":"2023-05-29T15:51:54","modified_gmt":"2023-05-29T15:51:54","slug":"dome-hdtvi-2-mpxls-vf-2-8-12mm","status":"publish","type":"product","link":"https:\/\/exciting-lichterman.217-160-28-49.plesk.page\/de\/produkt\/dome-hdtvi-2-mpxls-vf-2-8-12mm\/","title":{"rendered":"D\u00f4me HDTVI &#8211; 2 MPXLS &#8211; VF &#8211; 2.8-12mm"},"content":{"rendered":"<h2 style=\"font-family:Poppins;font-size:14px; font-weight:400!important; line-height:2\">La cam\u00e9ra D\u00f4me HDTVI 2 MPXLS VF 2.8-12MM de HIKVISION est une cam\u00e9ra de surveillance de qualit\u00e9 dot\u00e9e d&rsquo;un capteur CMOS 2 m\u00e9gapixels et d&rsquo;un objectif varifocal motoris\u00e9 allant de 2,8 mm \u00e0 12 mm tout en utilisant la technologie ColorVu pour avoir des images plus claires.<\/h2>\n<p>La fonction motoris\u00e9e de son objectif permet une adaptation rapide et pr\u00e9cise de la distance de couverture de cette cam\u00e9ra pour r\u00e9pondre aux besoins de surveillance sur des zones n\u00e9cessitant une surveillance \u00e0 distance r\u00e9glable.<\/p>","protected":false},"excerpt":{"rendered":"<ul>\n<li><strong>R\u00e9f\u00e9rence : DS-2CE59DF8T-AVPZE(2.8-12mm) <\/strong><\/li>\n<li>Capteur d&rsquo;image : CMOS 1\/1,8&Prime; 2 m\u00e9gapixels<\/li>\n<li>R\u00e9solution maximale : 1920 (H) \u00d7 1080 (V)<\/li>\n<li>Varifocale motoris\u00e9e : 2,8 mm &#8211; 12 mm<\/li>\n<li>Distance : Jusqu&rsquo;\u00e0 40 m\u00e8tres<\/li>\n<li>Technologie : ColorVu<\/li>\n<li>Alimentation : PoC Mat\u00e9riel : M\u00e9tal<\/li>\n<li>Diemensions : \u00d8 155 mm \u00d7 152 mm<\/li>\n<li>Poids : 1525 g<\/li>\n<\/ul>","protected":false},"featured_media":10914,"comment_status":"open","ping_status":"closed","template":"","meta":{"_acf_changed":false},"product_brand":[],"product_cat":[390,715],"product_tag":[],"class_list":{"0":"post-10913","1":"product","2":"type-product","3":"status-publish","4":"has-post-thumbnail","6":"product_cat-alarmes-et-video","7":"product_cat-camera-ip","9":"first","10":"instock","11":"taxable","12":"shipping-taxable","13":"product-type-simple"},"acf":[],"yoast_head":"<!-- This site is optimized with the Yoast SEO plugin v27.4 - https:\/\/yoast.com\/product\/yoast-seo-wordpress\/ -->\n<title>D\u00f4me HDTVI - 2 MPXLS - VF - 2.8-12mm - K2group Distribution<\/title>\n<meta name=\"robots\" content=\"noindex, follow, max-snippet:-1, max-image-preview:large, max-video-preview:-1\" \/>\n<meta property=\"og:locale\" content=\"de_DE\" \/>\n<meta property=\"og:type\" content=\"article\" \/>\n<meta property=\"og:title\" content=\"D\u00f4me HDTVI - 2 MPXLS - VF - 2.8-12mm - K2group Distribution\" \/>\n<meta property=\"og:description\" content=\"R\u00e9f\u00e9rence : DS-2CE59DF8T-AVPZE(2.8-12mm)   Capteur d&#039;image : CMOS 1\/1,8&quot; 2 m\u00e9gapixels  R\u00e9solution maximale : 1920 (H) \u00d7 1080 (V)  Varifocale motoris\u00e9e : 2,8 mm - 12 mm  Distance : Jusqu&#039;\u00e0 40 m\u00e8tres  Technologie : ColorVu  Alimentation : PoC Mat\u00e9riel : M\u00e9tal  Diemensions : \u00d8 155 mm \u00d7 152 mm  Poids : 1525 g\" \/>\n<meta property=\"og:url\" content=\"https:\/\/exciting-lichterman.217-160-28-49.plesk.page\/de\/produkt\/dome-hdtvi-2-mpxls-vf-2-8-12mm\/\" \/>\n<meta property=\"og:site_name\" content=\"K2group Distribution\" \/>\n<meta property=\"article:modified_time\" content=\"2023-05-29T15:51:54+00:00\" \/>\n<meta property=\"og:image\" content=\"https:\/\/exciting-lichterman.217-160-28-49.plesk.page\/wp-content\/uploads\/2022\/07\/DS-2CE59DF8T-AVPZE2.8-12mm-01-scaled.webp\" \/>\n\t<meta property=\"og:image:width\" content=\"2560\" \/>\n\t<meta property=\"og:image:height\" content=\"2545\" \/>\n\t<meta property=\"og:image:type\" content=\"image\/webp\" \/>\n<meta name=\"twitter:card\" content=\"summary_large_image\" \/>\n<meta name=\"twitter:label1\" content=\"Gesch\u00e4tzte Lesezeit\" \/>\n\t<meta name=\"twitter:data1\" content=\"1\u00a0Minute\" \/>\n<script type=\"application\/ld+json\" class=\"yoast-schema-graph\">{\"@context\":\"https:\\\/\\\/schema.org\",\"@graph\":[{\"@type\":\"WebPage\",\"@id\":\"https:\\\/\\\/exciting-lichterman.217-160-28-49.plesk.page\\\/produit\\\/dome-hdtvi-2-mpxls-vf-2-8-12mm\\\/\",\"url\":\"https:\\\/\\\/exciting-lichterman.217-160-28-49.plesk.page\\\/produit\\\/dome-hdtvi-2-mpxls-vf-2-8-12mm\\\/\",\"name\":\"D\u00f4me HDTVI - 2 MPXLS - VF - 2.8-12mm - K2group Distribution\",\"isPartOf\":{\"@id\":\"https:\\\/\\\/exciting-lichterman.217-160-28-49.plesk.page\\\/#website\"},\"primaryImageOfPage\":{\"@id\":\"https:\\\/\\\/exciting-lichterman.217-160-28-49.plesk.page\\\/produit\\\/dome-hdtvi-2-mpxls-vf-2-8-12mm\\\/#primaryimage\"},\"image\":{\"@id\":\"https:\\\/\\\/exciting-lichterman.217-160-28-49.plesk.page\\\/produit\\\/dome-hdtvi-2-mpxls-vf-2-8-12mm\\\/#primaryimage\"},\"thumbnailUrl\":\"https:\\\/\\\/exciting-lichterman.217-160-28-49.plesk.page\\\/wp-content\\\/uploads\\\/2022\\\/07\\\/DS-2CE59DF8T-AVPZE2.8-12mm-01-scaled.webp\",\"datePublished\":\"2022-07-26T14:19:32+00:00\",\"dateModified\":\"2023-05-29T15:51:54+00:00\",\"breadcrumb\":{\"@id\":\"https:\\\/\\\/exciting-lichterman.217-160-28-49.plesk.page\\\/produit\\\/dome-hdtvi-2-mpxls-vf-2-8-12mm\\\/#breadcrumb\"},\"inLanguage\":\"de\",\"potentialAction\":[{\"@type\":\"ReadAction\",\"target\":[\"https:\\\/\\\/exciting-lichterman.217-160-28-49.plesk.page\\\/produit\\\/dome-hdtvi-2-mpxls-vf-2-8-12mm\\\/\"]}]},{\"@type\":\"ImageObject\",\"inLanguage\":\"de\",\"@id\":\"https:\\\/\\\/exciting-lichterman.217-160-28-49.plesk.page\\\/produit\\\/dome-hdtvi-2-mpxls-vf-2-8-12mm\\\/#primaryimage\",\"url\":\"https:\\\/\\\/exciting-lichterman.217-160-28-49.plesk.page\\\/wp-content\\\/uploads\\\/2022\\\/07\\\/DS-2CE59DF8T-AVPZE2.8-12mm-01-scaled.webp\",\"contentUrl\":\"https:\\\/\\\/exciting-lichterman.217-160-28-49.plesk.page\\\/wp-content\\\/uploads\\\/2022\\\/07\\\/DS-2CE59DF8T-AVPZE2.8-12mm-01-scaled.webp\",\"width\":2560,\"height\":2545},{\"@type\":\"BreadcrumbList\",\"@id\":\"https:\\\/\\\/exciting-lichterman.217-160-28-49.plesk.page\\\/produit\\\/dome-hdtvi-2-mpxls-vf-2-8-12mm\\\/#breadcrumb\",\"itemListElement\":[{\"@type\":\"ListItem\",\"position\":1,\"name\":\"Accueil\",\"item\":\"https:\\\/\\\/exciting-lichterman.217-160-28-49.plesk.page\\\/\"},{\"@type\":\"ListItem\",\"position\":2,\"name\":\"Boutique\",\"item\":\"https:\\\/\\\/exciting-lichterman.217-160-28-49.plesk.page\\\/boutique\\\/\"},{\"@type\":\"ListItem\",\"position\":3,\"name\":\"D\u00f4me HDTVI &#8211; 2 MPXLS &#8211; VF &#8211; 2.8-12mm\"}]},{\"@type\":\"WebSite\",\"@id\":\"https:\\\/\\\/exciting-lichterman.217-160-28-49.plesk.page\\\/#website\",\"url\":\"https:\\\/\\\/exciting-lichterman.217-160-28-49.plesk.page\\\/\",\"name\":\"K2group Distribution\",\"description\":\"\",\"publisher\":{\"@id\":\"https:\\\/\\\/exciting-lichterman.217-160-28-49.plesk.page\\\/#organization\"},\"potentialAction\":[{\"@type\":\"SearchAction\",\"target\":{\"@type\":\"EntryPoint\",\"urlTemplate\":\"https:\\\/\\\/exciting-lichterman.217-160-28-49.plesk.page\\\/?s={search_term_string}\"},\"query-input\":{\"@type\":\"PropertyValueSpecification\",\"valueRequired\":true,\"valueName\":\"search_term_string\"}}],\"inLanguage\":\"de\"},{\"@type\":\"Organization\",\"@id\":\"https:\\\/\\\/exciting-lichterman.217-160-28-49.plesk.page\\\/#organization\",\"name\":\"K2group Distribution\",\"url\":\"https:\\\/\\\/exciting-lichterman.217-160-28-49.plesk.page\\\/\",\"logo\":{\"@type\":\"ImageObject\",\"inLanguage\":\"de\",\"@id\":\"https:\\\/\\\/exciting-lichterman.217-160-28-49.plesk.page\\\/#\\\/schema\\\/logo\\\/image\\\/\",\"url\":\"https:\\\/\\\/exciting-lichterman.217-160-28-49.plesk.page\\\/wp-content\\\/uploads\\\/2022\\\/04\\\/logo-K2.png\",\"contentUrl\":\"https:\\\/\\\/exciting-lichterman.217-160-28-49.plesk.page\\\/wp-content\\\/uploads\\\/2022\\\/04\\\/logo-K2.png\",\"width\":155,\"height\":66,\"caption\":\"K2group Distribution\"},\"image\":{\"@id\":\"https:\\\/\\\/exciting-lichterman.217-160-28-49.plesk.page\\\/#\\\/schema\\\/logo\\\/image\\\/\"}}]}<\/script>\n<!-- \/ Yoast SEO plugin. -->","yoast_head_json":{"title":"D\u00f4me HDTVI - 2 MPXLS - VF - 2.8-12mm - K2group Distribution","robots":{"index":"noindex","follow":"follow","max-snippet":"max-snippet:-1","max-image-preview":"max-image-preview:large","max-video-preview":"max-video-preview:-1"},"og_locale":"de_DE","og_type":"article","og_title":"D\u00f4me HDTVI - 2 MPXLS - VF - 2.8-12mm - K2group Distribution","og_description":"R\u00e9f\u00e9rence : DS-2CE59DF8T-AVPZE(2.8-12mm)   Capteur d'image : CMOS 1\/1,8\" 2 m\u00e9gapixels  R\u00e9solution maximale : 1920 (H) \u00d7 1080 (V)  Varifocale motoris\u00e9e : 2,8 mm - 12 mm  Distance : Jusqu'\u00e0 40 m\u00e8tres  Technologie : ColorVu  Alimentation : PoC Mat\u00e9riel : M\u00e9tal  Diemensions : \u00d8 155 mm \u00d7 152 mm  Poids : 1525 g","og_url":"https:\/\/exciting-lichterman.217-160-28-49.plesk.page\/de\/produkt\/dome-hdtvi-2-mpxls-vf-2-8-12mm\/","og_site_name":"K2group Distribution","article_modified_time":"2023-05-29T15:51:54+00:00","og_image":[{"width":2560,"height":2545,"url":"https:\/\/exciting-lichterman.217-160-28-49.plesk.page\/wp-content\/uploads\/2022\/07\/DS-2CE59DF8T-AVPZE2.8-12mm-01-scaled.webp","type":"image\/webp"}],"twitter_card":"summary_large_image","twitter_misc":{"Gesch\u00e4tzte Lesezeit":"1\u00a0Minute"},"schema":{"@context":"https:\/\/schema.org","@graph":[{"@type":"WebPage","@id":"https:\/\/exciting-lichterman.217-160-28-49.plesk.page\/produit\/dome-hdtvi-2-mpxls-vf-2-8-12mm\/","url":"https:\/\/exciting-lichterman.217-160-28-49.plesk.page\/produit\/dome-hdtvi-2-mpxls-vf-2-8-12mm\/","name":"D\u00f4me HDTVI - 2 MPXLS - VF - 2.8-12mm - K2group Distribution","isPartOf":{"@id":"https:\/\/exciting-lichterman.217-160-28-49.plesk.page\/#website"},"primaryImageOfPage":{"@id":"https:\/\/exciting-lichterman.217-160-28-49.plesk.page\/produit\/dome-hdtvi-2-mpxls-vf-2-8-12mm\/#primaryimage"},"image":{"@id":"https:\/\/exciting-lichterman.217-160-28-49.plesk.page\/produit\/dome-hdtvi-2-mpxls-vf-2-8-12mm\/#primaryimage"},"thumbnailUrl":"https:\/\/exciting-lichterman.217-160-28-49.plesk.page\/wp-content\/uploads\/2022\/07\/DS-2CE59DF8T-AVPZE2.8-12mm-01-scaled.webp","datePublished":"2022-07-26T14:19:32+00:00","dateModified":"2023-05-29T15:51:54+00:00","breadcrumb":{"@id":"https:\/\/exciting-lichterman.217-160-28-49.plesk.page\/produit\/dome-hdtvi-2-mpxls-vf-2-8-12mm\/#breadcrumb"},"inLanguage":"de","potentialAction":[{"@type":"ReadAction","target":["https:\/\/exciting-lichterman.217-160-28-49.plesk.page\/produit\/dome-hdtvi-2-mpxls-vf-2-8-12mm\/"]}]},{"@type":"ImageObject","inLanguage":"de","@id":"https:\/\/exciting-lichterman.217-160-28-49.plesk.page\/produit\/dome-hdtvi-2-mpxls-vf-2-8-12mm\/#primaryimage","url":"https:\/\/exciting-lichterman.217-160-28-49.plesk.page\/wp-content\/uploads\/2022\/07\/DS-2CE59DF8T-AVPZE2.8-12mm-01-scaled.webp","contentUrl":"https:\/\/exciting-lichterman.217-160-28-49.plesk.page\/wp-content\/uploads\/2022\/07\/DS-2CE59DF8T-AVPZE2.8-12mm-01-scaled.webp","width":2560,"height":2545},{"@type":"BreadcrumbList","@id":"https:\/\/exciting-lichterman.217-160-28-49.plesk.page\/produit\/dome-hdtvi-2-mpxls-vf-2-8-12mm\/#breadcrumb","itemListElement":[{"@type":"ListItem","position":1,"name":"Accueil","item":"https:\/\/exciting-lichterman.217-160-28-49.plesk.page\/"},{"@type":"ListItem","position":2,"name":"Boutique","item":"https:\/\/exciting-lichterman.217-160-28-49.plesk.page\/boutique\/"},{"@type":"ListItem","position":3,"name":"D\u00f4me HDTVI &#8211; 2 MPXLS &#8211; VF &#8211; 2.8-12mm"}]},{"@type":"WebSite","@id":"https:\/\/exciting-lichterman.217-160-28-49.plesk.page\/#website","url":"https:\/\/exciting-lichterman.217-160-28-49.plesk.page\/","name":"K2group Distribution","description":"","publisher":{"@id":"https:\/\/exciting-lichterman.217-160-28-49.plesk.page\/#organization"},"potentialAction":[{"@type":"SearchAction","target":{"@type":"EntryPoint","urlTemplate":"https:\/\/exciting-lichterman.217-160-28-49.plesk.page\/?s={search_term_string}"},"query-input":{"@type":"PropertyValueSpecification","valueRequired":true,"valueName":"search_term_string"}}],"inLanguage":"de"},{"@type":"Organization","@id":"https:\/\/exciting-lichterman.217-160-28-49.plesk.page\/#organization","name":"K2group Distribution","url":"https:\/\/exciting-lichterman.217-160-28-49.plesk.page\/","logo":{"@type":"ImageObject","inLanguage":"de","@id":"https:\/\/exciting-lichterman.217-160-28-49.plesk.page\/#\/schema\/logo\/image\/","url":"https:\/\/exciting-lichterman.217-160-28-49.plesk.page\/wp-content\/uploads\/2022\/04\/logo-K2.png","contentUrl":"https:\/\/exciting-lichterman.217-160-28-49.plesk.page\/wp-content\/uploads\/2022\/04\/logo-K2.png","width":155,"height":66,"caption":"K2group Distribution"},"image":{"@id":"https:\/\/exciting-lichterman.217-160-28-49.plesk.page\/#\/schema\/logo\/image\/"}}]}},"_links":{"self":[{"href":"https:\/\/exciting-lichterman.217-160-28-49.plesk.page\/de\/wp-json\/wp\/v2\/product\/10913","targetHints":{"allow":["GET"]}}],"collection":[{"href":"https:\/\/exciting-lichterman.217-160-28-49.plesk.page\/de\/wp-json\/wp\/v2\/product"}],"about":[{"href":"https:\/\/exciting-lichterman.217-160-28-49.plesk.page\/de\/wp-json\/wp\/v2\/types\/product"}],"replies":[{"embeddable":true,"href":"https:\/\/exciting-lichterman.217-160-28-49.plesk.page\/de\/wp-json\/wp\/v2\/comments?post=10913"}],"version-history":[{"count":4,"href":"https:\/\/exciting-lichterman.217-160-28-49.plesk.page\/de\/wp-json\/wp\/v2\/product\/10913\/revisions"}],"predecessor-version":[{"id":17012,"href":"https:\/\/exciting-lichterman.217-160-28-49.plesk.page\/de\/wp-json\/wp\/v2\/product\/10913\/revisions\/17012"}],"wp:featuredmedia":[{"embeddable":true,"href":"https:\/\/exciting-lichterman.217-160-28-49.plesk.page\/de\/wp-json\/wp\/v2\/media\/10914"}],"wp:attachment":[{"href":"https:\/\/exciting-lichterman.217-160-28-49.plesk.page\/de\/wp-json\/wp\/v2\/media?parent=10913"}],"wp:term":[{"taxonomy":"product_brand","embeddable":true,"href":"https:\/\/exciting-lichterman.217-160-28-49.plesk.page\/de\/wp-json\/wp\/v2\/product_brand?post=10913"},{"taxonomy":"product_cat","embeddable":true,"href":"https:\/\/exciting-lichterman.217-160-28-49.plesk.page\/de\/wp-json\/wp\/v2\/product_cat?post=10913"},{"taxonomy":"product_tag","embeddable":true,"href":"https:\/\/exciting-lichterman.217-160-28-49.plesk.page\/de\/wp-json\/wp\/v2\/product_tag?post=10913"}],"curies":[{"name":"wp","href":"https:\/\/api.w.org\/{rel}","templated":true}]}}