{"id":10889,"date":"2022-07-26T14:08:11","date_gmt":"2022-07-26T14:08:11","guid":{"rendered":"https:\/\/practical-elbakyan.82-165-223-183.plesk.page\/?post_type=product&#038;p=10889"},"modified":"2023-05-29T14:53:28","modified_gmt":"2023-05-29T14:53:28","slug":"dome-acusense-ip-8-mpxls-ff-2-8mm-ir-30m","status":"publish","type":"product","link":"https:\/\/exciting-lichterman.217-160-28-49.plesk.page\/de\/produkt\/dome-acusense-ip-8-mpxls-ff-2-8mm-ir-30m\/","title":{"rendered":"D\u00f4me Acusense IP &#8211; 8 MPXLS &#8211; FF 2.8mm &#8211; IR 30m"},"content":{"rendered":"<h2 style=\"font-family:Poppins;font-size:14px; font-weight:400!important; line-height:2\">Le d\u00f4me ACUSENSE IP &#8211; 8 MPXLS &#8211; FF 2.8MM &#8211; IR 30M est une cam\u00e9ra de surveillance de haute qualit\u00e9 \u00e9quip\u00e9e d&rsquo;un capteur d&rsquo;image CMOS \u00e0 balayage progressif de 8 m\u00e9gapixels (1\/1,8 pouce) qui lui permet de g\u00e9n\u00e9rer une r\u00e9solution maximale de 3840 \u00d7 2160. <\/h2>\n<p>Dot\u00e9 d&rsquo;une option de focale 2,8 et 4 mm, cette cam\u00e9ra permet d&rsquo;avoir une vision \u00e0 distance allant jusqu&rsquo;\u00e0 30 m\u00e8tres.<\/p>\n<p>Le d\u00f4me de HIKVISION dispose aussi de la technologie AcuSense qui utilise des algorithmes avanc\u00e9s pour d\u00e9tecter les mouvements humains et v\u00e9hicules pour une surveillance plus efficace. Elle est \u00e9galement \u00e9quip\u00e9e d&rsquo;un \u00e9clairage infrarouge pour une vision nocturne claire jusqu&rsquo;\u00e0 30 m\u00e8tres.<\/p>","protected":false},"excerpt":{"rendered":"<ul>\n<li><strong>R\u00e9f\u00e9rence : DS-2CD2586G2-IS(2,8mm)\u00a9(0-STD) <\/strong><\/li>\n<li>Capteur d&rsquo;image : CMOS \u00e0 balayage progressif 1\/1,8\u2033 de 8 m\u00e9gapixels<\/li>\n<li>R\u00e9solution maximale : 3840 \u00d7 2160<\/li>\n<li>Focale : 2,8 et 4 mm en option<\/li>\n<li>Distance : Jusqu&rsquo;\u00e0 30 m\u00e8tres<\/li>\n<li>Stockage : Emplacement pour 1 carte MicroSD 256 Go<\/li>\n<li>Alimentation : 12 VDC, PoE<\/li>\n<li>Dimensions : \u00d8 113,6 mm \u00d7 72,6 mm<\/li>\n<li>Poids : 400 g<\/li>\n<\/ul>","protected":false},"featured_media":10890,"comment_status":"open","ping_status":"closed","template":"","meta":{"_acf_changed":false},"product_brand":[],"product_cat":[390,715],"product_tag":[],"class_list":{"0":"post-10889","1":"product","2":"type-product","3":"status-publish","4":"has-post-thumbnail","6":"product_cat-alarmes-et-video","7":"product_cat-camera-ip","9":"first","10":"instock","11":"taxable","12":"shipping-taxable","13":"product-type-simple"},"acf":[],"yoast_head":"<!-- This site is optimized with the Yoast SEO plugin v27.4 - https:\/\/yoast.com\/product\/yoast-seo-wordpress\/ -->\n<title>D\u00f4me Acusense IP - 8 MPXLS - FF 2.8mm - IR 30m - K2group Distribution<\/title>\n<meta name=\"robots\" content=\"noindex, follow, max-snippet:-1, max-image-preview:large, max-video-preview:-1\" \/>\n<meta property=\"og:locale\" content=\"de_DE\" \/>\n<meta property=\"og:type\" content=\"article\" \/>\n<meta property=\"og:title\" content=\"D\u00f4me Acusense IP - 8 MPXLS - FF 2.8mm - IR 30m - K2group Distribution\" \/>\n<meta property=\"og:description\" content=\"R\u00e9f\u00e9rence : DS-2CD2586G2-IS(2,8mm)\u00a9(0-STD)   Capteur d&#039;image : CMOS \u00e0 balayage progressif 1\/1,8\u2033 de 8 m\u00e9gapixels  R\u00e9solution maximale : 3840 \u00d7 2160  Focale : 2,8 et 4 mm en option  Distance : Jusqu&#039;\u00e0 30 m\u00e8tres  Stockage : Emplacement pour 1 carte MicroSD 256 Go  Alimentation : 12 VDC, PoE  Dimensions : \u00d8 113,6 mm \u00d7 72,6 mm  Poids : 400 g\" \/>\n<meta property=\"og:url\" content=\"https:\/\/exciting-lichterman.217-160-28-49.plesk.page\/de\/produkt\/dome-acusense-ip-8-mpxls-ff-2-8mm-ir-30m\/\" \/>\n<meta property=\"og:site_name\" content=\"K2group Distribution\" \/>\n<meta property=\"article:modified_time\" content=\"2023-05-29T14:53:28+00:00\" \/>\n<meta property=\"og:image\" content=\"https:\/\/exciting-lichterman.217-160-28-49.plesk.page\/wp-content\/uploads\/2022\/07\/DS-2CD2586G2-IS28mm\u00a90-STD-01-scaled.webp\" \/>\n\t<meta property=\"og:image:width\" content=\"2560\" \/>\n\t<meta property=\"og:image:height\" content=\"2545\" \/>\n\t<meta property=\"og:image:type\" content=\"image\/webp\" \/>\n<meta name=\"twitter:card\" content=\"summary_large_image\" \/>\n<meta name=\"twitter:label1\" content=\"Gesch\u00e4tzte Lesezeit\" \/>\n\t<meta name=\"twitter:data1\" content=\"1\u00a0Minute\" \/>\n<script type=\"application\/ld+json\" class=\"yoast-schema-graph\">{\"@context\":\"https:\\\/\\\/schema.org\",\"@graph\":[{\"@type\":\"WebPage\",\"@id\":\"https:\\\/\\\/exciting-lichterman.217-160-28-49.plesk.page\\\/produit\\\/dome-acusense-ip-8-mpxls-ff-2-8mm-ir-30m\\\/\",\"url\":\"https:\\\/\\\/exciting-lichterman.217-160-28-49.plesk.page\\\/produit\\\/dome-acusense-ip-8-mpxls-ff-2-8mm-ir-30m\\\/\",\"name\":\"D\u00f4me Acusense IP - 8 MPXLS - FF 2.8mm - IR 30m - K2group Distribution\",\"isPartOf\":{\"@id\":\"https:\\\/\\\/exciting-lichterman.217-160-28-49.plesk.page\\\/#website\"},\"primaryImageOfPage\":{\"@id\":\"https:\\\/\\\/exciting-lichterman.217-160-28-49.plesk.page\\\/produit\\\/dome-acusense-ip-8-mpxls-ff-2-8mm-ir-30m\\\/#primaryimage\"},\"image\":{\"@id\":\"https:\\\/\\\/exciting-lichterman.217-160-28-49.plesk.page\\\/produit\\\/dome-acusense-ip-8-mpxls-ff-2-8mm-ir-30m\\\/#primaryimage\"},\"thumbnailUrl\":\"https:\\\/\\\/exciting-lichterman.217-160-28-49.plesk.page\\\/wp-content\\\/uploads\\\/2022\\\/07\\\/DS-2CD2586G2-IS28mm\u00a90-STD-01-scaled.webp\",\"datePublished\":\"2022-07-26T14:08:11+00:00\",\"dateModified\":\"2023-05-29T14:53:28+00:00\",\"breadcrumb\":{\"@id\":\"https:\\\/\\\/exciting-lichterman.217-160-28-49.plesk.page\\\/produit\\\/dome-acusense-ip-8-mpxls-ff-2-8mm-ir-30m\\\/#breadcrumb\"},\"inLanguage\":\"de\",\"potentialAction\":[{\"@type\":\"ReadAction\",\"target\":[\"https:\\\/\\\/exciting-lichterman.217-160-28-49.plesk.page\\\/produit\\\/dome-acusense-ip-8-mpxls-ff-2-8mm-ir-30m\\\/\"]}]},{\"@type\":\"ImageObject\",\"inLanguage\":\"de\",\"@id\":\"https:\\\/\\\/exciting-lichterman.217-160-28-49.plesk.page\\\/produit\\\/dome-acusense-ip-8-mpxls-ff-2-8mm-ir-30m\\\/#primaryimage\",\"url\":\"https:\\\/\\\/exciting-lichterman.217-160-28-49.plesk.page\\\/wp-content\\\/uploads\\\/2022\\\/07\\\/DS-2CD2586G2-IS28mm\u00a90-STD-01-scaled.webp\",\"contentUrl\":\"https:\\\/\\\/exciting-lichterman.217-160-28-49.plesk.page\\\/wp-content\\\/uploads\\\/2022\\\/07\\\/DS-2CD2586G2-IS28mm\u00a90-STD-01-scaled.webp\",\"width\":2560,\"height\":2545},{\"@type\":\"BreadcrumbList\",\"@id\":\"https:\\\/\\\/exciting-lichterman.217-160-28-49.plesk.page\\\/produit\\\/dome-acusense-ip-8-mpxls-ff-2-8mm-ir-30m\\\/#breadcrumb\",\"itemListElement\":[{\"@type\":\"ListItem\",\"position\":1,\"name\":\"Accueil\",\"item\":\"https:\\\/\\\/exciting-lichterman.217-160-28-49.plesk.page\\\/\"},{\"@type\":\"ListItem\",\"position\":2,\"name\":\"Boutique\",\"item\":\"https:\\\/\\\/exciting-lichterman.217-160-28-49.plesk.page\\\/boutique\\\/\"},{\"@type\":\"ListItem\",\"position\":3,\"name\":\"D\u00f4me Acusense IP &#8211; 8 MPXLS &#8211; FF 2.8mm &#8211; IR 30m\"}]},{\"@type\":\"WebSite\",\"@id\":\"https:\\\/\\\/exciting-lichterman.217-160-28-49.plesk.page\\\/#website\",\"url\":\"https:\\\/\\\/exciting-lichterman.217-160-28-49.plesk.page\\\/\",\"name\":\"K2group Distribution\",\"description\":\"\",\"publisher\":{\"@id\":\"https:\\\/\\\/exciting-lichterman.217-160-28-49.plesk.page\\\/#organization\"},\"potentialAction\":[{\"@type\":\"SearchAction\",\"target\":{\"@type\":\"EntryPoint\",\"urlTemplate\":\"https:\\\/\\\/exciting-lichterman.217-160-28-49.plesk.page\\\/?s={search_term_string}\"},\"query-input\":{\"@type\":\"PropertyValueSpecification\",\"valueRequired\":true,\"valueName\":\"search_term_string\"}}],\"inLanguage\":\"de\"},{\"@type\":\"Organization\",\"@id\":\"https:\\\/\\\/exciting-lichterman.217-160-28-49.plesk.page\\\/#organization\",\"name\":\"K2group Distribution\",\"url\":\"https:\\\/\\\/exciting-lichterman.217-160-28-49.plesk.page\\\/\",\"logo\":{\"@type\":\"ImageObject\",\"inLanguage\":\"de\",\"@id\":\"https:\\\/\\\/exciting-lichterman.217-160-28-49.plesk.page\\\/#\\\/schema\\\/logo\\\/image\\\/\",\"url\":\"https:\\\/\\\/exciting-lichterman.217-160-28-49.plesk.page\\\/wp-content\\\/uploads\\\/2022\\\/04\\\/logo-K2.png\",\"contentUrl\":\"https:\\\/\\\/exciting-lichterman.217-160-28-49.plesk.page\\\/wp-content\\\/uploads\\\/2022\\\/04\\\/logo-K2.png\",\"width\":155,\"height\":66,\"caption\":\"K2group Distribution\"},\"image\":{\"@id\":\"https:\\\/\\\/exciting-lichterman.217-160-28-49.plesk.page\\\/#\\\/schema\\\/logo\\\/image\\\/\"}}]}<\/script>\n<!-- \/ Yoast SEO plugin. -->","yoast_head_json":{"title":"D\u00f4me Acusense IP - 8 MPXLS - FF 2.8mm - IR 30m - K2group Distribution","robots":{"index":"noindex","follow":"follow","max-snippet":"max-snippet:-1","max-image-preview":"max-image-preview:large","max-video-preview":"max-video-preview:-1"},"og_locale":"de_DE","og_type":"article","og_title":"D\u00f4me Acusense IP - 8 MPXLS - FF 2.8mm - IR 30m - K2group Distribution","og_description":"R\u00e9f\u00e9rence : DS-2CD2586G2-IS(2,8mm)\u00a9(0-STD)   Capteur d'image : CMOS \u00e0 balayage progressif 1\/1,8\u2033 de 8 m\u00e9gapixels  R\u00e9solution maximale : 3840 \u00d7 2160  Focale : 2,8 et 4 mm en option  Distance : Jusqu'\u00e0 30 m\u00e8tres  Stockage : Emplacement pour 1 carte MicroSD 256 Go  Alimentation : 12 VDC, PoE  Dimensions : \u00d8 113,6 mm \u00d7 72,6 mm  Poids : 400 g","og_url":"https:\/\/exciting-lichterman.217-160-28-49.plesk.page\/de\/produkt\/dome-acusense-ip-8-mpxls-ff-2-8mm-ir-30m\/","og_site_name":"K2group Distribution","article_modified_time":"2023-05-29T14:53:28+00:00","og_image":[{"width":2560,"height":2545,"url":"https:\/\/exciting-lichterman.217-160-28-49.plesk.page\/wp-content\/uploads\/2022\/07\/DS-2CD2586G2-IS28mm\u00a90-STD-01-scaled.webp","type":"image\/webp"}],"twitter_card":"summary_large_image","twitter_misc":{"Gesch\u00e4tzte Lesezeit":"1\u00a0Minute"},"schema":{"@context":"https:\/\/schema.org","@graph":[{"@type":"WebPage","@id":"https:\/\/exciting-lichterman.217-160-28-49.plesk.page\/produit\/dome-acusense-ip-8-mpxls-ff-2-8mm-ir-30m\/","url":"https:\/\/exciting-lichterman.217-160-28-49.plesk.page\/produit\/dome-acusense-ip-8-mpxls-ff-2-8mm-ir-30m\/","name":"D\u00f4me Acusense IP - 8 MPXLS - FF 2.8mm - IR 30m - K2group Distribution","isPartOf":{"@id":"https:\/\/exciting-lichterman.217-160-28-49.plesk.page\/#website"},"primaryImageOfPage":{"@id":"https:\/\/exciting-lichterman.217-160-28-49.plesk.page\/produit\/dome-acusense-ip-8-mpxls-ff-2-8mm-ir-30m\/#primaryimage"},"image":{"@id":"https:\/\/exciting-lichterman.217-160-28-49.plesk.page\/produit\/dome-acusense-ip-8-mpxls-ff-2-8mm-ir-30m\/#primaryimage"},"thumbnailUrl":"https:\/\/exciting-lichterman.217-160-28-49.plesk.page\/wp-content\/uploads\/2022\/07\/DS-2CD2586G2-IS28mm\u00a90-STD-01-scaled.webp","datePublished":"2022-07-26T14:08:11+00:00","dateModified":"2023-05-29T14:53:28+00:00","breadcrumb":{"@id":"https:\/\/exciting-lichterman.217-160-28-49.plesk.page\/produit\/dome-acusense-ip-8-mpxls-ff-2-8mm-ir-30m\/#breadcrumb"},"inLanguage":"de","potentialAction":[{"@type":"ReadAction","target":["https:\/\/exciting-lichterman.217-160-28-49.plesk.page\/produit\/dome-acusense-ip-8-mpxls-ff-2-8mm-ir-30m\/"]}]},{"@type":"ImageObject","inLanguage":"de","@id":"https:\/\/exciting-lichterman.217-160-28-49.plesk.page\/produit\/dome-acusense-ip-8-mpxls-ff-2-8mm-ir-30m\/#primaryimage","url":"https:\/\/exciting-lichterman.217-160-28-49.plesk.page\/wp-content\/uploads\/2022\/07\/DS-2CD2586G2-IS28mm\u00a90-STD-01-scaled.webp","contentUrl":"https:\/\/exciting-lichterman.217-160-28-49.plesk.page\/wp-content\/uploads\/2022\/07\/DS-2CD2586G2-IS28mm\u00a90-STD-01-scaled.webp","width":2560,"height":2545},{"@type":"BreadcrumbList","@id":"https:\/\/exciting-lichterman.217-160-28-49.plesk.page\/produit\/dome-acusense-ip-8-mpxls-ff-2-8mm-ir-30m\/#breadcrumb","itemListElement":[{"@type":"ListItem","position":1,"name":"Accueil","item":"https:\/\/exciting-lichterman.217-160-28-49.plesk.page\/"},{"@type":"ListItem","position":2,"name":"Boutique","item":"https:\/\/exciting-lichterman.217-160-28-49.plesk.page\/boutique\/"},{"@type":"ListItem","position":3,"name":"D\u00f4me Acusense IP &#8211; 8 MPXLS &#8211; FF 2.8mm &#8211; IR 30m"}]},{"@type":"WebSite","@id":"https:\/\/exciting-lichterman.217-160-28-49.plesk.page\/#website","url":"https:\/\/exciting-lichterman.217-160-28-49.plesk.page\/","name":"K2group Distribution","description":"","publisher":{"@id":"https:\/\/exciting-lichterman.217-160-28-49.plesk.page\/#organization"},"potentialAction":[{"@type":"SearchAction","target":{"@type":"EntryPoint","urlTemplate":"https:\/\/exciting-lichterman.217-160-28-49.plesk.page\/?s={search_term_string}"},"query-input":{"@type":"PropertyValueSpecification","valueRequired":true,"valueName":"search_term_string"}}],"inLanguage":"de"},{"@type":"Organization","@id":"https:\/\/exciting-lichterman.217-160-28-49.plesk.page\/#organization","name":"K2group Distribution","url":"https:\/\/exciting-lichterman.217-160-28-49.plesk.page\/","logo":{"@type":"ImageObject","inLanguage":"de","@id":"https:\/\/exciting-lichterman.217-160-28-49.plesk.page\/#\/schema\/logo\/image\/","url":"https:\/\/exciting-lichterman.217-160-28-49.plesk.page\/wp-content\/uploads\/2022\/04\/logo-K2.png","contentUrl":"https:\/\/exciting-lichterman.217-160-28-49.plesk.page\/wp-content\/uploads\/2022\/04\/logo-K2.png","width":155,"height":66,"caption":"K2group Distribution"},"image":{"@id":"https:\/\/exciting-lichterman.217-160-28-49.plesk.page\/#\/schema\/logo\/image\/"}}]}},"_links":{"self":[{"href":"https:\/\/exciting-lichterman.217-160-28-49.plesk.page\/de\/wp-json\/wp\/v2\/product\/10889","targetHints":{"allow":["GET"]}}],"collection":[{"href":"https:\/\/exciting-lichterman.217-160-28-49.plesk.page\/de\/wp-json\/wp\/v2\/product"}],"about":[{"href":"https:\/\/exciting-lichterman.217-160-28-49.plesk.page\/de\/wp-json\/wp\/v2\/types\/product"}],"replies":[{"embeddable":true,"href":"https:\/\/exciting-lichterman.217-160-28-49.plesk.page\/de\/wp-json\/wp\/v2\/comments?post=10889"}],"version-history":[{"count":5,"href":"https:\/\/exciting-lichterman.217-160-28-49.plesk.page\/de\/wp-json\/wp\/v2\/product\/10889\/revisions"}],"predecessor-version":[{"id":16990,"href":"https:\/\/exciting-lichterman.217-160-28-49.plesk.page\/de\/wp-json\/wp\/v2\/product\/10889\/revisions\/16990"}],"wp:featuredmedia":[{"embeddable":true,"href":"https:\/\/exciting-lichterman.217-160-28-49.plesk.page\/de\/wp-json\/wp\/v2\/media\/10890"}],"wp:attachment":[{"href":"https:\/\/exciting-lichterman.217-160-28-49.plesk.page\/de\/wp-json\/wp\/v2\/media?parent=10889"}],"wp:term":[{"taxonomy":"product_brand","embeddable":true,"href":"https:\/\/exciting-lichterman.217-160-28-49.plesk.page\/de\/wp-json\/wp\/v2\/product_brand?post=10889"},{"taxonomy":"product_cat","embeddable":true,"href":"https:\/\/exciting-lichterman.217-160-28-49.plesk.page\/de\/wp-json\/wp\/v2\/product_cat?post=10889"},{"taxonomy":"product_tag","embeddable":true,"href":"https:\/\/exciting-lichterman.217-160-28-49.plesk.page\/de\/wp-json\/wp\/v2\/product_tag?post=10889"}],"curies":[{"name":"wp","href":"https:\/\/api.w.org\/{rel}","templated":true}]}}