{"id":10299,"date":"2022-07-21T15:10:47","date_gmt":"2022-07-21T15:10:47","guid":{"rendered":"https:\/\/practical-elbakyan.82-165-223-183.plesk.page\/?post_type=product&#038;p=10299"},"modified":"2023-05-31T09:19:33","modified_gmt":"2023-05-31T09:19:33","slug":"switch-8-ports-poe-non-manageable-gigabit-10-1000-mbps","status":"publish","type":"product","link":"https:\/\/exciting-lichterman.217-160-28-49.plesk.page\/de\/produkt\/switch-8-ports-poe-non-manageable-gigabit-10-1000-mbps\/","title":{"rendered":"Switch &#8211; 8 Ports POE- Non Manageable &#8211; Gigabit 10\/1000 MBPS"},"content":{"rendered":"<h2 style=\"font-family:Poppins;font-size:14px; font-weight:400!important; line-height:2\">K2 vous a s\u00e9lectionn\u00e9 cet outil performant de r\u00e9seau permettant de connecter jusqu&rsquo;\u00e0 8 appareils compatibles \u00e0 un r\u00e9seau Ethernet tout en leur fournissant de l&rsquo;alimentation \u00e9lectrique, ce qui peut \u00eatre tr\u00e8s pratique dans les situations o\u00f9 il n&rsquo;est pas possible de brancher ces appareils sur une prise murale.<\/h2>\n<p>Mais ce n&rsquo;est pas tout, ce switch est capable d&rsquo;offrir une vitesse de transmission de donn\u00e9es allant jusqu&rsquo;\u00e0 1 Gbps (gigabit par seconde), ce qui le rend id\u00e9al pour les applications n\u00e9cessitant de hauts d\u00e9bits de donn\u00e9es, comme la diffusion en continu de vid\u00e9os ou le partage de fichiers volumineux.<\/p>","protected":false},"excerpt":{"rendered":"<ul>\n<li><strong>R\u00e9f\u00e9rence : DS-3T0510HP-E\/HS &#8211; HIKVISION <\/strong><\/li>\n<li>Type De Ports : Port RJ45, duplex int\u00e9gral, adaptatif MDI\/MDI-X<\/li>\n<li>Mode De Transfert : Commutation de stockage et retransmission<\/li>\n<li>Tableau Des Adresses MAC : 4K<\/li>\n<li>Capacit\u00e9 De Commutation : 20 Gbit\/s<\/li>\n<li>Taux De Transfert De Paquets : 14,88 Mpps<\/li>\n<li>Cache Interne : 1.5 Mbits<\/li>\n<li>Dimensions (L \u00d7 H \u00d7 P) : 197 mm \u00d7 114,2 mm \u00d7 42,2 mm<\/li>\n<li>Source De Courant : 48 \u00e0 57 Vcc, 2,5 A max.<\/li>\n<li>Poids : 0,585 kg<\/li>\n<\/ul>","protected":false},"featured_media":10300,"comment_status":"open","ping_status":"closed","template":"","meta":{"_acf_changed":false},"product_brand":[],"product_cat":[717,390],"product_tag":[],"class_list":{"0":"post-10299","1":"product","2":"type-product","3":"status-publish","4":"has-post-thumbnail","6":"product_cat-accessoires-ip","7":"product_cat-alarmes-et-video","9":"first","10":"instock","11":"taxable","12":"shipping-taxable","13":"product-type-simple"},"acf":[],"yoast_head":"<!-- This site is optimized with the Yoast SEO plugin v27.4 - https:\/\/yoast.com\/product\/yoast-seo-wordpress\/ -->\n<title>Switch - 8 Ports POE- Non Manageable - Gigabit 10\/1000 MBPS - K2group Distribution<\/title>\n<meta name=\"robots\" content=\"noindex, follow, max-snippet:-1, max-image-preview:large, max-video-preview:-1\" \/>\n<meta property=\"og:locale\" content=\"de_DE\" \/>\n<meta property=\"og:type\" content=\"article\" \/>\n<meta property=\"og:title\" content=\"Switch - 8 Ports POE- Non Manageable - Gigabit 10\/1000 MBPS - K2group Distribution\" \/>\n<meta property=\"og:description\" content=\"R\u00e9f\u00e9rence : DS-3T0510HP-E\/HS - HIKVISION   Type De Ports : Port RJ45, duplex int\u00e9gral, adaptatif MDI\/MDI-X  Mode De Transfert : Commutation de stockage et retransmission  Tableau Des Adresses MAC : 4K  Capacit\u00e9 De Commutation : 20 Gbit\/s  Taux De Transfert De Paquets : 14,88 Mpps  Cache Interne : 1.5 Mbits  Dimensions (L \u00d7 H \u00d7 P) : 197 mm \u00d7 114,2 mm \u00d7 42,2 mm  Source De Courant : 48 \u00e0 57 Vcc, 2,5 A max.  Poids : 0,585 kg\" \/>\n<meta property=\"og:url\" content=\"https:\/\/exciting-lichterman.217-160-28-49.plesk.page\/de\/produkt\/switch-8-ports-poe-non-manageable-gigabit-10-1000-mbps\/\" \/>\n<meta property=\"og:site_name\" content=\"K2group Distribution\" \/>\n<meta property=\"article:modified_time\" content=\"2023-05-31T09:19:33+00:00\" \/>\n<meta property=\"og:image\" content=\"https:\/\/exciting-lichterman.217-160-28-49.plesk.page\/wp-content\/uploads\/2022\/07\/DS-3T0510HP-E-HS-HIKVISION-01-scaled.webp\" \/>\n\t<meta property=\"og:image:width\" content=\"2560\" \/>\n\t<meta property=\"og:image:height\" content=\"2545\" \/>\n\t<meta property=\"og:image:type\" content=\"image\/webp\" \/>\n<meta name=\"twitter:card\" content=\"summary_large_image\" \/>\n<meta name=\"twitter:label1\" content=\"Gesch\u00e4tzte Lesezeit\" \/>\n\t<meta name=\"twitter:data1\" content=\"1\u00a0Minute\" \/>\n<script type=\"application\/ld+json\" class=\"yoast-schema-graph\">{\"@context\":\"https:\\\/\\\/schema.org\",\"@graph\":[{\"@type\":\"WebPage\",\"@id\":\"https:\\\/\\\/exciting-lichterman.217-160-28-49.plesk.page\\\/produit\\\/switch-8-ports-poe-non-manageable-gigabit-10-1000-mbps\\\/\",\"url\":\"https:\\\/\\\/exciting-lichterman.217-160-28-49.plesk.page\\\/produit\\\/switch-8-ports-poe-non-manageable-gigabit-10-1000-mbps\\\/\",\"name\":\"Switch - 8 Ports POE- Non Manageable - Gigabit 10\\\/1000 MBPS - K2group Distribution\",\"isPartOf\":{\"@id\":\"https:\\\/\\\/exciting-lichterman.217-160-28-49.plesk.page\\\/#website\"},\"primaryImageOfPage\":{\"@id\":\"https:\\\/\\\/exciting-lichterman.217-160-28-49.plesk.page\\\/produit\\\/switch-8-ports-poe-non-manageable-gigabit-10-1000-mbps\\\/#primaryimage\"},\"image\":{\"@id\":\"https:\\\/\\\/exciting-lichterman.217-160-28-49.plesk.page\\\/produit\\\/switch-8-ports-poe-non-manageable-gigabit-10-1000-mbps\\\/#primaryimage\"},\"thumbnailUrl\":\"https:\\\/\\\/exciting-lichterman.217-160-28-49.plesk.page\\\/wp-content\\\/uploads\\\/2022\\\/07\\\/DS-3T0510HP-E-HS-HIKVISION-01-scaled.webp\",\"datePublished\":\"2022-07-21T15:10:47+00:00\",\"dateModified\":\"2023-05-31T09:19:33+00:00\",\"breadcrumb\":{\"@id\":\"https:\\\/\\\/exciting-lichterman.217-160-28-49.plesk.page\\\/produit\\\/switch-8-ports-poe-non-manageable-gigabit-10-1000-mbps\\\/#breadcrumb\"},\"inLanguage\":\"de\",\"potentialAction\":[{\"@type\":\"ReadAction\",\"target\":[\"https:\\\/\\\/exciting-lichterman.217-160-28-49.plesk.page\\\/produit\\\/switch-8-ports-poe-non-manageable-gigabit-10-1000-mbps\\\/\"]}]},{\"@type\":\"ImageObject\",\"inLanguage\":\"de\",\"@id\":\"https:\\\/\\\/exciting-lichterman.217-160-28-49.plesk.page\\\/produit\\\/switch-8-ports-poe-non-manageable-gigabit-10-1000-mbps\\\/#primaryimage\",\"url\":\"https:\\\/\\\/exciting-lichterman.217-160-28-49.plesk.page\\\/wp-content\\\/uploads\\\/2022\\\/07\\\/DS-3T0510HP-E-HS-HIKVISION-01-scaled.webp\",\"contentUrl\":\"https:\\\/\\\/exciting-lichterman.217-160-28-49.plesk.page\\\/wp-content\\\/uploads\\\/2022\\\/07\\\/DS-3T0510HP-E-HS-HIKVISION-01-scaled.webp\",\"width\":2560,\"height\":2545},{\"@type\":\"BreadcrumbList\",\"@id\":\"https:\\\/\\\/exciting-lichterman.217-160-28-49.plesk.page\\\/produit\\\/switch-8-ports-poe-non-manageable-gigabit-10-1000-mbps\\\/#breadcrumb\",\"itemListElement\":[{\"@type\":\"ListItem\",\"position\":1,\"name\":\"Accueil\",\"item\":\"https:\\\/\\\/exciting-lichterman.217-160-28-49.plesk.page\\\/\"},{\"@type\":\"ListItem\",\"position\":2,\"name\":\"Boutique\",\"item\":\"https:\\\/\\\/exciting-lichterman.217-160-28-49.plesk.page\\\/boutique\\\/\"},{\"@type\":\"ListItem\",\"position\":3,\"name\":\"Switch &#8211; 8 Ports POE- Non Manageable &#8211; Gigabit 10\\\/1000 MBPS\"}]},{\"@type\":\"WebSite\",\"@id\":\"https:\\\/\\\/exciting-lichterman.217-160-28-49.plesk.page\\\/#website\",\"url\":\"https:\\\/\\\/exciting-lichterman.217-160-28-49.plesk.page\\\/\",\"name\":\"K2group Distribution\",\"description\":\"\",\"publisher\":{\"@id\":\"https:\\\/\\\/exciting-lichterman.217-160-28-49.plesk.page\\\/#organization\"},\"potentialAction\":[{\"@type\":\"SearchAction\",\"target\":{\"@type\":\"EntryPoint\",\"urlTemplate\":\"https:\\\/\\\/exciting-lichterman.217-160-28-49.plesk.page\\\/?s={search_term_string}\"},\"query-input\":{\"@type\":\"PropertyValueSpecification\",\"valueRequired\":true,\"valueName\":\"search_term_string\"}}],\"inLanguage\":\"de\"},{\"@type\":\"Organization\",\"@id\":\"https:\\\/\\\/exciting-lichterman.217-160-28-49.plesk.page\\\/#organization\",\"name\":\"K2group Distribution\",\"url\":\"https:\\\/\\\/exciting-lichterman.217-160-28-49.plesk.page\\\/\",\"logo\":{\"@type\":\"ImageObject\",\"inLanguage\":\"de\",\"@id\":\"https:\\\/\\\/exciting-lichterman.217-160-28-49.plesk.page\\\/#\\\/schema\\\/logo\\\/image\\\/\",\"url\":\"https:\\\/\\\/exciting-lichterman.217-160-28-49.plesk.page\\\/wp-content\\\/uploads\\\/2022\\\/04\\\/logo-K2.png\",\"contentUrl\":\"https:\\\/\\\/exciting-lichterman.217-160-28-49.plesk.page\\\/wp-content\\\/uploads\\\/2022\\\/04\\\/logo-K2.png\",\"width\":155,\"height\":66,\"caption\":\"K2group Distribution\"},\"image\":{\"@id\":\"https:\\\/\\\/exciting-lichterman.217-160-28-49.plesk.page\\\/#\\\/schema\\\/logo\\\/image\\\/\"}}]}<\/script>\n<!-- \/ Yoast SEO plugin. -->","yoast_head_json":{"title":"Switch - 8 Ports POE- Non Manageable - Gigabit 10\/1000 MBPS - K2group Distribution","robots":{"index":"noindex","follow":"follow","max-snippet":"max-snippet:-1","max-image-preview":"max-image-preview:large","max-video-preview":"max-video-preview:-1"},"og_locale":"de_DE","og_type":"article","og_title":"Switch - 8 Ports POE- Non Manageable - Gigabit 10\/1000 MBPS - K2group Distribution","og_description":"R\u00e9f\u00e9rence : DS-3T0510HP-E\/HS - HIKVISION   Type De Ports : Port RJ45, duplex int\u00e9gral, adaptatif MDI\/MDI-X  Mode De Transfert : Commutation de stockage et retransmission  Tableau Des Adresses MAC : 4K  Capacit\u00e9 De Commutation : 20 Gbit\/s  Taux De Transfert De Paquets : 14,88 Mpps  Cache Interne : 1.5 Mbits  Dimensions (L \u00d7 H \u00d7 P) : 197 mm \u00d7 114,2 mm \u00d7 42,2 mm  Source De Courant : 48 \u00e0 57 Vcc, 2,5 A max.  Poids : 0,585 kg","og_url":"https:\/\/exciting-lichterman.217-160-28-49.plesk.page\/de\/produkt\/switch-8-ports-poe-non-manageable-gigabit-10-1000-mbps\/","og_site_name":"K2group Distribution","article_modified_time":"2023-05-31T09:19:33+00:00","og_image":[{"width":2560,"height":2545,"url":"https:\/\/exciting-lichterman.217-160-28-49.plesk.page\/wp-content\/uploads\/2022\/07\/DS-3T0510HP-E-HS-HIKVISION-01-scaled.webp","type":"image\/webp"}],"twitter_card":"summary_large_image","twitter_misc":{"Gesch\u00e4tzte Lesezeit":"1\u00a0Minute"},"schema":{"@context":"https:\/\/schema.org","@graph":[{"@type":"WebPage","@id":"https:\/\/exciting-lichterman.217-160-28-49.plesk.page\/produit\/switch-8-ports-poe-non-manageable-gigabit-10-1000-mbps\/","url":"https:\/\/exciting-lichterman.217-160-28-49.plesk.page\/produit\/switch-8-ports-poe-non-manageable-gigabit-10-1000-mbps\/","name":"Switch - 8 Ports POE- Non Manageable - Gigabit 10\/1000 MBPS - K2group Distribution","isPartOf":{"@id":"https:\/\/exciting-lichterman.217-160-28-49.plesk.page\/#website"},"primaryImageOfPage":{"@id":"https:\/\/exciting-lichterman.217-160-28-49.plesk.page\/produit\/switch-8-ports-poe-non-manageable-gigabit-10-1000-mbps\/#primaryimage"},"image":{"@id":"https:\/\/exciting-lichterman.217-160-28-49.plesk.page\/produit\/switch-8-ports-poe-non-manageable-gigabit-10-1000-mbps\/#primaryimage"},"thumbnailUrl":"https:\/\/exciting-lichterman.217-160-28-49.plesk.page\/wp-content\/uploads\/2022\/07\/DS-3T0510HP-E-HS-HIKVISION-01-scaled.webp","datePublished":"2022-07-21T15:10:47+00:00","dateModified":"2023-05-31T09:19:33+00:00","breadcrumb":{"@id":"https:\/\/exciting-lichterman.217-160-28-49.plesk.page\/produit\/switch-8-ports-poe-non-manageable-gigabit-10-1000-mbps\/#breadcrumb"},"inLanguage":"de","potentialAction":[{"@type":"ReadAction","target":["https:\/\/exciting-lichterman.217-160-28-49.plesk.page\/produit\/switch-8-ports-poe-non-manageable-gigabit-10-1000-mbps\/"]}]},{"@type":"ImageObject","inLanguage":"de","@id":"https:\/\/exciting-lichterman.217-160-28-49.plesk.page\/produit\/switch-8-ports-poe-non-manageable-gigabit-10-1000-mbps\/#primaryimage","url":"https:\/\/exciting-lichterman.217-160-28-49.plesk.page\/wp-content\/uploads\/2022\/07\/DS-3T0510HP-E-HS-HIKVISION-01-scaled.webp","contentUrl":"https:\/\/exciting-lichterman.217-160-28-49.plesk.page\/wp-content\/uploads\/2022\/07\/DS-3T0510HP-E-HS-HIKVISION-01-scaled.webp","width":2560,"height":2545},{"@type":"BreadcrumbList","@id":"https:\/\/exciting-lichterman.217-160-28-49.plesk.page\/produit\/switch-8-ports-poe-non-manageable-gigabit-10-1000-mbps\/#breadcrumb","itemListElement":[{"@type":"ListItem","position":1,"name":"Accueil","item":"https:\/\/exciting-lichterman.217-160-28-49.plesk.page\/"},{"@type":"ListItem","position":2,"name":"Boutique","item":"https:\/\/exciting-lichterman.217-160-28-49.plesk.page\/boutique\/"},{"@type":"ListItem","position":3,"name":"Switch &#8211; 8 Ports POE- Non Manageable &#8211; Gigabit 10\/1000 MBPS"}]},{"@type":"WebSite","@id":"https:\/\/exciting-lichterman.217-160-28-49.plesk.page\/#website","url":"https:\/\/exciting-lichterman.217-160-28-49.plesk.page\/","name":"K2group Distribution","description":"","publisher":{"@id":"https:\/\/exciting-lichterman.217-160-28-49.plesk.page\/#organization"},"potentialAction":[{"@type":"SearchAction","target":{"@type":"EntryPoint","urlTemplate":"https:\/\/exciting-lichterman.217-160-28-49.plesk.page\/?s={search_term_string}"},"query-input":{"@type":"PropertyValueSpecification","valueRequired":true,"valueName":"search_term_string"}}],"inLanguage":"de"},{"@type":"Organization","@id":"https:\/\/exciting-lichterman.217-160-28-49.plesk.page\/#organization","name":"K2group Distribution","url":"https:\/\/exciting-lichterman.217-160-28-49.plesk.page\/","logo":{"@type":"ImageObject","inLanguage":"de","@id":"https:\/\/exciting-lichterman.217-160-28-49.plesk.page\/#\/schema\/logo\/image\/","url":"https:\/\/exciting-lichterman.217-160-28-49.plesk.page\/wp-content\/uploads\/2022\/04\/logo-K2.png","contentUrl":"https:\/\/exciting-lichterman.217-160-28-49.plesk.page\/wp-content\/uploads\/2022\/04\/logo-K2.png","width":155,"height":66,"caption":"K2group Distribution"},"image":{"@id":"https:\/\/exciting-lichterman.217-160-28-49.plesk.page\/#\/schema\/logo\/image\/"}}]}},"_links":{"self":[{"href":"https:\/\/exciting-lichterman.217-160-28-49.plesk.page\/de\/wp-json\/wp\/v2\/product\/10299","targetHints":{"allow":["GET"]}}],"collection":[{"href":"https:\/\/exciting-lichterman.217-160-28-49.plesk.page\/de\/wp-json\/wp\/v2\/product"}],"about":[{"href":"https:\/\/exciting-lichterman.217-160-28-49.plesk.page\/de\/wp-json\/wp\/v2\/types\/product"}],"replies":[{"embeddable":true,"href":"https:\/\/exciting-lichterman.217-160-28-49.plesk.page\/de\/wp-json\/wp\/v2\/comments?post=10299"}],"version-history":[{"count":5,"href":"https:\/\/exciting-lichterman.217-160-28-49.plesk.page\/de\/wp-json\/wp\/v2\/product\/10299\/revisions"}],"predecessor-version":[{"id":17317,"href":"https:\/\/exciting-lichterman.217-160-28-49.plesk.page\/de\/wp-json\/wp\/v2\/product\/10299\/revisions\/17317"}],"wp:featuredmedia":[{"embeddable":true,"href":"https:\/\/exciting-lichterman.217-160-28-49.plesk.page\/de\/wp-json\/wp\/v2\/media\/10300"}],"wp:attachment":[{"href":"https:\/\/exciting-lichterman.217-160-28-49.plesk.page\/de\/wp-json\/wp\/v2\/media?parent=10299"}],"wp:term":[{"taxonomy":"product_brand","embeddable":true,"href":"https:\/\/exciting-lichterman.217-160-28-49.plesk.page\/de\/wp-json\/wp\/v2\/product_brand?post=10299"},{"taxonomy":"product_cat","embeddable":true,"href":"https:\/\/exciting-lichterman.217-160-28-49.plesk.page\/de\/wp-json\/wp\/v2\/product_cat?post=10299"},{"taxonomy":"product_tag","embeddable":true,"href":"https:\/\/exciting-lichterman.217-160-28-49.plesk.page\/de\/wp-json\/wp\/v2\/product_tag?post=10299"}],"curies":[{"name":"wp","href":"https:\/\/api.w.org\/{rel}","templated":true}]}}