{"id":10116,"date":"2022-07-21T10:58:04","date_gmt":"2022-07-21T10:58:04","guid":{"rendered":"https:\/\/practical-elbakyan.82-165-223-183.plesk.page\/?post_type=product&#038;p=10116"},"modified":"2023-05-29T16:37:55","modified_gmt":"2023-05-29T16:37:55","slug":"dome-hdtvi-5-mpxls-ff-2-8mm","status":"publish","type":"product","link":"https:\/\/exciting-lichterman.217-160-28-49.plesk.page\/de\/produkt\/dome-hdtvi-5-mpxls-ff-2-8mm\/","title":{"rendered":"D\u00f4me HDTVI &#8211; 5 MPXLS &#8211; FF 2.8mm"},"content":{"rendered":"<h2 style=\"font-family:Poppins;font-size:14px; font-weight:400!important; line-height:2\">Cette cam\u00e9ra tourelle 5 MP bas\u00e9e sur la technologie infrarouge avanc\u00e9e avec une distance infrarouge de 30 m vous offre une meilleure qualit\u00e9 d\u2019enregistrement vid\u00e9o ayant une r\u00e9solution de 2560 \u00d7 1944. R\u00e9sistante \u00e0 l&rsquo;eau et \u00e0 la poussi\u00e8re, la cam\u00e9ra HIKVISION peut \u00eatre fix\u00e9 \u00e0 l\u2019int\u00e9rieur ou \u00e0 l\u2019ext\u00e9rieur sans aucun risque de perte de qualit\u00e9 d\u2019image.<\/h2>\n<p> Ainsi, la cam\u00e9ra 5 MP HIKVISION peut \u00eatre mont\u00e9 en divers montages comme le montage mural, le montage sur poteau vertical, le montage en angle ou en bo\u00eete de jonction en utilisant l\u2019outil correspondant dans les accessoires de K2.<\/p>","protected":false},"excerpt":{"rendered":"<ul>\n<li><strong>R\u00e9f\u00e9rence : DS-2CE76H0T-ITMF(2.8mm)(C)<\/strong><\/li>\n<li>Couleur : Blanc<\/li>\n<li>Objectif : 5 MP<\/li>\n<li>R\u00e9solution maximale : 2560 \u00d7 1944<\/li>\n<li>Port\u00e9e Infrarouge : jusqu&rsquo;\u00e0 30 m<\/li>\n<li>Dimensions : \u03a6 82.6 mm \u00d7 90 mm \u00d7 79.37 mm<\/li>\n<li>Entr\u00e9es vid\u00e9o : 4 en 1 (commutable TVI\/AHD\/CVI\/CVBS)<\/li>\n<li>Distance focale : 2.4 mm, 2.8 mm, 3.6 mm et 6 mm fixes<\/li>\n<li>Condition de fonctionnement : -40 \u00b0C \u00e0 60 \u00b0C, humidit\u00e9 : 90 % ou moins (sans condensation)<\/li>\n<li>Alimentation : 12 VDC \u00b1 25%<\/li>\n<li>Mat\u00e9riau : M\u00e9tal<\/li>\n<li>Poids : 289 g<\/li>\n<\/ul>","protected":false},"featured_media":10122,"comment_status":"open","ping_status":"closed","template":"","meta":{"_acf_changed":false},"product_brand":[],"product_cat":[390,718],"product_tag":[],"class_list":{"0":"post-10116","1":"product","2":"type-product","3":"status-publish","4":"has-post-thumbnail","6":"product_cat-alarmes-et-video","7":"product_cat-camera-coax","9":"first","10":"instock","11":"taxable","12":"shipping-taxable","13":"product-type-simple"},"acf":[],"yoast_head":"<!-- This site is optimized with the Yoast SEO plugin v27.4 - https:\/\/yoast.com\/product\/yoast-seo-wordpress\/ -->\n<title>D\u00f4me HDTVI - 5 MPXLS - FF 2.8mm - K2group Distribution<\/title>\n<meta name=\"robots\" content=\"noindex, follow, max-snippet:-1, max-image-preview:large, max-video-preview:-1\" \/>\n<meta property=\"og:locale\" content=\"de_DE\" \/>\n<meta property=\"og:type\" content=\"article\" \/>\n<meta property=\"og:title\" content=\"D\u00f4me HDTVI - 5 MPXLS - FF 2.8mm - K2group Distribution\" \/>\n<meta property=\"og:description\" content=\"R\u00e9f\u00e9rence : DS-2CE76H0T-ITMF(2.8mm)(C)  Couleur : Blanc  Objectif : 5 MP  R\u00e9solution maximale : 2560 \u00d7 1944  Port\u00e9e Infrarouge : jusqu&#039;\u00e0 30 m  Dimensions : \u03a6 82.6 mm \u00d7 90 mm \u00d7 79.37 mm  Entr\u00e9es vid\u00e9o : 4 en 1 (commutable TVI\/AHD\/CVI\/CVBS)  Distance focale : 2.4 mm, 2.8 mm, 3.6 mm et 6 mm fixes  Condition de fonctionnement : -40 \u00b0C \u00e0 60 \u00b0C, humidit\u00e9 : 90 % ou moins (sans condensation)  Alimentation : 12 VDC \u00b1 25%  Mat\u00e9riau : M\u00e9tal  Poids : 289 g\" \/>\n<meta property=\"og:url\" content=\"https:\/\/exciting-lichterman.217-160-28-49.plesk.page\/de\/produkt\/dome-hdtvi-5-mpxls-ff-2-8mm\/\" \/>\n<meta property=\"og:site_name\" content=\"K2group Distribution\" \/>\n<meta property=\"article:modified_time\" content=\"2023-05-29T16:37:55+00:00\" \/>\n<meta property=\"og:image\" content=\"https:\/\/exciting-lichterman.217-160-28-49.plesk.page\/wp-content\/uploads\/2022\/07\/DS-2CE59H8T-AVPIT3ZF2.7-13.5mm-01-1-scaled.webp\" \/>\n\t<meta property=\"og:image:width\" content=\"2560\" \/>\n\t<meta property=\"og:image:height\" content=\"2545\" \/>\n\t<meta property=\"og:image:type\" content=\"image\/webp\" \/>\n<meta name=\"twitter:card\" content=\"summary_large_image\" \/>\n<meta name=\"twitter:label1\" content=\"Gesch\u00e4tzte Lesezeit\" \/>\n\t<meta name=\"twitter:data1\" content=\"1\u00a0Minute\" \/>\n<script type=\"application\/ld+json\" class=\"yoast-schema-graph\">{\"@context\":\"https:\\\/\\\/schema.org\",\"@graph\":[{\"@type\":\"WebPage\",\"@id\":\"https:\\\/\\\/exciting-lichterman.217-160-28-49.plesk.page\\\/produit\\\/dome-hdtvi-5-mpxls-ff-2-8mm\\\/\",\"url\":\"https:\\\/\\\/exciting-lichterman.217-160-28-49.plesk.page\\\/produit\\\/dome-hdtvi-5-mpxls-ff-2-8mm\\\/\",\"name\":\"D\u00f4me HDTVI - 5 MPXLS - FF 2.8mm - K2group Distribution\",\"isPartOf\":{\"@id\":\"https:\\\/\\\/exciting-lichterman.217-160-28-49.plesk.page\\\/#website\"},\"primaryImageOfPage\":{\"@id\":\"https:\\\/\\\/exciting-lichterman.217-160-28-49.plesk.page\\\/produit\\\/dome-hdtvi-5-mpxls-ff-2-8mm\\\/#primaryimage\"},\"image\":{\"@id\":\"https:\\\/\\\/exciting-lichterman.217-160-28-49.plesk.page\\\/produit\\\/dome-hdtvi-5-mpxls-ff-2-8mm\\\/#primaryimage\"},\"thumbnailUrl\":\"https:\\\/\\\/exciting-lichterman.217-160-28-49.plesk.page\\\/wp-content\\\/uploads\\\/2022\\\/07\\\/DS-2CE59H8T-AVPIT3ZF2.7-13.5mm-01-1-scaled.webp\",\"datePublished\":\"2022-07-21T10:58:04+00:00\",\"dateModified\":\"2023-05-29T16:37:55+00:00\",\"breadcrumb\":{\"@id\":\"https:\\\/\\\/exciting-lichterman.217-160-28-49.plesk.page\\\/produit\\\/dome-hdtvi-5-mpxls-ff-2-8mm\\\/#breadcrumb\"},\"inLanguage\":\"de\",\"potentialAction\":[{\"@type\":\"ReadAction\",\"target\":[\"https:\\\/\\\/exciting-lichterman.217-160-28-49.plesk.page\\\/produit\\\/dome-hdtvi-5-mpxls-ff-2-8mm\\\/\"]}]},{\"@type\":\"ImageObject\",\"inLanguage\":\"de\",\"@id\":\"https:\\\/\\\/exciting-lichterman.217-160-28-49.plesk.page\\\/produit\\\/dome-hdtvi-5-mpxls-ff-2-8mm\\\/#primaryimage\",\"url\":\"https:\\\/\\\/exciting-lichterman.217-160-28-49.plesk.page\\\/wp-content\\\/uploads\\\/2022\\\/07\\\/DS-2CE59H8T-AVPIT3ZF2.7-13.5mm-01-1-scaled.webp\",\"contentUrl\":\"https:\\\/\\\/exciting-lichterman.217-160-28-49.plesk.page\\\/wp-content\\\/uploads\\\/2022\\\/07\\\/DS-2CE59H8T-AVPIT3ZF2.7-13.5mm-01-1-scaled.webp\",\"width\":2560,\"height\":2545},{\"@type\":\"BreadcrumbList\",\"@id\":\"https:\\\/\\\/exciting-lichterman.217-160-28-49.plesk.page\\\/produit\\\/dome-hdtvi-5-mpxls-ff-2-8mm\\\/#breadcrumb\",\"itemListElement\":[{\"@type\":\"ListItem\",\"position\":1,\"name\":\"Accueil\",\"item\":\"https:\\\/\\\/exciting-lichterman.217-160-28-49.plesk.page\\\/\"},{\"@type\":\"ListItem\",\"position\":2,\"name\":\"Boutique\",\"item\":\"https:\\\/\\\/exciting-lichterman.217-160-28-49.plesk.page\\\/boutique\\\/\"},{\"@type\":\"ListItem\",\"position\":3,\"name\":\"D\u00f4me HDTVI &#8211; 5 MPXLS &#8211; FF 2.8mm\"}]},{\"@type\":\"WebSite\",\"@id\":\"https:\\\/\\\/exciting-lichterman.217-160-28-49.plesk.page\\\/#website\",\"url\":\"https:\\\/\\\/exciting-lichterman.217-160-28-49.plesk.page\\\/\",\"name\":\"K2group Distribution\",\"description\":\"\",\"publisher\":{\"@id\":\"https:\\\/\\\/exciting-lichterman.217-160-28-49.plesk.page\\\/#organization\"},\"potentialAction\":[{\"@type\":\"SearchAction\",\"target\":{\"@type\":\"EntryPoint\",\"urlTemplate\":\"https:\\\/\\\/exciting-lichterman.217-160-28-49.plesk.page\\\/?s={search_term_string}\"},\"query-input\":{\"@type\":\"PropertyValueSpecification\",\"valueRequired\":true,\"valueName\":\"search_term_string\"}}],\"inLanguage\":\"de\"},{\"@type\":\"Organization\",\"@id\":\"https:\\\/\\\/exciting-lichterman.217-160-28-49.plesk.page\\\/#organization\",\"name\":\"K2group Distribution\",\"url\":\"https:\\\/\\\/exciting-lichterman.217-160-28-49.plesk.page\\\/\",\"logo\":{\"@type\":\"ImageObject\",\"inLanguage\":\"de\",\"@id\":\"https:\\\/\\\/exciting-lichterman.217-160-28-49.plesk.page\\\/#\\\/schema\\\/logo\\\/image\\\/\",\"url\":\"https:\\\/\\\/exciting-lichterman.217-160-28-49.plesk.page\\\/wp-content\\\/uploads\\\/2022\\\/04\\\/logo-K2.png\",\"contentUrl\":\"https:\\\/\\\/exciting-lichterman.217-160-28-49.plesk.page\\\/wp-content\\\/uploads\\\/2022\\\/04\\\/logo-K2.png\",\"width\":155,\"height\":66,\"caption\":\"K2group Distribution\"},\"image\":{\"@id\":\"https:\\\/\\\/exciting-lichterman.217-160-28-49.plesk.page\\\/#\\\/schema\\\/logo\\\/image\\\/\"}}]}<\/script>\n<!-- \/ Yoast SEO plugin. -->","yoast_head_json":{"title":"D\u00f4me HDTVI - 5 MPXLS - FF 2.8mm - K2group Distribution","robots":{"index":"noindex","follow":"follow","max-snippet":"max-snippet:-1","max-image-preview":"max-image-preview:large","max-video-preview":"max-video-preview:-1"},"og_locale":"de_DE","og_type":"article","og_title":"D\u00f4me HDTVI - 5 MPXLS - FF 2.8mm - K2group Distribution","og_description":"R\u00e9f\u00e9rence : DS-2CE76H0T-ITMF(2.8mm)(C)  Couleur : Blanc  Objectif : 5 MP  R\u00e9solution maximale : 2560 \u00d7 1944  Port\u00e9e Infrarouge : jusqu'\u00e0 30 m  Dimensions : \u03a6 82.6 mm \u00d7 90 mm \u00d7 79.37 mm  Entr\u00e9es vid\u00e9o : 4 en 1 (commutable TVI\/AHD\/CVI\/CVBS)  Distance focale : 2.4 mm, 2.8 mm, 3.6 mm et 6 mm fixes  Condition de fonctionnement : -40 \u00b0C \u00e0 60 \u00b0C, humidit\u00e9 : 90 % ou moins (sans condensation)  Alimentation : 12 VDC \u00b1 25%  Mat\u00e9riau : M\u00e9tal  Poids : 289 g","og_url":"https:\/\/exciting-lichterman.217-160-28-49.plesk.page\/de\/produkt\/dome-hdtvi-5-mpxls-ff-2-8mm\/","og_site_name":"K2group Distribution","article_modified_time":"2023-05-29T16:37:55+00:00","og_image":[{"width":2560,"height":2545,"url":"https:\/\/exciting-lichterman.217-160-28-49.plesk.page\/wp-content\/uploads\/2022\/07\/DS-2CE59H8T-AVPIT3ZF2.7-13.5mm-01-1-scaled.webp","type":"image\/webp"}],"twitter_card":"summary_large_image","twitter_misc":{"Gesch\u00e4tzte Lesezeit":"1\u00a0Minute"},"schema":{"@context":"https:\/\/schema.org","@graph":[{"@type":"WebPage","@id":"https:\/\/exciting-lichterman.217-160-28-49.plesk.page\/produit\/dome-hdtvi-5-mpxls-ff-2-8mm\/","url":"https:\/\/exciting-lichterman.217-160-28-49.plesk.page\/produit\/dome-hdtvi-5-mpxls-ff-2-8mm\/","name":"D\u00f4me HDTVI - 5 MPXLS - FF 2.8mm - K2group Distribution","isPartOf":{"@id":"https:\/\/exciting-lichterman.217-160-28-49.plesk.page\/#website"},"primaryImageOfPage":{"@id":"https:\/\/exciting-lichterman.217-160-28-49.plesk.page\/produit\/dome-hdtvi-5-mpxls-ff-2-8mm\/#primaryimage"},"image":{"@id":"https:\/\/exciting-lichterman.217-160-28-49.plesk.page\/produit\/dome-hdtvi-5-mpxls-ff-2-8mm\/#primaryimage"},"thumbnailUrl":"https:\/\/exciting-lichterman.217-160-28-49.plesk.page\/wp-content\/uploads\/2022\/07\/DS-2CE59H8T-AVPIT3ZF2.7-13.5mm-01-1-scaled.webp","datePublished":"2022-07-21T10:58:04+00:00","dateModified":"2023-05-29T16:37:55+00:00","breadcrumb":{"@id":"https:\/\/exciting-lichterman.217-160-28-49.plesk.page\/produit\/dome-hdtvi-5-mpxls-ff-2-8mm\/#breadcrumb"},"inLanguage":"de","potentialAction":[{"@type":"ReadAction","target":["https:\/\/exciting-lichterman.217-160-28-49.plesk.page\/produit\/dome-hdtvi-5-mpxls-ff-2-8mm\/"]}]},{"@type":"ImageObject","inLanguage":"de","@id":"https:\/\/exciting-lichterman.217-160-28-49.plesk.page\/produit\/dome-hdtvi-5-mpxls-ff-2-8mm\/#primaryimage","url":"https:\/\/exciting-lichterman.217-160-28-49.plesk.page\/wp-content\/uploads\/2022\/07\/DS-2CE59H8T-AVPIT3ZF2.7-13.5mm-01-1-scaled.webp","contentUrl":"https:\/\/exciting-lichterman.217-160-28-49.plesk.page\/wp-content\/uploads\/2022\/07\/DS-2CE59H8T-AVPIT3ZF2.7-13.5mm-01-1-scaled.webp","width":2560,"height":2545},{"@type":"BreadcrumbList","@id":"https:\/\/exciting-lichterman.217-160-28-49.plesk.page\/produit\/dome-hdtvi-5-mpxls-ff-2-8mm\/#breadcrumb","itemListElement":[{"@type":"ListItem","position":1,"name":"Accueil","item":"https:\/\/exciting-lichterman.217-160-28-49.plesk.page\/"},{"@type":"ListItem","position":2,"name":"Boutique","item":"https:\/\/exciting-lichterman.217-160-28-49.plesk.page\/boutique\/"},{"@type":"ListItem","position":3,"name":"D\u00f4me HDTVI &#8211; 5 MPXLS &#8211; FF 2.8mm"}]},{"@type":"WebSite","@id":"https:\/\/exciting-lichterman.217-160-28-49.plesk.page\/#website","url":"https:\/\/exciting-lichterman.217-160-28-49.plesk.page\/","name":"K2group Distribution","description":"","publisher":{"@id":"https:\/\/exciting-lichterman.217-160-28-49.plesk.page\/#organization"},"potentialAction":[{"@type":"SearchAction","target":{"@type":"EntryPoint","urlTemplate":"https:\/\/exciting-lichterman.217-160-28-49.plesk.page\/?s={search_term_string}"},"query-input":{"@type":"PropertyValueSpecification","valueRequired":true,"valueName":"search_term_string"}}],"inLanguage":"de"},{"@type":"Organization","@id":"https:\/\/exciting-lichterman.217-160-28-49.plesk.page\/#organization","name":"K2group Distribution","url":"https:\/\/exciting-lichterman.217-160-28-49.plesk.page\/","logo":{"@type":"ImageObject","inLanguage":"de","@id":"https:\/\/exciting-lichterman.217-160-28-49.plesk.page\/#\/schema\/logo\/image\/","url":"https:\/\/exciting-lichterman.217-160-28-49.plesk.page\/wp-content\/uploads\/2022\/04\/logo-K2.png","contentUrl":"https:\/\/exciting-lichterman.217-160-28-49.plesk.page\/wp-content\/uploads\/2022\/04\/logo-K2.png","width":155,"height":66,"caption":"K2group Distribution"},"image":{"@id":"https:\/\/exciting-lichterman.217-160-28-49.plesk.page\/#\/schema\/logo\/image\/"}}]}},"_links":{"self":[{"href":"https:\/\/exciting-lichterman.217-160-28-49.plesk.page\/de\/wp-json\/wp\/v2\/product\/10116","targetHints":{"allow":["GET"]}}],"collection":[{"href":"https:\/\/exciting-lichterman.217-160-28-49.plesk.page\/de\/wp-json\/wp\/v2\/product"}],"about":[{"href":"https:\/\/exciting-lichterman.217-160-28-49.plesk.page\/de\/wp-json\/wp\/v2\/types\/product"}],"replies":[{"embeddable":true,"href":"https:\/\/exciting-lichterman.217-160-28-49.plesk.page\/de\/wp-json\/wp\/v2\/comments?post=10116"}],"version-history":[{"count":3,"href":"https:\/\/exciting-lichterman.217-160-28-49.plesk.page\/de\/wp-json\/wp\/v2\/product\/10116\/revisions"}],"predecessor-version":[{"id":17019,"href":"https:\/\/exciting-lichterman.217-160-28-49.plesk.page\/de\/wp-json\/wp\/v2\/product\/10116\/revisions\/17019"}],"wp:featuredmedia":[{"embeddable":true,"href":"https:\/\/exciting-lichterman.217-160-28-49.plesk.page\/de\/wp-json\/wp\/v2\/media\/10122"}],"wp:attachment":[{"href":"https:\/\/exciting-lichterman.217-160-28-49.plesk.page\/de\/wp-json\/wp\/v2\/media?parent=10116"}],"wp:term":[{"taxonomy":"product_brand","embeddable":true,"href":"https:\/\/exciting-lichterman.217-160-28-49.plesk.page\/de\/wp-json\/wp\/v2\/product_brand?post=10116"},{"taxonomy":"product_cat","embeddable":true,"href":"https:\/\/exciting-lichterman.217-160-28-49.plesk.page\/de\/wp-json\/wp\/v2\/product_cat?post=10116"},{"taxonomy":"product_tag","embeddable":true,"href":"https:\/\/exciting-lichterman.217-160-28-49.plesk.page\/de\/wp-json\/wp\/v2\/product_tag?post=10116"}],"curies":[{"name":"wp","href":"https:\/\/api.w.org\/{rel}","templated":true}]}}