{"id":43,"date":"2017-12-17T10:06:43","date_gmt":"2017-12-17T10:06:43","guid":{"rendered":"https:\/\/practical-elbakyan.82-165-223-183.plesk.page\/index.php\/about\/"},"modified":"2022-11-14T16:04:03","modified_gmt":"2022-11-14T16:04:03","slug":"a-propos","status":"publish","type":"page","link":"https:\/\/exciting-lichterman.217-160-28-49.plesk.page\/de\/a-propos\/","title":{"rendered":"A propos"},"content":{"rendered":"<div data-elementor-type=\"wp-post\" data-elementor-id=\"43\" class=\"elementor elementor-43\">\n\t\t\t\t\t\t<section class=\"elementor-section elementor-top-section elementor-element elementor-element-8c39fce elementor-section-content-middle elementor-section-boxed elementor-section-height-default elementor-section-height-default wpr-particle-no wpr-jarallax-no wpr-parallax-no wpr-sticky-section-no wpr-equal-height-no\" data-id=\"8c39fce\" data-element_type=\"section\" data-e-type=\"section\" data-settings=\"{&quot;background_background&quot;:&quot;classic&quot;}\">\n\t\t\t\t\t\t\t<div class=\"elementor-background-overlay\"><\/div>\n\t\t\t\t\t\t\t<div class=\"elementor-container elementor-column-gap-no\">\n\t\t\t\t\t<div class=\"elementor-column elementor-col-100 elementor-top-column elementor-element elementor-element-b1952b1\" data-id=\"b1952b1\" data-element_type=\"column\" data-e-type=\"column\">\n\t\t\t<div class=\"elementor-widget-wrap elementor-element-populated\">\n\t\t\t\t\t\t<div class=\"elementor-element elementor-element-03b93f0 elementor-widget elementor-widget-heading\" data-id=\"03b93f0\" data-element_type=\"widget\" data-e-type=\"widget\" data-widget_type=\"heading.default\">\n\t\t\t\t<div class=\"elementor-widget-container\">\n\t\t\t\t\t<h1 class=\"elementor-heading-title elementor-size-default\">A PROPOS<\/h1>\t\t\t\t<\/div>\n\t\t\t\t<\/div>\n\t\t\t\t\t<\/div>\n\t\t<\/div>\n\t\t\t\t\t<\/div>\n\t\t<\/section>\n\t\t\t\t<section class=\"elementor-section elementor-top-section elementor-element elementor-element-d28c655 elementor-section-full_width elementor-section-height-default elementor-section-height-default wpr-particle-no wpr-jarallax-no wpr-parallax-no wpr-sticky-section-no wpr-equal-height-no\" data-id=\"d28c655\" data-element_type=\"section\" data-e-type=\"section\" data-settings=\"{&quot;background_background&quot;:&quot;classic&quot;}\">\n\t\t\t\t\t\t<div class=\"elementor-container elementor-column-gap-default\">\n\t\t\t\t\t<div class=\"elementor-column elementor-col-100 elementor-top-column elementor-element elementor-element-997bde8\" data-id=\"997bde8\" data-element_type=\"column\" data-e-type=\"column\">\n\t\t\t<div class=\"elementor-widget-wrap elementor-element-populated\">\n\t\t\t\t\t\t<section class=\"elementor-section elementor-inner-section elementor-element elementor-element-d27aeb0 elementor-section-content-middle elementor-section-boxed elementor-section-height-default elementor-section-height-default wpr-particle-no wpr-jarallax-no wpr-parallax-no wpr-sticky-section-no wpr-equal-height-no\" data-id=\"d27aeb0\" data-element_type=\"section\" data-e-type=\"section\">\n\t\t\t\t\t\t<div class=\"elementor-container elementor-column-gap-no\">\n\t\t\t\t\t<div class=\"elementor-column elementor-col-50 elementor-inner-column elementor-element elementor-element-e62ab68\" data-id=\"e62ab68\" data-element_type=\"column\" data-e-type=\"column\" data-settings=\"{&quot;background_background&quot;:&quot;classic&quot;}\">\n\t\t\t<div class=\"elementor-widget-wrap elementor-element-populated\">\n\t\t\t\t\t\t<div class=\"elementor-element elementor-element-ef5188a elementor-widget elementor-widget-image-box\" data-id=\"ef5188a\" data-element_type=\"widget\" data-e-type=\"widget\" data-widget_type=\"image-box.default\">\n\t\t\t\t<div class=\"elementor-widget-container\">\n\t\t\t\t\t<div class=\"elementor-image-box-wrapper\"><div class=\"elementor-image-box-content\"><p class=\"elementor-image-box-description\">K2 GROUP est une soci\u00e9t\u00e9 sp\u00e9cialis\u00e9e dans la vente et la location des mat\u00e9riels destin\u00e9s aux r\u00e9seaux de T\u00e9l\u00e9communication. Notre soci\u00e9t\u00e9 s\u2019adresse aux professionnels des t\u00e9l\u00e9coms \u00e0 la recherche des mat\u00e9riels de r\u00e9seau et des \u00e9quipements du technicien en assurant la qualit\u00e9.<br><br> Pour vos chantiers de raccordement de fibre optique, en location ou en achat, nous mettons \u00e0 votre disposition une large gamme de mat\u00e9riels. Mais ce n\u2019est pas tout ! Vous pouvez \u00e9galement retrouver dans la gamme COMWAY toutes les soudeuses, les \u00e9quipements et les accessoires performants et fondamentaux de chantier.<br><br>En effet, K2 GROUP vous propose un \u00e9quipement de pointe \u00e0 la fois r\u00e9sistant et pr\u00e9cis. Vous pouvez aussi acheter ou louer du mat\u00e9riel en toute simplicit\u00e9 et en profitant des garanties.<br><br>K2 GROUP peut aussi vous aiguiller dans le choix du mat\u00e9riel le plus adapt\u00e9 \u00e0 la teneur de vos travaux. En tant qu\u2019expert dans le domaine de fibre optique, on vous conseille et assure la location ou l'achat d\u2019un mat\u00e9riel robuste et efficace. Afin d'encourager l'\u00e9conomie circulaire et la seconde vie des soudeuses.<br><br>K2GROUP met \u00e0 votre disposition son nouveau service de reprise l'unique en France qui vous offre la possibilit\u00e9 de revendre vos soudeuses (qu'elles soient fonctionnelles ou pas).<br><br>Vous pouvez d\u00e8s \u00e0 pr\u00e9sent, revendre votre soudeuse apr\u00e8s l'\u00e9valuation de son \u00e9tat par nos techniciens et profiter d'un bon d'achat allant jusqu'\u00e0 1200 euros.<\/p><\/div><\/div>\t\t\t\t<\/div>\n\t\t\t\t<\/div>\n\t\t\t\t\t<\/div>\n\t\t<\/div>\n\t\t\t\t<div class=\"elementor-column elementor-col-50 elementor-inner-column elementor-element elementor-element-ebc0fe4\" data-id=\"ebc0fe4\" data-element_type=\"column\" data-e-type=\"column\">\n\t\t\t<div class=\"elementor-widget-wrap elementor-element-populated\">\n\t\t\t\t\t<div class=\"elementor-background-overlay\"><\/div>\n\t\t\t\t\t\t<div class=\"elementor-element elementor-element-6d6d335 elementor-widget elementor-widget-image\" data-id=\"6d6d335\" data-element_type=\"widget\" data-e-type=\"widget\" data-widget_type=\"image.default\">\n\t\t\t\t<div class=\"elementor-widget-container\">\n\t\t\t\t\t\t\t\t\t\t\t\t\t\t\t<img fetchpriority=\"high\" decoding=\"async\" width=\"537\" height=\"441\" src=\"https:\/\/exciting-lichterman.217-160-28-49.plesk.page\/wp-content\/uploads\/2022\/09\/k2groupe-Agence-paris.webp\" class=\"attachment-full size-full wp-image-13053\" alt=\"\" srcset=\"https:\/\/exciting-lichterman.217-160-28-49.plesk.page\/wp-content\/uploads\/2022\/09\/k2groupe-Agence-paris.webp 537w, https:\/\/exciting-lichterman.217-160-28-49.plesk.page\/wp-content\/uploads\/2022\/09\/k2groupe-Agence-paris-300x246.webp 300w, https:\/\/exciting-lichterman.217-160-28-49.plesk.page\/wp-content\/uploads\/2022\/09\/k2groupe-Agence-paris-441x362.webp 441w, https:\/\/exciting-lichterman.217-160-28-49.plesk.page\/wp-content\/uploads\/2022\/09\/k2groupe-Agence-paris-150x123.webp 150w\" sizes=\"(max-width: 537px) 100vw, 537px\" \/>\t\t\t\t\t\t\t\t\t\t\t\t\t\t\t<\/div>\n\t\t\t\t<\/div>\n\t\t\t\t\t<\/div>\n\t\t<\/div>\n\t\t\t\t\t<\/div>\n\t\t<\/section>\n\t\t\t\t<section class=\"elementor-section elementor-inner-section elementor-element elementor-element-8b7598d elementor-section-content-middle elementor-section-boxed elementor-section-height-default elementor-section-height-default wpr-particle-no wpr-jarallax-no wpr-parallax-no wpr-sticky-section-no wpr-equal-height-no\" data-id=\"8b7598d\" data-element_type=\"section\" data-e-type=\"section\">\n\t\t\t\t\t\t<div class=\"elementor-container elementor-column-gap-no\">\n\t\t\t\t\t<div class=\"elementor-column elementor-col-100 elementor-inner-column elementor-element elementor-element-42cbf78\" data-id=\"42cbf78\" data-element_type=\"column\" data-e-type=\"column\" data-settings=\"{&quot;background_background&quot;:&quot;classic&quot;}\">\n\t\t\t<div class=\"elementor-widget-wrap elementor-element-populated\">\n\t\t\t\t\t\t<div class=\"elementor-element elementor-element-804f0e9 elementor-widget elementor-widget-image-box\" data-id=\"804f0e9\" data-element_type=\"widget\" data-e-type=\"widget\" data-widget_type=\"image-box.default\">\n\t\t\t\t<div class=\"elementor-widget-container\">\n\t\t\t\t\t<div class=\"elementor-image-box-wrapper\"><div class=\"elementor-image-box-content\"><h3 class=\"elementor-image-box-title\">Notre \u00c9quipe <\/h3><p class=\"elementor-image-box-description\"> Toute notre \u00e9quipe sera ravie de vous accueillir, vous conseiller et vous aider pour l'achat ou la location de vos \u00e9quipements en mati\u00e8re de fibre optique.<\/p><\/div><\/div>\t\t\t\t<\/div>\n\t\t\t\t<\/div>\n\t\t\t\t\t<\/div>\n\t\t<\/div>\n\t\t\t\t\t<\/div>\n\t\t<\/section>\n\t\t\t\t\t<\/div>\n\t\t<\/div>\n\t\t\t\t\t<\/div>\n\t\t<\/section>\n\t\t\t\t<\/div>","protected":false},"excerpt":{"rendered":"<p>A PROPOS K2 GROUP est une soci\u00e9t\u00e9 sp\u00e9cialis\u00e9e dans la vente et la location des mat\u00e9riels destin\u00e9s aux r\u00e9seaux de T\u00e9l\u00e9communication. Notre soci\u00e9t\u00e9 s\u2019adresse aux professionnels des t\u00e9l\u00e9coms \u00e0 la recherche des mat\u00e9riels de r\u00e9seau et des \u00e9quipements du technicien en assurant la qualit\u00e9. Pour vos chantiers de raccordement de fibre optique, en location ou en achat, nous mettons \u00e0 votre disposition une large gamme de mat\u00e9riels. Mais ce n\u2019est pas tout ! Vous pouvez \u00e9galement retrouver dans la gamme COMWAY toutes les soudeuses, les \u00e9quipements et les accessoires performants et fondamentaux de chantier. En effet, K2 GROUP vous propose un \u00e9quipement de pointe \u00e0 la fois r\u00e9sistant et pr\u00e9cis. Vous pouvez aussi acheter ou louer du mat\u00e9riel en toute simplicit\u00e9 et en profitant des garanties. K2 GROUP peut aussi vous aiguiller dans le choix du mat\u00e9riel le plus adapt\u00e9 \u00e0 la teneur de vos travaux. En tant qu\u2019expert dans le domaine de fibre optique, on vous conseille et assure la location ou l&rsquo;achat d\u2019un mat\u00e9riel robuste et efficace. Afin d&rsquo;encourager l&rsquo;\u00e9conomie circulaire et la seconde vie des soudeuses. K2GROUP met \u00e0 votre disposition son nouveau service de reprise l&rsquo;unique en France qui vous offre la possibilit\u00e9 de revendre vos soudeuses (qu&rsquo;elles soient fonctionnelles ou pas). Vous pouvez d\u00e8s \u00e0 pr\u00e9sent, revendre votre soudeuse apr\u00e8s l&rsquo;\u00e9valuation de son \u00e9tat par nos techniciens et profiter d&rsquo;un bon d&rsquo;achat allant jusqu&rsquo;\u00e0 1200 euros. Notre \u00c9quipe Toute notre \u00e9quipe sera ravie de vous accueillir, vous conseiller et vous aider pour l&rsquo;achat ou la location de vos \u00e9quipements en mati\u00e8re de fibre optique.<\/p>","protected":false},"author":1,"featured_media":0,"parent":0,"menu_order":0,"comment_status":"closed","ping_status":"closed","template":"template-canvas.php","meta":{"_acf_changed":false,"footnotes":""},"class_list":["post-43","page","type-page","status-publish","hentry"],"acf":[],"yoast_head":"<!-- This site is optimized with the Yoast SEO plugin v27.4 - https:\/\/yoast.com\/product\/yoast-seo-wordpress\/ -->\n<title>A propos - K2group Distribution<\/title>\n<meta name=\"description\" content=\"K2 Group distribution est une entreprise de vente et location de mat\u00e9riel fibre optique et de solutions de vid\u00e9o-surveillance situ\u00e9e \u00e0 Coubron, Dijon, Limours et Annecy.\" \/>\n<meta name=\"robots\" content=\"noindex, follow, max-snippet:-1, max-image-preview:large, max-video-preview:-1\" \/>\n<meta property=\"og:locale\" content=\"de_DE\" \/>\n<meta property=\"og:type\" content=\"article\" \/>\n<meta property=\"og:title\" content=\"A propos - K2group Distribution\" \/>\n<meta property=\"og:description\" content=\"K2 Group distribution est une entreprise de vente et location de mat\u00e9riel fibre optique et de solutions de vid\u00e9o-surveillance situ\u00e9e \u00e0 Coubron, Dijon, Limours et Annecy.\" \/>\n<meta property=\"og:url\" content=\"https:\/\/exciting-lichterman.217-160-28-49.plesk.page\/de\/a-propos\/\" \/>\n<meta property=\"og:site_name\" content=\"K2group Distribution\" \/>\n<meta property=\"article:modified_time\" content=\"2022-11-14T16:04:03+00:00\" \/>\n<meta property=\"og:image\" content=\"https:\/\/exciting-lichterman.217-160-28-49.plesk.page\/wp-content\/uploads\/2022\/09\/k2groupe-Agence-paris.webp\" \/>\n<meta name=\"twitter:card\" content=\"summary_large_image\" \/>\n<meta name=\"twitter:label1\" content=\"Gesch\u00e4tzte Lesezeit\" \/>\n\t<meta name=\"twitter:data1\" content=\"2\u00a0Minuten\" \/>\n<script type=\"application\/ld+json\" class=\"yoast-schema-graph\">{\"@context\":\"https:\\\/\\\/schema.org\",\"@graph\":[{\"@type\":\"WebPage\",\"@id\":\"https:\\\/\\\/exciting-lichterman.217-160-28-49.plesk.page\\\/a-propos\\\/\",\"url\":\"https:\\\/\\\/exciting-lichterman.217-160-28-49.plesk.page\\\/a-propos\\\/\",\"name\":\"A propos - K2group Distribution\",\"isPartOf\":{\"@id\":\"https:\\\/\\\/exciting-lichterman.217-160-28-49.plesk.page\\\/#website\"},\"primaryImageOfPage\":{\"@id\":\"https:\\\/\\\/exciting-lichterman.217-160-28-49.plesk.page\\\/a-propos\\\/#primaryimage\"},\"image\":{\"@id\":\"https:\\\/\\\/exciting-lichterman.217-160-28-49.plesk.page\\\/a-propos\\\/#primaryimage\"},\"thumbnailUrl\":\"https:\\\/\\\/exciting-lichterman.217-160-28-49.plesk.page\\\/wp-content\\\/uploads\\\/2022\\\/09\\\/k2groupe-Agence-paris.webp\",\"datePublished\":\"2017-12-17T10:06:43+00:00\",\"dateModified\":\"2022-11-14T16:04:03+00:00\",\"description\":\"K2 Group distribution est une entreprise de vente et location de mat\u00e9riel fibre optique et de solutions de vid\u00e9o-surveillance situ\u00e9e \u00e0 Coubron, Dijon, Limours et Annecy.\",\"breadcrumb\":{\"@id\":\"https:\\\/\\\/exciting-lichterman.217-160-28-49.plesk.page\\\/a-propos\\\/#breadcrumb\"},\"inLanguage\":\"de\",\"potentialAction\":[{\"@type\":\"ReadAction\",\"target\":[\"https:\\\/\\\/exciting-lichterman.217-160-28-49.plesk.page\\\/a-propos\\\/\"]}]},{\"@type\":\"ImageObject\",\"inLanguage\":\"de\",\"@id\":\"https:\\\/\\\/exciting-lichterman.217-160-28-49.plesk.page\\\/a-propos\\\/#primaryimage\",\"url\":\"https:\\\/\\\/exciting-lichterman.217-160-28-49.plesk.page\\\/wp-content\\\/uploads\\\/2022\\\/09\\\/k2groupe-Agence-paris.webp\",\"contentUrl\":\"https:\\\/\\\/exciting-lichterman.217-160-28-49.plesk.page\\\/wp-content\\\/uploads\\\/2022\\\/09\\\/k2groupe-Agence-paris.webp\"},{\"@type\":\"BreadcrumbList\",\"@id\":\"https:\\\/\\\/exciting-lichterman.217-160-28-49.plesk.page\\\/a-propos\\\/#breadcrumb\",\"itemListElement\":[{\"@type\":\"ListItem\",\"position\":1,\"name\":\"Accueil\",\"item\":\"https:\\\/\\\/exciting-lichterman.217-160-28-49.plesk.page\\\/\"},{\"@type\":\"ListItem\",\"position\":2,\"name\":\"A propos\"}]},{\"@type\":\"WebSite\",\"@id\":\"https:\\\/\\\/exciting-lichterman.217-160-28-49.plesk.page\\\/#website\",\"url\":\"https:\\\/\\\/exciting-lichterman.217-160-28-49.plesk.page\\\/\",\"name\":\"K2group Distribution\",\"description\":\"\",\"publisher\":{\"@id\":\"https:\\\/\\\/exciting-lichterman.217-160-28-49.plesk.page\\\/#organization\"},\"potentialAction\":[{\"@type\":\"SearchAction\",\"target\":{\"@type\":\"EntryPoint\",\"urlTemplate\":\"https:\\\/\\\/exciting-lichterman.217-160-28-49.plesk.page\\\/?s={search_term_string}\"},\"query-input\":{\"@type\":\"PropertyValueSpecification\",\"valueRequired\":true,\"valueName\":\"search_term_string\"}}],\"inLanguage\":\"de\"},{\"@type\":\"Organization\",\"@id\":\"https:\\\/\\\/exciting-lichterman.217-160-28-49.plesk.page\\\/#organization\",\"name\":\"K2group Distribution\",\"url\":\"https:\\\/\\\/exciting-lichterman.217-160-28-49.plesk.page\\\/\",\"logo\":{\"@type\":\"ImageObject\",\"inLanguage\":\"de\",\"@id\":\"https:\\\/\\\/exciting-lichterman.217-160-28-49.plesk.page\\\/#\\\/schema\\\/logo\\\/image\\\/\",\"url\":\"https:\\\/\\\/exciting-lichterman.217-160-28-49.plesk.page\\\/wp-content\\\/uploads\\\/2022\\\/04\\\/logo-K2.png\",\"contentUrl\":\"https:\\\/\\\/exciting-lichterman.217-160-28-49.plesk.page\\\/wp-content\\\/uploads\\\/2022\\\/04\\\/logo-K2.png\",\"width\":155,\"height\":66,\"caption\":\"K2group Distribution\"},\"image\":{\"@id\":\"https:\\\/\\\/exciting-lichterman.217-160-28-49.plesk.page\\\/#\\\/schema\\\/logo\\\/image\\\/\"}}]}<\/script>\n<!-- \/ Yoast SEO plugin. -->","yoast_head_json":{"title":"A propos - K2group Distribution","description":"K2 Group distribution est une entreprise de vente et location de mat\u00e9riel fibre optique et de solutions de vid\u00e9o-surveillance situ\u00e9e \u00e0 Coubron, Dijon, Limours et Annecy.","robots":{"index":"noindex","follow":"follow","max-snippet":"max-snippet:-1","max-image-preview":"max-image-preview:large","max-video-preview":"max-video-preview:-1"},"og_locale":"de_DE","og_type":"article","og_title":"A propos - K2group Distribution","og_description":"K2 Group distribution est une entreprise de vente et location de mat\u00e9riel fibre optique et de solutions de vid\u00e9o-surveillance situ\u00e9e \u00e0 Coubron, Dijon, Limours et Annecy.","og_url":"https:\/\/exciting-lichterman.217-160-28-49.plesk.page\/de\/a-propos\/","og_site_name":"K2group Distribution","article_modified_time":"2022-11-14T16:04:03+00:00","og_image":[{"url":"https:\/\/exciting-lichterman.217-160-28-49.plesk.page\/wp-content\/uploads\/2022\/09\/k2groupe-Agence-paris.webp","type":"","width":"","height":""}],"twitter_card":"summary_large_image","twitter_misc":{"Gesch\u00e4tzte Lesezeit":"2\u00a0Minuten"},"schema":{"@context":"https:\/\/schema.org","@graph":[{"@type":"WebPage","@id":"https:\/\/exciting-lichterman.217-160-28-49.plesk.page\/a-propos\/","url":"https:\/\/exciting-lichterman.217-160-28-49.plesk.page\/a-propos\/","name":"A propos - K2group Distribution","isPartOf":{"@id":"https:\/\/exciting-lichterman.217-160-28-49.plesk.page\/#website"},"primaryImageOfPage":{"@id":"https:\/\/exciting-lichterman.217-160-28-49.plesk.page\/a-propos\/#primaryimage"},"image":{"@id":"https:\/\/exciting-lichterman.217-160-28-49.plesk.page\/a-propos\/#primaryimage"},"thumbnailUrl":"https:\/\/exciting-lichterman.217-160-28-49.plesk.page\/wp-content\/uploads\/2022\/09\/k2groupe-Agence-paris.webp","datePublished":"2017-12-17T10:06:43+00:00","dateModified":"2022-11-14T16:04:03+00:00","description":"K2 Group distribution est une entreprise de vente et location de mat\u00e9riel fibre optique et de solutions de vid\u00e9o-surveillance situ\u00e9e \u00e0 Coubron, Dijon, Limours et Annecy.","breadcrumb":{"@id":"https:\/\/exciting-lichterman.217-160-28-49.plesk.page\/a-propos\/#breadcrumb"},"inLanguage":"de","potentialAction":[{"@type":"ReadAction","target":["https:\/\/exciting-lichterman.217-160-28-49.plesk.page\/a-propos\/"]}]},{"@type":"ImageObject","inLanguage":"de","@id":"https:\/\/exciting-lichterman.217-160-28-49.plesk.page\/a-propos\/#primaryimage","url":"https:\/\/exciting-lichterman.217-160-28-49.plesk.page\/wp-content\/uploads\/2022\/09\/k2groupe-Agence-paris.webp","contentUrl":"https:\/\/exciting-lichterman.217-160-28-49.plesk.page\/wp-content\/uploads\/2022\/09\/k2groupe-Agence-paris.webp"},{"@type":"BreadcrumbList","@id":"https:\/\/exciting-lichterman.217-160-28-49.plesk.page\/a-propos\/#breadcrumb","itemListElement":[{"@type":"ListItem","position":1,"name":"Accueil","item":"https:\/\/exciting-lichterman.217-160-28-49.plesk.page\/"},{"@type":"ListItem","position":2,"name":"A propos"}]},{"@type":"WebSite","@id":"https:\/\/exciting-lichterman.217-160-28-49.plesk.page\/#website","url":"https:\/\/exciting-lichterman.217-160-28-49.plesk.page\/","name":"K2group Distribution","description":"","publisher":{"@id":"https:\/\/exciting-lichterman.217-160-28-49.plesk.page\/#organization"},"potentialAction":[{"@type":"SearchAction","target":{"@type":"EntryPoint","urlTemplate":"https:\/\/exciting-lichterman.217-160-28-49.plesk.page\/?s={search_term_string}"},"query-input":{"@type":"PropertyValueSpecification","valueRequired":true,"valueName":"search_term_string"}}],"inLanguage":"de"},{"@type":"Organization","@id":"https:\/\/exciting-lichterman.217-160-28-49.plesk.page\/#organization","name":"K2group Distribution","url":"https:\/\/exciting-lichterman.217-160-28-49.plesk.page\/","logo":{"@type":"ImageObject","inLanguage":"de","@id":"https:\/\/exciting-lichterman.217-160-28-49.plesk.page\/#\/schema\/logo\/image\/","url":"https:\/\/exciting-lichterman.217-160-28-49.plesk.page\/wp-content\/uploads\/2022\/04\/logo-K2.png","contentUrl":"https:\/\/exciting-lichterman.217-160-28-49.plesk.page\/wp-content\/uploads\/2022\/04\/logo-K2.png","width":155,"height":66,"caption":"K2group Distribution"},"image":{"@id":"https:\/\/exciting-lichterman.217-160-28-49.plesk.page\/#\/schema\/logo\/image\/"}}]}},"_links":{"self":[{"href":"https:\/\/exciting-lichterman.217-160-28-49.plesk.page\/de\/wp-json\/wp\/v2\/pages\/43","targetHints":{"allow":["GET"]}}],"collection":[{"href":"https:\/\/exciting-lichterman.217-160-28-49.plesk.page\/de\/wp-json\/wp\/v2\/pages"}],"about":[{"href":"https:\/\/exciting-lichterman.217-160-28-49.plesk.page\/de\/wp-json\/wp\/v2\/types\/page"}],"author":[{"embeddable":true,"href":"https:\/\/exciting-lichterman.217-160-28-49.plesk.page\/de\/wp-json\/wp\/v2\/users\/1"}],"replies":[{"embeddable":true,"href":"https:\/\/exciting-lichterman.217-160-28-49.plesk.page\/de\/wp-json\/wp\/v2\/comments?post=43"}],"version-history":[{"count":74,"href":"https:\/\/exciting-lichterman.217-160-28-49.plesk.page\/de\/wp-json\/wp\/v2\/pages\/43\/revisions"}],"predecessor-version":[{"id":15085,"href":"https:\/\/exciting-lichterman.217-160-28-49.plesk.page\/de\/wp-json\/wp\/v2\/pages\/43\/revisions\/15085"}],"wp:attachment":[{"href":"https:\/\/exciting-lichterman.217-160-28-49.plesk.page\/de\/wp-json\/wp\/v2\/media?parent=43"}],"curies":[{"name":"wp","href":"https:\/\/api.w.org\/{rel}","templated":true}]}}